{"id":78,"date":"2022-06-02T13:18:24","date_gmt":"2022-06-02T11:18:24","guid":{"rendered":"https:\/\/locobase.com\/be\/a-propos-de-locobase\/"},"modified":"2025-04-25T09:29:54","modified_gmt":"2025-04-25T07:29:54","slug":"a-propos-de-locobase","status":"publish","type":"page","link":"https:\/\/locobase.com\/be\/fr\/a-propos-de-locobase\/","title":{"rendered":"\u00c0 propos de Locobase"},"content":{"rendered":"\n<section class=\"wp-block-karopharma-background-image-with-text background-image-with-text undefined block-text-position-on-mobile-on-image\"><div datatest=\"image\" class=\"background-image-with-text-image background-image-with-text-image-small\" style=\"background-image:url(https:\/\/locobase.com\/cdn-cgi\/image\/format=auto\/app\/uploads\/sites\/8\/2022\/06\/about-hero-mobile.jpeg)\"><\/div><div datatest=\"image\" class=\"background-image-with-text-image background-image-with-text-image-medium\" style=\"background-image:url(https:\/\/locobase.com\/cdn-cgi\/image\/format=auto\/app\/uploads\/sites\/8\/2022\/06\/about-hero-desktop-scaled-1.jpeg)\"><\/div><div datatest=\"container-content\" class=\"background-image-with-text-container-content block-content-alignment-center block-text-alignment-center\"><div class=\"content\"><h1 datatest=\"heading\" class=\"\">Locobase\u00ae \u2013 Des soins de la peau dignes de confiance<\/h1>\n<div class=\"wp-block-buttons is-layout-flex wp-block-buttons-is-layout-flex\"><\/div>\n<\/div><\/div><\/section>\n\n\n\n<div class=\"wp-block-karopharma-free-text pt-large pb-large bg-center bg-contain bg-no-repeat  undefined is-style-primary\" style=\"background-image:url()\"><div class=\"free-text-wrapper container max-w-medium text-center\">\n<p>Il y a plus de 30 ans, un groupe de dermatologues (m\u00e9decins de la peau) scandinaves a ressenti le besoin d\u2019une cr\u00e8me qui pourrait \u00eatre utilis\u00e9e pour compl\u00e9ter et assurer le suivi du traitement de l\u2019ecz\u00e9ma avec une cr\u00e8me \u00e0 la cortisone. Ils ont d\u00e9cid\u00e9 de d\u00e9velopper leur propre cr\u00e8me de sp\u00e9cialit\u00e9 pour les peaux tr\u00e8s s\u00e8ches, irrit\u00e9es et sensibles, et l\u2019ont appel\u00e9e Locobase\u00ae. Aujourd\u2019hui, Locobase\u00ae comprend une s\u00e9rie de produits de soin de la peau bien document\u00e9s, dont Locobase\u00ae Repair, qui est la cr\u00e8me de soin de la peau la plus achet\u00e9e dans les pharmacies su\u00e9doises et dans plus de 25 pays. Locobase\u00ae est le choix \u00e9vident pour ceux qui ont besoin de plus qu\u2019une cr\u00e8me de soin ordinaire pour garder leur peau douce, lisse et intacte.\n<\/p>\n<\/div><\/div>\n\n\n\n<div class=\"wp-block-karopharma-free-text pt-large pb-large bg-center bg-contain bg-no-repeat  undefined is-style-light\" style=\"background-image:url()\"><div class=\"free-text-wrapper container max-w-medium text-left\">\n<h2 class=\"is-style-heading-h4 wp-block-heading\" id=\"effektiv-hudvard-utan-sveda-for-hela-familjen\">Des soins de la peau efficaces pour toute la famille, sans picotement<\/h2>\n\n\n\n<p>Les produits de soin de la peau Locobase\u00ae ciblent les peaux s\u00e8ches \u00e0 tr\u00e8s s\u00e8ches et peuvent \u00eatre utilis\u00e9s \u00e0 de nombreuses fins dans le cadre de soins cutan\u00e9s quotidiens et ax\u00e9s sur les r\u00e9sultats pour toute la famille, m\u00eame les b\u00e9b\u00e9s et les jeunes enfants. Les produits Locobase\u00ae ont une grande vari\u00e9t\u00e9 d\u2019utilisations, par exemple les plaques s\u00e8ches sur tout le corps, les joues gel\u00e9es et les l\u00e8vres gerc\u00e9es, ainsi que les soins compl\u00e9mentaires pour les peaux atopiques et les \u00e9ryth\u00e8mes fessiers. Les produits Locobase\u00ae sont un excellent choix pour les personnes qui ont la peau sensible ou qui soumettent leur peau \u00e0 une forte usure. Les produits de soin de la peau Locobase\u00ae contiennent des ingr\u00e9dients soigneusement s\u00e9lectionn\u00e9s et ne sont ni parfum\u00e9s ni color\u00e9s.\n<\/p>\n\n\n\n<h2 class=\"is-style-heading-h4 wp-block-heading\" id=\"vad-andra-sager-om-locobase\">Ce que d\u2019autres disent de Locobase<\/h2>\n\n\n\n<p>Plusieurs \u00e9tudes cliniques ont confirm\u00e9 ce que nos dermatologues savent depuis 30 ans : les produits Locobase\u00ae sont doux pour la peau et conviennent parfaitement aux peaux s\u00e8ches, craquel\u00e9es et ab\u00eem\u00e9es. Dans une \u00e9tude su\u00e9doise aupr\u00e8s des utilisateurs, o\u00f9 plus de 400 personnes ont pu essayer Locobase\u00ae Repair, plus de 93 % ont fini par recommander le produit. Les pilotes de l\u2019essai ont not\u00e9 que Locobase\u00ae ne fait pas de d\u00e9g\u00e2ts, est durable, efficace contre la peau s\u00e8che, est bien absorb\u00e9e et peut \u00eatre utilis\u00e9e \u00e0 de nombreuses fins diff\u00e9rentes.<\/p>\n\n\n\n<p>Une \u00e9tude danoise aupr\u00e8s des utilisateurs a \u00e9galement montr\u00e9 que Locobase\u00ae \u00e9tait le produit de soin de la peau le plus populaire chez les personnes souffrant de dermatite atopique (ecz\u00e9ma). Les participants ont r\u00e9pondu qu\u2019ils pr\u00e9f\u00e8rent utiliser Locobase\u00ae parce que ce produit leur semble plus efficace et qu\u2019il est riche en mati\u00e8res grasses. De plus, il avait \u00e9t\u00e9 recommand\u00e9 \u00e0 de nombreux utilisateurs par leur m\u00e9decin ou leur dermatologue.<\/p>\n\n\n\n<p>En plus d\u2019obtenir les meilleures notes des consommateurs, Locobase\u00ae est recommand\u00e9 par le personnel de sant\u00e9 et les employ\u00e9s de pharmacie. C\u2019est ce que nous appelons des soins de la peau dignes de confiance!<\/p>\n<\/div><\/div>\n\n\n<div class=\"product-list wp-block-karopharma-product-list\" data-testid=\"product-list\">\n      <div class=\"swiper-container\">\n      <div class=\"swiper\">\n        <div class=\"swiper-wrapper\">\n                      <div class=\"swiper-slide\">\n              <div class=\"product-card\" data-testid=\"product-card\">\n  <a\n    href=https:\/\/locobase.com\/be\/fr\/produit\/locobase-repair-2\/\n    class=\"product-card-link\"\n    title=\"Locobase Repair\"\n  >\n  <figure class=\"product-card-image\" data-testid=\"product-image\">\n                          <img decoding=\"async\" src=\"https:\/\/locobase.com\/cdn-cgi\/image\/width=700,format=auto\/app\/uploads\/sites\/8\/2022\/06\/Locobase-Repair-100g.webp\"\n        srcset=\"https:\/\/locobase.com\/cdn-cgi\/image\/width=250,format=auto\/app\/uploads\/sites\/8\/2022\/06\/Locobase-Repair-100g.webp 250w,\n                https:\/\/locobase.com\/cdn-cgi\/image\/width=500,format=auto\/app\/uploads\/sites\/8\/2022\/06\/Locobase-Repair-100g.webp 500w,\n                https:\/\/locobase.com\/cdn-cgi\/image\/width=700,format=auto\/app\/uploads\/sites\/8\/2022\/06\/Locobase-Repair-100g.webp 700w\"\n        sizes=\"(max-width: 400px) 250px, (max-width: 800px) 500px, 700px\"\n        alt=\"Locobase Repair 100g\"\n        class=\"img\">\n            <\/figure>\n    <div class=\"product-card-content\">\n      <div class=\"heading-wrapper\">\n        <h2 class=\"heading\">Locobase Repair<\/h2>\n      <\/div>\n      <div class=\"product-card-description\">Cr\u00e8me r\u00e9paratrice pour les peaux tr\u00e8s s\u00e8ches et craquel\u00e9es<\/div>\n                      <\/div>\n  <\/a>\n          <div class=\"button-wrapper buy-now \" data-testid=\"buy-now\">\n      <div class=\"buy-now-container dropdown-container\">\n      <div class=\"theme-button button-primary-color dropdown-link\" aria-label=\"Acheter maintenant\">\n          Acheter maintenant <i class=\"dropdown\"><\/i>\n      <\/div>\n      <ul class=\"reseller-list submenu\">\n                    <li>\n              <a\n                href=\"https:\/\/www.apotheek-online.be\/locobase-repair-creme-tube-100g\" onclick=\"dataLayer.push({'event':'ga_event', 'eventCategory':'Click on Reseller', 'eventAction':'Apotheek-Online', 'eventLabel':'Locobase Repair', 'eventValue': undefined})\" rel=\"noopener\" target=\"_blank\" title=\"Apotheek-Online\"\n                data-testid=\"buy-now-reseller\">\n                <i class=\"fa-solid fa-arrow-right\"><\/i> Apotheek-Online\n              <\/a>\n          <\/li>\n                    <li>\n              <a\n                href=\"https:\/\/www.bol.com\/nl\/nl\/p\/locobase-repair-creme-100gr\/9300000035744429\/\" onclick=\"dataLayer.push({'event':'ga_event', 'eventCategory':'Click on Reseller', 'eventAction':'Bol', 'eventLabel':'Locobase Repair', 'eventValue': undefined})\" rel=\"noopener\" target=\"_blank\" title=\"Bol\"\n                data-testid=\"buy-now-reseller\">\n                <i class=\"fa-solid fa-arrow-right\"><\/i> Bol\n              <\/a>\n          <\/li>\n                    <li>\n              <a\n                href=\"https:\/\/www.farmaline.be\/pharmacie\/commander\/locobase-repair-100-g-creme\/\" onclick=\"dataLayer.push({'event':'ga_event', 'eventCategory':'Click on Reseller', 'eventAction':'Farmaline', 'eventLabel':'Locobase Repair', 'eventValue': undefined})\" rel=\"noopener\" target=\"_blank\" title=\"Farmaline\"\n                data-testid=\"buy-now-reseller\">\n                <i class=\"fa-solid fa-arrow-right\"><\/i> Farmaline\n              <\/a>\n          <\/li>\n                    <li>\n              <a\n                href=\"https:\/\/www.newpharma.be\/apotheek\/astellas-pharma\/104533\/locobase-repair-creme-gezicht-en-lichaam-zeer-droge-en-gevoelige-huid-100g.html\" onclick=\"dataLayer.push({'event':'ga_event', 'eventCategory':'Click on Reseller', 'eventAction':'New Pharma', 'eventLabel':'Locobase Repair', 'eventValue': undefined})\" rel=\"noopener\" target=\"_blank\" title=\"New Pharma\"\n                data-testid=\"buy-now-reseller\">\n                <i class=\"fa-solid fa-arrow-right\"><\/i> New Pharma\n              <\/a>\n          <\/li>\n                    <li>\n              <a\n                href=\"https:\/\/www.viata.be\/locobase-repair-hydraterend-jeuk-creme-100-g-nl\" onclick=\"dataLayer.push({'event':'ga_event', 'eventCategory':'Click on Reseller', 'eventAction':'Viata', 'eventLabel':'Locobase Repair', 'eventValue': undefined})\" rel=\"noopener\" target=\"_blank\" title=\"Viata\"\n                data-testid=\"buy-now-reseller\">\n                <i class=\"fa-solid fa-arrow-right\"><\/i> Viata\n              <\/a>\n          <\/li>\n                <\/ul>\n    <\/div>\n  <\/div>\n  <\/div>\n            <\/div>\n                  <\/div>\n        <div class=\"swiper-scrollbar\"><\/div>\n      <\/div>\n    <\/div>\n  <\/div>\n","protected":false},"excerpt":{"rendered":"","protected":false},"author":2,"featured_media":65,"parent":0,"menu_order":10,"comment_status":"closed","ping_status":"closed","template":"","meta":{"_acf_changed":false,"footnotes":""},"from-article-database":[],"class_list":["post-78","page","type-page","status-publish","has-post-thumbnail","hentry"],"acf":[],"yoast_head":"<!-- This site is optimized with the Yoast SEO plugin v26.6 - https:\/\/yoast.com\/wordpress\/plugins\/seo\/ -->\n<title>\u00c0 propos de Locobase - Locobase<\/title>\n<meta name=\"description\" content=\"Il y a plus de 30 ans, un groupe de dermatologues (m\u00e9decins de la peau) scandinaves a ressenti le besoin d\u2019une cr\u00e8me qui pourrait \u00eatre utilis\u00e9e pour compl\u00e9ter et assurer le suivi du traitement de l\u2019ecz\u00e9ma avec une cr\u00e8me \u00e0 la cortisone.\" \/>\n<meta name=\"robots\" content=\"index, follow, max-snippet:-1, max-image-preview:large, max-video-preview:-1\" \/>\n<link rel=\"canonical\" href=\"https:\/\/locobase.com\/be\/fr\/a-propos-de-locobase\/\" \/>\n<meta property=\"og:locale\" content=\"fr_FR\" \/>\n<meta property=\"og:type\" content=\"article\" \/>\n<meta property=\"og:title\" content=\"\u00c0 propos de Locobase - Locobase\" \/>\n<meta property=\"og:description\" content=\"Il y a plus de 30 ans, un groupe de dermatologues (m\u00e9decins de la peau) scandinaves a ressenti le besoin d\u2019une cr\u00e8me qui pourrait \u00eatre utilis\u00e9e pour compl\u00e9ter et assurer le suivi du traitement de l\u2019ecz\u00e9ma avec une cr\u00e8me \u00e0 la cortisone.\" \/>\n<meta property=\"og:url\" content=\"https:\/\/locobase.com\/be\/fr\/a-propos-de-locobase\/\" \/>\n<meta property=\"og:site_name\" content=\"Locobase\" \/>\n<meta property=\"article:modified_time\" content=\"2025-04-25T07:29:54+00:00\" \/>\n<meta property=\"og:image\" content=\"https:\/\/locobase.com\/app\/uploads\/sites\/8\/2022\/06\/about-hero-mobile.jpeg\" \/>\n\t<meta property=\"og:image:width\" content=\"750\" \/>\n\t<meta property=\"og:image:height\" content=\"840\" \/>\n\t<meta property=\"og:image:type\" content=\"image\/jpeg\" \/>\n<meta name=\"twitter:card\" content=\"summary_large_image\" \/>\n<meta name=\"twitter:label1\" content=\"Dur\u00e9e de lecture est.\" \/>\n\t<meta name=\"twitter:data1\" content=\"3 minutes\" \/>\n<script type=\"application\/ld+json\" class=\"yoast-schema-graph\">{\"@context\":\"https:\/\/schema.org\",\"@graph\":[{\"@type\":\"WebPage\",\"@id\":\"https:\/\/locobase.com\/be\/fr\/a-propos-de-locobase\/\",\"url\":\"https:\/\/locobase.com\/be\/fr\/a-propos-de-locobase\/\",\"name\":\"\u00c0 propos de Locobase - Locobase\",\"isPartOf\":{\"@id\":\"https:\/\/locobase.com\/be\/fr\/#website\"},\"primaryImageOfPage\":{\"@id\":\"https:\/\/locobase.com\/be\/fr\/a-propos-de-locobase\/#primaryimage\"},\"image\":{\"@id\":\"https:\/\/locobase.com\/be\/fr\/a-propos-de-locobase\/#primaryimage\"},\"thumbnailUrl\":\"https:\/\/locobase.com\/app\/uploads\/sites\/8\/2022\/06\/about-hero-mobile.jpeg\",\"datePublished\":\"2022-06-02T11:18:24+00:00\",\"dateModified\":\"2025-04-25T07:29:54+00:00\",\"description\":\"Il y a plus de 30 ans, un groupe de dermatologues (m\u00e9decins de la peau) scandinaves a ressenti le besoin d\u2019une cr\u00e8me qui pourrait \u00eatre utilis\u00e9e pour compl\u00e9ter et assurer le suivi du traitement de l\u2019ecz\u00e9ma avec une cr\u00e8me \u00e0 la cortisone.\",\"breadcrumb\":{\"@id\":\"https:\/\/locobase.com\/be\/fr\/a-propos-de-locobase\/#breadcrumb\"},\"inLanguage\":\"fr-BE\",\"potentialAction\":[{\"@type\":\"ReadAction\",\"target\":[\"https:\/\/locobase.com\/be\/fr\/a-propos-de-locobase\/\"]}]},{\"@type\":\"ImageObject\",\"inLanguage\":\"fr-BE\",\"@id\":\"https:\/\/locobase.com\/be\/fr\/a-propos-de-locobase\/#primaryimage\",\"url\":\"https:\/\/locobase.com\/app\/uploads\/sites\/8\/2022\/06\/about-hero-mobile.jpeg\",\"contentUrl\":\"https:\/\/locobase.com\/app\/uploads\/sites\/8\/2022\/06\/about-hero-mobile.jpeg\",\"width\":750,\"height\":840,\"caption\":\"Locobase\u00ae \u2013 Huidverzorging waar je op kunt vertrouwen\"},{\"@type\":\"BreadcrumbList\",\"@id\":\"https:\/\/locobase.com\/be\/fr\/a-propos-de-locobase\/#breadcrumb\",\"itemListElement\":[{\"@type\":\"ListItem\",\"position\":1,\"name\":\"Home\",\"item\":\"https:\/\/locobase.com\/be\/fr\/\"},{\"@type\":\"ListItem\",\"position\":2,\"name\":\"\u00c0 propos de Locobase\"}]},{\"@type\":\"WebSite\",\"@id\":\"https:\/\/locobase.com\/be\/fr\/#website\",\"url\":\"https:\/\/locobase.com\/be\/fr\/\",\"name\":\"Locobase\",\"description\":\"\",\"publisher\":{\"@id\":\"https:\/\/locobase.com\/be\/fr\/#organization\"},\"potentialAction\":[{\"@type\":\"SearchAction\",\"target\":{\"@type\":\"EntryPoint\",\"urlTemplate\":\"https:\/\/locobase.com\/be\/fr\/?s={search_term_string}\"},\"query-input\":{\"@type\":\"PropertyValueSpecification\",\"valueRequired\":true,\"valueName\":\"search_term_string\"}}],\"inLanguage\":\"fr-BE\"},{\"@type\":\"Organization\",\"@id\":\"https:\/\/locobase.com\/be\/fr\/#organization\",\"name\":\"Locobase\",\"url\":\"https:\/\/locobase.com\/be\/fr\/\",\"logo\":{\"@type\":\"ImageObject\",\"inLanguage\":\"fr-BE\",\"@id\":\"https:\/\/locobase.com\/be\/fr\/#\/schema\/logo\/image\/\",\"url\":\"https:\/\/locobase.com\/app\/uploads\/sites\/8\/2022\/06\/logo.png\",\"contentUrl\":\"https:\/\/locobase.com\/app\/uploads\/sites\/8\/2022\/06\/logo.png\",\"width\":163,\"height\":32,\"caption\":\"Locobase\"},\"image\":{\"@id\":\"https:\/\/locobase.com\/be\/fr\/#\/schema\/logo\/image\/\"}}]}<\/script>\n<!-- \/ Yoast SEO plugin. -->","yoast_head_json":{"title":"\u00c0 propos de Locobase - Locobase","description":"Il y a plus de 30 ans, un groupe de dermatologues (m\u00e9decins de la peau) scandinaves a ressenti le besoin d\u2019une cr\u00e8me qui pourrait \u00eatre utilis\u00e9e pour compl\u00e9ter et assurer le suivi du traitement de l\u2019ecz\u00e9ma avec une cr\u00e8me \u00e0 la cortisone.","robots":{"index":"index","follow":"follow","max-snippet":"max-snippet:-1","max-image-preview":"max-image-preview:large","max-video-preview":"max-video-preview:-1"},"canonical":"https:\/\/locobase.com\/be\/fr\/a-propos-de-locobase\/","og_locale":"fr_FR","og_type":"article","og_title":"\u00c0 propos de Locobase - Locobase","og_description":"Il y a plus de 30 ans, un groupe de dermatologues (m\u00e9decins de la peau) scandinaves a ressenti le besoin d\u2019une cr\u00e8me qui pourrait \u00eatre utilis\u00e9e pour compl\u00e9ter et assurer le suivi du traitement de l\u2019ecz\u00e9ma avec une cr\u00e8me \u00e0 la cortisone.","og_url":"https:\/\/locobase.com\/be\/fr\/a-propos-de-locobase\/","og_site_name":"Locobase","article_modified_time":"2025-04-25T07:29:54+00:00","og_image":[{"width":750,"height":840,"url":"https:\/\/locobase.com\/app\/uploads\/sites\/8\/2022\/06\/about-hero-mobile.jpeg","type":"image\/jpeg"}],"twitter_card":"summary_large_image","twitter_misc":{"Dur\u00e9e de lecture est.":"3 minutes"},"schema":{"@context":"https:\/\/schema.org","@graph":[{"@type":"WebPage","@id":"https:\/\/locobase.com\/be\/fr\/a-propos-de-locobase\/","url":"https:\/\/locobase.com\/be\/fr\/a-propos-de-locobase\/","name":"\u00c0 propos de Locobase - Locobase","isPartOf":{"@id":"https:\/\/locobase.com\/be\/fr\/#website"},"primaryImageOfPage":{"@id":"https:\/\/locobase.com\/be\/fr\/a-propos-de-locobase\/#primaryimage"},"image":{"@id":"https:\/\/locobase.com\/be\/fr\/a-propos-de-locobase\/#primaryimage"},"thumbnailUrl":"https:\/\/locobase.com\/app\/uploads\/sites\/8\/2022\/06\/about-hero-mobile.jpeg","datePublished":"2022-06-02T11:18:24+00:00","dateModified":"2025-04-25T07:29:54+00:00","description":"Il y a plus de 30 ans, un groupe de dermatologues (m\u00e9decins de la peau) scandinaves a ressenti le besoin d\u2019une cr\u00e8me qui pourrait \u00eatre utilis\u00e9e pour compl\u00e9ter et assurer le suivi du traitement de l\u2019ecz\u00e9ma avec une cr\u00e8me \u00e0 la cortisone.","breadcrumb":{"@id":"https:\/\/locobase.com\/be\/fr\/a-propos-de-locobase\/#breadcrumb"},"inLanguage":"fr-BE","potentialAction":[{"@type":"ReadAction","target":["https:\/\/locobase.com\/be\/fr\/a-propos-de-locobase\/"]}]},{"@type":"ImageObject","inLanguage":"fr-BE","@id":"https:\/\/locobase.com\/be\/fr\/a-propos-de-locobase\/#primaryimage","url":"https:\/\/locobase.com\/app\/uploads\/sites\/8\/2022\/06\/about-hero-mobile.jpeg","contentUrl":"https:\/\/locobase.com\/app\/uploads\/sites\/8\/2022\/06\/about-hero-mobile.jpeg","width":750,"height":840,"caption":"Locobase\u00ae \u2013 Huidverzorging waar je op kunt vertrouwen"},{"@type":"BreadcrumbList","@id":"https:\/\/locobase.com\/be\/fr\/a-propos-de-locobase\/#breadcrumb","itemListElement":[{"@type":"ListItem","position":1,"name":"Home","item":"https:\/\/locobase.com\/be\/fr\/"},{"@type":"ListItem","position":2,"name":"\u00c0 propos de Locobase"}]},{"@type":"WebSite","@id":"https:\/\/locobase.com\/be\/fr\/#website","url":"https:\/\/locobase.com\/be\/fr\/","name":"Locobase","description":"","publisher":{"@id":"https:\/\/locobase.com\/be\/fr\/#organization"},"potentialAction":[{"@type":"SearchAction","target":{"@type":"EntryPoint","urlTemplate":"https:\/\/locobase.com\/be\/fr\/?s={search_term_string}"},"query-input":{"@type":"PropertyValueSpecification","valueRequired":true,"valueName":"search_term_string"}}],"inLanguage":"fr-BE"},{"@type":"Organization","@id":"https:\/\/locobase.com\/be\/fr\/#organization","name":"Locobase","url":"https:\/\/locobase.com\/be\/fr\/","logo":{"@type":"ImageObject","inLanguage":"fr-BE","@id":"https:\/\/locobase.com\/be\/fr\/#\/schema\/logo\/image\/","url":"https:\/\/locobase.com\/app\/uploads\/sites\/8\/2022\/06\/logo.png","contentUrl":"https:\/\/locobase.com\/app\/uploads\/sites\/8\/2022\/06\/logo.png","width":163,"height":32,"caption":"Locobase"},"image":{"@id":"https:\/\/locobase.com\/be\/fr\/#\/schema\/logo\/image\/"}}]}},"_links":{"self":[{"href":"https:\/\/locobase.com\/be\/fr\/wp-json\/wp\/v2\/pages\/78","targetHints":{"allow":["GET"]}}],"collection":[{"href":"https:\/\/locobase.com\/be\/fr\/wp-json\/wp\/v2\/pages"}],"about":[{"href":"https:\/\/locobase.com\/be\/fr\/wp-json\/wp\/v2\/types\/page"}],"author":[{"embeddable":true,"href":"https:\/\/locobase.com\/be\/fr\/wp-json\/wp\/v2\/users\/2"}],"replies":[{"embeddable":true,"href":"https:\/\/locobase.com\/be\/fr\/wp-json\/wp\/v2\/comments?post=78"}],"version-history":[{"count":3,"href":"https:\/\/locobase.com\/be\/fr\/wp-json\/wp\/v2\/pages\/78\/revisions"}],"predecessor-version":[{"id":140,"href":"https:\/\/locobase.com\/be\/fr\/wp-json\/wp\/v2\/pages\/78\/revisions\/140"}],"wp:featuredmedia":[{"embeddable":true,"href":"https:\/\/locobase.com\/be\/fr\/wp-json\/wp\/v2\/media\/65"}],"wp:attachment":[{"href":"https:\/\/locobase.com\/be\/fr\/wp-json\/wp\/v2\/media?parent=78"}],"wp:term":[{"taxonomy":"from-article-database","embeddable":true,"href":"https:\/\/locobase.com\/be\/fr\/wp-json\/wp\/v2\/from-article-database?post=78"}],"curies":[{"name":"wp","href":"https:\/\/api.w.org\/{rel}","templated":true}]}}