{"id":82,"date":"2022-06-02T13:05:54","date_gmt":"2022-06-02T11:05:54","guid":{"rendered":"https:\/\/locobase.com\/be\/locobase\/"},"modified":"2025-04-25T09:30:03","modified_gmt":"2025-04-25T07:30:03","slug":"locobase","status":"publish","type":"page","link":"https:\/\/locobase.com\/be\/fr\/","title":{"rendered":"Locobase"},"content":{"rendered":"\n\n\n\n<div class=\"product-list wp-block-karopharma-product-list\" data-testid=\"product-list\">\n      <div class=\"swiper-container\">\n      <div class=\"swiper\">\n        <div class=\"swiper-wrapper\">\n                      <div class=\"swiper-slide\">\n              <div class=\"product-card\" data-testid=\"product-card\">\n  <a\n    href=https:\/\/locobase.com\/be\/fr\/produit\/locobase-repair-2\/\n    class=\"product-card-link\"\n    title=\"Locobase Repair\"\n  >\n  <figure class=\"product-card-image\" data-testid=\"product-image\">\n                          <img decoding=\"async\" src=\"https:\/\/locobase.com\/cdn-cgi\/image\/width=700,format=auto\/app\/uploads\/sites\/8\/2022\/06\/Locobase-Repair-100g.webp\"\n        srcset=\"https:\/\/locobase.com\/cdn-cgi\/image\/width=250,format=auto\/app\/uploads\/sites\/8\/2022\/06\/Locobase-Repair-100g.webp 250w,\n                https:\/\/locobase.com\/cdn-cgi\/image\/width=500,format=auto\/app\/uploads\/sites\/8\/2022\/06\/Locobase-Repair-100g.webp 500w,\n                https:\/\/locobase.com\/cdn-cgi\/image\/width=700,format=auto\/app\/uploads\/sites\/8\/2022\/06\/Locobase-Repair-100g.webp 700w\"\n        sizes=\"(max-width: 400px) 250px, (max-width: 800px) 500px, 700px\"\n        alt=\"Locobase Repair 100g\"\n        class=\"img\">\n            <\/figure>\n    <div class=\"product-card-content\">\n      <div class=\"heading-wrapper\">\n        <h2 class=\"heading\">Locobase Repair<\/h2>\n      <\/div>\n      <div class=\"product-card-description\">Cr\u00e8me r\u00e9paratrice pour les peaux tr\u00e8s s\u00e8ches et craquel\u00e9es<\/div>\n                      <\/div>\n  <\/a>\n          <div class=\"button-wrapper buy-now \" data-testid=\"buy-now\">\n      <div class=\"buy-now-container dropdown-container\">\n      <div class=\"theme-button button-primary-color dropdown-link\" aria-label=\"Acheter maintenant\">\n          Acheter maintenant <i class=\"dropdown\"><\/i>\n      <\/div>\n      <ul class=\"reseller-list submenu\">\n                    <li>\n              <a\n                href=\"https:\/\/www.apotheek-online.be\/locobase-repair-creme-tube-100g\" onclick=\"dataLayer.push({'event':'ga_event', 'eventCategory':'Click on Reseller', 'eventAction':'Apotheek-Online', 'eventLabel':'Locobase Repair', 'eventValue': undefined})\" rel=\"noopener\" target=\"_blank\" title=\"Apotheek-Online\"\n                data-testid=\"buy-now-reseller\">\n                <i class=\"fa-solid fa-arrow-right\"><\/i> Apotheek-Online\n              <\/a>\n          <\/li>\n                    <li>\n              <a\n                href=\"https:\/\/www.bol.com\/nl\/nl\/p\/locobase-repair-creme-100gr\/9300000035744429\/\" onclick=\"dataLayer.push({'event':'ga_event', 'eventCategory':'Click on Reseller', 'eventAction':'Bol', 'eventLabel':'Locobase Repair', 'eventValue': undefined})\" rel=\"noopener\" target=\"_blank\" title=\"Bol\"\n                data-testid=\"buy-now-reseller\">\n                <i class=\"fa-solid fa-arrow-right\"><\/i> Bol\n              <\/a>\n          <\/li>\n                    <li>\n              <a\n                href=\"https:\/\/www.farmaline.be\/pharmacie\/commander\/locobase-repair-100-g-creme\/\" onclick=\"dataLayer.push({'event':'ga_event', 'eventCategory':'Click on Reseller', 'eventAction':'Farmaline', 'eventLabel':'Locobase Repair', 'eventValue': undefined})\" rel=\"noopener\" target=\"_blank\" title=\"Farmaline\"\n                data-testid=\"buy-now-reseller\">\n                <i class=\"fa-solid fa-arrow-right\"><\/i> Farmaline\n              <\/a>\n          <\/li>\n                    <li>\n              <a\n                href=\"https:\/\/www.newpharma.be\/apotheek\/astellas-pharma\/104533\/locobase-repair-creme-gezicht-en-lichaam-zeer-droge-en-gevoelige-huid-100g.html\" onclick=\"dataLayer.push({'event':'ga_event', 'eventCategory':'Click on Reseller', 'eventAction':'New Pharma', 'eventLabel':'Locobase Repair', 'eventValue': undefined})\" rel=\"noopener\" target=\"_blank\" title=\"New Pharma\"\n                data-testid=\"buy-now-reseller\">\n                <i class=\"fa-solid fa-arrow-right\"><\/i> New Pharma\n              <\/a>\n          <\/li>\n                    <li>\n              <a\n                href=\"https:\/\/www.viata.be\/locobase-repair-hydraterend-jeuk-creme-100-g-nl\" onclick=\"dataLayer.push({'event':'ga_event', 'eventCategory':'Click on Reseller', 'eventAction':'Viata', 'eventLabel':'Locobase Repair', 'eventValue': undefined})\" rel=\"noopener\" target=\"_blank\" title=\"Viata\"\n                data-testid=\"buy-now-reseller\">\n                <i class=\"fa-solid fa-arrow-right\"><\/i> Viata\n              <\/a>\n          <\/li>\n                <\/ul>\n    <\/div>\n  <\/div>\n  <\/div>\n            <\/div>\n                  <\/div>\n        <div class=\"swiper-scrollbar\"><\/div>\n      <\/div>\n    <\/div>\n  <\/div>\n\n\n\n\n","protected":false},"excerpt":{"rendered":"","protected":false},"author":2,"featured_media":0,"parent":0,"menu_order":0,"comment_status":"closed","ping_status":"closed","template":"","meta":{"_acf_changed":false,"footnotes":""},"from-article-database":[],"class_list":["post-82","page","type-page","status-publish","hentry"],"acf":[],"yoast_head":"<!-- This site is optimized with the Yoast SEO plugin v26.6 - https:\/\/yoast.com\/wordpress\/plugins\/seo\/ -->\n<title>Locobase - Locobase<\/title>\n<meta name=\"description\" content=\"Vous souffrez souvent de mains \u00e9cailleuses, de talons fendill\u00e9s, de l\u00e8vres gerc\u00e9es et de bras et jambes squameux ?\" \/>\n<meta name=\"robots\" content=\"index, follow, max-snippet:-1, max-image-preview:large, max-video-preview:-1\" \/>\n<link rel=\"canonical\" href=\"https:\/\/locobase.com\/be\/fr\/\" \/>\n<meta property=\"og:locale\" content=\"fr_FR\" \/>\n<meta property=\"og:type\" content=\"article\" \/>\n<meta property=\"og:title\" content=\"Locobase - Locobase\" \/>\n<meta property=\"og:description\" content=\"Vous souffrez souvent de mains \u00e9cailleuses, de talons fendill\u00e9s, de l\u00e8vres gerc\u00e9es et de bras et jambes squameux ?\" \/>\n<meta property=\"og:url\" content=\"https:\/\/locobase.com\/be\/fr\/\" \/>\n<meta property=\"og:site_name\" content=\"Locobase\" \/>\n<meta property=\"article:modified_time\" content=\"2025-04-25T07:30:03+00:00\" \/>\n<meta name=\"twitter:card\" content=\"summary_large_image\" \/>\n<meta name=\"twitter:label1\" content=\"Dur\u00e9e de lecture est.\" \/>\n\t<meta name=\"twitter:data1\" content=\"1 minute\" \/>\n<script type=\"application\/ld+json\" class=\"yoast-schema-graph\">{\"@context\":\"https:\/\/schema.org\",\"@graph\":[{\"@type\":\"WebPage\",\"@id\":\"https:\/\/locobase.com\/be\/fr\/\",\"url\":\"https:\/\/locobase.com\/be\/fr\/\",\"name\":\"Locobase - Locobase\",\"isPartOf\":{\"@id\":\"https:\/\/locobase.com\/be\/fr\/#website\"},\"datePublished\":\"2022-06-02T11:05:54+00:00\",\"dateModified\":\"2025-04-25T07:30:03+00:00\",\"description\":\"Vous souffrez souvent de mains \u00e9cailleuses, de talons fendill\u00e9s, de l\u00e8vres gerc\u00e9es et de bras et jambes squameux ?\",\"breadcrumb\":{\"@id\":\"https:\/\/locobase.com\/be\/fr\/#breadcrumb\"},\"inLanguage\":\"fr-BE\",\"potentialAction\":[{\"@type\":\"ReadAction\",\"target\":[\"https:\/\/locobase.com\/be\/fr\/\"]}]},{\"@type\":\"BreadcrumbList\",\"@id\":\"https:\/\/locobase.com\/be\/fr\/#breadcrumb\",\"itemListElement\":[{\"@type\":\"ListItem\",\"position\":1,\"name\":\"Home\",\"item\":\"https:\/\/locobase.com\/be\/fr\/\"},{\"@type\":\"ListItem\",\"position\":2,\"name\":\"Locobase\"}]},{\"@type\":\"WebSite\",\"@id\":\"https:\/\/locobase.com\/be\/fr\/#website\",\"url\":\"https:\/\/locobase.com\/be\/fr\/\",\"name\":\"Locobase\",\"description\":\"\",\"publisher\":{\"@id\":\"https:\/\/locobase.com\/be\/fr\/#organization\"},\"potentialAction\":[{\"@type\":\"SearchAction\",\"target\":{\"@type\":\"EntryPoint\",\"urlTemplate\":\"https:\/\/locobase.com\/be\/fr\/?s={search_term_string}\"},\"query-input\":{\"@type\":\"PropertyValueSpecification\",\"valueRequired\":true,\"valueName\":\"search_term_string\"}}],\"inLanguage\":\"fr-BE\"},{\"@type\":\"Organization\",\"@id\":\"https:\/\/locobase.com\/be\/fr\/#organization\",\"name\":\"Locobase\",\"url\":\"https:\/\/locobase.com\/be\/fr\/\",\"logo\":{\"@type\":\"ImageObject\",\"inLanguage\":\"fr-BE\",\"@id\":\"https:\/\/locobase.com\/be\/fr\/#\/schema\/logo\/image\/\",\"url\":\"https:\/\/locobase.com\/app\/uploads\/sites\/8\/2022\/06\/logo.png\",\"contentUrl\":\"https:\/\/locobase.com\/app\/uploads\/sites\/8\/2022\/06\/logo.png\",\"width\":163,\"height\":32,\"caption\":\"Locobase\"},\"image\":{\"@id\":\"https:\/\/locobase.com\/be\/fr\/#\/schema\/logo\/image\/\"}}]}<\/script>\n<!-- \/ Yoast SEO plugin. -->","yoast_head_json":{"title":"Locobase - Locobase","description":"Vous souffrez souvent de mains \u00e9cailleuses, de talons fendill\u00e9s, de l\u00e8vres gerc\u00e9es et de bras et jambes squameux ?","robots":{"index":"index","follow":"follow","max-snippet":"max-snippet:-1","max-image-preview":"max-image-preview:large","max-video-preview":"max-video-preview:-1"},"canonical":"https:\/\/locobase.com\/be\/fr\/","og_locale":"fr_FR","og_type":"article","og_title":"Locobase - Locobase","og_description":"Vous souffrez souvent de mains \u00e9cailleuses, de talons fendill\u00e9s, de l\u00e8vres gerc\u00e9es et de bras et jambes squameux ?","og_url":"https:\/\/locobase.com\/be\/fr\/","og_site_name":"Locobase","article_modified_time":"2025-04-25T07:30:03+00:00","twitter_card":"summary_large_image","twitter_misc":{"Dur\u00e9e de lecture est.":"1 minute"},"schema":{"@context":"https:\/\/schema.org","@graph":[{"@type":"WebPage","@id":"https:\/\/locobase.com\/be\/fr\/","url":"https:\/\/locobase.com\/be\/fr\/","name":"Locobase - Locobase","isPartOf":{"@id":"https:\/\/locobase.com\/be\/fr\/#website"},"datePublished":"2022-06-02T11:05:54+00:00","dateModified":"2025-04-25T07:30:03+00:00","description":"Vous souffrez souvent de mains \u00e9cailleuses, de talons fendill\u00e9s, de l\u00e8vres gerc\u00e9es et de bras et jambes squameux ?","breadcrumb":{"@id":"https:\/\/locobase.com\/be\/fr\/#breadcrumb"},"inLanguage":"fr-BE","potentialAction":[{"@type":"ReadAction","target":["https:\/\/locobase.com\/be\/fr\/"]}]},{"@type":"BreadcrumbList","@id":"https:\/\/locobase.com\/be\/fr\/#breadcrumb","itemListElement":[{"@type":"ListItem","position":1,"name":"Home","item":"https:\/\/locobase.com\/be\/fr\/"},{"@type":"ListItem","position":2,"name":"Locobase"}]},{"@type":"WebSite","@id":"https:\/\/locobase.com\/be\/fr\/#website","url":"https:\/\/locobase.com\/be\/fr\/","name":"Locobase","description":"","publisher":{"@id":"https:\/\/locobase.com\/be\/fr\/#organization"},"potentialAction":[{"@type":"SearchAction","target":{"@type":"EntryPoint","urlTemplate":"https:\/\/locobase.com\/be\/fr\/?s={search_term_string}"},"query-input":{"@type":"PropertyValueSpecification","valueRequired":true,"valueName":"search_term_string"}}],"inLanguage":"fr-BE"},{"@type":"Organization","@id":"https:\/\/locobase.com\/be\/fr\/#organization","name":"Locobase","url":"https:\/\/locobase.com\/be\/fr\/","logo":{"@type":"ImageObject","inLanguage":"fr-BE","@id":"https:\/\/locobase.com\/be\/fr\/#\/schema\/logo\/image\/","url":"https:\/\/locobase.com\/app\/uploads\/sites\/8\/2022\/06\/logo.png","contentUrl":"https:\/\/locobase.com\/app\/uploads\/sites\/8\/2022\/06\/logo.png","width":163,"height":32,"caption":"Locobase"},"image":{"@id":"https:\/\/locobase.com\/be\/fr\/#\/schema\/logo\/image\/"}}]}},"_links":{"self":[{"href":"https:\/\/locobase.com\/be\/fr\/wp-json\/wp\/v2\/pages\/82","targetHints":{"allow":["GET"]}}],"collection":[{"href":"https:\/\/locobase.com\/be\/fr\/wp-json\/wp\/v2\/pages"}],"about":[{"href":"https:\/\/locobase.com\/be\/fr\/wp-json\/wp\/v2\/types\/page"}],"author":[{"embeddable":true,"href":"https:\/\/locobase.com\/be\/fr\/wp-json\/wp\/v2\/users\/2"}],"replies":[{"embeddable":true,"href":"https:\/\/locobase.com\/be\/fr\/wp-json\/wp\/v2\/comments?post=82"}],"version-history":[{"count":6,"href":"https:\/\/locobase.com\/be\/fr\/wp-json\/wp\/v2\/pages\/82\/revisions"}],"predecessor-version":[{"id":166,"href":"https:\/\/locobase.com\/be\/fr\/wp-json\/wp\/v2\/pages\/82\/revisions\/166"}],"wp:attachment":[{"href":"https:\/\/locobase.com\/be\/fr\/wp-json\/wp\/v2\/media?parent=82"}],"wp:term":[{"taxonomy":"from-article-database","embeddable":true,"href":"https:\/\/locobase.com\/be\/fr\/wp-json\/wp\/v2\/from-article-database?post=82"}],"curies":[{"name":"wp","href":"https:\/\/api.w.org\/{rel}","templated":true}]}}