{"id":106,"date":"2022-06-02T15:42:34","date_gmt":"2022-06-02T13:42:34","guid":{"rendered":"https:\/\/locobase.com\/be\/product\/locobase-repair\/"},"modified":"2025-04-25T09:29:46","modified_gmt":"2025-04-25T07:29:46","slug":"locobase-repair-2","status":"publish","type":"product","link":"https:\/\/locobase.com\/be\/fr\/produit\/locobase-repair-2\/","title":{"rendered":"Locobase Repair"},"content":{"rendered":"","protected":false},"excerpt":{"rendered":"<p>Cr\u00e8me r\u00e9paratrice pour les peaux tr\u00e8s s\u00e8ches et craquel\u00e9es<\/p>\n","protected":false},"featured_media":102,"comment_status":"closed","ping_status":"closed","template":"","meta":{"_acf_changed":false,"footnotes":""},"product_brand":[],"product_cat":[15],"product_tag":[],"class_list":{"0":"post-106","1":"product","2":"type-product","3":"status-publish","4":"has-post-thumbnail","6":"product_cat-uncategorized","8":"first","9":"instock","10":"shipping-taxable","11":"product-type-simple"},"acf":[],"yoast_head":"<!-- This site is optimized with the Yoast SEO plugin v26.6 - https:\/\/yoast.com\/wordpress\/plugins\/seo\/ -->\n<title>Locobase Repair - Locobase<\/title>\n<meta name=\"description\" content=\"Soin r\u00e9parateur et protecteur de la peau. Locobase Repair est un favori de nombreux clients. Cette cr\u00e8me est utilis\u00e9e depuis des g\u00e9n\u00e9rations contre les peaux tr\u00e8s s\u00e8ches et craquel\u00e9es, ainsi que comme soin compl\u00e9mentaire pour l\u2019ecz\u00e9ma atopique.\" \/>\n<meta name=\"robots\" content=\"index, follow, max-snippet:-1, max-image-preview:large, max-video-preview:-1\" \/>\n<link rel=\"canonical\" href=\"https:\/\/locobase.com\/be\/fr\/produit\/locobase-repair-2\/\" \/>\n<meta property=\"og:locale\" content=\"fr_FR\" \/>\n<meta property=\"og:type\" content=\"article\" \/>\n<meta property=\"og:title\" content=\"Locobase Repair - Locobase\" \/>\n<meta property=\"og:description\" content=\"Soin r\u00e9parateur et protecteur de la peau. Locobase Repair est un favori de nombreux clients. Cette cr\u00e8me est utilis\u00e9e depuis des g\u00e9n\u00e9rations contre les peaux tr\u00e8s s\u00e8ches et craquel\u00e9es, ainsi que comme soin compl\u00e9mentaire pour l\u2019ecz\u00e9ma atopique.\" \/>\n<meta property=\"og:url\" content=\"https:\/\/locobase.com\/be\/fr\/produit\/locobase-repair-2\/\" \/>\n<meta property=\"og:site_name\" content=\"Locobase\" \/>\n<meta property=\"article:modified_time\" content=\"2025-04-25T07:29:46+00:00\" \/>\n<meta property=\"og:image\" content=\"https:\/\/locobase.com\/app\/uploads\/sites\/8\/2022\/06\/Locobase-Repair-100g.webp\" \/>\n\t<meta property=\"og:image:width\" content=\"1184\" \/>\n\t<meta property=\"og:image:height\" content=\"1200\" \/>\n\t<meta property=\"og:image:type\" content=\"image\/webp\" \/>\n<meta name=\"twitter:card\" content=\"summary_large_image\" \/>\n<meta name=\"twitter:label1\" content=\"Dur\u00e9e de lecture est.\" \/>\n\t<meta name=\"twitter:data1\" content=\"1 minute\" \/>\n<script type=\"application\/ld+json\" class=\"yoast-schema-graph\">{\"@context\":\"https:\/\/schema.org\",\"@graph\":[{\"@type\":\"WebPage\",\"@id\":\"https:\/\/locobase.com\/be\/fr\/produit\/locobase-repair-2\/\",\"url\":\"https:\/\/locobase.com\/be\/fr\/produit\/locobase-repair-2\/\",\"name\":\"Locobase Repair - Locobase\",\"isPartOf\":{\"@id\":\"https:\/\/locobase.com\/be\/fr\/#website\"},\"primaryImageOfPage\":{\"@id\":\"https:\/\/locobase.com\/be\/fr\/produit\/locobase-repair-2\/#primaryimage\"},\"image\":{\"@id\":\"https:\/\/locobase.com\/be\/fr\/produit\/locobase-repair-2\/#primaryimage\"},\"thumbnailUrl\":\"https:\/\/locobase.com\/app\/uploads\/sites\/8\/2022\/06\/Locobase-Repair-100g.webp\",\"datePublished\":\"2022-06-02T13:42:34+00:00\",\"dateModified\":\"2025-04-25T07:29:46+00:00\",\"description\":\"Soin r\u00e9parateur et protecteur de la peau. Locobase Repair est un favori de nombreux clients. Cette cr\u00e8me est utilis\u00e9e depuis des g\u00e9n\u00e9rations contre les peaux tr\u00e8s s\u00e8ches et craquel\u00e9es, ainsi que comme soin compl\u00e9mentaire pour l\u2019ecz\u00e9ma atopique.\",\"breadcrumb\":{\"@id\":\"https:\/\/locobase.com\/be\/fr\/produit\/locobase-repair-2\/#breadcrumb\"},\"inLanguage\":\"fr-BE\",\"potentialAction\":[{\"@type\":\"ReadAction\",\"target\":[\"https:\/\/locobase.com\/be\/fr\/produit\/locobase-repair-2\/\"]}]},{\"@type\":\"ImageObject\",\"inLanguage\":\"fr-BE\",\"@id\":\"https:\/\/locobase.com\/be\/fr\/produit\/locobase-repair-2\/#primaryimage\",\"url\":\"https:\/\/locobase.com\/app\/uploads\/sites\/8\/2022\/06\/Locobase-Repair-100g.webp\",\"contentUrl\":\"https:\/\/locobase.com\/app\/uploads\/sites\/8\/2022\/06\/Locobase-Repair-100g.webp\",\"width\":1184,\"height\":1200,\"caption\":\"Locobase Repair 100g\"},{\"@type\":\"BreadcrumbList\",\"@id\":\"https:\/\/locobase.com\/be\/fr\/produit\/locobase-repair-2\/#breadcrumb\",\"itemListElement\":[{\"@type\":\"ListItem\",\"position\":1,\"name\":\"Home\",\"item\":\"https:\/\/locobase.com\/be\/fr\/\"},{\"@type\":\"ListItem\",\"position\":2,\"name\":\"Produits\",\"item\":\"https:\/\/locobase.com\/be\/nl\/producten\/\"},{\"@type\":\"ListItem\",\"position\":3,\"name\":\"Locobase Repair\"}]},{\"@type\":\"WebSite\",\"@id\":\"https:\/\/locobase.com\/be\/fr\/#website\",\"url\":\"https:\/\/locobase.com\/be\/fr\/\",\"name\":\"Locobase\",\"description\":\"\",\"publisher\":{\"@id\":\"https:\/\/locobase.com\/be\/fr\/#organization\"},\"potentialAction\":[{\"@type\":\"SearchAction\",\"target\":{\"@type\":\"EntryPoint\",\"urlTemplate\":\"https:\/\/locobase.com\/be\/fr\/?s={search_term_string}\"},\"query-input\":{\"@type\":\"PropertyValueSpecification\",\"valueRequired\":true,\"valueName\":\"search_term_string\"}}],\"inLanguage\":\"fr-BE\"},{\"@type\":\"Organization\",\"@id\":\"https:\/\/locobase.com\/be\/fr\/#organization\",\"name\":\"Locobase\",\"url\":\"https:\/\/locobase.com\/be\/fr\/\",\"logo\":{\"@type\":\"ImageObject\",\"inLanguage\":\"fr-BE\",\"@id\":\"https:\/\/locobase.com\/be\/fr\/#\/schema\/logo\/image\/\",\"url\":\"https:\/\/locobase.com\/app\/uploads\/sites\/8\/2022\/06\/logo.png\",\"contentUrl\":\"https:\/\/locobase.com\/app\/uploads\/sites\/8\/2022\/06\/logo.png\",\"width\":163,\"height\":32,\"caption\":\"Locobase\"},\"image\":{\"@id\":\"https:\/\/locobase.com\/be\/fr\/#\/schema\/logo\/image\/\"}}]}<\/script>\n<!-- \/ Yoast SEO plugin. -->","yoast_head_json":{"title":"Locobase Repair - Locobase","description":"Soin r\u00e9parateur et protecteur de la peau. Locobase Repair est un favori de nombreux clients. Cette cr\u00e8me est utilis\u00e9e depuis des g\u00e9n\u00e9rations contre les peaux tr\u00e8s s\u00e8ches et craquel\u00e9es, ainsi que comme soin compl\u00e9mentaire pour l\u2019ecz\u00e9ma atopique.","robots":{"index":"index","follow":"follow","max-snippet":"max-snippet:-1","max-image-preview":"max-image-preview:large","max-video-preview":"max-video-preview:-1"},"canonical":"https:\/\/locobase.com\/be\/fr\/produit\/locobase-repair-2\/","og_locale":"fr_FR","og_type":"article","og_title":"Locobase Repair - Locobase","og_description":"Soin r\u00e9parateur et protecteur de la peau. Locobase Repair est un favori de nombreux clients. Cette cr\u00e8me est utilis\u00e9e depuis des g\u00e9n\u00e9rations contre les peaux tr\u00e8s s\u00e8ches et craquel\u00e9es, ainsi que comme soin compl\u00e9mentaire pour l\u2019ecz\u00e9ma atopique.","og_url":"https:\/\/locobase.com\/be\/fr\/produit\/locobase-repair-2\/","og_site_name":"Locobase","article_modified_time":"2025-04-25T07:29:46+00:00","og_image":[{"width":1184,"height":1200,"url":"https:\/\/locobase.com\/app\/uploads\/sites\/8\/2022\/06\/Locobase-Repair-100g.webp","type":"image\/webp"}],"twitter_card":"summary_large_image","twitter_misc":{"Dur\u00e9e de lecture est.":"1 minute"},"schema":{"@context":"https:\/\/schema.org","@graph":[{"@type":"WebPage","@id":"https:\/\/locobase.com\/be\/fr\/produit\/locobase-repair-2\/","url":"https:\/\/locobase.com\/be\/fr\/produit\/locobase-repair-2\/","name":"Locobase Repair - Locobase","isPartOf":{"@id":"https:\/\/locobase.com\/be\/fr\/#website"},"primaryImageOfPage":{"@id":"https:\/\/locobase.com\/be\/fr\/produit\/locobase-repair-2\/#primaryimage"},"image":{"@id":"https:\/\/locobase.com\/be\/fr\/produit\/locobase-repair-2\/#primaryimage"},"thumbnailUrl":"https:\/\/locobase.com\/app\/uploads\/sites\/8\/2022\/06\/Locobase-Repair-100g.webp","datePublished":"2022-06-02T13:42:34+00:00","dateModified":"2025-04-25T07:29:46+00:00","description":"Soin r\u00e9parateur et protecteur de la peau. Locobase Repair est un favori de nombreux clients. Cette cr\u00e8me est utilis\u00e9e depuis des g\u00e9n\u00e9rations contre les peaux tr\u00e8s s\u00e8ches et craquel\u00e9es, ainsi que comme soin compl\u00e9mentaire pour l\u2019ecz\u00e9ma atopique.","breadcrumb":{"@id":"https:\/\/locobase.com\/be\/fr\/produit\/locobase-repair-2\/#breadcrumb"},"inLanguage":"fr-BE","potentialAction":[{"@type":"ReadAction","target":["https:\/\/locobase.com\/be\/fr\/produit\/locobase-repair-2\/"]}]},{"@type":"ImageObject","inLanguage":"fr-BE","@id":"https:\/\/locobase.com\/be\/fr\/produit\/locobase-repair-2\/#primaryimage","url":"https:\/\/locobase.com\/app\/uploads\/sites\/8\/2022\/06\/Locobase-Repair-100g.webp","contentUrl":"https:\/\/locobase.com\/app\/uploads\/sites\/8\/2022\/06\/Locobase-Repair-100g.webp","width":1184,"height":1200,"caption":"Locobase Repair 100g"},{"@type":"BreadcrumbList","@id":"https:\/\/locobase.com\/be\/fr\/produit\/locobase-repair-2\/#breadcrumb","itemListElement":[{"@type":"ListItem","position":1,"name":"Home","item":"https:\/\/locobase.com\/be\/fr\/"},{"@type":"ListItem","position":2,"name":"Produits","item":"https:\/\/locobase.com\/be\/nl\/producten\/"},{"@type":"ListItem","position":3,"name":"Locobase Repair"}]},{"@type":"WebSite","@id":"https:\/\/locobase.com\/be\/fr\/#website","url":"https:\/\/locobase.com\/be\/fr\/","name":"Locobase","description":"","publisher":{"@id":"https:\/\/locobase.com\/be\/fr\/#organization"},"potentialAction":[{"@type":"SearchAction","target":{"@type":"EntryPoint","urlTemplate":"https:\/\/locobase.com\/be\/fr\/?s={search_term_string}"},"query-input":{"@type":"PropertyValueSpecification","valueRequired":true,"valueName":"search_term_string"}}],"inLanguage":"fr-BE"},{"@type":"Organization","@id":"https:\/\/locobase.com\/be\/fr\/#organization","name":"Locobase","url":"https:\/\/locobase.com\/be\/fr\/","logo":{"@type":"ImageObject","inLanguage":"fr-BE","@id":"https:\/\/locobase.com\/be\/fr\/#\/schema\/logo\/image\/","url":"https:\/\/locobase.com\/app\/uploads\/sites\/8\/2022\/06\/logo.png","contentUrl":"https:\/\/locobase.com\/app\/uploads\/sites\/8\/2022\/06\/logo.png","width":163,"height":32,"caption":"Locobase"},"image":{"@id":"https:\/\/locobase.com\/be\/fr\/#\/schema\/logo\/image\/"}}]}},"_links":{"self":[{"href":"https:\/\/locobase.com\/be\/fr\/wp-json\/wp\/v2\/product\/106","targetHints":{"allow":["GET"]}}],"collection":[{"href":"https:\/\/locobase.com\/be\/fr\/wp-json\/wp\/v2\/product"}],"about":[{"href":"https:\/\/locobase.com\/be\/fr\/wp-json\/wp\/v2\/types\/product"}],"replies":[{"embeddable":true,"href":"https:\/\/locobase.com\/be\/fr\/wp-json\/wp\/v2\/comments?post=106"}],"version-history":[{"count":5,"href":"https:\/\/locobase.com\/be\/fr\/wp-json\/wp\/v2\/product\/106\/revisions"}],"predecessor-version":[{"id":189,"href":"https:\/\/locobase.com\/be\/fr\/wp-json\/wp\/v2\/product\/106\/revisions\/189"}],"wp:featuredmedia":[{"embeddable":true,"href":"https:\/\/locobase.com\/be\/fr\/wp-json\/wp\/v2\/media\/102"}],"wp:attachment":[{"href":"https:\/\/locobase.com\/be\/fr\/wp-json\/wp\/v2\/media?parent=106"}],"wp:term":[{"taxonomy":"product_brand","embeddable":true,"href":"https:\/\/locobase.com\/be\/fr\/wp-json\/wp\/v2\/product_brand?post=106"},{"taxonomy":"product_cat","embeddable":true,"href":"https:\/\/locobase.com\/be\/fr\/wp-json\/wp\/v2\/product_cat?post=106"},{"taxonomy":"product_tag","embeddable":true,"href":"https:\/\/locobase.com\/be\/fr\/wp-json\/wp\/v2\/product_tag?post=106"}],"curies":[{"name":"wp","href":"https:\/\/api.w.org\/{rel}","templated":true}]}}