{"id":27,"date":"2022-06-02T13:18:24","date_gmt":"2022-06-02T11:18:24","guid":{"rendered":"https:\/\/locobase.com\/be\/?page_id=27"},"modified":"2025-04-25T09:29:52","modified_gmt":"2025-04-25T07:29:52","slug":"over-locobase","status":"publish","type":"page","link":"https:\/\/locobase.com\/be\/nl\/over-locobase\/","title":{"rendered":"Over Locobase"},"content":{"rendered":"\n<section class=\"wp-block-karopharma-background-image-with-text background-image-with-text undefined block-text-position-on-mobile-on-image\"><div datatest=\"image\" class=\"background-image-with-text-image background-image-with-text-image-small\" style=\"background-image:url(https:\/\/locobase.com\/cdn-cgi\/image\/format=auto\/app\/uploads\/sites\/8\/2022\/06\/about-hero-mobile.jpeg)\"><\/div><div datatest=\"image\" class=\"background-image-with-text-image background-image-with-text-image-medium\" style=\"background-image:url(https:\/\/locobase.com\/cdn-cgi\/image\/format=auto\/app\/uploads\/sites\/8\/2022\/06\/about-hero-desktop-scaled-1.jpeg)\"><\/div><div datatest=\"container-content\" class=\"background-image-with-text-container-content block-content-alignment-center block-text-alignment-center\"><div class=\"content\"><h1 datatest=\"heading\" class=\"\">Locobase\u00ae \u2013 Huidverzorging waar je op kunt vertrouwen<\/h1>\n<div class=\"wp-block-buttons is-layout-flex wp-block-buttons-is-layout-flex\"><\/div>\n<\/div><\/div><\/section>\n\n\n\n<div class=\"wp-block-karopharma-free-text pt-large pb-large bg-center bg-contain bg-no-repeat  undefined is-style-primary\" style=\"background-image:url()\"><div class=\"free-text-wrapper container max-w-medium text-center\">\n<p>Meer dan 30 jaar geleden zag een groep Scandinavische dermatologen (huiddokters) de behoefte voor een cr\u00e8me ter aanvulling en opvolging van eczeembehandelingen met cortison. Ze besloten hun eigen speciale cr\u00e8me te ontwikkelen voor een zeer droge, ge\u00efrriteerde en gevoelige huid en noemden het Locobase\u00ae. Vandaag de dag bestaat Locobase\u00ae uit een serie bewezen huidverzorgingsproducten, waaronder Locobase\u00ae Repair. Dit is de meest gekochte huidverzorgingscr\u00e8me in Zweedse apotheken en wordt in meer dan 25 landen verkocht. Locobase\u00ae is een vanzelfsprekende keuze voor iedereen die iets meer nodig heeft dan een normale cr\u00e8me om hun huid zacht, soepel en intact te houden.\n<\/p>\n<\/div><\/div>\n\n\n\n<div class=\"wp-block-karopharma-free-text pt-large pb-large bg-center bg-contain bg-no-repeat  undefined is-style-light\" style=\"background-image:url()\"><div class=\"free-text-wrapper container max-w-medium text-left\">\n<h2 class=\"is-style-heading-h4 wp-block-heading\" id=\"effektiv-hudvard-utan-sveda-for-hela-familjen\">Effectieve huidverzorging voor de hele familie, zonder te prikken<\/h2>\n\n\n\n<p>De huidverzorgingsproducten van Locobase\u00ae zijn bedoeld voor de droge tot zeer droge huid en kan voor veel verschillende doeleinden dagelijks worden gebruikt door het hele gezin, zelfs baby\u2019s en jonge kinderen. Locobase\u00ae-producten hebben een breed scala aan toepassingen; van droge plekken over het hele lichaam, ruwe wangen door de kou en schrale lippen, tot aanvullende huidverzorging voor atopische eczeem en luieruitslag. Locobase\u00ae is een perfecte keuze voor mensen met een gevoelige huid of wiens huid veel te verduren krijgt. De huidverzorgingsproducten van Locobase\u00ae bevatten zorgvuldig geselecteerde ingredi\u00ebnten en bevatten geen parfum of kleurstoffen.\n<\/p>\n\n\n\n<h2 class=\"is-style-heading-h4 wp-block-heading\" id=\"vad-andra-sager-om-locobase\">Wat zeggen anderen over Locobase<\/h2>\n\n\n\n<p>Verschillende klinische onderzoeken hebben bevestigd wat onze dermatologen al 30 jaar weten: Locobase is zacht voor de huid en is perfect voor een droge, gebarsten of beschadigde huid. In een Zweeds gebruikersonderzoek waarbij 400 mensen Locobase\u00ae hebben getest, gaf meer dan 93% van de testers aan het product aan te bevelen. De pilot test gaf aan dat Locobase\u00ae niet morst, langdurig en effectief werkt tegen een droge huid, goed intrekt en voor veel verschillende doeleinden gebruikt kan worden.<\/p>\n\n\n\n<p>Een Deens gebruikersonderzoek toonde ook aan dat Locobase\u00ae het populairste huidverzorgingsproduct was onder mensen met atopische dermatitis (eczeem). De deelnemers gaven aan dat ze bij voorkeur Locobase gebruiken, omdat ze het effectiever vonden en vanwege het hoge vetgehalte. Plus, vaak kregen ze Locobase aanbevolen door hun dokter of dermatoloog.<\/p>\n\n\n\n<p>Naast de hoge beoordelingen van gebruikers, wordt Locobase aanbevolen door zowel gezondheidspersoneel als apothekers. Dat is nog eens huidverzorging waar je op kunt vertrouwen!<\/p>\n<\/div><\/div>\n\n\n<div class=\"product-list wp-block-karopharma-product-list\" data-testid=\"product-list\">\n      <div class=\"swiper-container\">\n      <div class=\"swiper\">\n        <div class=\"swiper-wrapper\">\n                      <div class=\"swiper-slide\">\n              <div class=\"product-card\" data-testid=\"product-card\">\n  <a\n    href=https:\/\/locobase.com\/be\/nl\/product\/locobase-repair\/\n    class=\"product-card-link\"\n    title=\"Locobase Repair\"\n  >\n  <figure class=\"product-card-image\" data-testid=\"product-image\">\n                          <img decoding=\"async\" src=\"https:\/\/locobase.com\/cdn-cgi\/image\/width=700,format=auto\/app\/uploads\/sites\/8\/2022\/06\/Locobase-Repair-100g.webp\"\n        srcset=\"https:\/\/locobase.com\/cdn-cgi\/image\/width=250,format=auto\/app\/uploads\/sites\/8\/2022\/06\/Locobase-Repair-100g.webp 250w,\n                https:\/\/locobase.com\/cdn-cgi\/image\/width=500,format=auto\/app\/uploads\/sites\/8\/2022\/06\/Locobase-Repair-100g.webp 500w,\n                https:\/\/locobase.com\/cdn-cgi\/image\/width=700,format=auto\/app\/uploads\/sites\/8\/2022\/06\/Locobase-Repair-100g.webp 700w\"\n        sizes=\"(max-width: 400px) 250px, (max-width: 800px) 500px, 700px\"\n        alt=\"Locobase Repair 100g\"\n        class=\"img\">\n            <\/figure>\n    <div class=\"product-card-content\">\n      <div class=\"heading-wrapper\">\n        <h2 class=\"heading\">Locobase Repair<\/h2>\n      <\/div>\n      <div class=\"product-card-description\">Herstellende cr\u00e8me voor zeer droge en gebarsten huid<\/div>\n                      <\/div>\n  <\/a>\n          <div class=\"button-wrapper buy-now \" data-testid=\"buy-now\">\n      <div class=\"buy-now-container dropdown-container\">\n      <div class=\"theme-button button-primary-color dropdown-link\" aria-label=\"Bestel nu\">\n          Bestel nu <i class=\"dropdown\"><\/i>\n      <\/div>\n      <ul class=\"reseller-list submenu\">\n                    <li>\n              <a\n                href=\"https:\/\/www.apotheek-online.be\/locobase-repair-creme-tube-100g\" onclick=\"dataLayer.push({'event':'ga_event', 'eventCategory':'Click on Reseller', 'eventAction':'Apotheek-Online', 'eventLabel':'Locobase Repair', 'eventValue': undefined})\" rel=\"noopener\" target=\"_blank\" title=\"Apotheek-Online\"\n                data-testid=\"buy-now-reseller\">\n                <i class=\"fa-solid fa-arrow-right\"><\/i> Apotheek-Online\n              <\/a>\n          <\/li>\n                    <li>\n              <a\n                href=\"https:\/\/www.bol.com\/nl\/nl\/p\/locobase-repair-creme-100gr\/9300000035744429\/\" onclick=\"dataLayer.push({'event':'ga_event', 'eventCategory':'Click on Reseller', 'eventAction':'Bol', 'eventLabel':'Locobase Repair', 'eventValue': undefined})\" rel=\"noopener\" target=\"_blank\" title=\"Bol\"\n                data-testid=\"buy-now-reseller\">\n                <i class=\"fa-solid fa-arrow-right\"><\/i> Bol\n              <\/a>\n          <\/li>\n                    <li>\n              <a\n                href=\"https:\/\/www.farmaline.be\/apotheek\/bestellen\/locobase-repair-100-g-creme\/\" onclick=\"dataLayer.push({'event':'ga_event', 'eventCategory':'Click on Reseller', 'eventAction':'Farmaline', 'eventLabel':'Locobase Repair', 'eventValue': undefined})\" rel=\"noopener\" target=\"_blank\" title=\"Farmaline\"\n                data-testid=\"buy-now-reseller\">\n                <i class=\"fa-solid fa-arrow-right\"><\/i> Farmaline\n              <\/a>\n          <\/li>\n                    <li>\n              <a\n                href=\"https:\/\/www.newpharma.be\/apotheek\/astellas-pharma\/104533\/locobase-repair-creme-gezicht-en-lichaam-zeer-droge-en-gevoelige-huid-100g.html\" onclick=\"dataLayer.push({'event':'ga_event', 'eventCategory':'Click on Reseller', 'eventAction':'New Pharma', 'eventLabel':'Locobase Repair', 'eventValue': undefined})\" rel=\"noopener\" target=\"_blank\" title=\"New Pharma\"\n                data-testid=\"buy-now-reseller\">\n                <i class=\"fa-solid fa-arrow-right\"><\/i> New Pharma\n              <\/a>\n          <\/li>\n                    <li>\n              <a\n                href=\"https:\/\/www.viata.be\/locobase-repair-hydraterend-jeuk-creme-100-g-nl\" onclick=\"dataLayer.push({'event':'ga_event', 'eventCategory':'Click on Reseller', 'eventAction':'Viata', 'eventLabel':'Locobase Repair', 'eventValue': undefined})\" rel=\"noopener\" target=\"_blank\" title=\"Viata\"\n                data-testid=\"buy-now-reseller\">\n                <i class=\"fa-solid fa-arrow-right\"><\/i> Viata\n              <\/a>\n          <\/li>\n                <\/ul>\n    <\/div>\n  <\/div>\n  <\/div>\n            <\/div>\n                  <\/div>\n        <div class=\"swiper-scrollbar\"><\/div>\n      <\/div>\n    <\/div>\n  <\/div>\n","protected":false},"excerpt":{"rendered":"","protected":false},"author":2,"featured_media":64,"parent":0,"menu_order":10,"comment_status":"closed","ping_status":"closed","template":"","meta":{"_acf_changed":false,"footnotes":""},"from-article-database":[],"class_list":["post-27","page","type-page","status-publish","has-post-thumbnail","hentry"],"acf":[],"yoast_head":"<!-- This site is optimized with the Yoast SEO plugin v26.6 - https:\/\/yoast.com\/wordpress\/plugins\/seo\/ -->\n<title>Over Locobase - Locobase<\/title>\n<meta name=\"description\" content=\"Meer dan 30 jaar geleden zag een groep Scandinavische dermatologen (huiddokters) de behoefte voor een cr\u00e8me ter aanvulling en opvolging van eczeembehandelingen met cortison...\" \/>\n<meta name=\"robots\" content=\"index, follow, max-snippet:-1, max-image-preview:large, max-video-preview:-1\" \/>\n<link rel=\"canonical\" href=\"https:\/\/locobase.com\/be\/nl\/over-locobase\/\" \/>\n<meta property=\"og:locale\" content=\"nl_BE\" \/>\n<meta property=\"og:type\" content=\"article\" \/>\n<meta property=\"og:title\" content=\"Over Locobase - Locobase\" \/>\n<meta property=\"og:description\" content=\"Meer dan 30 jaar geleden zag een groep Scandinavische dermatologen (huiddokters) de behoefte voor een cr\u00e8me ter aanvulling en opvolging van eczeembehandelingen met cortison...\" \/>\n<meta property=\"og:url\" content=\"https:\/\/locobase.com\/be\/nl\/over-locobase\/\" \/>\n<meta property=\"og:site_name\" content=\"Locobase\" \/>\n<meta property=\"article:modified_time\" content=\"2025-04-25T07:29:52+00:00\" \/>\n<meta property=\"og:image\" content=\"https:\/\/locobase.com\/app\/uploads\/sites\/8\/2022\/06\/about-hero-mobile.jpeg\" \/>\n\t<meta property=\"og:image:width\" content=\"750\" \/>\n\t<meta property=\"og:image:height\" content=\"840\" \/>\n\t<meta property=\"og:image:type\" content=\"image\/jpeg\" \/>\n<meta name=\"twitter:card\" content=\"summary_large_image\" \/>\n<meta name=\"twitter:label1\" content=\"Geschatte leestijd\" \/>\n\t<meta name=\"twitter:data1\" content=\"2 minuten\" \/>\n<script type=\"application\/ld+json\" class=\"yoast-schema-graph\">{\"@context\":\"https:\/\/schema.org\",\"@graph\":[{\"@type\":\"WebPage\",\"@id\":\"https:\/\/locobase.com\/be\/nl\/over-locobase\/\",\"url\":\"https:\/\/locobase.com\/be\/nl\/over-locobase\/\",\"name\":\"Over Locobase - Locobase\",\"isPartOf\":{\"@id\":\"https:\/\/locobase.com\/be\/nl\/#website\"},\"primaryImageOfPage\":{\"@id\":\"https:\/\/locobase.com\/be\/nl\/over-locobase\/#primaryimage\"},\"image\":{\"@id\":\"https:\/\/locobase.com\/be\/nl\/over-locobase\/#primaryimage\"},\"thumbnailUrl\":\"https:\/\/locobase.com\/app\/uploads\/sites\/8\/2022\/06\/about-hero-mobile.jpeg\",\"datePublished\":\"2022-06-02T11:18:24+00:00\",\"dateModified\":\"2025-04-25T07:29:52+00:00\",\"description\":\"Meer dan 30 jaar geleden zag een groep Scandinavische dermatologen (huiddokters) de behoefte voor een cr\u00e8me ter aanvulling en opvolging van eczeembehandelingen met cortison...\",\"breadcrumb\":{\"@id\":\"https:\/\/locobase.com\/be\/nl\/over-locobase\/#breadcrumb\"},\"inLanguage\":\"nl-BE\",\"potentialAction\":[{\"@type\":\"ReadAction\",\"target\":[\"https:\/\/locobase.com\/be\/nl\/over-locobase\/\"]}]},{\"@type\":\"ImageObject\",\"inLanguage\":\"nl-BE\",\"@id\":\"https:\/\/locobase.com\/be\/nl\/over-locobase\/#primaryimage\",\"url\":\"https:\/\/locobase.com\/app\/uploads\/sites\/8\/2022\/06\/about-hero-mobile.jpeg\",\"contentUrl\":\"https:\/\/locobase.com\/app\/uploads\/sites\/8\/2022\/06\/about-hero-mobile.jpeg\",\"width\":750,\"height\":840,\"caption\":\"Locobase\u00ae \u2013 Huidverzorging waar je op kunt vertrouwen\"},{\"@type\":\"BreadcrumbList\",\"@id\":\"https:\/\/locobase.com\/be\/nl\/over-locobase\/#breadcrumb\",\"itemListElement\":[{\"@type\":\"ListItem\",\"position\":1,\"name\":\"Home\",\"item\":\"https:\/\/locobase.com\/be\/nl\/\"},{\"@type\":\"ListItem\",\"position\":2,\"name\":\"Over Locobase\"}]},{\"@type\":\"WebSite\",\"@id\":\"https:\/\/locobase.com\/be\/nl\/#website\",\"url\":\"https:\/\/locobase.com\/be\/nl\/\",\"name\":\"Locobase\",\"description\":\"\",\"publisher\":{\"@id\":\"https:\/\/locobase.com\/be\/nl\/#organization\"},\"potentialAction\":[{\"@type\":\"SearchAction\",\"target\":{\"@type\":\"EntryPoint\",\"urlTemplate\":\"https:\/\/locobase.com\/be\/nl\/?s={search_term_string}\"},\"query-input\":{\"@type\":\"PropertyValueSpecification\",\"valueRequired\":true,\"valueName\":\"search_term_string\"}}],\"inLanguage\":\"nl-BE\"},{\"@type\":\"Organization\",\"@id\":\"https:\/\/locobase.com\/be\/nl\/#organization\",\"name\":\"Locobase\",\"url\":\"https:\/\/locobase.com\/be\/nl\/\",\"logo\":{\"@type\":\"ImageObject\",\"inLanguage\":\"nl-BE\",\"@id\":\"https:\/\/locobase.com\/be\/nl\/#\/schema\/logo\/image\/\",\"url\":\"https:\/\/locobase.com\/app\/uploads\/sites\/8\/2022\/06\/logo.png\",\"contentUrl\":\"https:\/\/locobase.com\/app\/uploads\/sites\/8\/2022\/06\/logo.png\",\"width\":163,\"height\":32,\"caption\":\"Locobase\"},\"image\":{\"@id\":\"https:\/\/locobase.com\/be\/nl\/#\/schema\/logo\/image\/\"}}]}<\/script>\n<!-- \/ Yoast SEO plugin. -->","yoast_head_json":{"title":"Over Locobase - Locobase","description":"Meer dan 30 jaar geleden zag een groep Scandinavische dermatologen (huiddokters) de behoefte voor een cr\u00e8me ter aanvulling en opvolging van eczeembehandelingen met cortison...","robots":{"index":"index","follow":"follow","max-snippet":"max-snippet:-1","max-image-preview":"max-image-preview:large","max-video-preview":"max-video-preview:-1"},"canonical":"https:\/\/locobase.com\/be\/nl\/over-locobase\/","og_locale":"nl_BE","og_type":"article","og_title":"Over Locobase - Locobase","og_description":"Meer dan 30 jaar geleden zag een groep Scandinavische dermatologen (huiddokters) de behoefte voor een cr\u00e8me ter aanvulling en opvolging van eczeembehandelingen met cortison...","og_url":"https:\/\/locobase.com\/be\/nl\/over-locobase\/","og_site_name":"Locobase","article_modified_time":"2025-04-25T07:29:52+00:00","og_image":[{"width":750,"height":840,"url":"https:\/\/locobase.com\/app\/uploads\/sites\/8\/2022\/06\/about-hero-mobile.jpeg","type":"image\/jpeg"}],"twitter_card":"summary_large_image","twitter_misc":{"Geschatte leestijd":"2 minuten"},"schema":{"@context":"https:\/\/schema.org","@graph":[{"@type":"WebPage","@id":"https:\/\/locobase.com\/be\/nl\/over-locobase\/","url":"https:\/\/locobase.com\/be\/nl\/over-locobase\/","name":"Over Locobase - Locobase","isPartOf":{"@id":"https:\/\/locobase.com\/be\/nl\/#website"},"primaryImageOfPage":{"@id":"https:\/\/locobase.com\/be\/nl\/over-locobase\/#primaryimage"},"image":{"@id":"https:\/\/locobase.com\/be\/nl\/over-locobase\/#primaryimage"},"thumbnailUrl":"https:\/\/locobase.com\/app\/uploads\/sites\/8\/2022\/06\/about-hero-mobile.jpeg","datePublished":"2022-06-02T11:18:24+00:00","dateModified":"2025-04-25T07:29:52+00:00","description":"Meer dan 30 jaar geleden zag een groep Scandinavische dermatologen (huiddokters) de behoefte voor een cr\u00e8me ter aanvulling en opvolging van eczeembehandelingen met cortison...","breadcrumb":{"@id":"https:\/\/locobase.com\/be\/nl\/over-locobase\/#breadcrumb"},"inLanguage":"nl-BE","potentialAction":[{"@type":"ReadAction","target":["https:\/\/locobase.com\/be\/nl\/over-locobase\/"]}]},{"@type":"ImageObject","inLanguage":"nl-BE","@id":"https:\/\/locobase.com\/be\/nl\/over-locobase\/#primaryimage","url":"https:\/\/locobase.com\/app\/uploads\/sites\/8\/2022\/06\/about-hero-mobile.jpeg","contentUrl":"https:\/\/locobase.com\/app\/uploads\/sites\/8\/2022\/06\/about-hero-mobile.jpeg","width":750,"height":840,"caption":"Locobase\u00ae \u2013 Huidverzorging waar je op kunt vertrouwen"},{"@type":"BreadcrumbList","@id":"https:\/\/locobase.com\/be\/nl\/over-locobase\/#breadcrumb","itemListElement":[{"@type":"ListItem","position":1,"name":"Home","item":"https:\/\/locobase.com\/be\/nl\/"},{"@type":"ListItem","position":2,"name":"Over Locobase"}]},{"@type":"WebSite","@id":"https:\/\/locobase.com\/be\/nl\/#website","url":"https:\/\/locobase.com\/be\/nl\/","name":"Locobase","description":"","publisher":{"@id":"https:\/\/locobase.com\/be\/nl\/#organization"},"potentialAction":[{"@type":"SearchAction","target":{"@type":"EntryPoint","urlTemplate":"https:\/\/locobase.com\/be\/nl\/?s={search_term_string}"},"query-input":{"@type":"PropertyValueSpecification","valueRequired":true,"valueName":"search_term_string"}}],"inLanguage":"nl-BE"},{"@type":"Organization","@id":"https:\/\/locobase.com\/be\/nl\/#organization","name":"Locobase","url":"https:\/\/locobase.com\/be\/nl\/","logo":{"@type":"ImageObject","inLanguage":"nl-BE","@id":"https:\/\/locobase.com\/be\/nl\/#\/schema\/logo\/image\/","url":"https:\/\/locobase.com\/app\/uploads\/sites\/8\/2022\/06\/logo.png","contentUrl":"https:\/\/locobase.com\/app\/uploads\/sites\/8\/2022\/06\/logo.png","width":163,"height":32,"caption":"Locobase"},"image":{"@id":"https:\/\/locobase.com\/be\/nl\/#\/schema\/logo\/image\/"}}]}},"_links":{"self":[{"href":"https:\/\/locobase.com\/be\/nl\/wp-json\/wp\/v2\/pages\/27","targetHints":{"allow":["GET"]}}],"collection":[{"href":"https:\/\/locobase.com\/be\/nl\/wp-json\/wp\/v2\/pages"}],"about":[{"href":"https:\/\/locobase.com\/be\/nl\/wp-json\/wp\/v2\/types\/page"}],"author":[{"embeddable":true,"href":"https:\/\/locobase.com\/be\/nl\/wp-json\/wp\/v2\/users\/2"}],"replies":[{"embeddable":true,"href":"https:\/\/locobase.com\/be\/nl\/wp-json\/wp\/v2\/comments?post=27"}],"version-history":[{"count":7,"href":"https:\/\/locobase.com\/be\/nl\/wp-json\/wp\/v2\/pages\/27\/revisions"}],"predecessor-version":[{"id":135,"href":"https:\/\/locobase.com\/be\/nl\/wp-json\/wp\/v2\/pages\/27\/revisions\/135"}],"wp:featuredmedia":[{"embeddable":true,"href":"https:\/\/locobase.com\/be\/nl\/wp-json\/wp\/v2\/media\/64"}],"wp:attachment":[{"href":"https:\/\/locobase.com\/be\/nl\/wp-json\/wp\/v2\/media?parent=27"}],"wp:term":[{"taxonomy":"from-article-database","embeddable":true,"href":"https:\/\/locobase.com\/be\/nl\/wp-json\/wp\/v2\/from-article-database?post=27"}],"curies":[{"name":"wp","href":"https:\/\/api.w.org\/{rel}","templated":true}]}}