{"id":74,"date":"2025-03-26T14:59:26","date_gmt":"2025-03-26T13:59:26","guid":{"rendered":"https:\/\/locobase.com\/de\/?page_id=74"},"modified":"2026-04-10T13:00:40","modified_gmt":"2026-04-10T11:00:40","slug":"impressum","status":"publish","type":"page","link":"https:\/\/locobase.com\/de\/impressum\/","title":{"rendered":"Impressum"},"content":{"rendered":"\n<div class=\"wp-block-karopharma-free-text pt-large pb-large bg-center bg-cover bg-no-repeat\" style=\"background-image:url()\"><div class=\"free-text-wrapper container max-w-medium text-left\">\n<h1 class=\"wp-block-heading\">Impressum<\/h1>\n\n\n\n<p class=\"is-style-paragraph-preamble\"><strong>Karo Healthcare GmbH<br><\/strong>Flingerstrasse 9-11<br>40213 D\u00fcsseldorf<br>Tel.: +49 (0)211 \/ 300 456-0<br>Fax: +49 (0)211 \/ 300 456-29<br>Email: infode@karopharma.com<\/p>\n\n\n\n<p class=\"is-style-paragraph-preamble\">Handelsregister: Registergericht M\u00fcnchen HRB 250663<br>Umsatzsteuer-ID: DE327155359<\/p>\n\n\n\n<p class=\"is-style-paragraph-preamble\">Gesch\u00e4ftsf\u00fchrer: Christoffer Lorenzen, Damian H\u00fctter, Egil Madsen<\/p>\n<\/div><\/div>\n","protected":false},"excerpt":{"rendered":"","protected":false},"author":2,"featured_media":0,"parent":0,"menu_order":0,"comment_status":"closed","ping_status":"closed","template":"","meta":{"_acf_changed":false,"footnotes":""},"from-article-database":[],"class_list":["post-74","page","type-page","status-publish","hentry"],"acf":[],"yoast_head":"<!-- This site is optimized with the Yoast SEO plugin v26.6 - https:\/\/yoast.com\/wordpress\/plugins\/seo\/ -->\n<title>Impressum - Locobase<\/title>\n<meta name=\"description\" content=\"Impressum\" \/>\n<meta name=\"robots\" content=\"index, follow, max-snippet:-1, max-image-preview:large, max-video-preview:-1\" \/>\n<link rel=\"canonical\" href=\"https:\/\/locobase.com\/de\/impressum\/\" \/>\n<meta property=\"og:locale\" content=\"de_DE\" \/>\n<meta property=\"og:type\" content=\"article\" \/>\n<meta property=\"og:title\" content=\"Impressum - Locobase\" \/>\n<meta property=\"og:description\" content=\"Impressum\" \/>\n<meta property=\"og:url\" content=\"https:\/\/locobase.com\/de\/impressum\/\" \/>\n<meta property=\"og:site_name\" content=\"Locobase\" \/>\n<meta property=\"article:modified_time\" content=\"2026-04-10T11:00:40+00:00\" \/>\n<meta name=\"twitter:card\" content=\"summary_large_image\" \/>\n<meta name=\"twitter:label1\" content=\"Gesch\u00e4tzte Lesezeit\" \/>\n\t<meta name=\"twitter:data1\" content=\"1\u00a0Minute\" \/>\n<script type=\"application\/ld+json\" class=\"yoast-schema-graph\">{\"@context\":\"https:\/\/schema.org\",\"@graph\":[{\"@type\":\"WebPage\",\"@id\":\"https:\/\/locobase.com\/de\/impressum\/\",\"url\":\"https:\/\/locobase.com\/de\/impressum\/\",\"name\":\"Impressum - Locobase\",\"isPartOf\":{\"@id\":\"https:\/\/locobase.com\/de\/#website\"},\"datePublished\":\"2025-03-26T13:59:26+00:00\",\"dateModified\":\"2026-04-10T11:00:40+00:00\",\"description\":\"Impressum\",\"breadcrumb\":{\"@id\":\"https:\/\/locobase.com\/de\/impressum\/#breadcrumb\"},\"inLanguage\":\"de\",\"potentialAction\":[{\"@type\":\"ReadAction\",\"target\":[\"https:\/\/locobase.com\/de\/impressum\/\"]}]},{\"@type\":\"BreadcrumbList\",\"@id\":\"https:\/\/locobase.com\/de\/impressum\/#breadcrumb\",\"itemListElement\":[{\"@type\":\"ListItem\",\"position\":1,\"name\":\"Home\",\"item\":\"https:\/\/locobase.com\/de\/\"},{\"@type\":\"ListItem\",\"position\":2,\"name\":\"Impressum\"}]},{\"@type\":\"WebSite\",\"@id\":\"https:\/\/locobase.com\/de\/#website\",\"url\":\"https:\/\/locobase.com\/de\/\",\"name\":\"Locobase\",\"description\":\"\",\"publisher\":{\"@id\":\"https:\/\/locobase.com\/de\/#organization\"},\"potentialAction\":[{\"@type\":\"SearchAction\",\"target\":{\"@type\":\"EntryPoint\",\"urlTemplate\":\"https:\/\/locobase.com\/de\/?s={search_term_string}\"},\"query-input\":{\"@type\":\"PropertyValueSpecification\",\"valueRequired\":true,\"valueName\":\"search_term_string\"}}],\"inLanguage\":\"de\"},{\"@type\":\"Organization\",\"@id\":\"https:\/\/locobase.com\/de\/#organization\",\"name\":\"Locobase\",\"url\":\"https:\/\/locobase.com\/de\/\",\"logo\":{\"@type\":\"ImageObject\",\"inLanguage\":\"de\",\"@id\":\"https:\/\/locobase.com\/de\/#\/schema\/logo\/image\/\",\"url\":\"https:\/\/locobase.com\/app\/uploads\/sites\/10\/2024\/12\/logo.png\",\"contentUrl\":\"https:\/\/locobase.com\/app\/uploads\/sites\/10\/2024\/12\/logo.png\",\"width\":163,\"height\":32,\"caption\":\"Locobase\"},\"image\":{\"@id\":\"https:\/\/locobase.com\/de\/#\/schema\/logo\/image\/\"}}]}<\/script>\n<!-- \/ Yoast SEO plugin. -->","yoast_head_json":{"title":"Impressum - Locobase","description":"Impressum","robots":{"index":"index","follow":"follow","max-snippet":"max-snippet:-1","max-image-preview":"max-image-preview:large","max-video-preview":"max-video-preview:-1"},"canonical":"https:\/\/locobase.com\/de\/impressum\/","og_locale":"de_DE","og_type":"article","og_title":"Impressum - Locobase","og_description":"Impressum","og_url":"https:\/\/locobase.com\/de\/impressum\/","og_site_name":"Locobase","article_modified_time":"2026-04-10T11:00:40+00:00","twitter_card":"summary_large_image","twitter_misc":{"Gesch\u00e4tzte Lesezeit":"1\u00a0Minute"},"schema":{"@context":"https:\/\/schema.org","@graph":[{"@type":"WebPage","@id":"https:\/\/locobase.com\/de\/impressum\/","url":"https:\/\/locobase.com\/de\/impressum\/","name":"Impressum - Locobase","isPartOf":{"@id":"https:\/\/locobase.com\/de\/#website"},"datePublished":"2025-03-26T13:59:26+00:00","dateModified":"2026-04-10T11:00:40+00:00","description":"Impressum","breadcrumb":{"@id":"https:\/\/locobase.com\/de\/impressum\/#breadcrumb"},"inLanguage":"de","potentialAction":[{"@type":"ReadAction","target":["https:\/\/locobase.com\/de\/impressum\/"]}]},{"@type":"BreadcrumbList","@id":"https:\/\/locobase.com\/de\/impressum\/#breadcrumb","itemListElement":[{"@type":"ListItem","position":1,"name":"Home","item":"https:\/\/locobase.com\/de\/"},{"@type":"ListItem","position":2,"name":"Impressum"}]},{"@type":"WebSite","@id":"https:\/\/locobase.com\/de\/#website","url":"https:\/\/locobase.com\/de\/","name":"Locobase","description":"","publisher":{"@id":"https:\/\/locobase.com\/de\/#organization"},"potentialAction":[{"@type":"SearchAction","target":{"@type":"EntryPoint","urlTemplate":"https:\/\/locobase.com\/de\/?s={search_term_string}"},"query-input":{"@type":"PropertyValueSpecification","valueRequired":true,"valueName":"search_term_string"}}],"inLanguage":"de"},{"@type":"Organization","@id":"https:\/\/locobase.com\/de\/#organization","name":"Locobase","url":"https:\/\/locobase.com\/de\/","logo":{"@type":"ImageObject","inLanguage":"de","@id":"https:\/\/locobase.com\/de\/#\/schema\/logo\/image\/","url":"https:\/\/locobase.com\/app\/uploads\/sites\/10\/2024\/12\/logo.png","contentUrl":"https:\/\/locobase.com\/app\/uploads\/sites\/10\/2024\/12\/logo.png","width":163,"height":32,"caption":"Locobase"},"image":{"@id":"https:\/\/locobase.com\/de\/#\/schema\/logo\/image\/"}}]}},"_links":{"self":[{"href":"https:\/\/locobase.com\/de\/wp-json\/wp\/v2\/pages\/74","targetHints":{"allow":["GET"]}}],"collection":[{"href":"https:\/\/locobase.com\/de\/wp-json\/wp\/v2\/pages"}],"about":[{"href":"https:\/\/locobase.com\/de\/wp-json\/wp\/v2\/types\/page"}],"author":[{"embeddable":true,"href":"https:\/\/locobase.com\/de\/wp-json\/wp\/v2\/users\/2"}],"replies":[{"embeddable":true,"href":"https:\/\/locobase.com\/de\/wp-json\/wp\/v2\/comments?post=74"}],"version-history":[{"count":2,"href":"https:\/\/locobase.com\/de\/wp-json\/wp\/v2\/pages\/74\/revisions"}],"predecessor-version":[{"id":176,"href":"https:\/\/locobase.com\/de\/wp-json\/wp\/v2\/pages\/74\/revisions\/176"}],"wp:attachment":[{"href":"https:\/\/locobase.com\/de\/wp-json\/wp\/v2\/media?parent=74"}],"wp:term":[{"taxonomy":"from-article-database","embeddable":true,"href":"https:\/\/locobase.com\/de\/wp-json\/wp\/v2\/from-article-database?post=74"}],"curies":[{"name":"wp","href":"https:\/\/api.w.org\/{rel}","templated":true}]}}