{"id":261,"date":"2025-09-01T08:20:16","date_gmt":"2025-09-01T06:20:16","guid":{"rendered":"https:\/\/locobase.com\/de\/?post_type=product&#038;p=261"},"modified":"2026-05-15T11:19:28","modified_gmt":"2026-05-15T09:19:28","slug":"locobase-repair-light-cream","status":"publish","type":"product","link":"https:\/\/locobase.com\/de\/produkt\/locobase-repair-light-cream\/","title":{"rendered":"Locobase Repair Light Creme"},"content":{"rendered":"\n<div class=\"wp-block-karopharma-accordions is-style-secondary\"><div class=\"container\">\n<details class=\"wp-block-karopharma-accordion\"><summary><h2 class=\"accordion-title\">Anwendung<\/h2><\/summary><div class=\"accordion-content\">\n<p>Einmal t\u00e4glich oder so oft wie n\u00f6tig auf auf die betroffene Hautpartien (einschlie\u00dflich Gesicht) auftragen. F\u00fcr Erwachsene, Kinder und S\u00e4uglinge geeignet.<\/p>\n<\/div><\/details>\n\n\n\n<details class=\"wp-block-karopharma-accordion\"><summary><h2 class=\"accordion-title\">Inhaltsstoffe<\/h2><\/summary><div class=\"accordion-content\">\n<p>Aqua, Caprylic\/Capric Triglyceride, Butyrospermum Parkii Butter, Glycerin, Ethylhexyl Stearate, Cetearyl Alcohol, Helianthus Annuus Hybrid Oil, Glyceryl Stearate, Squalane, Copernicia Cerifera Cera, Allantoin, Ceramide NP, Ceteareth-20, Sodium Benzoate, Potassium Sorbate, Citric Acid.<\/p>\n\n\n\n<p><strong>Ceramide NP<\/strong><br>Hilft, die nat\u00fcrliche Schutzbarriere der Haut zu reparieren.<\/p>\n\n\n\n<p><strong>Squalan<\/strong><br>Spendet Feuchtigkeit und h\u00e4lt sie langanhaltend in der Haut.<\/p>\n\n\n\n<p><strong>Allantoin<\/strong><br>Hilft, die Haut zu beruhigen und R\u00f6tungen zu reduzieren.<\/p>\n<\/div><\/details>\n<\/div><\/div>\n\n\n\n<div class=\"wp-block-karopharma-free-text pt-medium pb-medium bg-center bg-cover bg-no-repeat\" style=\"background-image:url()\"><div class=\"free-text-wrapper container max-w-medium text-left\">\n<div class=\"wp-block-karopharma-video\"><div class=\"video-wrapper\"><iframe loading=\"lazy\" frameborder=\"0\" allowfullscreen allow=\"accelerometer; encrypted-media; gyroscope; picture-in-picture\" data-src=\"https:\/\/www.youtube.com\/embed\/he3eV28hkGw?autoplay=1\"><\/iframe><picture><source media=\"(max-width: 550px)\" srcset=\"https:\/\/img.youtube.com\/vi\/he3eV28hkGw\/mqdefault.jpg\"\/><source media=\"(max-width: 800px)\" srcset=\"https:\/\/img.youtube.com\/vi\/he3eV28hkGw\/hqdefault.jpg\"\/><img decoding=\"async\" width=\"1280\" height=\"720\" loading=\"lazy\" src=\"https:\/\/img.youtube.com\/vi\/he3eV28hkGw\/maxresdefault.jpg\" alt=\"Embedded YouTube video player thumbnail\"\/><\/picture><div class=\"video-trigger group\"><div class=\"video-trigger__circle group-hover:opacity-[85%]\"><svg width=\"14\" height=\"16\" viewBox=\"0 0 14 16\" fill=\"none\" xmlns=\"http:\/\/www.w3.org\/2000\/svg\"><path d=\"M13.2625 6.70935L2.2625 0.206225C1.36875 -0.3219 0 0.1906 0 1.49685V14.5C0 15.6719 1.27188 16.3781 2.2625 15.7906L13.2625 9.2906C14.2437 8.71248 14.2469 7.28748 13.2625 6.70935V6.70935Z\" fill=\"white\"><\/path><\/svg><\/div><\/div><\/div><\/div>\n<\/div><\/div>\n","protected":false},"excerpt":{"rendered":"<p>Entwickelt in Zusammenarbeit mit Dermatologen zur Reparatur trockener, besch\u00e4digter &#038; zu atopischer Dermatitis neigende Haut.<\/p>\n","protected":false},"featured_media":564,"comment_status":"closed","ping_status":"closed","template":"","meta":{"_acf_changed":false,"footnotes":""},"product_brand":[],"product_cat":[16],"product_tag":[],"class_list":{"0":"post-261","1":"product","2":"type-product","3":"status-publish","4":"has-post-thumbnail","6":"product_cat-uncategorized","8":"first","9":"instock","10":"shipping-taxable","11":"product-type-simple"},"acf":[],"yoast_head":"<!-- This site is optimized with the Yoast SEO plugin v26.6 - https:\/\/yoast.com\/wordpress\/plugins\/seo\/ -->\n<title>Locobase Repair Light Creme - Locobase<\/title>\n<meta name=\"description\" content=\"Einmal t\u00e4glich oder bei Bedarf auf trockene Haut auftragen. Geeignet f\u00fcr die ganze Familie sowie zur Anwendung im Gesicht und am K\u00f6rper, auch bei Kindern und S\u00e4uglingen.\" \/>\n<meta name=\"robots\" content=\"index, follow, max-snippet:-1, max-image-preview:large, max-video-preview:-1\" \/>\n<link rel=\"canonical\" href=\"https:\/\/locobase.com\/de\/produkt\/locobase-repair-light-cream\/\" \/>\n<meta property=\"og:locale\" content=\"de_DE\" \/>\n<meta property=\"og:type\" content=\"article\" \/>\n<meta property=\"og:title\" content=\"Locobase Repair Light Creme - Locobase\" \/>\n<meta property=\"og:description\" content=\"Einmal t\u00e4glich oder bei Bedarf auf trockene Haut auftragen. Geeignet f\u00fcr die ganze Familie sowie zur Anwendung im Gesicht und am K\u00f6rper, auch bei Kindern und S\u00e4uglingen.\" \/>\n<meta property=\"og:url\" content=\"https:\/\/locobase.com\/de\/produkt\/locobase-repair-light-cream\/\" \/>\n<meta property=\"og:site_name\" content=\"Locobase\" \/>\n<meta property=\"article:modified_time\" content=\"2026-05-15T09:19:28+00:00\" \/>\n<meta property=\"og:image\" content=\"https:\/\/locobase.com\/app\/uploads\/sites\/10\/2025\/03\/Locobase-Repair-Light-Cream-450ml-DE.jpg\" \/>\n\t<meta property=\"og:image:width\" content=\"700\" \/>\n\t<meta property=\"og:image:height\" content=\"700\" \/>\n\t<meta property=\"og:image:type\" content=\"image\/jpeg\" \/>\n<meta name=\"twitter:card\" content=\"summary_large_image\" \/>\n<meta name=\"twitter:label1\" content=\"Gesch\u00e4tzte Lesezeit\" \/>\n\t<meta name=\"twitter:data1\" content=\"1\u00a0Minute\" \/>\n<script type=\"application\/ld+json\" class=\"yoast-schema-graph\">{\"@context\":\"https:\/\/schema.org\",\"@graph\":[{\"@type\":\"WebPage\",\"@id\":\"https:\/\/locobase.com\/de\/produkt\/locobase-repair-light-cream\/\",\"url\":\"https:\/\/locobase.com\/de\/produkt\/locobase-repair-light-cream\/\",\"name\":\"Locobase Repair Light Creme - Locobase\",\"isPartOf\":{\"@id\":\"https:\/\/locobase.com\/de\/#website\"},\"primaryImageOfPage\":{\"@id\":\"https:\/\/locobase.com\/de\/produkt\/locobase-repair-light-cream\/#primaryimage\"},\"image\":{\"@id\":\"https:\/\/locobase.com\/de\/produkt\/locobase-repair-light-cream\/#primaryimage\"},\"thumbnailUrl\":\"https:\/\/locobase.com\/app\/uploads\/sites\/10\/2025\/03\/Locobase-Repair-Light-Cream-450ml-DE.jpg\",\"datePublished\":\"2025-09-01T06:20:16+00:00\",\"dateModified\":\"2026-05-15T09:19:28+00:00\",\"description\":\"Einmal t\u00e4glich oder bei Bedarf auf trockene Haut auftragen. Geeignet f\u00fcr die ganze Familie sowie zur Anwendung im Gesicht und am K\u00f6rper, auch bei Kindern und S\u00e4uglingen.\",\"breadcrumb\":{\"@id\":\"https:\/\/locobase.com\/de\/produkt\/locobase-repair-light-cream\/#breadcrumb\"},\"inLanguage\":\"de\",\"potentialAction\":[{\"@type\":\"ReadAction\",\"target\":[\"https:\/\/locobase.com\/de\/produkt\/locobase-repair-light-cream\/\"]}]},{\"@type\":\"ImageObject\",\"inLanguage\":\"de\",\"@id\":\"https:\/\/locobase.com\/de\/produkt\/locobase-repair-light-cream\/#primaryimage\",\"url\":\"https:\/\/locobase.com\/app\/uploads\/sites\/10\/2025\/03\/Locobase-Repair-Light-Cream-450ml-DE.jpg\",\"contentUrl\":\"https:\/\/locobase.com\/app\/uploads\/sites\/10\/2025\/03\/Locobase-Repair-Light-Cream-450ml-DE.jpg\",\"width\":700,\"height\":700,\"caption\":\"Locobase-Repair-Light-Cream-450ml-DE\"},{\"@type\":\"BreadcrumbList\",\"@id\":\"https:\/\/locobase.com\/de\/produkt\/locobase-repair-light-cream\/#breadcrumb\",\"itemListElement\":[{\"@type\":\"ListItem\",\"position\":1,\"name\":\"Startseite\",\"item\":\"https:\/\/locobase.com\/de\/\"},{\"@type\":\"ListItem\",\"position\":2,\"name\":\"Produkte\",\"item\":\"https:\/\/locobase.com\/de\/produkte\/\"},{\"@type\":\"ListItem\",\"position\":3,\"name\":\"Locobase Repair Light Creme\"}]},{\"@type\":\"WebSite\",\"@id\":\"https:\/\/locobase.com\/de\/#website\",\"url\":\"https:\/\/locobase.com\/de\/\",\"name\":\"Locobase\",\"description\":\"\",\"publisher\":{\"@id\":\"https:\/\/locobase.com\/de\/#organization\"},\"potentialAction\":[{\"@type\":\"SearchAction\",\"target\":{\"@type\":\"EntryPoint\",\"urlTemplate\":\"https:\/\/locobase.com\/de\/?s={search_term_string}\"},\"query-input\":{\"@type\":\"PropertyValueSpecification\",\"valueRequired\":true,\"valueName\":\"search_term_string\"}}],\"inLanguage\":\"de\"},{\"@type\":\"Organization\",\"@id\":\"https:\/\/locobase.com\/de\/#organization\",\"name\":\"Locobase\",\"url\":\"https:\/\/locobase.com\/de\/\",\"logo\":{\"@type\":\"ImageObject\",\"inLanguage\":\"de\",\"@id\":\"https:\/\/locobase.com\/de\/#\/schema\/logo\/image\/\",\"url\":\"https:\/\/locobase.com\/app\/uploads\/sites\/10\/2024\/12\/logo.png\",\"contentUrl\":\"https:\/\/locobase.com\/app\/uploads\/sites\/10\/2024\/12\/logo.png\",\"width\":163,\"height\":32,\"caption\":\"Locobase\"},\"image\":{\"@id\":\"https:\/\/locobase.com\/de\/#\/schema\/logo\/image\/\"}}]}<\/script>\n<!-- \/ Yoast SEO plugin. -->","yoast_head_json":{"title":"Locobase Repair Light Creme - Locobase","description":"Einmal t\u00e4glich oder bei Bedarf auf trockene Haut auftragen. Geeignet f\u00fcr die ganze Familie sowie zur Anwendung im Gesicht und am K\u00f6rper, auch bei Kindern und S\u00e4uglingen.","robots":{"index":"index","follow":"follow","max-snippet":"max-snippet:-1","max-image-preview":"max-image-preview:large","max-video-preview":"max-video-preview:-1"},"canonical":"https:\/\/locobase.com\/de\/produkt\/locobase-repair-light-cream\/","og_locale":"de_DE","og_type":"article","og_title":"Locobase Repair Light Creme - Locobase","og_description":"Einmal t\u00e4glich oder bei Bedarf auf trockene Haut auftragen. Geeignet f\u00fcr die ganze Familie sowie zur Anwendung im Gesicht und am K\u00f6rper, auch bei Kindern und S\u00e4uglingen.","og_url":"https:\/\/locobase.com\/de\/produkt\/locobase-repair-light-cream\/","og_site_name":"Locobase","article_modified_time":"2026-05-15T09:19:28+00:00","og_image":[{"width":700,"height":700,"url":"https:\/\/locobase.com\/app\/uploads\/sites\/10\/2025\/03\/Locobase-Repair-Light-Cream-450ml-DE.jpg","type":"image\/jpeg"}],"twitter_card":"summary_large_image","twitter_misc":{"Gesch\u00e4tzte Lesezeit":"1\u00a0Minute"},"schema":{"@context":"https:\/\/schema.org","@graph":[{"@type":"WebPage","@id":"https:\/\/locobase.com\/de\/produkt\/locobase-repair-light-cream\/","url":"https:\/\/locobase.com\/de\/produkt\/locobase-repair-light-cream\/","name":"Locobase Repair Light Creme - Locobase","isPartOf":{"@id":"https:\/\/locobase.com\/de\/#website"},"primaryImageOfPage":{"@id":"https:\/\/locobase.com\/de\/produkt\/locobase-repair-light-cream\/#primaryimage"},"image":{"@id":"https:\/\/locobase.com\/de\/produkt\/locobase-repair-light-cream\/#primaryimage"},"thumbnailUrl":"https:\/\/locobase.com\/app\/uploads\/sites\/10\/2025\/03\/Locobase-Repair-Light-Cream-450ml-DE.jpg","datePublished":"2025-09-01T06:20:16+00:00","dateModified":"2026-05-15T09:19:28+00:00","description":"Einmal t\u00e4glich oder bei Bedarf auf trockene Haut auftragen. Geeignet f\u00fcr die ganze Familie sowie zur Anwendung im Gesicht und am K\u00f6rper, auch bei Kindern und S\u00e4uglingen.","breadcrumb":{"@id":"https:\/\/locobase.com\/de\/produkt\/locobase-repair-light-cream\/#breadcrumb"},"inLanguage":"de","potentialAction":[{"@type":"ReadAction","target":["https:\/\/locobase.com\/de\/produkt\/locobase-repair-light-cream\/"]}]},{"@type":"ImageObject","inLanguage":"de","@id":"https:\/\/locobase.com\/de\/produkt\/locobase-repair-light-cream\/#primaryimage","url":"https:\/\/locobase.com\/app\/uploads\/sites\/10\/2025\/03\/Locobase-Repair-Light-Cream-450ml-DE.jpg","contentUrl":"https:\/\/locobase.com\/app\/uploads\/sites\/10\/2025\/03\/Locobase-Repair-Light-Cream-450ml-DE.jpg","width":700,"height":700,"caption":"Locobase-Repair-Light-Cream-450ml-DE"},{"@type":"BreadcrumbList","@id":"https:\/\/locobase.com\/de\/produkt\/locobase-repair-light-cream\/#breadcrumb","itemListElement":[{"@type":"ListItem","position":1,"name":"Startseite","item":"https:\/\/locobase.com\/de\/"},{"@type":"ListItem","position":2,"name":"Produkte","item":"https:\/\/locobase.com\/de\/produkte\/"},{"@type":"ListItem","position":3,"name":"Locobase Repair Light Creme"}]},{"@type":"WebSite","@id":"https:\/\/locobase.com\/de\/#website","url":"https:\/\/locobase.com\/de\/","name":"Locobase","description":"","publisher":{"@id":"https:\/\/locobase.com\/de\/#organization"},"potentialAction":[{"@type":"SearchAction","target":{"@type":"EntryPoint","urlTemplate":"https:\/\/locobase.com\/de\/?s={search_term_string}"},"query-input":{"@type":"PropertyValueSpecification","valueRequired":true,"valueName":"search_term_string"}}],"inLanguage":"de"},{"@type":"Organization","@id":"https:\/\/locobase.com\/de\/#organization","name":"Locobase","url":"https:\/\/locobase.com\/de\/","logo":{"@type":"ImageObject","inLanguage":"de","@id":"https:\/\/locobase.com\/de\/#\/schema\/logo\/image\/","url":"https:\/\/locobase.com\/app\/uploads\/sites\/10\/2024\/12\/logo.png","contentUrl":"https:\/\/locobase.com\/app\/uploads\/sites\/10\/2024\/12\/logo.png","width":163,"height":32,"caption":"Locobase"},"image":{"@id":"https:\/\/locobase.com\/de\/#\/schema\/logo\/image\/"}}]}},"_links":{"self":[{"href":"https:\/\/locobase.com\/de\/wp-json\/wp\/v2\/product\/261","targetHints":{"allow":["GET"]}}],"collection":[{"href":"https:\/\/locobase.com\/de\/wp-json\/wp\/v2\/product"}],"about":[{"href":"https:\/\/locobase.com\/de\/wp-json\/wp\/v2\/types\/product"}],"replies":[{"embeddable":true,"href":"https:\/\/locobase.com\/de\/wp-json\/wp\/v2\/comments?post=261"}],"version-history":[{"count":10,"href":"https:\/\/locobase.com\/de\/wp-json\/wp\/v2\/product\/261\/revisions"}],"predecessor-version":[{"id":450,"href":"https:\/\/locobase.com\/de\/wp-json\/wp\/v2\/product\/261\/revisions\/450"}],"wp:featuredmedia":[{"embeddable":true,"href":"https:\/\/locobase.com\/de\/wp-json\/wp\/v2\/media\/564"}],"wp:attachment":[{"href":"https:\/\/locobase.com\/de\/wp-json\/wp\/v2\/media?parent=261"}],"wp:term":[{"taxonomy":"product_brand","embeddable":true,"href":"https:\/\/locobase.com\/de\/wp-json\/wp\/v2\/product_brand?post=261"},{"taxonomy":"product_cat","embeddable":true,"href":"https:\/\/locobase.com\/de\/wp-json\/wp\/v2\/product_cat?post=261"},{"taxonomy":"product_tag","embeddable":true,"href":"https:\/\/locobase.com\/de\/wp-json\/wp\/v2\/product_tag?post=261"}],"curies":[{"name":"wp","href":"https:\/\/api.w.org\/{rel}","templated":true}]}}