{"id":54,"date":"2025-03-26T13:32:07","date_gmt":"2025-03-26T12:32:07","guid":{"rendered":"https:\/\/locobase.com\/de\/?post_type=product&#038;p=54"},"modified":"2026-05-08T10:33:02","modified_gmt":"2026-05-08T08:33:02","slug":"locobase-anti-juckreiz-schaum","status":"publish","type":"product","link":"https:\/\/locobase.com\/de\/produkt\/locobase-anti-juckreiz-schaum\/","title":{"rendered":"Locobase Anti-Juckreiz Schaum"},"content":{"rendered":"\n<div class=\"wp-block-karopharma-accordions is-style-secondary\"><div class=\"container\">\n<details class=\"wp-block-karopharma-accordion\"><summary><h2 class=\"accordion-title\">Locobase Itch Relief Coolmousse \u2013 Schnelle Linderung bei trockener, gereizter und juckender Haut<\/h2><\/summary><div class=\"accordion-content\">\n<p>Locobase Itch Relief Coolmousse wurde speziell entwickelt, um trockene, gereizte und juckende Haut zu lindern und zu beruhigen.<\/p>\n\n\n\n<p>Der sofortige K\u00fchleffekt sorgt f\u00fcr eine schnelle Linderung von Hautreizungen und Juckreiz. Die sanfte, feuchtigkeitsspendende Formulierung mit Aloe-Barbadensis-Blattextrakt und Glycerin spendet der Haut Feuchtigkeit und beruhigt sie, so dass sie sich wohler f\u00fchlt. Zudem bietet es eine nachhaltige Juckreizlinderung von 3h nach nur einer Anwendung.<\/p>\n\n\n\n<p>Das Itch Relief Coolmousse kann im Gesicht und am K\u00f6rper verwendet werden und ist f\u00fcr die ganze Familie geeignet, auch f\u00fcr Babys ab 3 Monaten. Das Produkt kann so oft angewendet werden, wie die Haut Linderung braucht.<\/p>\n\n\n\n<p>Das leichte, nicht klebende, schaumige Mousse zieht leicht in die Haut ein.<\/p>\n<\/div><\/details>\n\n\n\n<details class=\"wp-block-karopharma-accordion\"><summary><h2 class=\"accordion-title\">F\u00fcr wen eignet sich das Locobase Itch Relief Coolmousse?<\/h2><\/summary><div class=\"accordion-content\">\n<p>Locobase Itch Relief Coolmousse ist sowohl f\u00fcr Erwachsene, als auch f\u00fcr Kinder und Babys ab 3 Monaten geeignet:<\/p>\n\n\n\n<ul class=\"wp-block-list is-style-default\">\n<li>Bei trockener, gereizter und juckender Haut<\/li>\n\n\n\n<li>F\u00fcr Gesicht und K\u00f6rper geeignet<\/li>\n\n\n\n<li>Getestet und zugelassen f\u00fcr empfindliche und atopische Haut<\/li>\n<\/ul>\n<\/div><\/details>\n\n\n\n<details class=\"wp-block-karopharma-accordion\"><summary><h2 class=\"accordion-title\">So wenden Sie Locobase Itch Relief Coolmousse richtig an<\/h2><\/summary><div class=\"accordion-content\">\n<p>Sanft auf die betroffene Hautpartie auftragen. So oft wie n\u00f6tig auftragen, wann immer die Haut Beruhigung braucht.<br>Kann im Gesicht und auf dem K\u00f6rper verwendet werden.<\/p>\n<\/div><\/details>\n\n\n\n<details class=\"wp-block-karopharma-accordion\"><summary><h2 class=\"accordion-title\">Inhaltsstoffe<\/h2><\/summary><div class=\"accordion-content\">\n<figure class=\"wp-block-table\"><table><tbody><tr><td>Wasser<\/td><\/tr><tr><td>Aloe-Barbadensis-Blatt-Extrakt<\/td><\/tr><tr><td>Betain<\/td><\/tr><tr><td>Laureth-9<\/td><\/tr><tr><td>PEG-40 Hydriertes Rizinus\u00f6l<\/td><\/tr><tr><td>Glyzerin<\/td><\/tr><tr><td>Natrium-Coco-Glucosid-Tartrat<\/td><\/tr><tr><td>Polyglyceryl-10-Laurat<\/td><\/tr><tr><td>Phenoxyethanol<\/td><\/tr><tr><td>Panthenol<\/td><\/tr><tr><td>Ethylhexylglycerin<\/td><\/tr><tr><td>Allantoin<\/td><\/tr><tr><td>Zitronens\u00e4ure<\/td><\/tr><tr><td>Natriumhydroxid<\/td><\/tr><tr><td>Natriumbenzoat<\/td><\/tr><tr><td>Kaliumsorbat<\/td><\/tr><\/tbody><\/table><\/figure>\n<\/div><\/details>\n<\/div><\/div>\n","protected":false},"excerpt":{"rendered":"<p>Schnelle Hilfe bei trockener, gereizter und juckender Haut.<\/p>\n","protected":false},"featured_media":260,"comment_status":"closed","ping_status":"closed","template":"","meta":{"_acf_changed":false,"footnotes":""},"product_brand":[],"product_cat":[16],"product_tag":[],"class_list":{"0":"post-54","1":"product","2":"type-product","3":"status-publish","4":"has-post-thumbnail","6":"product_cat-uncategorized","8":"first","9":"instock","10":"shipping-taxable","11":"product-type-simple"},"acf":[],"yoast_head":"<!-- This site is optimized with the Yoast SEO plugin v26.6 - https:\/\/yoast.com\/wordpress\/plugins\/seo\/ -->\n<title>Locobase Anti-Juckreiz Schaum - Locobase<\/title>\n<meta name=\"description\" content=\"Schnelle Linderung bei trockener, gereizter und juckender Haut\" \/>\n<meta name=\"robots\" content=\"index, follow, max-snippet:-1, max-image-preview:large, max-video-preview:-1\" \/>\n<link rel=\"canonical\" href=\"https:\/\/locobase.com\/de\/produkt\/locobase-anti-juckreiz-schaum\/\" \/>\n<meta property=\"og:locale\" content=\"de_DE\" \/>\n<meta property=\"og:type\" content=\"article\" \/>\n<meta property=\"og:title\" content=\"Locobase Anti-Juckreiz Schaum - Locobase\" \/>\n<meta property=\"og:description\" content=\"Schnelle Linderung bei trockener, gereizter und juckender Haut\" \/>\n<meta property=\"og:url\" content=\"https:\/\/locobase.com\/de\/produkt\/locobase-anti-juckreiz-schaum\/\" \/>\n<meta property=\"og:site_name\" content=\"Locobase\" \/>\n<meta property=\"article:modified_time\" content=\"2026-05-08T08:33:02+00:00\" \/>\n<meta property=\"og:image\" content=\"https:\/\/locobase.com\/app\/uploads\/sites\/10\/2025\/03\/Locobase-Itch-Relief-CoolMousse-100ml-DE-Packshot.png\" \/>\n\t<meta property=\"og:image:width\" content=\"700\" \/>\n\t<meta property=\"og:image:height\" content=\"700\" \/>\n\t<meta property=\"og:image:type\" content=\"image\/png\" \/>\n<meta name=\"twitter:card\" content=\"summary_large_image\" \/>\n<meta name=\"twitter:label1\" content=\"Gesch\u00e4tzte Lesezeit\" \/>\n\t<meta name=\"twitter:data1\" content=\"2\u00a0Minuten\" \/>\n<script type=\"application\/ld+json\" class=\"yoast-schema-graph\">{\"@context\":\"https:\/\/schema.org\",\"@graph\":[{\"@type\":\"WebPage\",\"@id\":\"https:\/\/locobase.com\/de\/produkt\/locobase-anti-juckreiz-schaum\/\",\"url\":\"https:\/\/locobase.com\/de\/produkt\/locobase-anti-juckreiz-schaum\/\",\"name\":\"Locobase Anti-Juckreiz Schaum - Locobase\",\"isPartOf\":{\"@id\":\"https:\/\/locobase.com\/de\/#website\"},\"primaryImageOfPage\":{\"@id\":\"https:\/\/locobase.com\/de\/produkt\/locobase-anti-juckreiz-schaum\/#primaryimage\"},\"image\":{\"@id\":\"https:\/\/locobase.com\/de\/produkt\/locobase-anti-juckreiz-schaum\/#primaryimage\"},\"thumbnailUrl\":\"https:\/\/locobase.com\/app\/uploads\/sites\/10\/2025\/03\/Locobase-Itch-Relief-CoolMousse-100ml-DE-Packshot.png\",\"datePublished\":\"2025-03-26T12:32:07+00:00\",\"dateModified\":\"2026-05-08T08:33:02+00:00\",\"description\":\"Schnelle Linderung bei trockener, gereizter und juckender Haut\",\"breadcrumb\":{\"@id\":\"https:\/\/locobase.com\/de\/produkt\/locobase-anti-juckreiz-schaum\/#breadcrumb\"},\"inLanguage\":\"de\",\"potentialAction\":[{\"@type\":\"ReadAction\",\"target\":[\"https:\/\/locobase.com\/de\/produkt\/locobase-anti-juckreiz-schaum\/\"]}]},{\"@type\":\"ImageObject\",\"inLanguage\":\"de\",\"@id\":\"https:\/\/locobase.com\/de\/produkt\/locobase-anti-juckreiz-schaum\/#primaryimage\",\"url\":\"https:\/\/locobase.com\/app\/uploads\/sites\/10\/2025\/03\/Locobase-Itch-Relief-CoolMousse-100ml-DE-Packshot.png\",\"contentUrl\":\"https:\/\/locobase.com\/app\/uploads\/sites\/10\/2025\/03\/Locobase-Itch-Relief-CoolMousse-100ml-DE-Packshot.png\",\"width\":700,\"height\":700,\"caption\":\"Locobase Anti-Juckreiz Schaum\"},{\"@type\":\"BreadcrumbList\",\"@id\":\"https:\/\/locobase.com\/de\/produkt\/locobase-anti-juckreiz-schaum\/#breadcrumb\",\"itemListElement\":[{\"@type\":\"ListItem\",\"position\":1,\"name\":\"Startseite\",\"item\":\"https:\/\/locobase.com\/de\/\"},{\"@type\":\"ListItem\",\"position\":2,\"name\":\"Produkte\",\"item\":\"https:\/\/locobase.com\/de\/produkte\/\"},{\"@type\":\"ListItem\",\"position\":3,\"name\":\"Locobase Anti-Juckreiz Schaum\"}]},{\"@type\":\"WebSite\",\"@id\":\"https:\/\/locobase.com\/de\/#website\",\"url\":\"https:\/\/locobase.com\/de\/\",\"name\":\"Locobase\",\"description\":\"\",\"publisher\":{\"@id\":\"https:\/\/locobase.com\/de\/#organization\"},\"potentialAction\":[{\"@type\":\"SearchAction\",\"target\":{\"@type\":\"EntryPoint\",\"urlTemplate\":\"https:\/\/locobase.com\/de\/?s={search_term_string}\"},\"query-input\":{\"@type\":\"PropertyValueSpecification\",\"valueRequired\":true,\"valueName\":\"search_term_string\"}}],\"inLanguage\":\"de\"},{\"@type\":\"Organization\",\"@id\":\"https:\/\/locobase.com\/de\/#organization\",\"name\":\"Locobase\",\"url\":\"https:\/\/locobase.com\/de\/\",\"logo\":{\"@type\":\"ImageObject\",\"inLanguage\":\"de\",\"@id\":\"https:\/\/locobase.com\/de\/#\/schema\/logo\/image\/\",\"url\":\"https:\/\/locobase.com\/app\/uploads\/sites\/10\/2024\/12\/logo.png\",\"contentUrl\":\"https:\/\/locobase.com\/app\/uploads\/sites\/10\/2024\/12\/logo.png\",\"width\":163,\"height\":32,\"caption\":\"Locobase\"},\"image\":{\"@id\":\"https:\/\/locobase.com\/de\/#\/schema\/logo\/image\/\"}}]}<\/script>\n<!-- \/ Yoast SEO plugin. -->","yoast_head_json":{"title":"Locobase Anti-Juckreiz Schaum - Locobase","description":"Schnelle Linderung bei trockener, gereizter und juckender Haut","robots":{"index":"index","follow":"follow","max-snippet":"max-snippet:-1","max-image-preview":"max-image-preview:large","max-video-preview":"max-video-preview:-1"},"canonical":"https:\/\/locobase.com\/de\/produkt\/locobase-anti-juckreiz-schaum\/","og_locale":"de_DE","og_type":"article","og_title":"Locobase Anti-Juckreiz Schaum - Locobase","og_description":"Schnelle Linderung bei trockener, gereizter und juckender Haut","og_url":"https:\/\/locobase.com\/de\/produkt\/locobase-anti-juckreiz-schaum\/","og_site_name":"Locobase","article_modified_time":"2026-05-08T08:33:02+00:00","og_image":[{"width":700,"height":700,"url":"https:\/\/locobase.com\/app\/uploads\/sites\/10\/2025\/03\/Locobase-Itch-Relief-CoolMousse-100ml-DE-Packshot.png","type":"image\/png"}],"twitter_card":"summary_large_image","twitter_misc":{"Gesch\u00e4tzte Lesezeit":"2\u00a0Minuten"},"schema":{"@context":"https:\/\/schema.org","@graph":[{"@type":"WebPage","@id":"https:\/\/locobase.com\/de\/produkt\/locobase-anti-juckreiz-schaum\/","url":"https:\/\/locobase.com\/de\/produkt\/locobase-anti-juckreiz-schaum\/","name":"Locobase Anti-Juckreiz Schaum - Locobase","isPartOf":{"@id":"https:\/\/locobase.com\/de\/#website"},"primaryImageOfPage":{"@id":"https:\/\/locobase.com\/de\/produkt\/locobase-anti-juckreiz-schaum\/#primaryimage"},"image":{"@id":"https:\/\/locobase.com\/de\/produkt\/locobase-anti-juckreiz-schaum\/#primaryimage"},"thumbnailUrl":"https:\/\/locobase.com\/app\/uploads\/sites\/10\/2025\/03\/Locobase-Itch-Relief-CoolMousse-100ml-DE-Packshot.png","datePublished":"2025-03-26T12:32:07+00:00","dateModified":"2026-05-08T08:33:02+00:00","description":"Schnelle Linderung bei trockener, gereizter und juckender Haut","breadcrumb":{"@id":"https:\/\/locobase.com\/de\/produkt\/locobase-anti-juckreiz-schaum\/#breadcrumb"},"inLanguage":"de","potentialAction":[{"@type":"ReadAction","target":["https:\/\/locobase.com\/de\/produkt\/locobase-anti-juckreiz-schaum\/"]}]},{"@type":"ImageObject","inLanguage":"de","@id":"https:\/\/locobase.com\/de\/produkt\/locobase-anti-juckreiz-schaum\/#primaryimage","url":"https:\/\/locobase.com\/app\/uploads\/sites\/10\/2025\/03\/Locobase-Itch-Relief-CoolMousse-100ml-DE-Packshot.png","contentUrl":"https:\/\/locobase.com\/app\/uploads\/sites\/10\/2025\/03\/Locobase-Itch-Relief-CoolMousse-100ml-DE-Packshot.png","width":700,"height":700,"caption":"Locobase Anti-Juckreiz Schaum"},{"@type":"BreadcrumbList","@id":"https:\/\/locobase.com\/de\/produkt\/locobase-anti-juckreiz-schaum\/#breadcrumb","itemListElement":[{"@type":"ListItem","position":1,"name":"Startseite","item":"https:\/\/locobase.com\/de\/"},{"@type":"ListItem","position":2,"name":"Produkte","item":"https:\/\/locobase.com\/de\/produkte\/"},{"@type":"ListItem","position":3,"name":"Locobase Anti-Juckreiz Schaum"}]},{"@type":"WebSite","@id":"https:\/\/locobase.com\/de\/#website","url":"https:\/\/locobase.com\/de\/","name":"Locobase","description":"","publisher":{"@id":"https:\/\/locobase.com\/de\/#organization"},"potentialAction":[{"@type":"SearchAction","target":{"@type":"EntryPoint","urlTemplate":"https:\/\/locobase.com\/de\/?s={search_term_string}"},"query-input":{"@type":"PropertyValueSpecification","valueRequired":true,"valueName":"search_term_string"}}],"inLanguage":"de"},{"@type":"Organization","@id":"https:\/\/locobase.com\/de\/#organization","name":"Locobase","url":"https:\/\/locobase.com\/de\/","logo":{"@type":"ImageObject","inLanguage":"de","@id":"https:\/\/locobase.com\/de\/#\/schema\/logo\/image\/","url":"https:\/\/locobase.com\/app\/uploads\/sites\/10\/2024\/12\/logo.png","contentUrl":"https:\/\/locobase.com\/app\/uploads\/sites\/10\/2024\/12\/logo.png","width":163,"height":32,"caption":"Locobase"},"image":{"@id":"https:\/\/locobase.com\/de\/#\/schema\/logo\/image\/"}}]}},"_links":{"self":[{"href":"https:\/\/locobase.com\/de\/wp-json\/wp\/v2\/product\/54","targetHints":{"allow":["GET"]}}],"collection":[{"href":"https:\/\/locobase.com\/de\/wp-json\/wp\/v2\/product"}],"about":[{"href":"https:\/\/locobase.com\/de\/wp-json\/wp\/v2\/types\/product"}],"replies":[{"embeddable":true,"href":"https:\/\/locobase.com\/de\/wp-json\/wp\/v2\/comments?post=54"}],"version-history":[{"count":10,"href":"https:\/\/locobase.com\/de\/wp-json\/wp\/v2\/product\/54\/revisions"}],"predecessor-version":[{"id":448,"href":"https:\/\/locobase.com\/de\/wp-json\/wp\/v2\/product\/54\/revisions\/448"}],"wp:featuredmedia":[{"embeddable":true,"href":"https:\/\/locobase.com\/de\/wp-json\/wp\/v2\/media\/260"}],"wp:attachment":[{"href":"https:\/\/locobase.com\/de\/wp-json\/wp\/v2\/media?parent=54"}],"wp:term":[{"taxonomy":"product_brand","embeddable":true,"href":"https:\/\/locobase.com\/de\/wp-json\/wp\/v2\/product_brand?post=54"},{"taxonomy":"product_cat","embeddable":true,"href":"https:\/\/locobase.com\/de\/wp-json\/wp\/v2\/product_cat?post=54"},{"taxonomy":"product_tag","embeddable":true,"href":"https:\/\/locobase.com\/de\/wp-json\/wp\/v2\/product_tag?post=54"}],"curies":[{"name":"wp","href":"https:\/\/api.w.org\/{rel}","templated":true}]}}