{"id":63,"date":"2025-03-26T13:43:06","date_gmt":"2025-03-26T12:43:06","guid":{"rendered":"https:\/\/locobase.com\/de\/?post_type=product&#038;p=63"},"modified":"2026-04-10T13:00:40","modified_gmt":"2026-04-10T11:00:40","slug":"locobase-repair","status":"publish","type":"product","link":"https:\/\/locobase.com\/de\/produkt\/locobase-repair\/","title":{"rendered":"Locobase Repair"},"content":{"rendered":"\n<div class=\"wp-block-karopharma-accordions is-style-secondary\"><div class=\"container\">\n<details class=\"wp-block-karopharma-accordion\"><summary><h2 class=\"accordion-title\">Wie stellt Locobase Repair die Barrierefunktion trockener Haut wieder her?<\/h2><\/summary><div class=\"accordion-content\">\n<p><strong>Sofortwirkung:<br><\/strong>Direkt nach dem Auftragen auf die sehr trockene, strapazierte oder rissige Haut setzt die Sofortwirkung ein: Die Verdunstung von Wasser in der Haut wird durch den Abdeck-Effekt reduziert, was die Haut sofort sch\u00fctzt.<\/p>\n\n\n\n<p><strong>Mittelfristige Wirkung:<br><\/strong>Beim weiteren Eindringen in die Hornschicht sind die Barriere-Lipide in der Lage, die Feuchtigkeit bis zu 24 Stunden zu bewahren.<\/p>\n\n\n\n<p><strong>Langzeitwirkung:<br><\/strong>Die Barriere-Lipide werden in den tieferen Schichten der Haut in die Speicher aufgenommen und von dort bei Bedarf wieder freigesetzt.<\/p>\n\n\n\n<p><strong>Klinisch getestet<br><\/strong>Locobase Repair f\u00fchrt so der trockenen Haut die Barriere-Lipide zu, die sie selbst erst im Laufe von mehreren Tagen bilden k\u00f6nnte. Die nat\u00fcrliche Produktion wird dabei nicht behindert. Klinische Tests haben gezeigt, dass bereits ein einmal t\u00e4gliches Auftragen von Locobase Repair auf diese Weise die Barrierefunktion der Haut wieder aufbaut und diese bis zu 24 Stunden sch\u00fctzt. Zudem wird die Hautfeuchtigkeit durch das Zuf\u00fchren des Feuchthaltefaktors Glycerin erh\u00f6ht. Aufgrund dieser Eigenschaften wird Locobase Repair von Dermatologen seit Jahrzehnten nicht nur f\u00fcr extrem trockene Haut, sondern speziell auch zur Basisbehandlung atopischer Ekzeme empfohlen.<\/p>\n<\/div><\/details>\n\n\n\n<details class=\"wp-block-karopharma-accordion\"><summary><h2 class=\"accordion-title\">F\u00fcr wen eignet sich Locobase Repair<\/h2><\/summary><div class=\"accordion-content\">\n<p>Locobase Repair ist sowohl f\u00fcr Erwachsene als auch f\u00fcr Babys und Kinder geeignet<\/p>\n\n\n\n<ul class=\"wp-block-list is-style-icon\">\n<li>F\u00fcr sehr trockene Haut und trockene, schuppige Stellen am ganzen K\u00f6rper<\/li>\n\n\n\n<li>Bei rissiger und strapazierter Haut<\/li>\n\n\n\n<li>Bei atopischen Ekzemen zur Erg\u00e4nzung einer Therapie mit Hydrocortison-Creme<\/li>\n\n\n\n<li>Nach einer Laserbehandlung.<\/li>\n<\/ul>\n<\/div><\/details>\n\n\n\n<details class=\"wp-block-karopharma-accordion\"><summary><h2 class=\"accordion-title\">Wie wird Locobase Repair richtig angewendet<\/h2><\/summary><div class=\"accordion-content\">\n<p>Einmal t\u00e4glich d\u00fcnn auf die trockenen Hautstellen auftragen, z. B. abends. Locobase Repair ist hochkonzentriert und ergiebig. Bereits kleine Mengen reichen zur vollen Repair-Wirkung aus.<\/p>\n\n\n\n<p>Bei gr\u00f6\u00dferen trockenen Hautstellen am K\u00f6rper empfiehlt es sich, erst kleine Mengen auf die Haut zu tupfen<br>und dann gut zu verstreichen.<\/p>\n\n\n\n<p>Wenn Ihre Haut besonders gro\u00dfen Belastungen ausgesetzt ist, sollten Sie Locobase Repair besser mehrmals t\u00e4glich anwenden, als gr\u00f6\u00dfere Mengen auf trockene Hautstellen aufzutragen.<\/p>\n\n\n\n<p>Locobase Repair ist eine parf\u00fcmfreie Creme und enth\u00e4lt weder Konservierungs- noch Farbstoffe. Daher ist die Hautcreme auch unterst\u00fctzend zur Nachbehandlung von atopischen Ekzemen gut vertr\u00e4glich. Locobase Repair ist eine Wasser-in-\u00d6l (W\/O)-Emulsion. Aufgrund der speziellen Formulierung kann es sein, dass Sie die Konsistenz als etwas fester empfinden, als Sie es von einer Creme erwarten. Dennoch klebt Locobase Repair nicht und zieht schnell ein.<\/p>\n\n\n\n<p>Nat\u00fcrlich k\u00f6nnen Sie Locobase Repair auch zus\u00e4tzlich zu Ihrer normalen Hautpflege verwenden.<\/p>\n<\/div><\/details>\n\n\n\n<details class=\"wp-block-karopharma-accordion\"><summary><h2 class=\"accordion-title\">Was ist ein atopisches Ekzem?<\/h2><\/summary><div class=\"accordion-content\">\n<p>Das atopische Ekzem, auch atopische Dermatitis oder Neurodermitis genannt, ist eine nicht-ansteckende, chronisch-entz\u00fcndliche Hauterkrankung. Sie \u00e4u\u00dfert sich durch schubweise auftretende ger\u00f6tete, raue, trockene oder n\u00e4ssende, verkrustete und schuppige Haut oder Hautstellen.<\/p>\n<\/div><\/details>\n\n\n\n<details class=\"wp-block-karopharma-accordion\"><summary><h2 class=\"accordion-title\">Inhaltsstoffe<\/h2><\/summary><div class=\"accordion-content\">\n<p>Locobase Repair ist sehr reichhaltig und enth\u00e4lt eine optimale Kombination hautidentischer Barriere-Lipide:<br>Ceramide, freie Fetts\u00e4uren und Cholesterol.<\/p>\n\n\n\n<figure class=\"wp-block-table\"><table><tbody><tr><td><strong>Inhaltsstoffe<\/strong><\/td><\/tr><tr><td>Vaseline<\/td><\/tr><tr><td>Wasser<\/td><\/tr><tr><td>Paraffin<\/td><\/tr><tr><td>Fl\u00fcssiges Paraffin<\/td><\/tr><tr><td>Glycerin<\/td><\/tr><tr><td>\u00d6ls\u00e4ure-Sorbitolester<\/td><\/tr><tr><td>Carnaubawachs<\/td><\/tr><tr><td>Cholesterol<\/td><\/tr><tr><td>Ceramide 3<\/td><\/tr><tr><td>\u00d6ls\u00e4ure<\/td><\/tr><tr><td>Palmitins\u00e4ure<\/td><\/tr><tr><td>Tromethamine<\/td><\/tr><tr><td>Carbomer<\/td><\/tr><\/tbody><\/table><\/figure>\n<\/div><\/details>\n\n\n\n<details class=\"wp-block-karopharma-accordion\"><summary><h2 class=\"accordion-title\">Tipps<\/h2><\/summary><div class=\"accordion-content\">\n<ul class=\"wp-block-list is-style-icon\">\n<li>Besonders zu empfehlen ist die Anwendung bei K\u00e4lte. Am besten tragen Sie 10 Minuten bevor Sie das Haus verlassen Locobase Repair auf die exponierten Hautbereiche auf.<\/li>\n\n\n\n<li>Locobase Repair eignet sich auch hervorragend als Lippenbalsam.<\/li>\n\n\n\n<li>Sollte auch nach Abheilung des atopischen Ekzems weiterverwendet werden.<\/li>\n<\/ul>\n<\/div><\/details>\n<\/div><\/div>\n\n\n\n<div class=\"wp-block-karopharma-free-text pt-medium pb-medium bg-center bg-cover bg-no-repeat\" style=\"background-image:url()\"><div class=\"free-text-wrapper container max-w-medium text-left\">\n<div class=\"wp-block-karopharma-video\"><div class=\"video-wrapper\"><iframe loading=\"lazy\" frameborder=\"0\" allowfullscreen allow=\"accelerometer; encrypted-media; gyroscope; picture-in-picture\" data-src=\"https:\/\/www.youtube.com\/embed\/uMmjjjNgHuU?autoplay=1\"><\/iframe><picture><source media=\"(max-width: 550px)\" srcset=\"https:\/\/img.youtube.com\/vi\/uMmjjjNgHuU\/mqdefault.jpg\"\/><source media=\"(max-width: 800px)\" srcset=\"https:\/\/img.youtube.com\/vi\/uMmjjjNgHuU\/hqdefault.jpg\"\/><img decoding=\"async\" width=\"1280\" height=\"720\" loading=\"lazy\" src=\"https:\/\/img.youtube.com\/vi\/uMmjjjNgHuU\/maxresdefault.jpg\" alt=\"Embedded YouTube video player thumbnail\"\/><\/picture><div class=\"video-trigger group\"><div class=\"video-trigger__circle group-hover:opacity-[85%]\"><svg width=\"14\" height=\"16\" viewBox=\"0 0 14 16\" fill=\"none\" xmlns=\"http:\/\/www.w3.org\/2000\/svg\"><path d=\"M13.2625 6.70935L2.2625 0.206225C1.36875 -0.3219 0 0.1906 0 1.49685V14.5C0 15.6719 1.27188 16.3781 2.2625 15.7906L13.2625 9.2906C14.2437 8.71248 14.2469 7.28748 13.2625 6.70935V6.70935Z\" fill=\"white\"><\/path><\/svg><\/div><\/div><\/div><\/div>\n<\/div><\/div>\n","protected":false},"excerpt":{"rendered":"<p>Die Spezialcreme f\u00fcr strapazierte und sehr trockene Haut sowie zur begleitenden Anwendung bei atopischen Ekzemen.<\/p>\n","protected":false},"featured_media":100,"comment_status":"closed","ping_status":"closed","template":"","meta":{"_acf_changed":false,"footnotes":""},"product_brand":[],"product_cat":[],"product_tag":[],"class_list":{"0":"post-63","1":"product","2":"type-product","3":"status-publish","4":"has-post-thumbnail","7":"first","8":"instock","9":"shipping-taxable","10":"product-type-simple"},"acf":[],"yoast_head":"<!-- This site is optimized with the Yoast SEO plugin v26.6 - https:\/\/yoast.com\/wordpress\/plugins\/seo\/ -->\n<title>Locobase Repair - Locobase<\/title>\n<meta name=\"description\" content=\"Die Spezialcreme f\u00fcr strapazierte und sehr trockene Haut sowie zur begleitenden Anwendung bei atopischen Ekzemen.\" \/>\n<meta name=\"robots\" content=\"index, follow, max-snippet:-1, max-image-preview:large, max-video-preview:-1\" \/>\n<link rel=\"canonical\" href=\"https:\/\/locobase.com\/de\/produkt\/locobase-repair\/\" \/>\n<meta property=\"og:locale\" content=\"de_DE\" \/>\n<meta property=\"og:type\" content=\"article\" \/>\n<meta property=\"og:title\" content=\"Locobase Repair - Locobase\" \/>\n<meta property=\"og:description\" content=\"Die Spezialcreme f\u00fcr strapazierte und sehr trockene Haut sowie zur begleitenden Anwendung bei atopischen Ekzemen.\" \/>\n<meta property=\"og:url\" content=\"https:\/\/locobase.com\/de\/produkt\/locobase-repair\/\" \/>\n<meta property=\"og:site_name\" content=\"Locobase\" \/>\n<meta property=\"article:modified_time\" content=\"2026-04-10T11:00:40+00:00\" \/>\n<meta property=\"og:image\" content=\"https:\/\/locobase.com\/app\/uploads\/sites\/10\/2025\/03\/Locobase-Repair-Cream-100g-DE-Packshot-Front.png\" \/>\n\t<meta property=\"og:image:width\" content=\"700\" \/>\n\t<meta property=\"og:image:height\" content=\"700\" \/>\n\t<meta property=\"og:image:type\" content=\"image\/png\" \/>\n<meta name=\"twitter:card\" content=\"summary_large_image\" \/>\n<meta name=\"twitter:label1\" content=\"Gesch\u00e4tzte Lesezeit\" \/>\n\t<meta name=\"twitter:data1\" content=\"4\u00a0Minuten\" \/>\n<script type=\"application\/ld+json\" class=\"yoast-schema-graph\">{\"@context\":\"https:\/\/schema.org\",\"@graph\":[{\"@type\":\"WebPage\",\"@id\":\"https:\/\/locobase.com\/de\/produkt\/locobase-repair\/\",\"url\":\"https:\/\/locobase.com\/de\/produkt\/locobase-repair\/\",\"name\":\"Locobase Repair - Locobase\",\"isPartOf\":{\"@id\":\"https:\/\/locobase.com\/de\/#website\"},\"primaryImageOfPage\":{\"@id\":\"https:\/\/locobase.com\/de\/produkt\/locobase-repair\/#primaryimage\"},\"image\":{\"@id\":\"https:\/\/locobase.com\/de\/produkt\/locobase-repair\/#primaryimage\"},\"thumbnailUrl\":\"https:\/\/locobase.com\/app\/uploads\/sites\/10\/2025\/03\/Locobase-Repair-Cream-100g-DE-Packshot-Front.png\",\"datePublished\":\"2025-03-26T12:43:06+00:00\",\"dateModified\":\"2026-04-10T11:00:40+00:00\",\"description\":\"Die Spezialcreme f\u00fcr strapazierte und sehr trockene Haut sowie zur begleitenden Anwendung bei atopischen Ekzemen.\",\"breadcrumb\":{\"@id\":\"https:\/\/locobase.com\/de\/produkt\/locobase-repair\/#breadcrumb\"},\"inLanguage\":\"de\",\"potentialAction\":[{\"@type\":\"ReadAction\",\"target\":[\"https:\/\/locobase.com\/de\/produkt\/locobase-repair\/\"]}]},{\"@type\":\"ImageObject\",\"inLanguage\":\"de\",\"@id\":\"https:\/\/locobase.com\/de\/produkt\/locobase-repair\/#primaryimage\",\"url\":\"https:\/\/locobase.com\/app\/uploads\/sites\/10\/2025\/03\/Locobase-Repair-Cream-100g-DE-Packshot-Front.png\",\"contentUrl\":\"https:\/\/locobase.com\/app\/uploads\/sites\/10\/2025\/03\/Locobase-Repair-Cream-100g-DE-Packshot-Front.png\",\"width\":700,\"height\":700,\"caption\":\"Locobase Repair\"},{\"@type\":\"BreadcrumbList\",\"@id\":\"https:\/\/locobase.com\/de\/produkt\/locobase-repair\/#breadcrumb\",\"itemListElement\":[{\"@type\":\"ListItem\",\"position\":1,\"name\":\"Home\",\"item\":\"https:\/\/locobase.com\/de\/\"},{\"@type\":\"ListItem\",\"position\":2,\"name\":\"Produkte\",\"item\":\"https:\/\/locobase.com\/de\/produkte\/\"},{\"@type\":\"ListItem\",\"position\":3,\"name\":\"Locobase Repair\"}]},{\"@type\":\"WebSite\",\"@id\":\"https:\/\/locobase.com\/de\/#website\",\"url\":\"https:\/\/locobase.com\/de\/\",\"name\":\"Locobase\",\"description\":\"\",\"publisher\":{\"@id\":\"https:\/\/locobase.com\/de\/#organization\"},\"potentialAction\":[{\"@type\":\"SearchAction\",\"target\":{\"@type\":\"EntryPoint\",\"urlTemplate\":\"https:\/\/locobase.com\/de\/?s={search_term_string}\"},\"query-input\":{\"@type\":\"PropertyValueSpecification\",\"valueRequired\":true,\"valueName\":\"search_term_string\"}}],\"inLanguage\":\"de\"},{\"@type\":\"Organization\",\"@id\":\"https:\/\/locobase.com\/de\/#organization\",\"name\":\"Locobase\",\"url\":\"https:\/\/locobase.com\/de\/\",\"logo\":{\"@type\":\"ImageObject\",\"inLanguage\":\"de\",\"@id\":\"https:\/\/locobase.com\/de\/#\/schema\/logo\/image\/\",\"url\":\"https:\/\/locobase.com\/app\/uploads\/sites\/10\/2024\/12\/logo.png\",\"contentUrl\":\"https:\/\/locobase.com\/app\/uploads\/sites\/10\/2024\/12\/logo.png\",\"width\":163,\"height\":32,\"caption\":\"Locobase\"},\"image\":{\"@id\":\"https:\/\/locobase.com\/de\/#\/schema\/logo\/image\/\"}}]}<\/script>\n<!-- \/ Yoast SEO plugin. -->","yoast_head_json":{"title":"Locobase Repair - Locobase","description":"Die Spezialcreme f\u00fcr strapazierte und sehr trockene Haut sowie zur begleitenden Anwendung bei atopischen Ekzemen.","robots":{"index":"index","follow":"follow","max-snippet":"max-snippet:-1","max-image-preview":"max-image-preview:large","max-video-preview":"max-video-preview:-1"},"canonical":"https:\/\/locobase.com\/de\/produkt\/locobase-repair\/","og_locale":"de_DE","og_type":"article","og_title":"Locobase Repair - Locobase","og_description":"Die Spezialcreme f\u00fcr strapazierte und sehr trockene Haut sowie zur begleitenden Anwendung bei atopischen Ekzemen.","og_url":"https:\/\/locobase.com\/de\/produkt\/locobase-repair\/","og_site_name":"Locobase","article_modified_time":"2026-04-10T11:00:40+00:00","og_image":[{"width":700,"height":700,"url":"https:\/\/locobase.com\/app\/uploads\/sites\/10\/2025\/03\/Locobase-Repair-Cream-100g-DE-Packshot-Front.png","type":"image\/png"}],"twitter_card":"summary_large_image","twitter_misc":{"Gesch\u00e4tzte Lesezeit":"4\u00a0Minuten"},"schema":{"@context":"https:\/\/schema.org","@graph":[{"@type":"WebPage","@id":"https:\/\/locobase.com\/de\/produkt\/locobase-repair\/","url":"https:\/\/locobase.com\/de\/produkt\/locobase-repair\/","name":"Locobase Repair - Locobase","isPartOf":{"@id":"https:\/\/locobase.com\/de\/#website"},"primaryImageOfPage":{"@id":"https:\/\/locobase.com\/de\/produkt\/locobase-repair\/#primaryimage"},"image":{"@id":"https:\/\/locobase.com\/de\/produkt\/locobase-repair\/#primaryimage"},"thumbnailUrl":"https:\/\/locobase.com\/app\/uploads\/sites\/10\/2025\/03\/Locobase-Repair-Cream-100g-DE-Packshot-Front.png","datePublished":"2025-03-26T12:43:06+00:00","dateModified":"2026-04-10T11:00:40+00:00","description":"Die Spezialcreme f\u00fcr strapazierte und sehr trockene Haut sowie zur begleitenden Anwendung bei atopischen Ekzemen.","breadcrumb":{"@id":"https:\/\/locobase.com\/de\/produkt\/locobase-repair\/#breadcrumb"},"inLanguage":"de","potentialAction":[{"@type":"ReadAction","target":["https:\/\/locobase.com\/de\/produkt\/locobase-repair\/"]}]},{"@type":"ImageObject","inLanguage":"de","@id":"https:\/\/locobase.com\/de\/produkt\/locobase-repair\/#primaryimage","url":"https:\/\/locobase.com\/app\/uploads\/sites\/10\/2025\/03\/Locobase-Repair-Cream-100g-DE-Packshot-Front.png","contentUrl":"https:\/\/locobase.com\/app\/uploads\/sites\/10\/2025\/03\/Locobase-Repair-Cream-100g-DE-Packshot-Front.png","width":700,"height":700,"caption":"Locobase Repair"},{"@type":"BreadcrumbList","@id":"https:\/\/locobase.com\/de\/produkt\/locobase-repair\/#breadcrumb","itemListElement":[{"@type":"ListItem","position":1,"name":"Home","item":"https:\/\/locobase.com\/de\/"},{"@type":"ListItem","position":2,"name":"Produkte","item":"https:\/\/locobase.com\/de\/produkte\/"},{"@type":"ListItem","position":3,"name":"Locobase Repair"}]},{"@type":"WebSite","@id":"https:\/\/locobase.com\/de\/#website","url":"https:\/\/locobase.com\/de\/","name":"Locobase","description":"","publisher":{"@id":"https:\/\/locobase.com\/de\/#organization"},"potentialAction":[{"@type":"SearchAction","target":{"@type":"EntryPoint","urlTemplate":"https:\/\/locobase.com\/de\/?s={search_term_string}"},"query-input":{"@type":"PropertyValueSpecification","valueRequired":true,"valueName":"search_term_string"}}],"inLanguage":"de"},{"@type":"Organization","@id":"https:\/\/locobase.com\/de\/#organization","name":"Locobase","url":"https:\/\/locobase.com\/de\/","logo":{"@type":"ImageObject","inLanguage":"de","@id":"https:\/\/locobase.com\/de\/#\/schema\/logo\/image\/","url":"https:\/\/locobase.com\/app\/uploads\/sites\/10\/2024\/12\/logo.png","contentUrl":"https:\/\/locobase.com\/app\/uploads\/sites\/10\/2024\/12\/logo.png","width":163,"height":32,"caption":"Locobase"},"image":{"@id":"https:\/\/locobase.com\/de\/#\/schema\/logo\/image\/"}}]}},"_links":{"self":[{"href":"https:\/\/locobase.com\/de\/wp-json\/wp\/v2\/product\/63","targetHints":{"allow":["GET"]}}],"collection":[{"href":"https:\/\/locobase.com\/de\/wp-json\/wp\/v2\/product"}],"about":[{"href":"https:\/\/locobase.com\/de\/wp-json\/wp\/v2\/types\/product"}],"replies":[{"embeddable":true,"href":"https:\/\/locobase.com\/de\/wp-json\/wp\/v2\/comments?post=63"}],"version-history":[{"count":10,"href":"https:\/\/locobase.com\/de\/wp-json\/wp\/v2\/product\/63\/revisions"}],"predecessor-version":[{"id":323,"href":"https:\/\/locobase.com\/de\/wp-json\/wp\/v2\/product\/63\/revisions\/323"}],"wp:featuredmedia":[{"embeddable":true,"href":"https:\/\/locobase.com\/de\/wp-json\/wp\/v2\/media\/100"}],"wp:attachment":[{"href":"https:\/\/locobase.com\/de\/wp-json\/wp\/v2\/media?parent=63"}],"wp:term":[{"taxonomy":"product_brand","embeddable":true,"href":"https:\/\/locobase.com\/de\/wp-json\/wp\/v2\/product_brand?post=63"},{"taxonomy":"product_cat","embeddable":true,"href":"https:\/\/locobase.com\/de\/wp-json\/wp\/v2\/product_cat?post=63"},{"taxonomy":"product_tag","embeddable":true,"href":"https:\/\/locobase.com\/de\/wp-json\/wp\/v2\/product_tag?post=63"}],"curies":[{"name":"wp","href":"https:\/\/api.w.org\/{rel}","templated":true}]}}