{"id":202,"date":"2024-01-24T09:41:54","date_gmt":"2024-01-24T08:41:54","guid":{"rendered":"https:\/\/locobase.com\/dk\/?post_type=product&#038;p=202"},"modified":"2025-08-29T11:37:24","modified_gmt":"2025-08-29T09:37:24","slug":"locobase-psoriasis-cream","status":"publish","type":"product","link":"https:\/\/locobase.com\/dk\/vare\/locobase-psoriasis-cream\/","title":{"rendered":"Locobase\u00ae Psoriasis Cream"},"content":{"rendered":"\n<div class=\"wp-block-karopharma-accordions\"><div class=\"container\">\n<details class=\"wp-block-karopharma-accordion\"><summary><h2 class=\"accordion-title\">Anvendelsesomr\u00e5de<\/h2><\/summary><div class=\"accordion-content\">\n<p>P\u00e5 ber\u00f8rte hudomr\u00e5der p\u00e5 kroppen og i ansigtet.<\/p>\n<\/div><\/details>\n\n\n\n<details class=\"wp-block-karopharma-accordion\"><summary><h2 class=\"accordion-title\">Brug<\/h2><\/summary><div class=\"accordion-content\">\n<p>P\u00e5f\u00f8r forsigtigt p\u00e5 de ber\u00f8rte hudomr\u00e5der tre gange dagligt eller s\u00e5 ofte som n\u00f8dvendig.<\/p>\n<\/div><\/details>\n\n\n\n<details class=\"wp-block-karopharma-accordion\"><summary><h2 class=\"accordion-title\">Ingredienser<\/h2><\/summary><div class=\"accordion-content\">\n<figure class=\"wp-block-table\"><table><thead><tr><th class=\"has-text-align-left\" data-align=\"left\">Ingredienser<\/th><\/tr><\/thead><tbody><tr><td class=\"has-text-align-left\" data-align=\"left\">Ectoin\u00ae\ufe0f<\/td><\/tr><tr><td class=\"has-text-align-left\" data-align=\"left\">Aqua<\/td><\/tr><tr><td class=\"has-text-align-left\" data-align=\"left\">Ceteraly Alcohol<\/td><\/tr><tr><td class=\"has-text-align-left\" data-align=\"left\">Urea<\/td><\/tr><tr><td class=\"has-text-align-left\" data-align=\"left\">Cetearyl Isononanoate<\/td><\/tr><tr><td class=\"has-text-align-left\" data-align=\"left\">Glycerin<\/td><\/tr><tr><td class=\"has-text-align-left\" data-align=\"left\">Simmondsia Chinensis See Oil<\/td><\/tr><tr><td class=\"has-text-align-left\" data-align=\"left\">Hydrogenated Polydecene<\/td><\/tr><tr><td class=\"has-text-align-left\" data-align=\"left\">Pentylene Glycol<\/td><\/tr><tr><td class=\"has-text-align-left\" data-align=\"left\">Hydroxyethyl Urea<\/td><\/tr><tr><td class=\"has-text-align-left\" data-align=\"left\">Panthenol<\/td><\/tr><tr><td class=\"has-text-align-left\" data-align=\"left\">Cetearyl Glucoside<\/td><\/tr><tr><td class=\"has-text-align-left\" data-align=\"left\">Lecithin<\/td><\/tr><tr><td class=\"has-text-align-left\" data-align=\"left\">Allantoin<\/td><\/tr><tr><td class=\"has-text-align-left\" data-align=\"left\">Xanthan Gum<\/td><\/tr><tr><td class=\"has-text-align-left\" data-align=\"left\">Ethylexylglycerin<\/td><\/tr><tr><td class=\"has-text-align-left\" data-align=\"left\">Sodium Lactate<\/td><\/tr><tr><td class=\"has-text-align-left\" data-align=\"left\">Sodium Cetearyl Sulfate<\/td><\/tr><tr><td class=\"has-text-align-left\" data-align=\"left\">Triacetin<\/td><\/tr><\/tbody><\/table><\/figure>\n<\/div><\/details>\n<\/div><\/div>\n","protected":false},"excerpt":{"rendered":"<p>Nyhed fra Locobase. Kortisonfri behandling af milde til moderate psoriasis symptomer.<\/p>\n","protected":false},"featured_media":329,"comment_status":"closed","ping_status":"closed","template":"","meta":{"_acf_changed":false,"footnotes":""},"product_brand":[],"product_cat":[21],"product_tag":[],"class_list":{"0":"post-202","1":"product","2":"type-product","3":"status-publish","4":"has-post-thumbnail","6":"product_cat-renew","8":"first","9":"instock","10":"shipping-taxable","11":"product-type-simple"},"acf":[],"yoast_head":"<!-- This site is optimized with the Yoast SEO plugin v26.6 - https:\/\/yoast.com\/wordpress\/plugins\/seo\/ -->\n<title>Locobase\u00ae Psoriasis Cream - Locobase<\/title>\n<meta name=\"description\" content=\"Locobase Psoriasis Cream behandler psoriasis symptomer ved at forbedre hudafskalning, og reducerer symptomer som kl\u00f8e, r\u00f8dme, ruhed, t\u00f8rhed og h\u00e5rdheden af huden samt inflammation.\" \/>\n<meta name=\"robots\" content=\"index, follow, max-snippet:-1, max-image-preview:large, max-video-preview:-1\" \/>\n<link rel=\"canonical\" href=\"https:\/\/locobase.com\/dk\/vare\/locobase-psoriasis-cream\/\" \/>\n<meta property=\"og:locale\" content=\"da_DK\" \/>\n<meta property=\"og:type\" content=\"article\" \/>\n<meta property=\"og:title\" content=\"Locobase\u00ae Psoriasis Cream - Locobase\" \/>\n<meta property=\"og:description\" content=\"Locobase Psoriasis Cream behandler psoriasis symptomer ved at forbedre hudafskalning, og reducerer symptomer som kl\u00f8e, r\u00f8dme, ruhed, t\u00f8rhed og h\u00e5rdheden af huden samt inflammation.\" \/>\n<meta property=\"og:url\" content=\"https:\/\/locobase.com\/dk\/vare\/locobase-psoriasis-cream\/\" \/>\n<meta property=\"og:site_name\" content=\"Locobase\" \/>\n<meta property=\"article:modified_time\" content=\"2025-08-29T09:37:24+00:00\" \/>\n<meta property=\"og:image\" content=\"https:\/\/locobase.com\/app\/uploads\/sites\/4\/2024\/01\/locobase-psoriasis-cream.png\" \/>\n\t<meta property=\"og:image:width\" content=\"600\" \/>\n\t<meta property=\"og:image:height\" content=\"600\" \/>\n\t<meta property=\"og:image:type\" content=\"image\/png\" \/>\n<meta name=\"twitter:card\" content=\"summary_large_image\" \/>\n<meta name=\"twitter:label1\" content=\"Estimeret l\u00e6setid\" \/>\n\t<meta name=\"twitter:data1\" content=\"1 minut\" \/>\n<script type=\"application\/ld+json\" class=\"yoast-schema-graph\">{\"@context\":\"https:\/\/schema.org\",\"@graph\":[{\"@type\":\"WebPage\",\"@id\":\"https:\/\/locobase.com\/dk\/vare\/locobase-psoriasis-cream\/\",\"url\":\"https:\/\/locobase.com\/dk\/vare\/locobase-psoriasis-cream\/\",\"name\":\"Locobase\u00ae Psoriasis Cream - Locobase\",\"isPartOf\":{\"@id\":\"https:\/\/locobase.com\/dk\/#website\"},\"primaryImageOfPage\":{\"@id\":\"https:\/\/locobase.com\/dk\/vare\/locobase-psoriasis-cream\/#primaryimage\"},\"image\":{\"@id\":\"https:\/\/locobase.com\/dk\/vare\/locobase-psoriasis-cream\/#primaryimage\"},\"thumbnailUrl\":\"https:\/\/locobase.com\/app\/uploads\/sites\/4\/2024\/01\/locobase-psoriasis-cream.png\",\"datePublished\":\"2024-01-24T08:41:54+00:00\",\"dateModified\":\"2025-08-29T09:37:24+00:00\",\"description\":\"Locobase Psoriasis Cream behandler psoriasis symptomer ved at forbedre hudafskalning, og reducerer symptomer som kl\u00f8e, r\u00f8dme, ruhed, t\u00f8rhed og h\u00e5rdheden af huden samt inflammation.\",\"breadcrumb\":{\"@id\":\"https:\/\/locobase.com\/dk\/vare\/locobase-psoriasis-cream\/#breadcrumb\"},\"inLanguage\":\"da-DK\",\"potentialAction\":[{\"@type\":\"ReadAction\",\"target\":[\"https:\/\/locobase.com\/dk\/vare\/locobase-psoriasis-cream\/\"]}]},{\"@type\":\"ImageObject\",\"inLanguage\":\"da-DK\",\"@id\":\"https:\/\/locobase.com\/dk\/vare\/locobase-psoriasis-cream\/#primaryimage\",\"url\":\"https:\/\/locobase.com\/app\/uploads\/sites\/4\/2024\/01\/locobase-psoriasis-cream.png\",\"contentUrl\":\"https:\/\/locobase.com\/app\/uploads\/sites\/4\/2024\/01\/locobase-psoriasis-cream.png\",\"width\":600,\"height\":600,\"caption\":\"locobase-psoriasis-cream\"},{\"@type\":\"BreadcrumbList\",\"@id\":\"https:\/\/locobase.com\/dk\/vare\/locobase-psoriasis-cream\/#breadcrumb\",\"itemListElement\":[{\"@type\":\"ListItem\",\"position\":1,\"name\":\"Home\",\"item\":\"https:\/\/locobase.com\/dk\/\"},{\"@type\":\"ListItem\",\"position\":2,\"name\":\"Produkter\",\"item\":\"https:\/\/locobase.com\/dk\/produkter\/\"},{\"@type\":\"ListItem\",\"position\":3,\"name\":\"Locobase\u00ae Psoriasis Cream\"}]},{\"@type\":\"WebSite\",\"@id\":\"https:\/\/locobase.com\/dk\/#website\",\"url\":\"https:\/\/locobase.com\/dk\/\",\"name\":\"Locobase\",\"description\":\"\",\"publisher\":{\"@id\":\"https:\/\/locobase.com\/dk\/#organization\"},\"potentialAction\":[{\"@type\":\"SearchAction\",\"target\":{\"@type\":\"EntryPoint\",\"urlTemplate\":\"https:\/\/locobase.com\/dk\/?s={search_term_string}\"},\"query-input\":{\"@type\":\"PropertyValueSpecification\",\"valueRequired\":true,\"valueName\":\"search_term_string\"}}],\"inLanguage\":\"da-DK\"},{\"@type\":\"Organization\",\"@id\":\"https:\/\/locobase.com\/dk\/#organization\",\"name\":\"Locobase\",\"url\":\"https:\/\/locobase.com\/dk\/\",\"logo\":{\"@type\":\"ImageObject\",\"inLanguage\":\"da-DK\",\"@id\":\"https:\/\/locobase.com\/dk\/#\/schema\/logo\/image\/\",\"url\":\"https:\/\/locobase.com\/app\/uploads\/sites\/4\/2022\/05\/logo.png\",\"contentUrl\":\"https:\/\/locobase.com\/app\/uploads\/sites\/4\/2022\/05\/logo.png\",\"width\":163,\"height\":32,\"caption\":\"Locobase\"},\"image\":{\"@id\":\"https:\/\/locobase.com\/dk\/#\/schema\/logo\/image\/\"}}]}<\/script>\n<!-- \/ Yoast SEO plugin. -->","yoast_head_json":{"title":"Locobase\u00ae Psoriasis Cream - Locobase","description":"Locobase Psoriasis Cream behandler psoriasis symptomer ved at forbedre hudafskalning, og reducerer symptomer som kl\u00f8e, r\u00f8dme, ruhed, t\u00f8rhed og h\u00e5rdheden af huden samt inflammation.","robots":{"index":"index","follow":"follow","max-snippet":"max-snippet:-1","max-image-preview":"max-image-preview:large","max-video-preview":"max-video-preview:-1"},"canonical":"https:\/\/locobase.com\/dk\/vare\/locobase-psoriasis-cream\/","og_locale":"da_DK","og_type":"article","og_title":"Locobase\u00ae Psoriasis Cream - Locobase","og_description":"Locobase Psoriasis Cream behandler psoriasis symptomer ved at forbedre hudafskalning, og reducerer symptomer som kl\u00f8e, r\u00f8dme, ruhed, t\u00f8rhed og h\u00e5rdheden af huden samt inflammation.","og_url":"https:\/\/locobase.com\/dk\/vare\/locobase-psoriasis-cream\/","og_site_name":"Locobase","article_modified_time":"2025-08-29T09:37:24+00:00","og_image":[{"width":600,"height":600,"url":"https:\/\/locobase.com\/app\/uploads\/sites\/4\/2024\/01\/locobase-psoriasis-cream.png","type":"image\/png"}],"twitter_card":"summary_large_image","twitter_misc":{"Estimeret l\u00e6setid":"1 minut"},"schema":{"@context":"https:\/\/schema.org","@graph":[{"@type":"WebPage","@id":"https:\/\/locobase.com\/dk\/vare\/locobase-psoriasis-cream\/","url":"https:\/\/locobase.com\/dk\/vare\/locobase-psoriasis-cream\/","name":"Locobase\u00ae Psoriasis Cream - Locobase","isPartOf":{"@id":"https:\/\/locobase.com\/dk\/#website"},"primaryImageOfPage":{"@id":"https:\/\/locobase.com\/dk\/vare\/locobase-psoriasis-cream\/#primaryimage"},"image":{"@id":"https:\/\/locobase.com\/dk\/vare\/locobase-psoriasis-cream\/#primaryimage"},"thumbnailUrl":"https:\/\/locobase.com\/app\/uploads\/sites\/4\/2024\/01\/locobase-psoriasis-cream.png","datePublished":"2024-01-24T08:41:54+00:00","dateModified":"2025-08-29T09:37:24+00:00","description":"Locobase Psoriasis Cream behandler psoriasis symptomer ved at forbedre hudafskalning, og reducerer symptomer som kl\u00f8e, r\u00f8dme, ruhed, t\u00f8rhed og h\u00e5rdheden af huden samt inflammation.","breadcrumb":{"@id":"https:\/\/locobase.com\/dk\/vare\/locobase-psoriasis-cream\/#breadcrumb"},"inLanguage":"da-DK","potentialAction":[{"@type":"ReadAction","target":["https:\/\/locobase.com\/dk\/vare\/locobase-psoriasis-cream\/"]}]},{"@type":"ImageObject","inLanguage":"da-DK","@id":"https:\/\/locobase.com\/dk\/vare\/locobase-psoriasis-cream\/#primaryimage","url":"https:\/\/locobase.com\/app\/uploads\/sites\/4\/2024\/01\/locobase-psoriasis-cream.png","contentUrl":"https:\/\/locobase.com\/app\/uploads\/sites\/4\/2024\/01\/locobase-psoriasis-cream.png","width":600,"height":600,"caption":"locobase-psoriasis-cream"},{"@type":"BreadcrumbList","@id":"https:\/\/locobase.com\/dk\/vare\/locobase-psoriasis-cream\/#breadcrumb","itemListElement":[{"@type":"ListItem","position":1,"name":"Home","item":"https:\/\/locobase.com\/dk\/"},{"@type":"ListItem","position":2,"name":"Produkter","item":"https:\/\/locobase.com\/dk\/produkter\/"},{"@type":"ListItem","position":3,"name":"Locobase\u00ae Psoriasis Cream"}]},{"@type":"WebSite","@id":"https:\/\/locobase.com\/dk\/#website","url":"https:\/\/locobase.com\/dk\/","name":"Locobase","description":"","publisher":{"@id":"https:\/\/locobase.com\/dk\/#organization"},"potentialAction":[{"@type":"SearchAction","target":{"@type":"EntryPoint","urlTemplate":"https:\/\/locobase.com\/dk\/?s={search_term_string}"},"query-input":{"@type":"PropertyValueSpecification","valueRequired":true,"valueName":"search_term_string"}}],"inLanguage":"da-DK"},{"@type":"Organization","@id":"https:\/\/locobase.com\/dk\/#organization","name":"Locobase","url":"https:\/\/locobase.com\/dk\/","logo":{"@type":"ImageObject","inLanguage":"da-DK","@id":"https:\/\/locobase.com\/dk\/#\/schema\/logo\/image\/","url":"https:\/\/locobase.com\/app\/uploads\/sites\/4\/2022\/05\/logo.png","contentUrl":"https:\/\/locobase.com\/app\/uploads\/sites\/4\/2022\/05\/logo.png","width":163,"height":32,"caption":"Locobase"},"image":{"@id":"https:\/\/locobase.com\/dk\/#\/schema\/logo\/image\/"}}]}},"_links":{"self":[{"href":"https:\/\/locobase.com\/dk\/wp-json\/wp\/v2\/product\/202","targetHints":{"allow":["GET"]}}],"collection":[{"href":"https:\/\/locobase.com\/dk\/wp-json\/wp\/v2\/product"}],"about":[{"href":"https:\/\/locobase.com\/dk\/wp-json\/wp\/v2\/types\/product"}],"replies":[{"embeddable":true,"href":"https:\/\/locobase.com\/dk\/wp-json\/wp\/v2\/comments?post=202"}],"version-history":[{"count":8,"href":"https:\/\/locobase.com\/dk\/wp-json\/wp\/v2\/product\/202\/revisions"}],"predecessor-version":[{"id":354,"href":"https:\/\/locobase.com\/dk\/wp-json\/wp\/v2\/product\/202\/revisions\/354"}],"wp:featuredmedia":[{"embeddable":true,"href":"https:\/\/locobase.com\/dk\/wp-json\/wp\/v2\/media\/329"}],"wp:attachment":[{"href":"https:\/\/locobase.com\/dk\/wp-json\/wp\/v2\/media?parent=202"}],"wp:term":[{"taxonomy":"product_brand","embeddable":true,"href":"https:\/\/locobase.com\/dk\/wp-json\/wp\/v2\/product_brand?post=202"},{"taxonomy":"product_cat","embeddable":true,"href":"https:\/\/locobase.com\/dk\/wp-json\/wp\/v2\/product_cat?post=202"},{"taxonomy":"product_tag","embeddable":true,"href":"https:\/\/locobase.com\/dk\/wp-json\/wp\/v2\/product_tag?post=202"}],"curies":[{"name":"wp","href":"https:\/\/api.w.org\/{rel}","templated":true}]}}