{"id":222,"date":"2024-08-13T10:31:58","date_gmt":"2024-08-13T08:31:58","guid":{"rendered":"https:\/\/locobase.com\/dk\/?post_type=product&#038;p=222"},"modified":"2026-04-17T15:15:40","modified_gmt":"2026-04-17T13:15:40","slug":"locobase-repair-light-cream","status":"publish","type":"product","link":"https:\/\/locobase.com\/dk\/vare\/locobase-repair-light-cream\/","title":{"rendered":"Locobase Repair Light Cream"},"content":{"rendered":"\n<div class=\"wp-block-karopharma-accordions is-style-secondary\"><div class=\"container\">\n<details class=\"wp-block-karopharma-accordion\"><summary><h2 class=\"accordion-title\">Anvendelsesomr\u00e5de<\/h2><\/summary><div class=\"accordion-content\">\n<p>P\u00e5f\u00f8res p\u00e5 t\u00f8rre hudomr\u00e5der over hele kroppen en gang dagligt eller s\u00e5 ofte som n\u00f8dvendigt. Velegnet til hele familien, ogs\u00e5 b\u00f8rn og sp\u00e6db\u00f8rn, til brug i ansigtet og p\u00e5 kroppen.<\/p>\n<\/div><\/details>\n\n\n\n<details class=\"wp-block-karopharma-accordion\"><summary><h2 class=\"accordion-title\">Ingredienser<\/h2><\/summary><div class=\"accordion-content\">\n<p>Aqua, Caprylic\/Capric, Triglyceride,\u202fButyrospermum\u202fParkii\u202fButter,\u202fGlycerin,\u202fCetearyl\u202fAlcohol,\u202fEthylhexyl\u202fStearate,\u202fHelianthus Annuus Hybrid Oil, Glyceryl Stearate, Copernicia Cerifera Cera, Squalane, Ceteareth-20, Allantoin, Sodium\u202fBenzoate, Ceramide NP, Citric Acid, Potassium\u202fSorbat\u202f<\/p>\n\n\n\n<p><strong>Ceramider NP<\/strong><br>Hj\u00e6lper med at reparere hudens naturligt beskyttende barriere.<\/p>\n\n\n\n<p><strong>Squalan<\/strong><br>Fugter i dybden og beskytter mod fugttab.<\/p>\n\n\n\n<p><strong>Allantoin<\/strong><br>Hj\u00e6lper med at berolige huden og reducere r\u00f8dme.<\/p>\n<\/div><\/details>\n<\/div><\/div>\n","protected":false},"excerpt":{"rendered":"<p>Udviklet i samarbejde med dermatologer til at reparere t\u00f8r, beskadiget og atopisk hud<\/p>\n","protected":false},"featured_media":250,"comment_status":"closed","ping_status":"closed","template":"","meta":{"_acf_changed":false,"footnotes":""},"product_brand":[],"product_cat":[22],"product_tag":[],"class_list":{"0":"post-222","1":"product","2":"type-product","3":"status-publish","4":"has-post-thumbnail","6":"product_cat-repair","8":"first","9":"instock","10":"shipping-taxable","11":"product-type-simple"},"acf":[],"yoast_head":"<!-- This site is optimized with the Yoast SEO plugin v26.6 - https:\/\/yoast.com\/wordpress\/plugins\/seo\/ -->\n<title>Locobase Repair Light Cream - Locobase<\/title>\n<meta name=\"description\" content=\"Udviklet i samarbejde med dermatologer til at reparere t\u00f8r, beskadiget og atopisk hud\" \/>\n<meta name=\"robots\" content=\"index, follow, max-snippet:-1, max-image-preview:large, max-video-preview:-1\" \/>\n<link rel=\"canonical\" href=\"https:\/\/locobase.com\/dk\/vare\/locobase-repair-light-cream\/\" \/>\n<meta property=\"og:locale\" content=\"da_DK\" \/>\n<meta property=\"og:type\" content=\"article\" \/>\n<meta property=\"og:title\" content=\"Locobase Repair Light Cream - Locobase\" \/>\n<meta property=\"og:description\" content=\"Udviklet i samarbejde med dermatologer til at reparere t\u00f8r, beskadiget og atopisk hud\" \/>\n<meta property=\"og:url\" content=\"https:\/\/locobase.com\/dk\/vare\/locobase-repair-light-cream\/\" \/>\n<meta property=\"og:site_name\" content=\"Locobase\" \/>\n<meta property=\"article:modified_time\" content=\"2026-04-17T13:15:40+00:00\" \/>\n<meta property=\"og:image\" content=\"https:\/\/locobase.com\/app\/uploads\/sites\/4\/2024\/08\/Locobase-Repair-Light-Cream-450ml-DK.png\" \/>\n\t<meta property=\"og:image:width\" content=\"800\" \/>\n\t<meta property=\"og:image:height\" content=\"800\" \/>\n\t<meta property=\"og:image:type\" content=\"image\/png\" \/>\n<meta name=\"twitter:card\" content=\"summary_large_image\" \/>\n<meta name=\"twitter:label1\" content=\"Estimeret l\u00e6setid\" \/>\n\t<meta name=\"twitter:data1\" content=\"1 minut\" \/>\n<script type=\"application\/ld+json\" class=\"yoast-schema-graph\">{\"@context\":\"https:\/\/schema.org\",\"@graph\":[{\"@type\":\"WebPage\",\"@id\":\"https:\/\/locobase.com\/dk\/vare\/locobase-repair-light-cream\/\",\"url\":\"https:\/\/locobase.com\/dk\/vare\/locobase-repair-light-cream\/\",\"name\":\"Locobase Repair Light Cream - Locobase\",\"isPartOf\":{\"@id\":\"https:\/\/locobase.com\/dk\/#website\"},\"primaryImageOfPage\":{\"@id\":\"https:\/\/locobase.com\/dk\/vare\/locobase-repair-light-cream\/#primaryimage\"},\"image\":{\"@id\":\"https:\/\/locobase.com\/dk\/vare\/locobase-repair-light-cream\/#primaryimage\"},\"thumbnailUrl\":\"https:\/\/locobase.com\/app\/uploads\/sites\/4\/2024\/08\/Locobase-Repair-Light-Cream-450ml-DK.png\",\"datePublished\":\"2024-08-13T08:31:58+00:00\",\"dateModified\":\"2026-04-17T13:15:40+00:00\",\"description\":\"Udviklet i samarbejde med dermatologer til at reparere t\u00f8r, beskadiget og atopisk hud\",\"breadcrumb\":{\"@id\":\"https:\/\/locobase.com\/dk\/vare\/locobase-repair-light-cream\/#breadcrumb\"},\"inLanguage\":\"da-DK\",\"potentialAction\":[{\"@type\":\"ReadAction\",\"target\":[\"https:\/\/locobase.com\/dk\/vare\/locobase-repair-light-cream\/\"]}]},{\"@type\":\"ImageObject\",\"inLanguage\":\"da-DK\",\"@id\":\"https:\/\/locobase.com\/dk\/vare\/locobase-repair-light-cream\/#primaryimage\",\"url\":\"https:\/\/locobase.com\/app\/uploads\/sites\/4\/2024\/08\/Locobase-Repair-Light-Cream-450ml-DK.png\",\"contentUrl\":\"https:\/\/locobase.com\/app\/uploads\/sites\/4\/2024\/08\/Locobase-Repair-Light-Cream-450ml-DK.png\",\"width\":800,\"height\":800,\"caption\":\"epair-Light-Cream-450ml-DK\"},{\"@type\":\"BreadcrumbList\",\"@id\":\"https:\/\/locobase.com\/dk\/vare\/locobase-repair-light-cream\/#breadcrumb\",\"itemListElement\":[{\"@type\":\"ListItem\",\"position\":1,\"name\":\"Home\",\"item\":\"https:\/\/locobase.com\/dk\/\"},{\"@type\":\"ListItem\",\"position\":2,\"name\":\"Produkter\",\"item\":\"https:\/\/locobase.com\/dk\/produkter\/\"},{\"@type\":\"ListItem\",\"position\":3,\"name\":\"Locobase Repair Light Cream\"}]},{\"@type\":\"WebSite\",\"@id\":\"https:\/\/locobase.com\/dk\/#website\",\"url\":\"https:\/\/locobase.com\/dk\/\",\"name\":\"Locobase\",\"description\":\"\",\"publisher\":{\"@id\":\"https:\/\/locobase.com\/dk\/#organization\"},\"potentialAction\":[{\"@type\":\"SearchAction\",\"target\":{\"@type\":\"EntryPoint\",\"urlTemplate\":\"https:\/\/locobase.com\/dk\/?s={search_term_string}\"},\"query-input\":{\"@type\":\"PropertyValueSpecification\",\"valueRequired\":true,\"valueName\":\"search_term_string\"}}],\"inLanguage\":\"da-DK\"},{\"@type\":\"Organization\",\"@id\":\"https:\/\/locobase.com\/dk\/#organization\",\"name\":\"Locobase\",\"url\":\"https:\/\/locobase.com\/dk\/\",\"logo\":{\"@type\":\"ImageObject\",\"inLanguage\":\"da-DK\",\"@id\":\"https:\/\/locobase.com\/dk\/#\/schema\/logo\/image\/\",\"url\":\"https:\/\/locobase.com\/app\/uploads\/sites\/4\/2022\/05\/logo.png\",\"contentUrl\":\"https:\/\/locobase.com\/app\/uploads\/sites\/4\/2022\/05\/logo.png\",\"width\":163,\"height\":32,\"caption\":\"Locobase\"},\"image\":{\"@id\":\"https:\/\/locobase.com\/dk\/#\/schema\/logo\/image\/\"}}]}<\/script>\n<!-- \/ Yoast SEO plugin. -->","yoast_head_json":{"title":"Locobase Repair Light Cream - Locobase","description":"Udviklet i samarbejde med dermatologer til at reparere t\u00f8r, beskadiget og atopisk hud","robots":{"index":"index","follow":"follow","max-snippet":"max-snippet:-1","max-image-preview":"max-image-preview:large","max-video-preview":"max-video-preview:-1"},"canonical":"https:\/\/locobase.com\/dk\/vare\/locobase-repair-light-cream\/","og_locale":"da_DK","og_type":"article","og_title":"Locobase Repair Light Cream - Locobase","og_description":"Udviklet i samarbejde med dermatologer til at reparere t\u00f8r, beskadiget og atopisk hud","og_url":"https:\/\/locobase.com\/dk\/vare\/locobase-repair-light-cream\/","og_site_name":"Locobase","article_modified_time":"2026-04-17T13:15:40+00:00","og_image":[{"width":800,"height":800,"url":"https:\/\/locobase.com\/app\/uploads\/sites\/4\/2024\/08\/Locobase-Repair-Light-Cream-450ml-DK.png","type":"image\/png"}],"twitter_card":"summary_large_image","twitter_misc":{"Estimeret l\u00e6setid":"1 minut"},"schema":{"@context":"https:\/\/schema.org","@graph":[{"@type":"WebPage","@id":"https:\/\/locobase.com\/dk\/vare\/locobase-repair-light-cream\/","url":"https:\/\/locobase.com\/dk\/vare\/locobase-repair-light-cream\/","name":"Locobase Repair Light Cream - Locobase","isPartOf":{"@id":"https:\/\/locobase.com\/dk\/#website"},"primaryImageOfPage":{"@id":"https:\/\/locobase.com\/dk\/vare\/locobase-repair-light-cream\/#primaryimage"},"image":{"@id":"https:\/\/locobase.com\/dk\/vare\/locobase-repair-light-cream\/#primaryimage"},"thumbnailUrl":"https:\/\/locobase.com\/app\/uploads\/sites\/4\/2024\/08\/Locobase-Repair-Light-Cream-450ml-DK.png","datePublished":"2024-08-13T08:31:58+00:00","dateModified":"2026-04-17T13:15:40+00:00","description":"Udviklet i samarbejde med dermatologer til at reparere t\u00f8r, beskadiget og atopisk hud","breadcrumb":{"@id":"https:\/\/locobase.com\/dk\/vare\/locobase-repair-light-cream\/#breadcrumb"},"inLanguage":"da-DK","potentialAction":[{"@type":"ReadAction","target":["https:\/\/locobase.com\/dk\/vare\/locobase-repair-light-cream\/"]}]},{"@type":"ImageObject","inLanguage":"da-DK","@id":"https:\/\/locobase.com\/dk\/vare\/locobase-repair-light-cream\/#primaryimage","url":"https:\/\/locobase.com\/app\/uploads\/sites\/4\/2024\/08\/Locobase-Repair-Light-Cream-450ml-DK.png","contentUrl":"https:\/\/locobase.com\/app\/uploads\/sites\/4\/2024\/08\/Locobase-Repair-Light-Cream-450ml-DK.png","width":800,"height":800,"caption":"epair-Light-Cream-450ml-DK"},{"@type":"BreadcrumbList","@id":"https:\/\/locobase.com\/dk\/vare\/locobase-repair-light-cream\/#breadcrumb","itemListElement":[{"@type":"ListItem","position":1,"name":"Home","item":"https:\/\/locobase.com\/dk\/"},{"@type":"ListItem","position":2,"name":"Produkter","item":"https:\/\/locobase.com\/dk\/produkter\/"},{"@type":"ListItem","position":3,"name":"Locobase Repair Light Cream"}]},{"@type":"WebSite","@id":"https:\/\/locobase.com\/dk\/#website","url":"https:\/\/locobase.com\/dk\/","name":"Locobase","description":"","publisher":{"@id":"https:\/\/locobase.com\/dk\/#organization"},"potentialAction":[{"@type":"SearchAction","target":{"@type":"EntryPoint","urlTemplate":"https:\/\/locobase.com\/dk\/?s={search_term_string}"},"query-input":{"@type":"PropertyValueSpecification","valueRequired":true,"valueName":"search_term_string"}}],"inLanguage":"da-DK"},{"@type":"Organization","@id":"https:\/\/locobase.com\/dk\/#organization","name":"Locobase","url":"https:\/\/locobase.com\/dk\/","logo":{"@type":"ImageObject","inLanguage":"da-DK","@id":"https:\/\/locobase.com\/dk\/#\/schema\/logo\/image\/","url":"https:\/\/locobase.com\/app\/uploads\/sites\/4\/2022\/05\/logo.png","contentUrl":"https:\/\/locobase.com\/app\/uploads\/sites\/4\/2022\/05\/logo.png","width":163,"height":32,"caption":"Locobase"},"image":{"@id":"https:\/\/locobase.com\/dk\/#\/schema\/logo\/image\/"}}]}},"_links":{"self":[{"href":"https:\/\/locobase.com\/dk\/wp-json\/wp\/v2\/product\/222","targetHints":{"allow":["GET"]}}],"collection":[{"href":"https:\/\/locobase.com\/dk\/wp-json\/wp\/v2\/product"}],"about":[{"href":"https:\/\/locobase.com\/dk\/wp-json\/wp\/v2\/types\/product"}],"replies":[{"embeddable":true,"href":"https:\/\/locobase.com\/dk\/wp-json\/wp\/v2\/comments?post=222"}],"version-history":[{"count":10,"href":"https:\/\/locobase.com\/dk\/wp-json\/wp\/v2\/product\/222\/revisions"}],"predecessor-version":[{"id":382,"href":"https:\/\/locobase.com\/dk\/wp-json\/wp\/v2\/product\/222\/revisions\/382"}],"wp:featuredmedia":[{"embeddable":true,"href":"https:\/\/locobase.com\/dk\/wp-json\/wp\/v2\/media\/250"}],"wp:attachment":[{"href":"https:\/\/locobase.com\/dk\/wp-json\/wp\/v2\/media?parent=222"}],"wp:term":[{"taxonomy":"product_brand","embeddable":true,"href":"https:\/\/locobase.com\/dk\/wp-json\/wp\/v2\/product_brand?post=222"},{"taxonomy":"product_cat","embeddable":true,"href":"https:\/\/locobase.com\/dk\/wp-json\/wp\/v2\/product_cat?post=222"},{"taxonomy":"product_tag","embeddable":true,"href":"https:\/\/locobase.com\/dk\/wp-json\/wp\/v2\/product_tag?post=222"}],"curies":[{"name":"wp","href":"https:\/\/api.w.org\/{rel}","templated":true}]}}