{"id":68,"date":"2022-06-02T08:46:16","date_gmt":"2022-06-02T06:46:16","guid":{"rendered":"https:\/\/locobase.com\/dk\/?post_type=product&#038;p=68"},"modified":"2025-08-29T11:37:34","modified_gmt":"2025-08-29T09:37:34","slug":"locobase-repair","status":"publish","type":"product","link":"https:\/\/locobase.com\/dk\/vare\/locobase-repair\/","title":{"rendered":"Locobase\u00ae Repair"},"content":{"rendered":"\n<div class=\"wp-block-karopharma-accordions is-style-secondary\"><div class=\"container\">\n<details class=\"wp-block-karopharma-accordion\"><summary><h2 class=\"accordion-title\">Anvendelsesomr\u00e5de<\/h2><\/summary><div class=\"accordion-content\">\n<p>Locobase Repair kan bruges af b\u00f8rn og voksne og er prim\u00e6rt beregnet til:<\/p>\n\n\n\n<ul class=\"is-style-icon wp-block-list\"><li>T\u00f8r, sk\u00e6llet eller revnet hud p\u00e5 h\u00e6nder, f\u00f8dder, ben, arme og andre dele af kroppen.<\/li><li>Hud, (ta bort,) der uds\u00e6ttes for meget slid, hud der er genetisk tilb\u00f8jelig til at have en svag hudbarriere eller hud, der er f\u00f8lsom i almindelighed.<\/li><li>Komplement\u00e6r og opf\u00f8lgende hudpleje ved behandling med kortisoncreme.<\/li><\/ul>\n<\/div><\/details>\n\n\n\n<details class=\"wp-block-karopharma-accordion\"><summary><h2 class=\"accordion-title\">Brug<\/h2><\/summary><div class=\"accordion-content\">\n<p><strong>En lille m\u00e6ngde r\u00e6kker langt<br><\/strong>Locobase Repair er meget dr\u00f8j, hvorfor det oftest er tilstr\u00e6kkeligt at anvende et tyndt lag creme p\u00e5 t\u00f8rre hudomr\u00e5der \u2013 en m\u00e6ngde der svarer til din lillefingernegl. P\u00e5f\u00f8r cremen p\u00e5 det udsatte omr\u00e5de mindst en gang dagligt eller oftere efter behov \u2013 cremen virker i op til 24 timer efter p\u00e5f\u00f8ring. Bruges helst om aftenen, da det giver cremen god tid til at arbejde.<\/p>\n\n\n\n<p>Grundet cremens specielle sammens\u00e6tning kan Locobase Repair opleves mere fast i konsistensen, end hvad man m\u00e5ske er vant til. Dog fedter den ikke og tr\u00e6nger hurtigt ind i huden \u2013 en lille m\u00e6ngde r\u00e6kker langt.<\/p>\n<\/div><\/details>\n\n\n\n<details class=\"wp-block-karopharma-accordion\"><summary><h2 class=\"accordion-title\">Ingredienser<\/h2><\/summary><div class=\"accordion-content\">\n<p>Locobase Repair har et h\u00f8jt fedtindhold (63%) og indeholder en optimal kombination af specielle og hudidentiske barrierefedtstoffer ceramider, kolesterol og frie aminosyrer.<\/p>\n\n\n\n<figure class=\"wp-block-table\"><table><tbody><tr><td><strong>Ingredienser<\/strong><\/td><\/tr><tr><td>Petrolatum<\/td><\/tr><tr><td>Vand<\/td><\/tr><tr><td>Paraffin<\/td><\/tr><tr><td>Paraffinum Liquidum<\/td><\/tr><tr><td>Glycerin<\/td><\/tr><tr><td>Sorbitan oleat<\/td><\/tr><tr><td>Copernicia cerifera wax<\/td><\/tr><tr><td>Cholesterol<\/td><\/tr><tr><td>Ceramide 3<\/td><\/tr><tr><td>Oleic acid<\/td><\/tr><tr><td>Palmitic acid<\/td><\/tr><tr><td>Tromethamine<\/td><\/tr><tr><td>Carbomer<\/td><\/tr><\/tbody><\/table><\/figure>\n<\/div><\/details>\n\n\n\n<details class=\"wp-block-karopharma-accordion\"><summary><h2 class=\"accordion-title\">Tip<\/h2><\/summary><div class=\"accordion-content\">\n<p>Det er is\u00e6r vigtigt at anvende creme, n\u00e5r det er koldt udenfor. P\u00e5f\u00f8r Locobase Repair p\u00e5 udsatte hudomr\u00e5der ca. 10 minutter f\u00f8r du g\u00e5r ud i kulden \u2013 p\u00e5 den m\u00e5de beskytter du din hud mod b\u00e5de dehydrering og frostskader.<\/p>\n\n\n\n<p>Locobase Repair fungerer ogs\u00e5 godt som en l\u00e6bebalsam.<\/p>\n<\/div><\/details>\n<\/div><\/div>\n","protected":false},"excerpt":{"rendered":"<p>Genopbyggende og beskyttende hudpleje<\/p>\n","protected":false},"featured_media":69,"comment_status":"closed","ping_status":"closed","template":"","meta":{"_acf_changed":false,"footnotes":""},"product_brand":[],"product_cat":[22],"product_tag":[],"class_list":{"0":"post-68","1":"product","2":"type-product","3":"status-publish","4":"has-post-thumbnail","6":"product_cat-repair","8":"first","9":"instock","10":"shipping-taxable","11":"product-type-simple"},"acf":[],"yoast_head":"<!-- This site is optimized with the Yoast SEO plugin v26.6 - https:\/\/yoast.com\/wordpress\/plugins\/seo\/ -->\n<title>Locobase\u00ae Repair - Locobase<\/title>\n<meta name=\"description\" content=\"Genopbyggende og beskyttende hudpleje. Locobase Repair er en s\u00e6rlig favoritcreme hos danske familier og har v\u00e6ret brugt i generationer mod meget t\u00f8r og skadet hud samt som komplement\u00e6r hudpleje ved atopisk eksem.\" \/>\n<meta name=\"robots\" content=\"index, follow, max-snippet:-1, max-image-preview:large, max-video-preview:-1\" \/>\n<link rel=\"canonical\" href=\"https:\/\/locobase.com\/dk\/vare\/locobase-repair\/\" \/>\n<meta property=\"og:locale\" content=\"da_DK\" \/>\n<meta property=\"og:type\" content=\"article\" \/>\n<meta property=\"og:title\" content=\"Locobase\u00ae Repair - Locobase\" \/>\n<meta property=\"og:description\" content=\"Genopbyggende og beskyttende hudpleje. Locobase Repair er en s\u00e6rlig favoritcreme hos danske familier og har v\u00e6ret brugt i generationer mod meget t\u00f8r og skadet hud samt som komplement\u00e6r hudpleje ved atopisk eksem.\" \/>\n<meta property=\"og:url\" content=\"https:\/\/locobase.com\/dk\/vare\/locobase-repair\/\" \/>\n<meta property=\"og:site_name\" content=\"Locobase\" \/>\n<meta property=\"article:modified_time\" content=\"2025-08-29T09:37:34+00:00\" \/>\n<meta property=\"og:image\" content=\"https:\/\/locobase.com\/app\/uploads\/sites\/4\/2022\/06\/Locobase-Repair-100g.png\" \/>\n\t<meta property=\"og:image:width\" content=\"640\" \/>\n\t<meta property=\"og:image:height\" content=\"640\" \/>\n\t<meta property=\"og:image:type\" content=\"image\/png\" \/>\n<meta name=\"twitter:card\" content=\"summary_large_image\" \/>\n<meta name=\"twitter:label1\" content=\"Estimeret l\u00e6setid\" \/>\n\t<meta name=\"twitter:data1\" content=\"2 minutter\" \/>\n<script type=\"application\/ld+json\" class=\"yoast-schema-graph\">{\"@context\":\"https:\/\/schema.org\",\"@graph\":[{\"@type\":\"WebPage\",\"@id\":\"https:\/\/locobase.com\/dk\/vare\/locobase-repair\/\",\"url\":\"https:\/\/locobase.com\/dk\/vare\/locobase-repair\/\",\"name\":\"Locobase\u00ae Repair - Locobase\",\"isPartOf\":{\"@id\":\"https:\/\/locobase.com\/dk\/#website\"},\"primaryImageOfPage\":{\"@id\":\"https:\/\/locobase.com\/dk\/vare\/locobase-repair\/#primaryimage\"},\"image\":{\"@id\":\"https:\/\/locobase.com\/dk\/vare\/locobase-repair\/#primaryimage\"},\"thumbnailUrl\":\"https:\/\/locobase.com\/app\/uploads\/sites\/4\/2022\/06\/Locobase-Repair-100g.png\",\"datePublished\":\"2022-06-02T06:46:16+00:00\",\"dateModified\":\"2025-08-29T09:37:34+00:00\",\"description\":\"Genopbyggende og beskyttende hudpleje. Locobase Repair er en s\u00e6rlig favoritcreme hos danske familier og har v\u00e6ret brugt i generationer mod meget t\u00f8r og skadet hud samt som komplement\u00e6r hudpleje ved atopisk eksem.\",\"breadcrumb\":{\"@id\":\"https:\/\/locobase.com\/dk\/vare\/locobase-repair\/#breadcrumb\"},\"inLanguage\":\"da-DK\",\"potentialAction\":[{\"@type\":\"ReadAction\",\"target\":[\"https:\/\/locobase.com\/dk\/vare\/locobase-repair\/\"]}]},{\"@type\":\"ImageObject\",\"inLanguage\":\"da-DK\",\"@id\":\"https:\/\/locobase.com\/dk\/vare\/locobase-repair\/#primaryimage\",\"url\":\"https:\/\/locobase.com\/app\/uploads\/sites\/4\/2022\/06\/Locobase-Repair-100g.png\",\"contentUrl\":\"https:\/\/locobase.com\/app\/uploads\/sites\/4\/2022\/06\/Locobase-Repair-100g.png\",\"width\":640,\"height\":640,\"caption\":\"Locobase Repair 100g\"},{\"@type\":\"BreadcrumbList\",\"@id\":\"https:\/\/locobase.com\/dk\/vare\/locobase-repair\/#breadcrumb\",\"itemListElement\":[{\"@type\":\"ListItem\",\"position\":1,\"name\":\"Home\",\"item\":\"https:\/\/locobase.com\/dk\/\"},{\"@type\":\"ListItem\",\"position\":2,\"name\":\"Produkter\",\"item\":\"https:\/\/locobase.com\/dk\/produkter\/\"},{\"@type\":\"ListItem\",\"position\":3,\"name\":\"Locobase\u00ae Repair\"}]},{\"@type\":\"WebSite\",\"@id\":\"https:\/\/locobase.com\/dk\/#website\",\"url\":\"https:\/\/locobase.com\/dk\/\",\"name\":\"Locobase\",\"description\":\"\",\"publisher\":{\"@id\":\"https:\/\/locobase.com\/dk\/#organization\"},\"potentialAction\":[{\"@type\":\"SearchAction\",\"target\":{\"@type\":\"EntryPoint\",\"urlTemplate\":\"https:\/\/locobase.com\/dk\/?s={search_term_string}\"},\"query-input\":{\"@type\":\"PropertyValueSpecification\",\"valueRequired\":true,\"valueName\":\"search_term_string\"}}],\"inLanguage\":\"da-DK\"},{\"@type\":\"Organization\",\"@id\":\"https:\/\/locobase.com\/dk\/#organization\",\"name\":\"Locobase\",\"url\":\"https:\/\/locobase.com\/dk\/\",\"logo\":{\"@type\":\"ImageObject\",\"inLanguage\":\"da-DK\",\"@id\":\"https:\/\/locobase.com\/dk\/#\/schema\/logo\/image\/\",\"url\":\"https:\/\/locobase.com\/app\/uploads\/sites\/4\/2022\/05\/logo.png\",\"contentUrl\":\"https:\/\/locobase.com\/app\/uploads\/sites\/4\/2022\/05\/logo.png\",\"width\":163,\"height\":32,\"caption\":\"Locobase\"},\"image\":{\"@id\":\"https:\/\/locobase.com\/dk\/#\/schema\/logo\/image\/\"}}]}<\/script>\n<!-- \/ Yoast SEO plugin. -->","yoast_head_json":{"title":"Locobase\u00ae Repair - Locobase","description":"Genopbyggende og beskyttende hudpleje. Locobase Repair er en s\u00e6rlig favoritcreme hos danske familier og har v\u00e6ret brugt i generationer mod meget t\u00f8r og skadet hud samt som komplement\u00e6r hudpleje ved atopisk eksem.","robots":{"index":"index","follow":"follow","max-snippet":"max-snippet:-1","max-image-preview":"max-image-preview:large","max-video-preview":"max-video-preview:-1"},"canonical":"https:\/\/locobase.com\/dk\/vare\/locobase-repair\/","og_locale":"da_DK","og_type":"article","og_title":"Locobase\u00ae Repair - Locobase","og_description":"Genopbyggende og beskyttende hudpleje. Locobase Repair er en s\u00e6rlig favoritcreme hos danske familier og har v\u00e6ret brugt i generationer mod meget t\u00f8r og skadet hud samt som komplement\u00e6r hudpleje ved atopisk eksem.","og_url":"https:\/\/locobase.com\/dk\/vare\/locobase-repair\/","og_site_name":"Locobase","article_modified_time":"2025-08-29T09:37:34+00:00","og_image":[{"width":640,"height":640,"url":"https:\/\/locobase.com\/app\/uploads\/sites\/4\/2022\/06\/Locobase-Repair-100g.png","type":"image\/png"}],"twitter_card":"summary_large_image","twitter_misc":{"Estimeret l\u00e6setid":"2 minutter"},"schema":{"@context":"https:\/\/schema.org","@graph":[{"@type":"WebPage","@id":"https:\/\/locobase.com\/dk\/vare\/locobase-repair\/","url":"https:\/\/locobase.com\/dk\/vare\/locobase-repair\/","name":"Locobase\u00ae Repair - Locobase","isPartOf":{"@id":"https:\/\/locobase.com\/dk\/#website"},"primaryImageOfPage":{"@id":"https:\/\/locobase.com\/dk\/vare\/locobase-repair\/#primaryimage"},"image":{"@id":"https:\/\/locobase.com\/dk\/vare\/locobase-repair\/#primaryimage"},"thumbnailUrl":"https:\/\/locobase.com\/app\/uploads\/sites\/4\/2022\/06\/Locobase-Repair-100g.png","datePublished":"2022-06-02T06:46:16+00:00","dateModified":"2025-08-29T09:37:34+00:00","description":"Genopbyggende og beskyttende hudpleje. Locobase Repair er en s\u00e6rlig favoritcreme hos danske familier og har v\u00e6ret brugt i generationer mod meget t\u00f8r og skadet hud samt som komplement\u00e6r hudpleje ved atopisk eksem.","breadcrumb":{"@id":"https:\/\/locobase.com\/dk\/vare\/locobase-repair\/#breadcrumb"},"inLanguage":"da-DK","potentialAction":[{"@type":"ReadAction","target":["https:\/\/locobase.com\/dk\/vare\/locobase-repair\/"]}]},{"@type":"ImageObject","inLanguage":"da-DK","@id":"https:\/\/locobase.com\/dk\/vare\/locobase-repair\/#primaryimage","url":"https:\/\/locobase.com\/app\/uploads\/sites\/4\/2022\/06\/Locobase-Repair-100g.png","contentUrl":"https:\/\/locobase.com\/app\/uploads\/sites\/4\/2022\/06\/Locobase-Repair-100g.png","width":640,"height":640,"caption":"Locobase Repair 100g"},{"@type":"BreadcrumbList","@id":"https:\/\/locobase.com\/dk\/vare\/locobase-repair\/#breadcrumb","itemListElement":[{"@type":"ListItem","position":1,"name":"Home","item":"https:\/\/locobase.com\/dk\/"},{"@type":"ListItem","position":2,"name":"Produkter","item":"https:\/\/locobase.com\/dk\/produkter\/"},{"@type":"ListItem","position":3,"name":"Locobase\u00ae Repair"}]},{"@type":"WebSite","@id":"https:\/\/locobase.com\/dk\/#website","url":"https:\/\/locobase.com\/dk\/","name":"Locobase","description":"","publisher":{"@id":"https:\/\/locobase.com\/dk\/#organization"},"potentialAction":[{"@type":"SearchAction","target":{"@type":"EntryPoint","urlTemplate":"https:\/\/locobase.com\/dk\/?s={search_term_string}"},"query-input":{"@type":"PropertyValueSpecification","valueRequired":true,"valueName":"search_term_string"}}],"inLanguage":"da-DK"},{"@type":"Organization","@id":"https:\/\/locobase.com\/dk\/#organization","name":"Locobase","url":"https:\/\/locobase.com\/dk\/","logo":{"@type":"ImageObject","inLanguage":"da-DK","@id":"https:\/\/locobase.com\/dk\/#\/schema\/logo\/image\/","url":"https:\/\/locobase.com\/app\/uploads\/sites\/4\/2022\/05\/logo.png","contentUrl":"https:\/\/locobase.com\/app\/uploads\/sites\/4\/2022\/05\/logo.png","width":163,"height":32,"caption":"Locobase"},"image":{"@id":"https:\/\/locobase.com\/dk\/#\/schema\/logo\/image\/"}}]}},"_links":{"self":[{"href":"https:\/\/locobase.com\/dk\/wp-json\/wp\/v2\/product\/68","targetHints":{"allow":["GET"]}}],"collection":[{"href":"https:\/\/locobase.com\/dk\/wp-json\/wp\/v2\/product"}],"about":[{"href":"https:\/\/locobase.com\/dk\/wp-json\/wp\/v2\/types\/product"}],"replies":[{"embeddable":true,"href":"https:\/\/locobase.com\/dk\/wp-json\/wp\/v2\/comments?post=68"}],"version-history":[{"count":9,"href":"https:\/\/locobase.com\/dk\/wp-json\/wp\/v2\/product\/68\/revisions"}],"predecessor-version":[{"id":353,"href":"https:\/\/locobase.com\/dk\/wp-json\/wp\/v2\/product\/68\/revisions\/353"}],"wp:featuredmedia":[{"embeddable":true,"href":"https:\/\/locobase.com\/dk\/wp-json\/wp\/v2\/media\/69"}],"wp:attachment":[{"href":"https:\/\/locobase.com\/dk\/wp-json\/wp\/v2\/media?parent=68"}],"wp:term":[{"taxonomy":"product_brand","embeddable":true,"href":"https:\/\/locobase.com\/dk\/wp-json\/wp\/v2\/product_brand?post=68"},{"taxonomy":"product_cat","embeddable":true,"href":"https:\/\/locobase.com\/dk\/wp-json\/wp\/v2\/product_cat?post=68"},{"taxonomy":"product_tag","embeddable":true,"href":"https:\/\/locobase.com\/dk\/wp-json\/wp\/v2\/product_tag?post=68"}],"curies":[{"name":"wp","href":"https:\/\/api.w.org\/{rel}","templated":true}]}}