{"id":72,"date":"2022-06-02T08:48:35","date_gmt":"2022-06-02T06:48:35","guid":{"rendered":"https:\/\/locobase.com\/dk\/?post_type=product&#038;p=72"},"modified":"2025-08-29T11:37:32","modified_gmt":"2025-08-29T09:37:32","slug":"locobase-eczema-cream","status":"publish","type":"product","link":"https:\/\/locobase.com\/dk\/vare\/locobase-eczema-cream\/","title":{"rendered":"Locobase\u00ae Eczema Cream"},"content":{"rendered":"\n<div class=\"wp-block-karopharma-accordions is-style-secondary\"><div class=\"container\">\n<details class=\"wp-block-karopharma-accordion\"><summary><h2 class=\"accordion-title\">Anvendelsesomr\u00e5de<\/h2><\/summary><div class=\"accordion-content\">\n<figure class=\"wp-block-image size-full is-resized\"><img loading=\"lazy\" decoding=\"async\" src=\"https:\/\/locobase.com\/app\/uploads\/2022\/01\/Locobase_icon-200x200-1-100x100.png\" alt=\"Behandling af symptomer p\u00e5 eksem og hudirritation.\" class=\"wp-image-2451\" width=\"100\" height=\"100\"\/><\/figure>\n\n\n\n<p>Behandling af symptomer p\u00e5 eksem og hudirritation.<\/p>\n\n\n\n<figure class=\"wp-block-image size-full is-resized\"><img loading=\"lazy\" decoding=\"async\" src=\"https:\/\/locobase.com\/app\/uploads\/2022\/01\/Locobase_icon_2-200x200-1-100x100.png\" alt=\"Hj\u00e6lper med at forhindre hudinfektion.\" class=\"wp-image-2459\" width=\"100\" height=\"100\"\/><\/figure>\n\n\n\n<p>Hj\u00e6lper med at forhindre hudinfektion.<\/p>\n\n\n\n<p>Locobase Eczema Cream er klinisk testet og kan bruges af voksne og b\u00f8rn fra 0 \u00e5r.<\/p>\n<\/div><\/details>\n\n\n\n<details class=\"wp-block-karopharma-accordion\"><summary><h2 class=\"accordion-title\">Brug<\/h2><\/summary><div class=\"accordion-content\">\n<p>P\u00e5f\u00f8r p\u00e5 irriteret hud to gange dagligt eller oftere efter behov. Kun til ekstern brug.<\/p>\n<\/div><\/details>\n\n\n\n<details class=\"wp-block-karopharma-accordion\"><summary><h2 class=\"accordion-title\">Ingredienser<\/h2><\/summary><div class=\"accordion-content\">\n<figure class=\"wp-block-table\"><table><tbody><tr><td><strong>Ingredienser<\/strong><\/td><\/tr><tr><td>Galactoarabinan Polyglucuronic Acid Crosspolymer*<\/td><\/tr><tr><td>Aqua<\/td><\/tr><tr><td>Ethylhexyl Stearate<\/td><\/tr><tr><td>Glycerin<\/td><\/tr><tr><td>Zinc Oxide<\/td><\/tr><tr><td>Caprylic\/Capric Triglyceride<\/td><\/tr><tr><td>Oxidized Microcrystalline Cera<\/td><\/tr><tr><td>lsopropyl Myristate<\/td><\/tr><tr><td>Cetearyl Ethylhexanoate<\/td><\/tr><tr><td>PEG-30 Dipolyhydroxystearate<\/td><\/tr><tr><td>Magnesium Sulfate<\/td><\/tr><tr><td>Phenoxyethanol<\/td><\/tr><tr><td>Tocopheryl Acetate<\/td><\/tr><tr><td>Ethylhexylglycerin<\/td><\/tr><tr><td>Citric Acid<\/td><\/tr><tr><td>Sodium Benzoat<\/td><\/tr><tr><td>Potassium Sorbate<\/td><\/tr><tr><td><em>*2QR-komplex: Renot fra Aloe Barbadensis Leaf Extroct.<\/em><\/td><\/tr><\/tbody><\/table><\/figure>\n\n\n\n<p>Locobase Eczema Cream er uparfumeret og kortisonfri. Ingen af \u200b\u200bingredienserne er af animalsk oprindelse.<\/p>\n<\/div><\/details>\n<\/div><\/div>\n","protected":false},"excerpt":{"rendered":"<p>Kortisonfri behandling af symptomer p\u00e5 eksem og hudirritation<\/p>\n","protected":false},"featured_media":330,"comment_status":"closed","ping_status":"closed","template":"","meta":{"_acf_changed":false,"footnotes":""},"product_brand":[],"product_cat":[22],"product_tag":[],"class_list":{"0":"post-72","1":"product","2":"type-product","3":"status-publish","4":"has-post-thumbnail","6":"product_cat-repair","8":"first","9":"instock","10":"shipping-taxable","11":"product-type-simple"},"acf":[],"yoast_head":"<!-- This site is optimized with the Yoast SEO plugin v26.6 - https:\/\/yoast.com\/wordpress\/plugins\/seo\/ -->\n<title>Locobase\u00ae Eczema Cream - Locobase<\/title>\n<meta name=\"description\" content=\"Locobase Eczema Cream er et oplagt valg til dig, som foretr\u00e6kker kortisonfri creme til behandling af eksem og hudirritation. Locobase Eczema Cream mindsker kl\u00f8e, t\u00f8r hud og r\u00f8dme.\" \/>\n<meta name=\"robots\" content=\"index, follow, max-snippet:-1, max-image-preview:large, max-video-preview:-1\" \/>\n<link rel=\"canonical\" href=\"https:\/\/locobase.com\/dk\/vare\/locobase-eczema-cream\/\" \/>\n<meta property=\"og:locale\" content=\"da_DK\" \/>\n<meta property=\"og:type\" content=\"article\" \/>\n<meta property=\"og:title\" content=\"Locobase\u00ae Eczema Cream - Locobase\" \/>\n<meta property=\"og:description\" content=\"Locobase Eczema Cream er et oplagt valg til dig, som foretr\u00e6kker kortisonfri creme til behandling af eksem og hudirritation. Locobase Eczema Cream mindsker kl\u00f8e, t\u00f8r hud og r\u00f8dme.\" \/>\n<meta property=\"og:url\" content=\"https:\/\/locobase.com\/dk\/vare\/locobase-eczema-cream\/\" \/>\n<meta property=\"og:site_name\" content=\"Locobase\" \/>\n<meta property=\"article:modified_time\" content=\"2025-08-29T09:37:32+00:00\" \/>\n<meta property=\"og:image\" content=\"https:\/\/locobase.com\/app\/uploads\/sites\/4\/2022\/06\/Locobase-Eczema-Cream-30g.png\" \/>\n\t<meta property=\"og:image:width\" content=\"800\" \/>\n\t<meta property=\"og:image:height\" content=\"800\" \/>\n\t<meta property=\"og:image:type\" content=\"image\/png\" \/>\n<meta name=\"twitter:card\" content=\"summary_large_image\" \/>\n<meta name=\"twitter:label1\" content=\"Estimeret l\u00e6setid\" \/>\n\t<meta name=\"twitter:data1\" content=\"2 minutter\" \/>\n<script type=\"application\/ld+json\" class=\"yoast-schema-graph\">{\"@context\":\"https:\/\/schema.org\",\"@graph\":[{\"@type\":\"WebPage\",\"@id\":\"https:\/\/locobase.com\/dk\/vare\/locobase-eczema-cream\/\",\"url\":\"https:\/\/locobase.com\/dk\/vare\/locobase-eczema-cream\/\",\"name\":\"Locobase\u00ae Eczema Cream - Locobase\",\"isPartOf\":{\"@id\":\"https:\/\/locobase.com\/dk\/#website\"},\"primaryImageOfPage\":{\"@id\":\"https:\/\/locobase.com\/dk\/vare\/locobase-eczema-cream\/#primaryimage\"},\"image\":{\"@id\":\"https:\/\/locobase.com\/dk\/vare\/locobase-eczema-cream\/#primaryimage\"},\"thumbnailUrl\":\"https:\/\/locobase.com\/app\/uploads\/sites\/4\/2022\/06\/Locobase-Eczema-Cream-30g.png\",\"datePublished\":\"2022-06-02T06:48:35+00:00\",\"dateModified\":\"2025-08-29T09:37:32+00:00\",\"description\":\"Locobase Eczema Cream er et oplagt valg til dig, som foretr\u00e6kker kortisonfri creme til behandling af eksem og hudirritation. Locobase Eczema Cream mindsker kl\u00f8e, t\u00f8r hud og r\u00f8dme.\",\"breadcrumb\":{\"@id\":\"https:\/\/locobase.com\/dk\/vare\/locobase-eczema-cream\/#breadcrumb\"},\"inLanguage\":\"da-DK\",\"potentialAction\":[{\"@type\":\"ReadAction\",\"target\":[\"https:\/\/locobase.com\/dk\/vare\/locobase-eczema-cream\/\"]}]},{\"@type\":\"ImageObject\",\"inLanguage\":\"da-DK\",\"@id\":\"https:\/\/locobase.com\/dk\/vare\/locobase-eczema-cream\/#primaryimage\",\"url\":\"https:\/\/locobase.com\/app\/uploads\/sites\/4\/2022\/06\/Locobase-Eczema-Cream-30g.png\",\"contentUrl\":\"https:\/\/locobase.com\/app\/uploads\/sites\/4\/2022\/06\/Locobase-Eczema-Cream-30g.png\",\"width\":800,\"height\":800,\"caption\":\"Locobase Eczema Cream\"},{\"@type\":\"BreadcrumbList\",\"@id\":\"https:\/\/locobase.com\/dk\/vare\/locobase-eczema-cream\/#breadcrumb\",\"itemListElement\":[{\"@type\":\"ListItem\",\"position\":1,\"name\":\"Home\",\"item\":\"https:\/\/locobase.com\/dk\/\"},{\"@type\":\"ListItem\",\"position\":2,\"name\":\"Produkter\",\"item\":\"https:\/\/locobase.com\/dk\/produkter\/\"},{\"@type\":\"ListItem\",\"position\":3,\"name\":\"Locobase\u00ae Eczema Cream\"}]},{\"@type\":\"WebSite\",\"@id\":\"https:\/\/locobase.com\/dk\/#website\",\"url\":\"https:\/\/locobase.com\/dk\/\",\"name\":\"Locobase\",\"description\":\"\",\"publisher\":{\"@id\":\"https:\/\/locobase.com\/dk\/#organization\"},\"potentialAction\":[{\"@type\":\"SearchAction\",\"target\":{\"@type\":\"EntryPoint\",\"urlTemplate\":\"https:\/\/locobase.com\/dk\/?s={search_term_string}\"},\"query-input\":{\"@type\":\"PropertyValueSpecification\",\"valueRequired\":true,\"valueName\":\"search_term_string\"}}],\"inLanguage\":\"da-DK\"},{\"@type\":\"Organization\",\"@id\":\"https:\/\/locobase.com\/dk\/#organization\",\"name\":\"Locobase\",\"url\":\"https:\/\/locobase.com\/dk\/\",\"logo\":{\"@type\":\"ImageObject\",\"inLanguage\":\"da-DK\",\"@id\":\"https:\/\/locobase.com\/dk\/#\/schema\/logo\/image\/\",\"url\":\"https:\/\/locobase.com\/app\/uploads\/sites\/4\/2022\/05\/logo.png\",\"contentUrl\":\"https:\/\/locobase.com\/app\/uploads\/sites\/4\/2022\/05\/logo.png\",\"width\":163,\"height\":32,\"caption\":\"Locobase\"},\"image\":{\"@id\":\"https:\/\/locobase.com\/dk\/#\/schema\/logo\/image\/\"}}]}<\/script>\n<!-- \/ Yoast SEO plugin. -->","yoast_head_json":{"title":"Locobase\u00ae Eczema Cream - Locobase","description":"Locobase Eczema Cream er et oplagt valg til dig, som foretr\u00e6kker kortisonfri creme til behandling af eksem og hudirritation. Locobase Eczema Cream mindsker kl\u00f8e, t\u00f8r hud og r\u00f8dme.","robots":{"index":"index","follow":"follow","max-snippet":"max-snippet:-1","max-image-preview":"max-image-preview:large","max-video-preview":"max-video-preview:-1"},"canonical":"https:\/\/locobase.com\/dk\/vare\/locobase-eczema-cream\/","og_locale":"da_DK","og_type":"article","og_title":"Locobase\u00ae Eczema Cream - Locobase","og_description":"Locobase Eczema Cream er et oplagt valg til dig, som foretr\u00e6kker kortisonfri creme til behandling af eksem og hudirritation. Locobase Eczema Cream mindsker kl\u00f8e, t\u00f8r hud og r\u00f8dme.","og_url":"https:\/\/locobase.com\/dk\/vare\/locobase-eczema-cream\/","og_site_name":"Locobase","article_modified_time":"2025-08-29T09:37:32+00:00","og_image":[{"width":800,"height":800,"url":"https:\/\/locobase.com\/app\/uploads\/sites\/4\/2022\/06\/Locobase-Eczema-Cream-30g.png","type":"image\/png"}],"twitter_card":"summary_large_image","twitter_misc":{"Estimeret l\u00e6setid":"2 minutter"},"schema":{"@context":"https:\/\/schema.org","@graph":[{"@type":"WebPage","@id":"https:\/\/locobase.com\/dk\/vare\/locobase-eczema-cream\/","url":"https:\/\/locobase.com\/dk\/vare\/locobase-eczema-cream\/","name":"Locobase\u00ae Eczema Cream - Locobase","isPartOf":{"@id":"https:\/\/locobase.com\/dk\/#website"},"primaryImageOfPage":{"@id":"https:\/\/locobase.com\/dk\/vare\/locobase-eczema-cream\/#primaryimage"},"image":{"@id":"https:\/\/locobase.com\/dk\/vare\/locobase-eczema-cream\/#primaryimage"},"thumbnailUrl":"https:\/\/locobase.com\/app\/uploads\/sites\/4\/2022\/06\/Locobase-Eczema-Cream-30g.png","datePublished":"2022-06-02T06:48:35+00:00","dateModified":"2025-08-29T09:37:32+00:00","description":"Locobase Eczema Cream er et oplagt valg til dig, som foretr\u00e6kker kortisonfri creme til behandling af eksem og hudirritation. Locobase Eczema Cream mindsker kl\u00f8e, t\u00f8r hud og r\u00f8dme.","breadcrumb":{"@id":"https:\/\/locobase.com\/dk\/vare\/locobase-eczema-cream\/#breadcrumb"},"inLanguage":"da-DK","potentialAction":[{"@type":"ReadAction","target":["https:\/\/locobase.com\/dk\/vare\/locobase-eczema-cream\/"]}]},{"@type":"ImageObject","inLanguage":"da-DK","@id":"https:\/\/locobase.com\/dk\/vare\/locobase-eczema-cream\/#primaryimage","url":"https:\/\/locobase.com\/app\/uploads\/sites\/4\/2022\/06\/Locobase-Eczema-Cream-30g.png","contentUrl":"https:\/\/locobase.com\/app\/uploads\/sites\/4\/2022\/06\/Locobase-Eczema-Cream-30g.png","width":800,"height":800,"caption":"Locobase Eczema Cream"},{"@type":"BreadcrumbList","@id":"https:\/\/locobase.com\/dk\/vare\/locobase-eczema-cream\/#breadcrumb","itemListElement":[{"@type":"ListItem","position":1,"name":"Home","item":"https:\/\/locobase.com\/dk\/"},{"@type":"ListItem","position":2,"name":"Produkter","item":"https:\/\/locobase.com\/dk\/produkter\/"},{"@type":"ListItem","position":3,"name":"Locobase\u00ae Eczema Cream"}]},{"@type":"WebSite","@id":"https:\/\/locobase.com\/dk\/#website","url":"https:\/\/locobase.com\/dk\/","name":"Locobase","description":"","publisher":{"@id":"https:\/\/locobase.com\/dk\/#organization"},"potentialAction":[{"@type":"SearchAction","target":{"@type":"EntryPoint","urlTemplate":"https:\/\/locobase.com\/dk\/?s={search_term_string}"},"query-input":{"@type":"PropertyValueSpecification","valueRequired":true,"valueName":"search_term_string"}}],"inLanguage":"da-DK"},{"@type":"Organization","@id":"https:\/\/locobase.com\/dk\/#organization","name":"Locobase","url":"https:\/\/locobase.com\/dk\/","logo":{"@type":"ImageObject","inLanguage":"da-DK","@id":"https:\/\/locobase.com\/dk\/#\/schema\/logo\/image\/","url":"https:\/\/locobase.com\/app\/uploads\/sites\/4\/2022\/05\/logo.png","contentUrl":"https:\/\/locobase.com\/app\/uploads\/sites\/4\/2022\/05\/logo.png","width":163,"height":32,"caption":"Locobase"},"image":{"@id":"https:\/\/locobase.com\/dk\/#\/schema\/logo\/image\/"}}]}},"_links":{"self":[{"href":"https:\/\/locobase.com\/dk\/wp-json\/wp\/v2\/product\/72","targetHints":{"allow":["GET"]}}],"collection":[{"href":"https:\/\/locobase.com\/dk\/wp-json\/wp\/v2\/product"}],"about":[{"href":"https:\/\/locobase.com\/dk\/wp-json\/wp\/v2\/types\/product"}],"replies":[{"embeddable":true,"href":"https:\/\/locobase.com\/dk\/wp-json\/wp\/v2\/comments?post=72"}],"version-history":[{"count":10,"href":"https:\/\/locobase.com\/dk\/wp-json\/wp\/v2\/product\/72\/revisions"}],"predecessor-version":[{"id":355,"href":"https:\/\/locobase.com\/dk\/wp-json\/wp\/v2\/product\/72\/revisions\/355"}],"wp:featuredmedia":[{"embeddable":true,"href":"https:\/\/locobase.com\/dk\/wp-json\/wp\/v2\/media\/330"}],"wp:attachment":[{"href":"https:\/\/locobase.com\/dk\/wp-json\/wp\/v2\/media?parent=72"}],"wp:term":[{"taxonomy":"product_brand","embeddable":true,"href":"https:\/\/locobase.com\/dk\/wp-json\/wp\/v2\/product_brand?post=72"},{"taxonomy":"product_cat","embeddable":true,"href":"https:\/\/locobase.com\/dk\/wp-json\/wp\/v2\/product_cat?post=72"},{"taxonomy":"product_tag","embeddable":true,"href":"https:\/\/locobase.com\/dk\/wp-json\/wp\/v2\/product_tag?post=72"}],"curies":[{"name":"wp","href":"https:\/\/api.w.org\/{rel}","templated":true}]}}