{"id":86,"date":"2022-06-02T09:25:17","date_gmt":"2022-06-02T07:25:17","guid":{"rendered":"https:\/\/locobase.com\/dk\/?post_type=product&#038;p=86"},"modified":"2025-08-29T11:37:30","modified_gmt":"2025-08-29T09:37:30","slug":"locobase-protect","status":"publish","type":"product","link":"https:\/\/locobase.com\/dk\/vare\/locobase-protect\/","title":{"rendered":"Locobase\u00ae Protect"},"content":{"rendered":"\n<div class=\"wp-block-karopharma-accordions is-style-secondary\"><div class=\"container\">\n<details class=\"wp-block-karopharma-accordion\"><summary><h2 class=\"accordion-title\">Anvendelsesomr\u00e5de<\/h2><\/summary><div class=\"accordion-content\">\n<p>Locobase Protect er specielt udviklet til t\u00f8r hud og kan bruges af b\u00f8rn og voksne. Anvendelsesomr\u00e5derne er mange:<\/p>\n\n\n\n<ul class=\"is-style-icon wp-block-list\"><li>T\u00f8r og meget t\u00f8r hud (selv p\u00e5 store hudomr\u00e5der)<\/li><li>Irriteret og\/eller sensitiv hud<\/li><li>Kan ogs\u00e5 bruges som komplement\u00e6r hudpleje ved eksem<\/li><li>Kan ogs\u00e5 bruges som komplement\u00e6r hudpleje til eksem som en beskyttende specialcreme, n\u00e5r huden uds\u00e6ttes for ekstra slid og udt\u00f8rring. For eksempel hvis du vasker h\u00e6nder ofte, eller arbejder med kolde, v\u00e5de eller meget t\u00f8rre materialer.<\/li><\/ul>\n<\/div><\/details>\n\n\n\n<details class=\"wp-block-karopharma-accordion\"><summary><h2 class=\"accordion-title\">Brug<\/h2><\/summary><div class=\"accordion-content\">\n<p>Locobase Protect kan bruges efter behov og p\u00e5f\u00f8res flere gange dagligt p\u00e5 hele kroppen \u2013 ogs\u00e5 ansigtet. Sm\u00f8r den t\u00f8rre hud 3-4 gange dagligt. Dette er normalt nok til at hudbarrieren er intakt i 24 timer. Du kan sm\u00f8re dig oftere, hvis du f\u00f8ler det er n\u00f8dvendigt eller f\u00f8ler dig godt tilpas.<\/p>\n<\/div><\/details>\n\n\n\n<details class=\"wp-block-karopharma-accordion\"><summary><h2 class=\"accordion-title\">Ingredienser<\/h2><\/summary><div class=\"accordion-content\">\n<p>Locobase Protect er en vandbaseret creme med 70 % fedt.<\/p>\n\n\n\n<figure class=\"wp-block-table\"><table><tbody><tr><td><strong>Ingredienser<\/strong><\/td><\/tr><tr><td>Petrolatum<\/td><\/tr><tr><td>Vand<\/td><\/tr><tr><td>Paraffinum Liquidum<\/td><\/tr><tr><td>Cetearyl Alcohol<\/td><\/tr><tr><td>Ceteareth-25<\/td><\/tr><tr><td>Methylparaben<\/td><\/tr><tr><td>Citric Acid<\/td><\/tr><tr><td>Sodium Citrate<\/td><\/tr><\/tbody><\/table><\/figure>\n<\/div><\/details>\n\n\n\n<details class=\"wp-block-karopharma-accordion\"><summary><h2 class=\"accordion-title\">Tip<\/h2><\/summary><div class=\"accordion-content\">\n<p>Huden har en tendens til at blive ekstra t\u00f8r, hvis den uds\u00e6ttes for store forskelle i temperatur eller luftfugtighed. S\u00f8rg derfor for at sm\u00f8re alle t\u00f8rre hudomr\u00e5der for at holde huden bl\u00f8d og smidig. H\u00e6nder, albuer, kn\u00e6 og f\u00f8dder er s\u00e6rligt udsatte omr\u00e5der.<\/p>\n\n\n\n<p>Det er ekstra vigtigt at sm\u00f8re sig ind, n\u00e5r det er koldt udenfor. Brug rigeligt med Locobase Protect p\u00e5 udsatte omr\u00e5der i cirka ti minutter, f\u00f8r du g\u00e5r ud i kulden. P\u00e5 den m\u00e5de beskytter du dig mod b\u00e5de udt\u00f8rring og frostskader.<\/p>\n<\/div><\/details>\n<\/div><\/div>\n","protected":false},"excerpt":{"rendered":"<p>Specielcreme til t\u00f8r og f\u00f8lsom hud<\/p>\n","protected":false},"featured_media":108,"comment_status":"closed","ping_status":"closed","template":"","meta":{"_acf_changed":false,"footnotes":""},"product_brand":[],"product_cat":[20],"product_tag":[],"class_list":{"0":"post-86","1":"product","2":"type-product","3":"status-publish","4":"has-post-thumbnail","6":"product_cat-protect","8":"first","9":"instock","10":"shipping-taxable","11":"product-type-simple"},"acf":[],"yoast_head":"<!-- This site is optimized with the Yoast SEO plugin v26.6 - https:\/\/yoast.com\/wordpress\/plugins\/seo\/ -->\n<title>Locobase\u00ae Protect - Locobase<\/title>\n<meta name=\"description\" content=\"Ved t\u00f8r eller meget t\u00f8r hud b\u00f8r man anvende en creme med mindst 60% fedt. Locobase Protect Fedtcreme er en vandbaseret creme med 70% fedt, hvilket \u00f8ger hudens elasticitet og fugtighedsniveau.\" \/>\n<meta name=\"robots\" content=\"index, follow, max-snippet:-1, max-image-preview:large, max-video-preview:-1\" \/>\n<link rel=\"canonical\" href=\"https:\/\/locobase.com\/dk\/vare\/locobase-protect\/\" \/>\n<meta property=\"og:locale\" content=\"da_DK\" \/>\n<meta property=\"og:type\" content=\"article\" \/>\n<meta property=\"og:title\" content=\"Locobase\u00ae Protect - Locobase\" \/>\n<meta property=\"og:description\" content=\"Ved t\u00f8r eller meget t\u00f8r hud b\u00f8r man anvende en creme med mindst 60% fedt. Locobase Protect Fedtcreme er en vandbaseret creme med 70% fedt, hvilket \u00f8ger hudens elasticitet og fugtighedsniveau.\" \/>\n<meta property=\"og:url\" content=\"https:\/\/locobase.com\/dk\/vare\/locobase-protect\/\" \/>\n<meta property=\"og:site_name\" content=\"Locobase\" \/>\n<meta property=\"article:modified_time\" content=\"2025-08-29T09:37:30+00:00\" \/>\n<meta property=\"og:image\" content=\"https:\/\/locobase.com\/app\/uploads\/sites\/4\/2022\/06\/Locobase_Protect_100g_NC_front.png\" \/>\n\t<meta property=\"og:image:width\" content=\"1184\" \/>\n\t<meta property=\"og:image:height\" content=\"1200\" \/>\n\t<meta property=\"og:image:type\" content=\"image\/png\" \/>\n<meta name=\"twitter:card\" content=\"summary_large_image\" \/>\n<meta name=\"twitter:label1\" content=\"Estimeret l\u00e6setid\" \/>\n\t<meta name=\"twitter:data1\" content=\"2 minutter\" \/>\n<script type=\"application\/ld+json\" class=\"yoast-schema-graph\">{\"@context\":\"https:\/\/schema.org\",\"@graph\":[{\"@type\":\"WebPage\",\"@id\":\"https:\/\/locobase.com\/dk\/vare\/locobase-protect\/\",\"url\":\"https:\/\/locobase.com\/dk\/vare\/locobase-protect\/\",\"name\":\"Locobase\u00ae Protect - Locobase\",\"isPartOf\":{\"@id\":\"https:\/\/locobase.com\/dk\/#website\"},\"primaryImageOfPage\":{\"@id\":\"https:\/\/locobase.com\/dk\/vare\/locobase-protect\/#primaryimage\"},\"image\":{\"@id\":\"https:\/\/locobase.com\/dk\/vare\/locobase-protect\/#primaryimage\"},\"thumbnailUrl\":\"https:\/\/locobase.com\/app\/uploads\/sites\/4\/2022\/06\/Locobase_Protect_100g_NC_front.png\",\"datePublished\":\"2022-06-02T07:25:17+00:00\",\"dateModified\":\"2025-08-29T09:37:30+00:00\",\"description\":\"Ved t\u00f8r eller meget t\u00f8r hud b\u00f8r man anvende en creme med mindst 60% fedt. Locobase Protect Fedtcreme er en vandbaseret creme med 70% fedt, hvilket \u00f8ger hudens elasticitet og fugtighedsniveau.\",\"breadcrumb\":{\"@id\":\"https:\/\/locobase.com\/dk\/vare\/locobase-protect\/#breadcrumb\"},\"inLanguage\":\"da-DK\",\"potentialAction\":[{\"@type\":\"ReadAction\",\"target\":[\"https:\/\/locobase.com\/dk\/vare\/locobase-protect\/\"]}]},{\"@type\":\"ImageObject\",\"inLanguage\":\"da-DK\",\"@id\":\"https:\/\/locobase.com\/dk\/vare\/locobase-protect\/#primaryimage\",\"url\":\"https:\/\/locobase.com\/app\/uploads\/sites\/4\/2022\/06\/Locobase_Protect_100g_NC_front.png\",\"contentUrl\":\"https:\/\/locobase.com\/app\/uploads\/sites\/4\/2022\/06\/Locobase_Protect_100g_NC_front.png\",\"width\":1184,\"height\":1200,\"caption\":\"Locobase Protect 100g\"},{\"@type\":\"BreadcrumbList\",\"@id\":\"https:\/\/locobase.com\/dk\/vare\/locobase-protect\/#breadcrumb\",\"itemListElement\":[{\"@type\":\"ListItem\",\"position\":1,\"name\":\"Home\",\"item\":\"https:\/\/locobase.com\/dk\/\"},{\"@type\":\"ListItem\",\"position\":2,\"name\":\"Produkter\",\"item\":\"https:\/\/locobase.com\/dk\/produkter\/\"},{\"@type\":\"ListItem\",\"position\":3,\"name\":\"Locobase\u00ae Protect\"}]},{\"@type\":\"WebSite\",\"@id\":\"https:\/\/locobase.com\/dk\/#website\",\"url\":\"https:\/\/locobase.com\/dk\/\",\"name\":\"Locobase\",\"description\":\"\",\"publisher\":{\"@id\":\"https:\/\/locobase.com\/dk\/#organization\"},\"potentialAction\":[{\"@type\":\"SearchAction\",\"target\":{\"@type\":\"EntryPoint\",\"urlTemplate\":\"https:\/\/locobase.com\/dk\/?s={search_term_string}\"},\"query-input\":{\"@type\":\"PropertyValueSpecification\",\"valueRequired\":true,\"valueName\":\"search_term_string\"}}],\"inLanguage\":\"da-DK\"},{\"@type\":\"Organization\",\"@id\":\"https:\/\/locobase.com\/dk\/#organization\",\"name\":\"Locobase\",\"url\":\"https:\/\/locobase.com\/dk\/\",\"logo\":{\"@type\":\"ImageObject\",\"inLanguage\":\"da-DK\",\"@id\":\"https:\/\/locobase.com\/dk\/#\/schema\/logo\/image\/\",\"url\":\"https:\/\/locobase.com\/app\/uploads\/sites\/4\/2022\/05\/logo.png\",\"contentUrl\":\"https:\/\/locobase.com\/app\/uploads\/sites\/4\/2022\/05\/logo.png\",\"width\":163,\"height\":32,\"caption\":\"Locobase\"},\"image\":{\"@id\":\"https:\/\/locobase.com\/dk\/#\/schema\/logo\/image\/\"}}]}<\/script>\n<!-- \/ Yoast SEO plugin. -->","yoast_head_json":{"title":"Locobase\u00ae Protect - Locobase","description":"Ved t\u00f8r eller meget t\u00f8r hud b\u00f8r man anvende en creme med mindst 60% fedt. Locobase Protect Fedtcreme er en vandbaseret creme med 70% fedt, hvilket \u00f8ger hudens elasticitet og fugtighedsniveau.","robots":{"index":"index","follow":"follow","max-snippet":"max-snippet:-1","max-image-preview":"max-image-preview:large","max-video-preview":"max-video-preview:-1"},"canonical":"https:\/\/locobase.com\/dk\/vare\/locobase-protect\/","og_locale":"da_DK","og_type":"article","og_title":"Locobase\u00ae Protect - Locobase","og_description":"Ved t\u00f8r eller meget t\u00f8r hud b\u00f8r man anvende en creme med mindst 60% fedt. Locobase Protect Fedtcreme er en vandbaseret creme med 70% fedt, hvilket \u00f8ger hudens elasticitet og fugtighedsniveau.","og_url":"https:\/\/locobase.com\/dk\/vare\/locobase-protect\/","og_site_name":"Locobase","article_modified_time":"2025-08-29T09:37:30+00:00","og_image":[{"width":1184,"height":1200,"url":"https:\/\/locobase.com\/app\/uploads\/sites\/4\/2022\/06\/Locobase_Protect_100g_NC_front.png","type":"image\/png"}],"twitter_card":"summary_large_image","twitter_misc":{"Estimeret l\u00e6setid":"2 minutter"},"schema":{"@context":"https:\/\/schema.org","@graph":[{"@type":"WebPage","@id":"https:\/\/locobase.com\/dk\/vare\/locobase-protect\/","url":"https:\/\/locobase.com\/dk\/vare\/locobase-protect\/","name":"Locobase\u00ae Protect - Locobase","isPartOf":{"@id":"https:\/\/locobase.com\/dk\/#website"},"primaryImageOfPage":{"@id":"https:\/\/locobase.com\/dk\/vare\/locobase-protect\/#primaryimage"},"image":{"@id":"https:\/\/locobase.com\/dk\/vare\/locobase-protect\/#primaryimage"},"thumbnailUrl":"https:\/\/locobase.com\/app\/uploads\/sites\/4\/2022\/06\/Locobase_Protect_100g_NC_front.png","datePublished":"2022-06-02T07:25:17+00:00","dateModified":"2025-08-29T09:37:30+00:00","description":"Ved t\u00f8r eller meget t\u00f8r hud b\u00f8r man anvende en creme med mindst 60% fedt. Locobase Protect Fedtcreme er en vandbaseret creme med 70% fedt, hvilket \u00f8ger hudens elasticitet og fugtighedsniveau.","breadcrumb":{"@id":"https:\/\/locobase.com\/dk\/vare\/locobase-protect\/#breadcrumb"},"inLanguage":"da-DK","potentialAction":[{"@type":"ReadAction","target":["https:\/\/locobase.com\/dk\/vare\/locobase-protect\/"]}]},{"@type":"ImageObject","inLanguage":"da-DK","@id":"https:\/\/locobase.com\/dk\/vare\/locobase-protect\/#primaryimage","url":"https:\/\/locobase.com\/app\/uploads\/sites\/4\/2022\/06\/Locobase_Protect_100g_NC_front.png","contentUrl":"https:\/\/locobase.com\/app\/uploads\/sites\/4\/2022\/06\/Locobase_Protect_100g_NC_front.png","width":1184,"height":1200,"caption":"Locobase Protect 100g"},{"@type":"BreadcrumbList","@id":"https:\/\/locobase.com\/dk\/vare\/locobase-protect\/#breadcrumb","itemListElement":[{"@type":"ListItem","position":1,"name":"Home","item":"https:\/\/locobase.com\/dk\/"},{"@type":"ListItem","position":2,"name":"Produkter","item":"https:\/\/locobase.com\/dk\/produkter\/"},{"@type":"ListItem","position":3,"name":"Locobase\u00ae Protect"}]},{"@type":"WebSite","@id":"https:\/\/locobase.com\/dk\/#website","url":"https:\/\/locobase.com\/dk\/","name":"Locobase","description":"","publisher":{"@id":"https:\/\/locobase.com\/dk\/#organization"},"potentialAction":[{"@type":"SearchAction","target":{"@type":"EntryPoint","urlTemplate":"https:\/\/locobase.com\/dk\/?s={search_term_string}"},"query-input":{"@type":"PropertyValueSpecification","valueRequired":true,"valueName":"search_term_string"}}],"inLanguage":"da-DK"},{"@type":"Organization","@id":"https:\/\/locobase.com\/dk\/#organization","name":"Locobase","url":"https:\/\/locobase.com\/dk\/","logo":{"@type":"ImageObject","inLanguage":"da-DK","@id":"https:\/\/locobase.com\/dk\/#\/schema\/logo\/image\/","url":"https:\/\/locobase.com\/app\/uploads\/sites\/4\/2022\/05\/logo.png","contentUrl":"https:\/\/locobase.com\/app\/uploads\/sites\/4\/2022\/05\/logo.png","width":163,"height":32,"caption":"Locobase"},"image":{"@id":"https:\/\/locobase.com\/dk\/#\/schema\/logo\/image\/"}}]}},"_links":{"self":[{"href":"https:\/\/locobase.com\/dk\/wp-json\/wp\/v2\/product\/86","targetHints":{"allow":["GET"]}}],"collection":[{"href":"https:\/\/locobase.com\/dk\/wp-json\/wp\/v2\/product"}],"about":[{"href":"https:\/\/locobase.com\/dk\/wp-json\/wp\/v2\/types\/product"}],"replies":[{"embeddable":true,"href":"https:\/\/locobase.com\/dk\/wp-json\/wp\/v2\/comments?post=86"}],"version-history":[{"count":10,"href":"https:\/\/locobase.com\/dk\/wp-json\/wp\/v2\/product\/86\/revisions"}],"predecessor-version":[{"id":351,"href":"https:\/\/locobase.com\/dk\/wp-json\/wp\/v2\/product\/86\/revisions\/351"}],"wp:featuredmedia":[{"embeddable":true,"href":"https:\/\/locobase.com\/dk\/wp-json\/wp\/v2\/media\/108"}],"wp:attachment":[{"href":"https:\/\/locobase.com\/dk\/wp-json\/wp\/v2\/media?parent=86"}],"wp:term":[{"taxonomy":"product_brand","embeddable":true,"href":"https:\/\/locobase.com\/dk\/wp-json\/wp\/v2\/product_brand?post=86"},{"taxonomy":"product_cat","embeddable":true,"href":"https:\/\/locobase.com\/dk\/wp-json\/wp\/v2\/product_cat?post=86"},{"taxonomy":"product_tag","embeddable":true,"href":"https:\/\/locobase.com\/dk\/wp-json\/wp\/v2\/product_tag?post=86"}],"curies":[{"name":"wp","href":"https:\/\/api.w.org\/{rel}","templated":true}]}}