{"id":91,"date":"2022-06-02T09:30:10","date_gmt":"2022-06-02T07:30:10","guid":{"rendered":"https:\/\/locobase.com\/dk\/?post_type=product&#038;p=91"},"modified":"2025-08-29T11:37:28","modified_gmt":"2025-08-29T09:37:28","slug":"locobase-lpl","status":"publish","type":"product","link":"https:\/\/locobase.com\/dk\/vare\/locobase-lpl\/","title":{"rendered":"Locobase\u00ae Renew"},"content":{"rendered":"\n<div class=\"wp-block-karopharma-accordions is-style-secondary\"><div class=\"container\">\n<details class=\"wp-block-karopharma-accordion\"><summary><h2 class=\"accordion-title\">Anvendelsesomr\u00e5de<\/h2><\/summary><div class=\"accordion-content\">\n<p>Locobase Renew er prim\u00e6rt beregnet til voksne og b\u00f8r kun anvendes til b\u00f8rn efter l\u00e6gens anvisning.<\/p>\n\n\n\n<ul class=\"is-style-icon wp-block-list\"><li>Til t\u00f8r, h\u00e5rd, sk\u00e6llet og ru hud.<\/li><li>Locobase Renew er specialdesignet til udsatte hudomr\u00e5der som bryst, ryg, arme, albuer, ben, h\u00e6le, fods\u00e5ler, h\u00e5ndflader og\/eller hovedbund. Anbefales ikke til ansigtet.<\/li><\/ul>\n<\/div><\/details>\n\n\n\n<details class=\"wp-block-karopharma-accordion\"><summary><h2 class=\"accordion-title\">Brug<\/h2><\/summary><div class=\"accordion-content\">\n<p>Hvis l\u00e6gen ikke har ordineret en anden dosis:<br><em>Voksne og b\u00f8rn: <\/em>Cremen p\u00e5f\u00f8res 1-2 gange dagligt p\u00e5 den fortykkede, t\u00f8rre og\/eller h\u00e5rde hud, helst umiddelbart efter bad eller brusebad.<\/p>\n\n\n\n<p>Hvis dine symptomer ikke forbedres eller forv\u00e6rres inden for tre uger, b\u00f8r du kontakte en l\u00e6ge.<\/p>\n\n\n\n<p><em>N\u00e5r du bruger Locobase Renew 490 g:<\/em> For at f\u00e5 den bedste pumpeeffekt skal du lejlighedsvis sl\u00e5 d\u00e5sen mod en fast overflade f\u00f8r brug.<\/p>\n<\/div><\/details>\n\n\n\n<details class=\"wp-block-karopharma-accordion\"><summary><h2 class=\"accordion-title\">Ingredienser<\/h2><\/summary><div class=\"accordion-content\">\n<p>De aktive stoffer er propylenglycol (200 mg\/g) og m\u00e6lkesyre (45 mg\/g).<\/p>\n\n\n\n<figure class=\"wp-block-table\"><table><tbody><tr><td><strong>Ingredienser<\/strong><\/td><\/tr><tr><td>Propylenglykol<\/td><\/tr><tr><td>M\u00e6lkesyre<\/td><\/tr><tr><td>Cetostearylalkohol<\/td><\/tr><tr><td>Makrogolcetostearyleter<\/td><\/tr><tr><td>Flydende paraffin<\/td><\/tr><tr><td>Hvid vaseline<\/td><\/tr><tr><td>Vattenfri citronsyra (E330)<\/td><\/tr><tr><td>Vattenfritt natriumcitrat<\/td><\/tr><tr><td>Metylparahydroxibensoat (E218)<\/td><\/tr><tr><td>Demineraliseret vand<\/td><\/tr><\/tbody><\/table><\/figure>\n<\/div><\/details>\n\n\n\n<details class=\"wp-block-karopharma-accordion\"><summary><h2 class=\"accordion-title\">Andet<\/h2><\/summary><div class=\"accordion-content\">\n<ul class=\"wp-block-list\"><li>Locobase Renew b\u00f8r ikke anvendes, hvis du er allergisk (overf\u00f8lsom) over for m\u00e6lkesyre, propylenglycol eller et af de \u00f8vrige indholdsstoffer.<\/li><li>Brug ikke Locobase Renew i \u00f8regangene eller p\u00e5 \u00e5bne s\u00e5r eller p\u00e5 sv\u00e6rt beskadiget hud, s\u00e5som br\u00e6ndt hud. I tilf\u00e6lde af uheld, skyl med rigeligt vand.<\/li><li>Locobase Renew kan bruges under graviditet. For at forhindre barnet i at indtage propylenglycol og m\u00e6lkesyre un\u00f8digt, b\u00f8r cremen ikke p\u00e5f\u00f8res brystvorterne under amning.<\/li><\/ul>\n\n\n\n<p><em>Locobase Renew bruges som en peeling og bl\u00f8dg\u00f8rende behandling til fortykket, t\u00f8r og h\u00e5rd hud. Anvendes ved iktyose, hvis du tidligere er blevet diagnosticeret og behandlet af en l\u00e6ge og har behov for yderligere behandling. Brug ikke Locobase Renew i \u00f8regangene, i \u00f8jnene, i \u00e5bne s\u00e5r eller p\u00e5 alvorligt beskadiget hud s\u00e5som br\u00e6ndt hud. Hvis du bem\u00e6rker nye abnormiteter i din hud, b\u00f8r du kontakte din l\u00e6ge. L\u00e6s indl\u00e6gssedlen, f\u00f8r du bruger Locobase Renew. Locobase Renew f\u00e5s i st\u00f8rrelserne 100 og 490 gram (uden recept).<\/em><\/p>\n<\/div><\/details>\n<\/div><\/div>\n","protected":false},"excerpt":{"rendered":"<p>Fjerner effektivt t\u00f8r, h\u00e5rd, ru og sk\u00e6llende hud<\/p>\n","protected":false},"featured_media":122,"comment_status":"closed","ping_status":"closed","template":"","meta":{"_acf_changed":false,"footnotes":""},"product_brand":[],"product_cat":[21],"product_tag":[],"class_list":{"0":"post-91","1":"product","2":"type-product","3":"status-publish","4":"has-post-thumbnail","6":"product_cat-renew","8":"first","9":"instock","10":"shipping-taxable","11":"product-type-simple"},"acf":[],"yoast_head":"<!-- This site is optimized with the Yoast SEO plugin v26.6 - https:\/\/yoast.com\/wordpress\/plugins\/seo\/ -->\n<title>Locobase\u00ae Renew - Locobase<\/title>\n<meta name=\"description\" content=\"Locobase Renew hj\u00e6lper med at fjerne t\u00f8r, h\u00e5rd, sk\u00e6llet og ru hud p\u00e5 udsatte hudomr\u00e5der som f.eks. bryst, ryg, arme, albuer, ben, h\u00e6le, fods\u00e5ler, h\u00e5ndflader og\/eller hovedbund.\" \/>\n<meta name=\"robots\" content=\"index, follow, max-snippet:-1, max-image-preview:large, max-video-preview:-1\" \/>\n<link rel=\"canonical\" href=\"https:\/\/locobase.com\/dk\/vare\/locobase-lpl\/\" \/>\n<meta property=\"og:locale\" content=\"da_DK\" \/>\n<meta property=\"og:type\" content=\"article\" \/>\n<meta property=\"og:title\" content=\"Locobase\u00ae Renew - Locobase\" \/>\n<meta property=\"og:description\" content=\"Locobase Renew hj\u00e6lper med at fjerne t\u00f8r, h\u00e5rd, sk\u00e6llet og ru hud p\u00e5 udsatte hudomr\u00e5der som f.eks. bryst, ryg, arme, albuer, ben, h\u00e6le, fods\u00e5ler, h\u00e5ndflader og\/eller hovedbund.\" \/>\n<meta property=\"og:url\" content=\"https:\/\/locobase.com\/dk\/vare\/locobase-lpl\/\" \/>\n<meta property=\"og:site_name\" content=\"Locobase\" \/>\n<meta property=\"article:modified_time\" content=\"2025-08-29T09:37:28+00:00\" \/>\n<meta property=\"og:image\" content=\"https:\/\/locobase.com\/app\/uploads\/sites\/4\/2022\/06\/Locobase-Renew.png\" \/>\n\t<meta property=\"og:image:width\" content=\"850\" \/>\n\t<meta property=\"og:image:height\" content=\"850\" \/>\n\t<meta property=\"og:image:type\" content=\"image\/png\" \/>\n<meta name=\"twitter:card\" content=\"summary_large_image\" \/>\n<meta name=\"twitter:label1\" content=\"Estimeret l\u00e6setid\" \/>\n\t<meta name=\"twitter:data1\" content=\"2 minutter\" \/>\n<script type=\"application\/ld+json\" class=\"yoast-schema-graph\">{\"@context\":\"https:\/\/schema.org\",\"@graph\":[{\"@type\":\"WebPage\",\"@id\":\"https:\/\/locobase.com\/dk\/vare\/locobase-lpl\/\",\"url\":\"https:\/\/locobase.com\/dk\/vare\/locobase-lpl\/\",\"name\":\"Locobase\u00ae Renew - Locobase\",\"isPartOf\":{\"@id\":\"https:\/\/locobase.com\/dk\/#website\"},\"primaryImageOfPage\":{\"@id\":\"https:\/\/locobase.com\/dk\/vare\/locobase-lpl\/#primaryimage\"},\"image\":{\"@id\":\"https:\/\/locobase.com\/dk\/vare\/locobase-lpl\/#primaryimage\"},\"thumbnailUrl\":\"https:\/\/locobase.com\/app\/uploads\/sites\/4\/2022\/06\/Locobase-Renew.png\",\"datePublished\":\"2022-06-02T07:30:10+00:00\",\"dateModified\":\"2025-08-29T09:37:28+00:00\",\"description\":\"Locobase Renew hj\u00e6lper med at fjerne t\u00f8r, h\u00e5rd, sk\u00e6llet og ru hud p\u00e5 udsatte hudomr\u00e5der som f.eks. bryst, ryg, arme, albuer, ben, h\u00e6le, fods\u00e5ler, h\u00e5ndflader og\/eller hovedbund.\",\"breadcrumb\":{\"@id\":\"https:\/\/locobase.com\/dk\/vare\/locobase-lpl\/#breadcrumb\"},\"inLanguage\":\"da-DK\",\"potentialAction\":[{\"@type\":\"ReadAction\",\"target\":[\"https:\/\/locobase.com\/dk\/vare\/locobase-lpl\/\"]}]},{\"@type\":\"ImageObject\",\"inLanguage\":\"da-DK\",\"@id\":\"https:\/\/locobase.com\/dk\/vare\/locobase-lpl\/#primaryimage\",\"url\":\"https:\/\/locobase.com\/app\/uploads\/sites\/4\/2022\/06\/Locobase-Renew.png\",\"contentUrl\":\"https:\/\/locobase.com\/app\/uploads\/sites\/4\/2022\/06\/Locobase-Renew.png\",\"width\":850,\"height\":850},{\"@type\":\"BreadcrumbList\",\"@id\":\"https:\/\/locobase.com\/dk\/vare\/locobase-lpl\/#breadcrumb\",\"itemListElement\":[{\"@type\":\"ListItem\",\"position\":1,\"name\":\"Home\",\"item\":\"https:\/\/locobase.com\/dk\/\"},{\"@type\":\"ListItem\",\"position\":2,\"name\":\"Produkter\",\"item\":\"https:\/\/locobase.com\/dk\/produkter\/\"},{\"@type\":\"ListItem\",\"position\":3,\"name\":\"Locobase\u00ae Renew\"}]},{\"@type\":\"WebSite\",\"@id\":\"https:\/\/locobase.com\/dk\/#website\",\"url\":\"https:\/\/locobase.com\/dk\/\",\"name\":\"Locobase\",\"description\":\"\",\"publisher\":{\"@id\":\"https:\/\/locobase.com\/dk\/#organization\"},\"potentialAction\":[{\"@type\":\"SearchAction\",\"target\":{\"@type\":\"EntryPoint\",\"urlTemplate\":\"https:\/\/locobase.com\/dk\/?s={search_term_string}\"},\"query-input\":{\"@type\":\"PropertyValueSpecification\",\"valueRequired\":true,\"valueName\":\"search_term_string\"}}],\"inLanguage\":\"da-DK\"},{\"@type\":\"Organization\",\"@id\":\"https:\/\/locobase.com\/dk\/#organization\",\"name\":\"Locobase\",\"url\":\"https:\/\/locobase.com\/dk\/\",\"logo\":{\"@type\":\"ImageObject\",\"inLanguage\":\"da-DK\",\"@id\":\"https:\/\/locobase.com\/dk\/#\/schema\/logo\/image\/\",\"url\":\"https:\/\/locobase.com\/app\/uploads\/sites\/4\/2022\/05\/logo.png\",\"contentUrl\":\"https:\/\/locobase.com\/app\/uploads\/sites\/4\/2022\/05\/logo.png\",\"width\":163,\"height\":32,\"caption\":\"Locobase\"},\"image\":{\"@id\":\"https:\/\/locobase.com\/dk\/#\/schema\/logo\/image\/\"}}]}<\/script>\n<!-- \/ Yoast SEO plugin. -->","yoast_head_json":{"title":"Locobase\u00ae Renew - Locobase","description":"Locobase Renew hj\u00e6lper med at fjerne t\u00f8r, h\u00e5rd, sk\u00e6llet og ru hud p\u00e5 udsatte hudomr\u00e5der som f.eks. bryst, ryg, arme, albuer, ben, h\u00e6le, fods\u00e5ler, h\u00e5ndflader og\/eller hovedbund.","robots":{"index":"index","follow":"follow","max-snippet":"max-snippet:-1","max-image-preview":"max-image-preview:large","max-video-preview":"max-video-preview:-1"},"canonical":"https:\/\/locobase.com\/dk\/vare\/locobase-lpl\/","og_locale":"da_DK","og_type":"article","og_title":"Locobase\u00ae Renew - Locobase","og_description":"Locobase Renew hj\u00e6lper med at fjerne t\u00f8r, h\u00e5rd, sk\u00e6llet og ru hud p\u00e5 udsatte hudomr\u00e5der som f.eks. bryst, ryg, arme, albuer, ben, h\u00e6le, fods\u00e5ler, h\u00e5ndflader og\/eller hovedbund.","og_url":"https:\/\/locobase.com\/dk\/vare\/locobase-lpl\/","og_site_name":"Locobase","article_modified_time":"2025-08-29T09:37:28+00:00","og_image":[{"width":850,"height":850,"url":"https:\/\/locobase.com\/app\/uploads\/sites\/4\/2022\/06\/Locobase-Renew.png","type":"image\/png"}],"twitter_card":"summary_large_image","twitter_misc":{"Estimeret l\u00e6setid":"2 minutter"},"schema":{"@context":"https:\/\/schema.org","@graph":[{"@type":"WebPage","@id":"https:\/\/locobase.com\/dk\/vare\/locobase-lpl\/","url":"https:\/\/locobase.com\/dk\/vare\/locobase-lpl\/","name":"Locobase\u00ae Renew - Locobase","isPartOf":{"@id":"https:\/\/locobase.com\/dk\/#website"},"primaryImageOfPage":{"@id":"https:\/\/locobase.com\/dk\/vare\/locobase-lpl\/#primaryimage"},"image":{"@id":"https:\/\/locobase.com\/dk\/vare\/locobase-lpl\/#primaryimage"},"thumbnailUrl":"https:\/\/locobase.com\/app\/uploads\/sites\/4\/2022\/06\/Locobase-Renew.png","datePublished":"2022-06-02T07:30:10+00:00","dateModified":"2025-08-29T09:37:28+00:00","description":"Locobase Renew hj\u00e6lper med at fjerne t\u00f8r, h\u00e5rd, sk\u00e6llet og ru hud p\u00e5 udsatte hudomr\u00e5der som f.eks. bryst, ryg, arme, albuer, ben, h\u00e6le, fods\u00e5ler, h\u00e5ndflader og\/eller hovedbund.","breadcrumb":{"@id":"https:\/\/locobase.com\/dk\/vare\/locobase-lpl\/#breadcrumb"},"inLanguage":"da-DK","potentialAction":[{"@type":"ReadAction","target":["https:\/\/locobase.com\/dk\/vare\/locobase-lpl\/"]}]},{"@type":"ImageObject","inLanguage":"da-DK","@id":"https:\/\/locobase.com\/dk\/vare\/locobase-lpl\/#primaryimage","url":"https:\/\/locobase.com\/app\/uploads\/sites\/4\/2022\/06\/Locobase-Renew.png","contentUrl":"https:\/\/locobase.com\/app\/uploads\/sites\/4\/2022\/06\/Locobase-Renew.png","width":850,"height":850},{"@type":"BreadcrumbList","@id":"https:\/\/locobase.com\/dk\/vare\/locobase-lpl\/#breadcrumb","itemListElement":[{"@type":"ListItem","position":1,"name":"Home","item":"https:\/\/locobase.com\/dk\/"},{"@type":"ListItem","position":2,"name":"Produkter","item":"https:\/\/locobase.com\/dk\/produkter\/"},{"@type":"ListItem","position":3,"name":"Locobase\u00ae Renew"}]},{"@type":"WebSite","@id":"https:\/\/locobase.com\/dk\/#website","url":"https:\/\/locobase.com\/dk\/","name":"Locobase","description":"","publisher":{"@id":"https:\/\/locobase.com\/dk\/#organization"},"potentialAction":[{"@type":"SearchAction","target":{"@type":"EntryPoint","urlTemplate":"https:\/\/locobase.com\/dk\/?s={search_term_string}"},"query-input":{"@type":"PropertyValueSpecification","valueRequired":true,"valueName":"search_term_string"}}],"inLanguage":"da-DK"},{"@type":"Organization","@id":"https:\/\/locobase.com\/dk\/#organization","name":"Locobase","url":"https:\/\/locobase.com\/dk\/","logo":{"@type":"ImageObject","inLanguage":"da-DK","@id":"https:\/\/locobase.com\/dk\/#\/schema\/logo\/image\/","url":"https:\/\/locobase.com\/app\/uploads\/sites\/4\/2022\/05\/logo.png","contentUrl":"https:\/\/locobase.com\/app\/uploads\/sites\/4\/2022\/05\/logo.png","width":163,"height":32,"caption":"Locobase"},"image":{"@id":"https:\/\/locobase.com\/dk\/#\/schema\/logo\/image\/"}}]}},"_links":{"self":[{"href":"https:\/\/locobase.com\/dk\/wp-json\/wp\/v2\/product\/91","targetHints":{"allow":["GET"]}}],"collection":[{"href":"https:\/\/locobase.com\/dk\/wp-json\/wp\/v2\/product"}],"about":[{"href":"https:\/\/locobase.com\/dk\/wp-json\/wp\/v2\/types\/product"}],"replies":[{"embeddable":true,"href":"https:\/\/locobase.com\/dk\/wp-json\/wp\/v2\/comments?post=91"}],"version-history":[{"count":10,"href":"https:\/\/locobase.com\/dk\/wp-json\/wp\/v2\/product\/91\/revisions"}],"predecessor-version":[{"id":350,"href":"https:\/\/locobase.com\/dk\/wp-json\/wp\/v2\/product\/91\/revisions\/350"}],"wp:featuredmedia":[{"embeddable":true,"href":"https:\/\/locobase.com\/dk\/wp-json\/wp\/v2\/media\/122"}],"wp:attachment":[{"href":"https:\/\/locobase.com\/dk\/wp-json\/wp\/v2\/media?parent=91"}],"wp:term":[{"taxonomy":"product_brand","embeddable":true,"href":"https:\/\/locobase.com\/dk\/wp-json\/wp\/v2\/product_brand?post=91"},{"taxonomy":"product_cat","embeddable":true,"href":"https:\/\/locobase.com\/dk\/wp-json\/wp\/v2\/product_cat?post=91"},{"taxonomy":"product_tag","embeddable":true,"href":"https:\/\/locobase.com\/dk\/wp-json\/wp\/v2\/product_tag?post=91"}],"curies":[{"name":"wp","href":"https:\/\/api.w.org\/{rel}","templated":true}]}}