{"id":126,"date":"2023-01-13T09:22:07","date_gmt":"2023-01-13T07:22:07","guid":{"rendered":"https:\/\/locobase.com\/fi\/?post_type=product&#038;p=126"},"modified":"2026-02-20T11:17:08","modified_gmt":"2026-02-20T09:17:08","slug":"locobase-eczema-cream","status":"publish","type":"product","link":"https:\/\/locobase.com\/fi\/tuote\/locobase-eczema-cream\/","title":{"rendered":"Locobase Eczema Cream"},"content":{"rendered":"\n<div class=\"wp-block-karopharma-accordions is-style-secondary\"><div class=\"container\">\n<details class=\"wp-block-karopharma-accordion\"><summary><h2 class=\"accordion-title\">K\u00e4ytt\u00f6kohde<\/h2><\/summary><div class=\"accordion-content\">\n<figure class=\"wp-block-image size-full is-resized\"><img loading=\"lazy\" decoding=\"async\" src=\"https:\/\/locobase.com\/app\/uploads\/sites\/5\/2023\/01\/Locobase_icon-200x200-1.png\" alt=\"K\u00e4ytt\u00f6kohde 1\" class=\"wp-image-128\" width=\"100\" height=\"100\" srcset=\"https:\/\/locobase.com\/app\/uploads\/sites\/5\/2023\/01\/Locobase_icon-200x200-1.png 200w, https:\/\/locobase.com\/app\/uploads\/sites\/5\/2023\/01\/Locobase_icon-200x200-1-150x150.png 150w, https:\/\/locobase.com\/app\/uploads\/sites\/5\/2023\/01\/Locobase_icon-200x200-1-100x100.png 100w\" sizes=\"auto, (max-width: 100px) 100vw, 100px\" \/><\/figure>\n\n\n\n<p>Ihottuman oireiden ja iho\u00e4rsytyksen hoitoon.<\/p>\n\n\n\n<figure class=\"wp-block-image size-full is-resized\"><img loading=\"lazy\" decoding=\"async\" src=\"https:\/\/locobase.com\/app\/uploads\/sites\/5\/2023\/01\/Locobase_icon_2-200x200-1.png\" alt=\"K\u00e4ytt\u00f6kohde 2\" class=\"wp-image-127\" width=\"100\" height=\"100\" srcset=\"https:\/\/locobase.com\/app\/uploads\/sites\/5\/2023\/01\/Locobase_icon_2-200x200-1.png 200w, https:\/\/locobase.com\/app\/uploads\/sites\/5\/2023\/01\/Locobase_icon_2-200x200-1-150x150.png 150w, https:\/\/locobase.com\/app\/uploads\/sites\/5\/2023\/01\/Locobase_icon_2-200x200-1-100x100.png 100w\" sizes=\"auto, (max-width: 100px) 100vw, 100px\" \/><\/figure>\n\n\n\n<p>Auttaa ehk\u00e4isem\u00e4\u00e4n ihotulehdusta.<\/p>\n\n\n\n<p>Locobase Eczema Cream on kliinisesti testattu ja sopii aikuisille, lapsille ja vauvoille.<\/p>\n<\/div><\/details>\n\n\n\n<details class=\"wp-block-karopharma-accordion\"><summary><h2 class=\"accordion-title\">K\u00e4ytt\u00f6<\/h2><\/summary><div class=\"accordion-content\">\n<p>Levit\u00e4 \u00e4rtyneelle iholle kahdesti p\u00e4iv\u00e4ss\u00e4 tai tarvittaessa. Vain ulkoiseen k\u00e4ytt\u00f6\u00f6n.<\/p>\n<\/div><\/details>\n\n\n\n<details class=\"wp-block-karopharma-accordion\"><summary><h2 class=\"accordion-title\">Ainesosat<\/h2><\/summary><div class=\"accordion-content\">\n<figure class=\"wp-block-table\"><table><tbody><tr><td><strong>Ainesosat<\/strong><\/td><\/tr><tr><td>Galactoarabinan Polyglucuronic Acid Crosspolymer*<\/td><\/tr><tr><td>Aqua<\/td><\/tr><tr><td>Ethylhexyl Stearate<\/td><\/tr><tr><td>Glycerin<\/td><\/tr><tr><td>Zinc Oxide<\/td><\/tr><tr><td>Caprylic\/Capric Triglyceride<\/td><\/tr><tr><td>Oxidized Microcrystalline Cera<\/td><\/tr><tr><td>lsopropyl Myristate<\/td><\/tr><tr><td>Cetearyl Ethylhexanoate<\/td><\/tr><tr><td>PEG-30 Dipolyhydroxystearate<\/td><\/tr><tr><td>Magnesium Sulfate<\/td><\/tr><tr><td>Phenoxyethanol<\/td><\/tr><tr><td>Tocopheryl Acetate<\/td><\/tr><tr><td>Ethylhexylglycerin<\/td><\/tr><tr><td>Citric Acid<\/td><\/tr><tr><td>Sodium Benzoat<\/td><\/tr><tr><td>Potassium Sorbate<\/td><\/tr><tr><td><em>*2QR-komplex: Renot alkaen Aloe Barbadensis Leaf Extroct.<\/em><\/td><\/tr><\/tbody><\/table><\/figure>\n<\/div><\/details>\n<\/div><\/div>\n","protected":false},"excerpt":{"rendered":"<p>Hoitava erikoisvoide<\/p>\n","protected":false},"featured_media":129,"comment_status":"closed","ping_status":"closed","template":"","meta":{"_acf_changed":false,"footnotes":""},"product_brand":[],"product_cat":[22],"product_tag":[],"class_list":{"0":"post-126","1":"product","2":"type-product","3":"status-publish","4":"has-post-thumbnail","6":"product_cat-repair","8":"first","9":"instock","10":"shipping-taxable","11":"product-type-simple"},"acf":[],"yoast_head":"<!-- This site is optimized with the Yoast SEO plugin v26.6 - https:\/\/yoast.com\/wordpress\/plugins\/seo\/ -->\n<title>Locobase Eczema Cream - Locobase<\/title>\n<meta name=\"description\" content=\"Locobase Eczema Cream on kortisoniton voide ihottuman ja \u00e4rtyneen ihon hoitoon. Locobase Eczema Cream v\u00e4hent\u00e4\u00e4 kutinaa, kuivuutta ja punoitusta sek\u00e4\" \/>\n<meta name=\"robots\" content=\"index, follow, max-snippet:-1, max-image-preview:large, max-video-preview:-1\" \/>\n<link rel=\"canonical\" href=\"https:\/\/locobase.com\/fi\/tuote\/locobase-eczema-cream\/\" \/>\n<meta property=\"og:locale\" content=\"fi_FI\" \/>\n<meta property=\"og:type\" content=\"article\" \/>\n<meta property=\"og:title\" content=\"Locobase Eczema Cream - Locobase\" \/>\n<meta property=\"og:description\" content=\"Locobase Eczema Cream on kortisoniton voide ihottuman ja \u00e4rtyneen ihon hoitoon. Locobase Eczema Cream v\u00e4hent\u00e4\u00e4 kutinaa, kuivuutta ja punoitusta sek\u00e4\" \/>\n<meta property=\"og:url\" content=\"https:\/\/locobase.com\/fi\/tuote\/locobase-eczema-cream\/\" \/>\n<meta property=\"og:site_name\" content=\"Locobase\" \/>\n<meta property=\"article:modified_time\" content=\"2026-02-20T09:17:08+00:00\" \/>\n<meta property=\"og:image\" content=\"https:\/\/locobase.com\/app\/uploads\/sites\/5\/2023\/01\/locobase-eczema-cream.png\" \/>\n\t<meta property=\"og:image:width\" content=\"900\" \/>\n\t<meta property=\"og:image:height\" content=\"900\" \/>\n\t<meta property=\"og:image:type\" content=\"image\/png\" \/>\n<meta name=\"twitter:card\" content=\"summary_large_image\" \/>\n<meta name=\"twitter:label1\" content=\"Est. reading time\" \/>\n\t<meta name=\"twitter:data1\" content=\"2 minutes\" \/>\n<script type=\"application\/ld+json\" class=\"yoast-schema-graph\">{\"@context\":\"https:\/\/schema.org\",\"@graph\":[{\"@type\":\"WebPage\",\"@id\":\"https:\/\/locobase.com\/fi\/tuote\/locobase-eczema-cream\/\",\"url\":\"https:\/\/locobase.com\/fi\/tuote\/locobase-eczema-cream\/\",\"name\":\"Locobase Eczema Cream - Locobase\",\"isPartOf\":{\"@id\":\"https:\/\/locobase.com\/fi\/#website\"},\"primaryImageOfPage\":{\"@id\":\"https:\/\/locobase.com\/fi\/tuote\/locobase-eczema-cream\/#primaryimage\"},\"image\":{\"@id\":\"https:\/\/locobase.com\/fi\/tuote\/locobase-eczema-cream\/#primaryimage\"},\"thumbnailUrl\":\"https:\/\/locobase.com\/app\/uploads\/sites\/5\/2023\/01\/locobase-eczema-cream.png\",\"datePublished\":\"2023-01-13T07:22:07+00:00\",\"dateModified\":\"2026-02-20T09:17:08+00:00\",\"description\":\"Locobase Eczema Cream on kortisoniton voide ihottuman ja \u00e4rtyneen ihon hoitoon. Locobase Eczema Cream v\u00e4hent\u00e4\u00e4 kutinaa, kuivuutta ja punoitusta sek\u00e4\",\"breadcrumb\":{\"@id\":\"https:\/\/locobase.com\/fi\/tuote\/locobase-eczema-cream\/#breadcrumb\"},\"inLanguage\":\"fi-FI\",\"potentialAction\":[{\"@type\":\"ReadAction\",\"target\":[\"https:\/\/locobase.com\/fi\/tuote\/locobase-eczema-cream\/\"]}]},{\"@type\":\"ImageObject\",\"inLanguage\":\"fi-FI\",\"@id\":\"https:\/\/locobase.com\/fi\/tuote\/locobase-eczema-cream\/#primaryimage\",\"url\":\"https:\/\/locobase.com\/app\/uploads\/sites\/5\/2023\/01\/locobase-eczema-cream.png\",\"contentUrl\":\"https:\/\/locobase.com\/app\/uploads\/sites\/5\/2023\/01\/locobase-eczema-cream.png\",\"width\":900,\"height\":900,\"caption\":\"Locobase Eczema Cream\"},{\"@type\":\"BreadcrumbList\",\"@id\":\"https:\/\/locobase.com\/fi\/tuote\/locobase-eczema-cream\/#breadcrumb\",\"itemListElement\":[{\"@type\":\"ListItem\",\"position\":1,\"name\":\"Home\",\"item\":\"https:\/\/locobase.com\/fi\/\"},{\"@type\":\"ListItem\",\"position\":2,\"name\":\"Tuotteet\",\"item\":\"https:\/\/locobase.com\/fi\/tuotteet\/\"},{\"@type\":\"ListItem\",\"position\":3,\"name\":\"Locobase Eczema Cream\"}]},{\"@type\":\"WebSite\",\"@id\":\"https:\/\/locobase.com\/fi\/#website\",\"url\":\"https:\/\/locobase.com\/fi\/\",\"name\":\"Locobase\",\"description\":\"\",\"publisher\":{\"@id\":\"https:\/\/locobase.com\/fi\/#organization\"},\"potentialAction\":[{\"@type\":\"SearchAction\",\"target\":{\"@type\":\"EntryPoint\",\"urlTemplate\":\"https:\/\/locobase.com\/fi\/?s={search_term_string}\"},\"query-input\":{\"@type\":\"PropertyValueSpecification\",\"valueRequired\":true,\"valueName\":\"search_term_string\"}}],\"inLanguage\":\"fi-FI\"},{\"@type\":\"Organization\",\"@id\":\"https:\/\/locobase.com\/fi\/#organization\",\"name\":\"Locobase\",\"url\":\"https:\/\/locobase.com\/fi\/\",\"logo\":{\"@type\":\"ImageObject\",\"inLanguage\":\"fi-FI\",\"@id\":\"https:\/\/locobase.com\/fi\/#\/schema\/logo\/image\/\",\"url\":\"https:\/\/locobase.com\/app\/uploads\/sites\/5\/2022\/05\/logo.png\",\"contentUrl\":\"https:\/\/locobase.com\/app\/uploads\/sites\/5\/2022\/05\/logo.png\",\"width\":163,\"height\":32,\"caption\":\"Locobase\"},\"image\":{\"@id\":\"https:\/\/locobase.com\/fi\/#\/schema\/logo\/image\/\"}}]}<\/script>\n<!-- \/ Yoast SEO plugin. -->","yoast_head_json":{"title":"Locobase Eczema Cream - Locobase","description":"Locobase Eczema Cream on kortisoniton voide ihottuman ja \u00e4rtyneen ihon hoitoon. Locobase Eczema Cream v\u00e4hent\u00e4\u00e4 kutinaa, kuivuutta ja punoitusta sek\u00e4","robots":{"index":"index","follow":"follow","max-snippet":"max-snippet:-1","max-image-preview":"max-image-preview:large","max-video-preview":"max-video-preview:-1"},"canonical":"https:\/\/locobase.com\/fi\/tuote\/locobase-eczema-cream\/","og_locale":"fi_FI","og_type":"article","og_title":"Locobase Eczema Cream - Locobase","og_description":"Locobase Eczema Cream on kortisoniton voide ihottuman ja \u00e4rtyneen ihon hoitoon. Locobase Eczema Cream v\u00e4hent\u00e4\u00e4 kutinaa, kuivuutta ja punoitusta sek\u00e4","og_url":"https:\/\/locobase.com\/fi\/tuote\/locobase-eczema-cream\/","og_site_name":"Locobase","article_modified_time":"2026-02-20T09:17:08+00:00","og_image":[{"width":900,"height":900,"url":"https:\/\/locobase.com\/app\/uploads\/sites\/5\/2023\/01\/locobase-eczema-cream.png","type":"image\/png"}],"twitter_card":"summary_large_image","twitter_misc":{"Est. reading time":"2 minutes"},"schema":{"@context":"https:\/\/schema.org","@graph":[{"@type":"WebPage","@id":"https:\/\/locobase.com\/fi\/tuote\/locobase-eczema-cream\/","url":"https:\/\/locobase.com\/fi\/tuote\/locobase-eczema-cream\/","name":"Locobase Eczema Cream - Locobase","isPartOf":{"@id":"https:\/\/locobase.com\/fi\/#website"},"primaryImageOfPage":{"@id":"https:\/\/locobase.com\/fi\/tuote\/locobase-eczema-cream\/#primaryimage"},"image":{"@id":"https:\/\/locobase.com\/fi\/tuote\/locobase-eczema-cream\/#primaryimage"},"thumbnailUrl":"https:\/\/locobase.com\/app\/uploads\/sites\/5\/2023\/01\/locobase-eczema-cream.png","datePublished":"2023-01-13T07:22:07+00:00","dateModified":"2026-02-20T09:17:08+00:00","description":"Locobase Eczema Cream on kortisoniton voide ihottuman ja \u00e4rtyneen ihon hoitoon. Locobase Eczema Cream v\u00e4hent\u00e4\u00e4 kutinaa, kuivuutta ja punoitusta sek\u00e4","breadcrumb":{"@id":"https:\/\/locobase.com\/fi\/tuote\/locobase-eczema-cream\/#breadcrumb"},"inLanguage":"fi-FI","potentialAction":[{"@type":"ReadAction","target":["https:\/\/locobase.com\/fi\/tuote\/locobase-eczema-cream\/"]}]},{"@type":"ImageObject","inLanguage":"fi-FI","@id":"https:\/\/locobase.com\/fi\/tuote\/locobase-eczema-cream\/#primaryimage","url":"https:\/\/locobase.com\/app\/uploads\/sites\/5\/2023\/01\/locobase-eczema-cream.png","contentUrl":"https:\/\/locobase.com\/app\/uploads\/sites\/5\/2023\/01\/locobase-eczema-cream.png","width":900,"height":900,"caption":"Locobase Eczema Cream"},{"@type":"BreadcrumbList","@id":"https:\/\/locobase.com\/fi\/tuote\/locobase-eczema-cream\/#breadcrumb","itemListElement":[{"@type":"ListItem","position":1,"name":"Home","item":"https:\/\/locobase.com\/fi\/"},{"@type":"ListItem","position":2,"name":"Tuotteet","item":"https:\/\/locobase.com\/fi\/tuotteet\/"},{"@type":"ListItem","position":3,"name":"Locobase Eczema Cream"}]},{"@type":"WebSite","@id":"https:\/\/locobase.com\/fi\/#website","url":"https:\/\/locobase.com\/fi\/","name":"Locobase","description":"","publisher":{"@id":"https:\/\/locobase.com\/fi\/#organization"},"potentialAction":[{"@type":"SearchAction","target":{"@type":"EntryPoint","urlTemplate":"https:\/\/locobase.com\/fi\/?s={search_term_string}"},"query-input":{"@type":"PropertyValueSpecification","valueRequired":true,"valueName":"search_term_string"}}],"inLanguage":"fi-FI"},{"@type":"Organization","@id":"https:\/\/locobase.com\/fi\/#organization","name":"Locobase","url":"https:\/\/locobase.com\/fi\/","logo":{"@type":"ImageObject","inLanguage":"fi-FI","@id":"https:\/\/locobase.com\/fi\/#\/schema\/logo\/image\/","url":"https:\/\/locobase.com\/app\/uploads\/sites\/5\/2022\/05\/logo.png","contentUrl":"https:\/\/locobase.com\/app\/uploads\/sites\/5\/2022\/05\/logo.png","width":163,"height":32,"caption":"Locobase"},"image":{"@id":"https:\/\/locobase.com\/fi\/#\/schema\/logo\/image\/"}}]}},"_links":{"self":[{"href":"https:\/\/locobase.com\/fi\/wp-json\/wp\/v2\/product\/126","targetHints":{"allow":["GET"]}}],"collection":[{"href":"https:\/\/locobase.com\/fi\/wp-json\/wp\/v2\/product"}],"about":[{"href":"https:\/\/locobase.com\/fi\/wp-json\/wp\/v2\/types\/product"}],"replies":[{"embeddable":true,"href":"https:\/\/locobase.com\/fi\/wp-json\/wp\/v2\/comments?post=126"}],"version-history":[{"count":10,"href":"https:\/\/locobase.com\/fi\/wp-json\/wp\/v2\/product\/126\/revisions"}],"predecessor-version":[{"id":481,"href":"https:\/\/locobase.com\/fi\/wp-json\/wp\/v2\/product\/126\/revisions\/481"}],"wp:featuredmedia":[{"embeddable":true,"href":"https:\/\/locobase.com\/fi\/wp-json\/wp\/v2\/media\/129"}],"wp:attachment":[{"href":"https:\/\/locobase.com\/fi\/wp-json\/wp\/v2\/media?parent=126"}],"wp:term":[{"taxonomy":"product_brand","embeddable":true,"href":"https:\/\/locobase.com\/fi\/wp-json\/wp\/v2\/product_brand?post=126"},{"taxonomy":"product_cat","embeddable":true,"href":"https:\/\/locobase.com\/fi\/wp-json\/wp\/v2\/product_cat?post=126"},{"taxonomy":"product_tag","embeddable":true,"href":"https:\/\/locobase.com\/fi\/wp-json\/wp\/v2\/product_tag?post=126"}],"curies":[{"name":"wp","href":"https:\/\/api.w.org\/{rel}","templated":true}]}}