{"id":138,"date":"2023-01-13T09:41:57","date_gmt":"2023-01-13T07:41:57","guid":{"rendered":"https:\/\/locobase.com\/fi\/?post_type=product&#038;p=138"},"modified":"2026-02-20T11:17:06","modified_gmt":"2026-02-20T09:17:06","slug":"locobase-itch-relief-coolmousse","status":"publish","type":"product","link":"https:\/\/locobase.com\/fi\/tuote\/locobase-itch-relief-coolmousse\/","title":{"rendered":"Locobase Itch Relief Coolmousse"},"content":{"rendered":"\n<div class=\"wp-block-karopharma-accordions is-style-secondary\"><div class=\"container\">\n<details class=\"wp-block-karopharma-accordion\"><summary><h2 class=\"accordion-title\">K\u00e4ytt\u00f6kohde<\/h2><\/summary><div class=\"accordion-content\">\n<p>Voidaan k\u00e4ytt\u00e4\u00e4 vartalolle ja kasvoille. Locobase Itch Relief Coolmousse on kehitetty erityisesti lievitt\u00e4m\u00e4\u00e4n ja rauhoittamaan kutiavaa, \u00e4rtynytt\u00e4 ja kuivaa ihoa.<\/p>\n<\/div><\/details>\n\n\n\n<details class=\"wp-block-karopharma-accordion\"><summary><h2 class=\"accordion-title\">K\u00e4ytt\u00f6<\/h2><\/summary><div class=\"accordion-content\">\n<ol class=\"is-style-default wp-block-list\"><li>Ravista purkkia 1\u20132 kertaa.<\/li><li>Pursota vaahtoa k\u00e4mmenelle.<\/li><li>Levit\u00e4 hoidettavalle ihoalueelle.<\/li><\/ol>\n\n\n\n<p>Levit\u00e4 hell\u00e4varaisesti hoidettavalle ihoalueelle. K\u00e4yt\u00e4 niin usein kuin tarve vaatii, aina kun ihosi kaipaa rauhoitusta.<\/p>\n<\/div><\/details>\n\n\n\n<details class=\"wp-block-karopharma-accordion\"><summary><h2 class=\"accordion-title\">Ainesosat<\/h2><\/summary><div class=\"accordion-content\">\n<figure class=\"wp-block-table\"><table><thead><tr><th class=\"has-text-align-left\" data-align=\"left\">Ainesosat<\/th><\/tr><\/thead><tbody><tr><td class=\"has-text-align-left\" data-align=\"left\">Aqua<\/td><\/tr><tr><td class=\"has-text-align-left\" data-align=\"left\">Aloe Barbadensis Leaf Extract<\/td><\/tr><tr><td class=\"has-text-align-left\" data-align=\"left\">Betaine<\/td><\/tr><tr><td class=\"has-text-align-left\" data-align=\"left\">Laureth-9<\/td><\/tr><tr><td class=\"has-text-align-left\" data-align=\"left\">PEG-40 Hydrogenated Castor Oil<\/td><\/tr><tr><td class=\"has-text-align-left\" data-align=\"left\">Glycerin<\/td><\/tr><tr><td class=\"has-text-align-left\" data-align=\"left\">Sodium Coco-Glucoside Tartrate<\/td><\/tr><tr><td class=\"has-text-align-left\" data-align=\"left\">Polyglyceryl-10 laurate<\/td><\/tr><tr><td class=\"has-text-align-left\" data-align=\"left\">Phenoxyethanol<\/td><\/tr><tr><td class=\"has-text-align-left\" data-align=\"left\">Panthenol<\/td><\/tr><tr><td class=\"has-text-align-left\" data-align=\"left\">Ethylhexylglycerin<\/td><\/tr><tr><td class=\"has-text-align-left\" data-align=\"left\">Allantoin<\/td><\/tr><tr><td class=\"has-text-align-left\" data-align=\"left\">Citric Acid<\/td><\/tr><tr><td class=\"has-text-align-left\" data-align=\"left\">Sodium Hydroxide<\/td><\/tr><tr><td class=\"has-text-align-left\" data-align=\"left\">Sodium Benzoate<\/td><\/tr><tr><td class=\"has-text-align-left\" data-align=\"left\">Potassium Sorbate<\/td><\/tr><\/tbody><\/table><\/figure>\n<\/div><\/details>\n\n\n\n<details class=\"wp-block-karopharma-accordion\"><summary><h2 class=\"accordion-title\">Vinkkej\u00e4<\/h2><\/summary><div class=\"accordion-content\">\n<p>Voit s\u00e4ilytt\u00e4\u00e4 tuotetta j\u00e4\u00e4kaapissa viilent\u00e4v\u00e4n vaikutuksen tehostamiseksi.<\/p>\n<\/div><\/details>\n<\/div><\/div>\n","protected":false},"excerpt":{"rendered":"<p>Rauhoittaa kutiavaa, \u00e4rtynytt\u00e4 ja kuivaa ihoa v\u00e4litt\u00f6m\u00e4sti.<\/p>\n","protected":false},"featured_media":139,"comment_status":"closed","ping_status":"closed","template":"","meta":{"_acf_changed":false,"footnotes":""},"product_brand":[],"product_cat":[19],"product_tag":[],"class_list":{"0":"post-138","1":"product","2":"type-product","3":"status-publish","4":"has-post-thumbnail","6":"product_cat-calm","8":"first","9":"instock","10":"shipping-taxable","11":"product-type-simple"},"acf":[],"yoast_head":"<!-- This site is optimized with the Yoast SEO plugin v26.6 - https:\/\/yoast.com\/wordpress\/plugins\/seo\/ -->\n<title>Locobase Itch Relief Coolmousse - Locobase<\/title>\n<meta name=\"description\" content=\"Locobase Itch Relief Coolmousse on kehitetty erityisesti lievitt\u00e4m\u00e4\u00e4n ihon kutinaa ja kuivuutta ja rauhoittamaan \u00e4rtynytt\u00e4 ihoa.\" \/>\n<meta name=\"robots\" content=\"index, follow, max-snippet:-1, max-image-preview:large, max-video-preview:-1\" \/>\n<link rel=\"canonical\" href=\"https:\/\/locobase.com\/fi\/tuote\/locobase-itch-relief-coolmousse\/\" \/>\n<meta property=\"og:locale\" content=\"fi_FI\" \/>\n<meta property=\"og:type\" content=\"article\" \/>\n<meta property=\"og:title\" content=\"Locobase Itch Relief Coolmousse - Locobase\" \/>\n<meta property=\"og:description\" content=\"Locobase Itch Relief Coolmousse on kehitetty erityisesti lievitt\u00e4m\u00e4\u00e4n ihon kutinaa ja kuivuutta ja rauhoittamaan \u00e4rtynytt\u00e4 ihoa.\" \/>\n<meta property=\"og:url\" content=\"https:\/\/locobase.com\/fi\/tuote\/locobase-itch-relief-coolmousse\/\" \/>\n<meta property=\"og:site_name\" content=\"Locobase\" \/>\n<meta property=\"article:modified_time\" content=\"2026-02-20T09:17:06+00:00\" \/>\n<meta property=\"og:image\" content=\"https:\/\/locobase.com\/app\/uploads\/sites\/5\/2023\/01\/Locobase-Itch-Relief-Coolmousse-100ml-1.png\" \/>\n\t<meta property=\"og:image:width\" content=\"900\" \/>\n\t<meta property=\"og:image:height\" content=\"900\" \/>\n\t<meta property=\"og:image:type\" content=\"image\/png\" \/>\n<meta name=\"twitter:card\" content=\"summary_large_image\" \/>\n<meta name=\"twitter:label1\" content=\"Est. reading time\" \/>\n\t<meta name=\"twitter:data1\" content=\"1 minute\" \/>\n<script type=\"application\/ld+json\" class=\"yoast-schema-graph\">{\"@context\":\"https:\/\/schema.org\",\"@graph\":[{\"@type\":\"WebPage\",\"@id\":\"https:\/\/locobase.com\/fi\/tuote\/locobase-itch-relief-coolmousse\/\",\"url\":\"https:\/\/locobase.com\/fi\/tuote\/locobase-itch-relief-coolmousse\/\",\"name\":\"Locobase Itch Relief Coolmousse - Locobase\",\"isPartOf\":{\"@id\":\"https:\/\/locobase.com\/fi\/#website\"},\"primaryImageOfPage\":{\"@id\":\"https:\/\/locobase.com\/fi\/tuote\/locobase-itch-relief-coolmousse\/#primaryimage\"},\"image\":{\"@id\":\"https:\/\/locobase.com\/fi\/tuote\/locobase-itch-relief-coolmousse\/#primaryimage\"},\"thumbnailUrl\":\"https:\/\/locobase.com\/app\/uploads\/sites\/5\/2023\/01\/Locobase-Itch-Relief-Coolmousse-100ml-1.png\",\"datePublished\":\"2023-01-13T07:41:57+00:00\",\"dateModified\":\"2026-02-20T09:17:06+00:00\",\"description\":\"Locobase Itch Relief Coolmousse on kehitetty erityisesti lievitt\u00e4m\u00e4\u00e4n ihon kutinaa ja kuivuutta ja rauhoittamaan \u00e4rtynytt\u00e4 ihoa.\",\"breadcrumb\":{\"@id\":\"https:\/\/locobase.com\/fi\/tuote\/locobase-itch-relief-coolmousse\/#breadcrumb\"},\"inLanguage\":\"fi-FI\",\"potentialAction\":[{\"@type\":\"ReadAction\",\"target\":[\"https:\/\/locobase.com\/fi\/tuote\/locobase-itch-relief-coolmousse\/\"]}]},{\"@type\":\"ImageObject\",\"inLanguage\":\"fi-FI\",\"@id\":\"https:\/\/locobase.com\/fi\/tuote\/locobase-itch-relief-coolmousse\/#primaryimage\",\"url\":\"https:\/\/locobase.com\/app\/uploads\/sites\/5\/2023\/01\/Locobase-Itch-Relief-Coolmousse-100ml-1.png\",\"contentUrl\":\"https:\/\/locobase.com\/app\/uploads\/sites\/5\/2023\/01\/Locobase-Itch-Relief-Coolmousse-100ml-1.png\",\"width\":900,\"height\":900,\"caption\":\"Locobase Itch Relief Coolmousse\"},{\"@type\":\"BreadcrumbList\",\"@id\":\"https:\/\/locobase.com\/fi\/tuote\/locobase-itch-relief-coolmousse\/#breadcrumb\",\"itemListElement\":[{\"@type\":\"ListItem\",\"position\":1,\"name\":\"Home\",\"item\":\"https:\/\/locobase.com\/fi\/\"},{\"@type\":\"ListItem\",\"position\":2,\"name\":\"Tuotteet\",\"item\":\"https:\/\/locobase.com\/fi\/tuotteet\/\"},{\"@type\":\"ListItem\",\"position\":3,\"name\":\"Locobase Itch Relief Coolmousse\"}]},{\"@type\":\"WebSite\",\"@id\":\"https:\/\/locobase.com\/fi\/#website\",\"url\":\"https:\/\/locobase.com\/fi\/\",\"name\":\"Locobase\",\"description\":\"\",\"publisher\":{\"@id\":\"https:\/\/locobase.com\/fi\/#organization\"},\"potentialAction\":[{\"@type\":\"SearchAction\",\"target\":{\"@type\":\"EntryPoint\",\"urlTemplate\":\"https:\/\/locobase.com\/fi\/?s={search_term_string}\"},\"query-input\":{\"@type\":\"PropertyValueSpecification\",\"valueRequired\":true,\"valueName\":\"search_term_string\"}}],\"inLanguage\":\"fi-FI\"},{\"@type\":\"Organization\",\"@id\":\"https:\/\/locobase.com\/fi\/#organization\",\"name\":\"Locobase\",\"url\":\"https:\/\/locobase.com\/fi\/\",\"logo\":{\"@type\":\"ImageObject\",\"inLanguage\":\"fi-FI\",\"@id\":\"https:\/\/locobase.com\/fi\/#\/schema\/logo\/image\/\",\"url\":\"https:\/\/locobase.com\/app\/uploads\/sites\/5\/2022\/05\/logo.png\",\"contentUrl\":\"https:\/\/locobase.com\/app\/uploads\/sites\/5\/2022\/05\/logo.png\",\"width\":163,\"height\":32,\"caption\":\"Locobase\"},\"image\":{\"@id\":\"https:\/\/locobase.com\/fi\/#\/schema\/logo\/image\/\"}}]}<\/script>\n<!-- \/ Yoast SEO plugin. -->","yoast_head_json":{"title":"Locobase Itch Relief Coolmousse - Locobase","description":"Locobase Itch Relief Coolmousse on kehitetty erityisesti lievitt\u00e4m\u00e4\u00e4n ihon kutinaa ja kuivuutta ja rauhoittamaan \u00e4rtynytt\u00e4 ihoa.","robots":{"index":"index","follow":"follow","max-snippet":"max-snippet:-1","max-image-preview":"max-image-preview:large","max-video-preview":"max-video-preview:-1"},"canonical":"https:\/\/locobase.com\/fi\/tuote\/locobase-itch-relief-coolmousse\/","og_locale":"fi_FI","og_type":"article","og_title":"Locobase Itch Relief Coolmousse - Locobase","og_description":"Locobase Itch Relief Coolmousse on kehitetty erityisesti lievitt\u00e4m\u00e4\u00e4n ihon kutinaa ja kuivuutta ja rauhoittamaan \u00e4rtynytt\u00e4 ihoa.","og_url":"https:\/\/locobase.com\/fi\/tuote\/locobase-itch-relief-coolmousse\/","og_site_name":"Locobase","article_modified_time":"2026-02-20T09:17:06+00:00","og_image":[{"width":900,"height":900,"url":"https:\/\/locobase.com\/app\/uploads\/sites\/5\/2023\/01\/Locobase-Itch-Relief-Coolmousse-100ml-1.png","type":"image\/png"}],"twitter_card":"summary_large_image","twitter_misc":{"Est. reading time":"1 minute"},"schema":{"@context":"https:\/\/schema.org","@graph":[{"@type":"WebPage","@id":"https:\/\/locobase.com\/fi\/tuote\/locobase-itch-relief-coolmousse\/","url":"https:\/\/locobase.com\/fi\/tuote\/locobase-itch-relief-coolmousse\/","name":"Locobase Itch Relief Coolmousse - Locobase","isPartOf":{"@id":"https:\/\/locobase.com\/fi\/#website"},"primaryImageOfPage":{"@id":"https:\/\/locobase.com\/fi\/tuote\/locobase-itch-relief-coolmousse\/#primaryimage"},"image":{"@id":"https:\/\/locobase.com\/fi\/tuote\/locobase-itch-relief-coolmousse\/#primaryimage"},"thumbnailUrl":"https:\/\/locobase.com\/app\/uploads\/sites\/5\/2023\/01\/Locobase-Itch-Relief-Coolmousse-100ml-1.png","datePublished":"2023-01-13T07:41:57+00:00","dateModified":"2026-02-20T09:17:06+00:00","description":"Locobase Itch Relief Coolmousse on kehitetty erityisesti lievitt\u00e4m\u00e4\u00e4n ihon kutinaa ja kuivuutta ja rauhoittamaan \u00e4rtynytt\u00e4 ihoa.","breadcrumb":{"@id":"https:\/\/locobase.com\/fi\/tuote\/locobase-itch-relief-coolmousse\/#breadcrumb"},"inLanguage":"fi-FI","potentialAction":[{"@type":"ReadAction","target":["https:\/\/locobase.com\/fi\/tuote\/locobase-itch-relief-coolmousse\/"]}]},{"@type":"ImageObject","inLanguage":"fi-FI","@id":"https:\/\/locobase.com\/fi\/tuote\/locobase-itch-relief-coolmousse\/#primaryimage","url":"https:\/\/locobase.com\/app\/uploads\/sites\/5\/2023\/01\/Locobase-Itch-Relief-Coolmousse-100ml-1.png","contentUrl":"https:\/\/locobase.com\/app\/uploads\/sites\/5\/2023\/01\/Locobase-Itch-Relief-Coolmousse-100ml-1.png","width":900,"height":900,"caption":"Locobase Itch Relief Coolmousse"},{"@type":"BreadcrumbList","@id":"https:\/\/locobase.com\/fi\/tuote\/locobase-itch-relief-coolmousse\/#breadcrumb","itemListElement":[{"@type":"ListItem","position":1,"name":"Home","item":"https:\/\/locobase.com\/fi\/"},{"@type":"ListItem","position":2,"name":"Tuotteet","item":"https:\/\/locobase.com\/fi\/tuotteet\/"},{"@type":"ListItem","position":3,"name":"Locobase Itch Relief Coolmousse"}]},{"@type":"WebSite","@id":"https:\/\/locobase.com\/fi\/#website","url":"https:\/\/locobase.com\/fi\/","name":"Locobase","description":"","publisher":{"@id":"https:\/\/locobase.com\/fi\/#organization"},"potentialAction":[{"@type":"SearchAction","target":{"@type":"EntryPoint","urlTemplate":"https:\/\/locobase.com\/fi\/?s={search_term_string}"},"query-input":{"@type":"PropertyValueSpecification","valueRequired":true,"valueName":"search_term_string"}}],"inLanguage":"fi-FI"},{"@type":"Organization","@id":"https:\/\/locobase.com\/fi\/#organization","name":"Locobase","url":"https:\/\/locobase.com\/fi\/","logo":{"@type":"ImageObject","inLanguage":"fi-FI","@id":"https:\/\/locobase.com\/fi\/#\/schema\/logo\/image\/","url":"https:\/\/locobase.com\/app\/uploads\/sites\/5\/2022\/05\/logo.png","contentUrl":"https:\/\/locobase.com\/app\/uploads\/sites\/5\/2022\/05\/logo.png","width":163,"height":32,"caption":"Locobase"},"image":{"@id":"https:\/\/locobase.com\/fi\/#\/schema\/logo\/image\/"}}]}},"_links":{"self":[{"href":"https:\/\/locobase.com\/fi\/wp-json\/wp\/v2\/product\/138","targetHints":{"allow":["GET"]}}],"collection":[{"href":"https:\/\/locobase.com\/fi\/wp-json\/wp\/v2\/product"}],"about":[{"href":"https:\/\/locobase.com\/fi\/wp-json\/wp\/v2\/types\/product"}],"replies":[{"embeddable":true,"href":"https:\/\/locobase.com\/fi\/wp-json\/wp\/v2\/comments?post=138"}],"version-history":[{"count":10,"href":"https:\/\/locobase.com\/fi\/wp-json\/wp\/v2\/product\/138\/revisions"}],"predecessor-version":[{"id":480,"href":"https:\/\/locobase.com\/fi\/wp-json\/wp\/v2\/product\/138\/revisions\/480"}],"wp:featuredmedia":[{"embeddable":true,"href":"https:\/\/locobase.com\/fi\/wp-json\/wp\/v2\/media\/139"}],"wp:attachment":[{"href":"https:\/\/locobase.com\/fi\/wp-json\/wp\/v2\/media?parent=138"}],"wp:term":[{"taxonomy":"product_brand","embeddable":true,"href":"https:\/\/locobase.com\/fi\/wp-json\/wp\/v2\/product_brand?post=138"},{"taxonomy":"product_cat","embeddable":true,"href":"https:\/\/locobase.com\/fi\/wp-json\/wp\/v2\/product_cat?post=138"},{"taxonomy":"product_tag","embeddable":true,"href":"https:\/\/locobase.com\/fi\/wp-json\/wp\/v2\/product_tag?post=138"}],"curies":[{"name":"wp","href":"https:\/\/api.w.org\/{rel}","templated":true}]}}