{"id":277,"date":"2024-08-14T09:31:25","date_gmt":"2024-08-14T06:31:25","guid":{"rendered":"https:\/\/locobase.com\/fi\/?post_type=product&#038;p=277"},"modified":"2026-04-27T13:41:24","modified_gmt":"2026-04-27T10:41:24","slug":"locobase-repair-light-cream","status":"publish","type":"product","link":"https:\/\/locobase.com\/fi\/tuote\/locobase-repair-light-cream\/","title":{"rendered":"Locobase Repair Light Cream"},"content":{"rendered":"\n<div class=\"wp-block-karopharma-accordions is-style-secondary\"><div class=\"container\">\n<details class=\"wp-block-karopharma-accordion\"><summary><h2 class=\"accordion-title\">K\u00e4ytt\u00f6aiheet<\/h2><\/summary><div class=\"accordion-content\">\n<p>Levit\u00e4 koko kehon kuiville ihoalueille kerran p\u00e4iv\u00e4ss\u00e4 tai niin usein, kun on tarpeen. Sopii kasvoille ja vartalolle, koko perheelle, my\u00f6s lapsille ja vauvoille.<\/p>\n<\/div><\/details>\n\n\n\n<details class=\"wp-block-karopharma-accordion\"><summary><h2 class=\"accordion-title\">Ainesosat<\/h2><\/summary><div class=\"accordion-content\">\n<p>Aqua, Caprylic\/Capric, Triglyceride,\u202fButyrospermum\u202fParkii\u202fButter,\u202fGlycerin,\u202fCetearyl\u202fAlcohol,\u202fEthylhexyl\u202fStearate,\u202fHelianthus Annuus Hybrid Oil, Glyceryl Stearate, Copernicia Cerifera Cera, Squalane, Ceteareth-20, Allantoin, Sodium\u202fBenzoate, Ceramide NP, Citric Acid, Potassium\u202fSorbat\u202f<\/p>\n\n\n\n<p><strong>Keramidit NP<br><\/strong>Auttaa korjaamaan ihon luonnollista suojakerrosta.<\/p>\n\n\n\n<p><strong>Skvalaani<\/strong><br>Syv\u00e4kosteuttaa ihoa ja est\u00e4\u00e4 kosteutta haihtumasta.<\/p>\n\n\n\n<p><strong>Allantoiini<\/strong><br>Auttaa rauhoittamaan ihoa ja v\u00e4hent\u00e4m\u00e4\u00e4n punoitusta.<\/p>\n<\/div><\/details>\n<\/div><\/div>\n","protected":false},"excerpt":{"rendered":"<p>Kehitetty yhdess\u00e4 ihotautil\u00e4\u00e4k\u00e4reiden kanssa korjaamaan kuivaa, vaurioitunutta ja atooppista ihoa<\/p>\n","protected":false},"featured_media":434,"comment_status":"closed","ping_status":"closed","template":"","meta":{"_acf_changed":false,"footnotes":""},"product_brand":[],"product_cat":[22],"product_tag":[],"class_list":{"0":"post-277","1":"product","2":"type-product","3":"status-publish","4":"has-post-thumbnail","6":"product_cat-repair","8":"first","9":"instock","10":"shipping-taxable","11":"product-type-simple"},"acf":[],"yoast_head":"<!-- This site is optimized with the Yoast SEO plugin v26.6 - https:\/\/yoast.com\/wordpress\/plugins\/seo\/ -->\n<title>Locobase Repair Light Cream - Locobase<\/title>\n<meta name=\"description\" content=\"Uuden kevyen ja nopeasti imeytyv\u00e4n koostumuksen on kliinisesti todistettu korjaavan ihon suojakerrosta nopeasti ja helpottavan kuivan, vaurioituneen ja atooppisen ihon kuntoa.\" \/>\n<meta name=\"robots\" content=\"index, follow, max-snippet:-1, max-image-preview:large, max-video-preview:-1\" \/>\n<link rel=\"canonical\" href=\"https:\/\/locobase.com\/fi\/tuote\/locobase-repair-light-cream\/\" \/>\n<meta property=\"og:locale\" content=\"fi_FI\" \/>\n<meta property=\"og:type\" content=\"article\" \/>\n<meta property=\"og:title\" content=\"Locobase Repair Light Cream - Locobase\" \/>\n<meta property=\"og:description\" content=\"Uuden kevyen ja nopeasti imeytyv\u00e4n koostumuksen on kliinisesti todistettu korjaavan ihon suojakerrosta nopeasti ja helpottavan kuivan, vaurioituneen ja atooppisen ihon kuntoa.\" \/>\n<meta property=\"og:url\" content=\"https:\/\/locobase.com\/fi\/tuote\/locobase-repair-light-cream\/\" \/>\n<meta property=\"og:site_name\" content=\"Locobase\" \/>\n<meta property=\"article:modified_time\" content=\"2026-04-27T10:41:24+00:00\" \/>\n<meta property=\"og:image\" content=\"https:\/\/locobase.com\/app\/uploads\/sites\/5\/2024\/08\/Locobase-Repair-Light-Cream-100-splash.png\" \/>\n\t<meta property=\"og:image:width\" content=\"800\" \/>\n\t<meta property=\"og:image:height\" content=\"800\" \/>\n\t<meta property=\"og:image:type\" content=\"image\/png\" \/>\n<meta name=\"twitter:card\" content=\"summary_large_image\" \/>\n<meta name=\"twitter:label1\" content=\"Est. reading time\" \/>\n\t<meta name=\"twitter:data1\" content=\"1 minute\" \/>\n<script type=\"application\/ld+json\" class=\"yoast-schema-graph\">{\"@context\":\"https:\/\/schema.org\",\"@graph\":[{\"@type\":\"WebPage\",\"@id\":\"https:\/\/locobase.com\/fi\/tuote\/locobase-repair-light-cream\/\",\"url\":\"https:\/\/locobase.com\/fi\/tuote\/locobase-repair-light-cream\/\",\"name\":\"Locobase Repair Light Cream - Locobase\",\"isPartOf\":{\"@id\":\"https:\/\/locobase.com\/fi\/#website\"},\"primaryImageOfPage\":{\"@id\":\"https:\/\/locobase.com\/fi\/tuote\/locobase-repair-light-cream\/#primaryimage\"},\"image\":{\"@id\":\"https:\/\/locobase.com\/fi\/tuote\/locobase-repair-light-cream\/#primaryimage\"},\"thumbnailUrl\":\"https:\/\/locobase.com\/app\/uploads\/sites\/5\/2024\/08\/Locobase-Repair-Light-Cream-100-splash.png\",\"datePublished\":\"2024-08-14T06:31:25+00:00\",\"dateModified\":\"2026-04-27T10:41:24+00:00\",\"description\":\"Uuden kevyen ja nopeasti imeytyv\u00e4n koostumuksen on kliinisesti todistettu korjaavan ihon suojakerrosta nopeasti ja helpottavan kuivan, vaurioituneen ja atooppisen ihon kuntoa.\",\"breadcrumb\":{\"@id\":\"https:\/\/locobase.com\/fi\/tuote\/locobase-repair-light-cream\/#breadcrumb\"},\"inLanguage\":\"fi-FI\",\"potentialAction\":[{\"@type\":\"ReadAction\",\"target\":[\"https:\/\/locobase.com\/fi\/tuote\/locobase-repair-light-cream\/\"]}]},{\"@type\":\"ImageObject\",\"inLanguage\":\"fi-FI\",\"@id\":\"https:\/\/locobase.com\/fi\/tuote\/locobase-repair-light-cream\/#primaryimage\",\"url\":\"https:\/\/locobase.com\/app\/uploads\/sites\/5\/2024\/08\/Locobase-Repair-Light-Cream-100-splash.png\",\"contentUrl\":\"https:\/\/locobase.com\/app\/uploads\/sites\/5\/2024\/08\/Locobase-Repair-Light-Cream-100-splash.png\",\"width\":800,\"height\":800,\"caption\":\"Locobase-Repair-Light-Cream-100-splash\"},{\"@type\":\"BreadcrumbList\",\"@id\":\"https:\/\/locobase.com\/fi\/tuote\/locobase-repair-light-cream\/#breadcrumb\",\"itemListElement\":[{\"@type\":\"ListItem\",\"position\":1,\"name\":\"Home\",\"item\":\"https:\/\/locobase.com\/fi\/\"},{\"@type\":\"ListItem\",\"position\":2,\"name\":\"Tuotteet\",\"item\":\"https:\/\/locobase.com\/fi\/tuotteet\/\"},{\"@type\":\"ListItem\",\"position\":3,\"name\":\"Locobase Repair Light Cream\"}]},{\"@type\":\"WebSite\",\"@id\":\"https:\/\/locobase.com\/fi\/#website\",\"url\":\"https:\/\/locobase.com\/fi\/\",\"name\":\"Locobase\",\"description\":\"\",\"publisher\":{\"@id\":\"https:\/\/locobase.com\/fi\/#organization\"},\"potentialAction\":[{\"@type\":\"SearchAction\",\"target\":{\"@type\":\"EntryPoint\",\"urlTemplate\":\"https:\/\/locobase.com\/fi\/?s={search_term_string}\"},\"query-input\":{\"@type\":\"PropertyValueSpecification\",\"valueRequired\":true,\"valueName\":\"search_term_string\"}}],\"inLanguage\":\"fi-FI\"},{\"@type\":\"Organization\",\"@id\":\"https:\/\/locobase.com\/fi\/#organization\",\"name\":\"Locobase\",\"url\":\"https:\/\/locobase.com\/fi\/\",\"logo\":{\"@type\":\"ImageObject\",\"inLanguage\":\"fi-FI\",\"@id\":\"https:\/\/locobase.com\/fi\/#\/schema\/logo\/image\/\",\"url\":\"https:\/\/locobase.com\/app\/uploads\/sites\/5\/2022\/05\/logo.png\",\"contentUrl\":\"https:\/\/locobase.com\/app\/uploads\/sites\/5\/2022\/05\/logo.png\",\"width\":163,\"height\":32,\"caption\":\"Locobase\"},\"image\":{\"@id\":\"https:\/\/locobase.com\/fi\/#\/schema\/logo\/image\/\"}}]}<\/script>\n<!-- \/ Yoast SEO plugin. -->","yoast_head_json":{"title":"Locobase Repair Light Cream - Locobase","description":"Uuden kevyen ja nopeasti imeytyv\u00e4n koostumuksen on kliinisesti todistettu korjaavan ihon suojakerrosta nopeasti ja helpottavan kuivan, vaurioituneen ja atooppisen ihon kuntoa.","robots":{"index":"index","follow":"follow","max-snippet":"max-snippet:-1","max-image-preview":"max-image-preview:large","max-video-preview":"max-video-preview:-1"},"canonical":"https:\/\/locobase.com\/fi\/tuote\/locobase-repair-light-cream\/","og_locale":"fi_FI","og_type":"article","og_title":"Locobase Repair Light Cream - Locobase","og_description":"Uuden kevyen ja nopeasti imeytyv\u00e4n koostumuksen on kliinisesti todistettu korjaavan ihon suojakerrosta nopeasti ja helpottavan kuivan, vaurioituneen ja atooppisen ihon kuntoa.","og_url":"https:\/\/locobase.com\/fi\/tuote\/locobase-repair-light-cream\/","og_site_name":"Locobase","article_modified_time":"2026-04-27T10:41:24+00:00","og_image":[{"width":800,"height":800,"url":"https:\/\/locobase.com\/app\/uploads\/sites\/5\/2024\/08\/Locobase-Repair-Light-Cream-100-splash.png","type":"image\/png"}],"twitter_card":"summary_large_image","twitter_misc":{"Est. reading time":"1 minute"},"schema":{"@context":"https:\/\/schema.org","@graph":[{"@type":"WebPage","@id":"https:\/\/locobase.com\/fi\/tuote\/locobase-repair-light-cream\/","url":"https:\/\/locobase.com\/fi\/tuote\/locobase-repair-light-cream\/","name":"Locobase Repair Light Cream - Locobase","isPartOf":{"@id":"https:\/\/locobase.com\/fi\/#website"},"primaryImageOfPage":{"@id":"https:\/\/locobase.com\/fi\/tuote\/locobase-repair-light-cream\/#primaryimage"},"image":{"@id":"https:\/\/locobase.com\/fi\/tuote\/locobase-repair-light-cream\/#primaryimage"},"thumbnailUrl":"https:\/\/locobase.com\/app\/uploads\/sites\/5\/2024\/08\/Locobase-Repair-Light-Cream-100-splash.png","datePublished":"2024-08-14T06:31:25+00:00","dateModified":"2026-04-27T10:41:24+00:00","description":"Uuden kevyen ja nopeasti imeytyv\u00e4n koostumuksen on kliinisesti todistettu korjaavan ihon suojakerrosta nopeasti ja helpottavan kuivan, vaurioituneen ja atooppisen ihon kuntoa.","breadcrumb":{"@id":"https:\/\/locobase.com\/fi\/tuote\/locobase-repair-light-cream\/#breadcrumb"},"inLanguage":"fi-FI","potentialAction":[{"@type":"ReadAction","target":["https:\/\/locobase.com\/fi\/tuote\/locobase-repair-light-cream\/"]}]},{"@type":"ImageObject","inLanguage":"fi-FI","@id":"https:\/\/locobase.com\/fi\/tuote\/locobase-repair-light-cream\/#primaryimage","url":"https:\/\/locobase.com\/app\/uploads\/sites\/5\/2024\/08\/Locobase-Repair-Light-Cream-100-splash.png","contentUrl":"https:\/\/locobase.com\/app\/uploads\/sites\/5\/2024\/08\/Locobase-Repair-Light-Cream-100-splash.png","width":800,"height":800,"caption":"Locobase-Repair-Light-Cream-100-splash"},{"@type":"BreadcrumbList","@id":"https:\/\/locobase.com\/fi\/tuote\/locobase-repair-light-cream\/#breadcrumb","itemListElement":[{"@type":"ListItem","position":1,"name":"Home","item":"https:\/\/locobase.com\/fi\/"},{"@type":"ListItem","position":2,"name":"Tuotteet","item":"https:\/\/locobase.com\/fi\/tuotteet\/"},{"@type":"ListItem","position":3,"name":"Locobase Repair Light Cream"}]},{"@type":"WebSite","@id":"https:\/\/locobase.com\/fi\/#website","url":"https:\/\/locobase.com\/fi\/","name":"Locobase","description":"","publisher":{"@id":"https:\/\/locobase.com\/fi\/#organization"},"potentialAction":[{"@type":"SearchAction","target":{"@type":"EntryPoint","urlTemplate":"https:\/\/locobase.com\/fi\/?s={search_term_string}"},"query-input":{"@type":"PropertyValueSpecification","valueRequired":true,"valueName":"search_term_string"}}],"inLanguage":"fi-FI"},{"@type":"Organization","@id":"https:\/\/locobase.com\/fi\/#organization","name":"Locobase","url":"https:\/\/locobase.com\/fi\/","logo":{"@type":"ImageObject","inLanguage":"fi-FI","@id":"https:\/\/locobase.com\/fi\/#\/schema\/logo\/image\/","url":"https:\/\/locobase.com\/app\/uploads\/sites\/5\/2022\/05\/logo.png","contentUrl":"https:\/\/locobase.com\/app\/uploads\/sites\/5\/2022\/05\/logo.png","width":163,"height":32,"caption":"Locobase"},"image":{"@id":"https:\/\/locobase.com\/fi\/#\/schema\/logo\/image\/"}}]}},"_links":{"self":[{"href":"https:\/\/locobase.com\/fi\/wp-json\/wp\/v2\/product\/277","targetHints":{"allow":["GET"]}}],"collection":[{"href":"https:\/\/locobase.com\/fi\/wp-json\/wp\/v2\/product"}],"about":[{"href":"https:\/\/locobase.com\/fi\/wp-json\/wp\/v2\/types\/product"}],"replies":[{"embeddable":true,"href":"https:\/\/locobase.com\/fi\/wp-json\/wp\/v2\/comments?post=277"}],"version-history":[{"count":10,"href":"https:\/\/locobase.com\/fi\/wp-json\/wp\/v2\/product\/277\/revisions"}],"predecessor-version":[{"id":474,"href":"https:\/\/locobase.com\/fi\/wp-json\/wp\/v2\/product\/277\/revisions\/474"}],"wp:featuredmedia":[{"embeddable":true,"href":"https:\/\/locobase.com\/fi\/wp-json\/wp\/v2\/media\/434"}],"wp:attachment":[{"href":"https:\/\/locobase.com\/fi\/wp-json\/wp\/v2\/media?parent=277"}],"wp:term":[{"taxonomy":"product_brand","embeddable":true,"href":"https:\/\/locobase.com\/fi\/wp-json\/wp\/v2\/product_brand?post=277"},{"taxonomy":"product_cat","embeddable":true,"href":"https:\/\/locobase.com\/fi\/wp-json\/wp\/v2\/product_cat?post=277"},{"taxonomy":"product_tag","embeddable":true,"href":"https:\/\/locobase.com\/fi\/wp-json\/wp\/v2\/product_tag?post=277"}],"curies":[{"name":"wp","href":"https:\/\/api.w.org\/{rel}","templated":true}]}}