{"id":63,"date":"2022-06-02T11:20:05","date_gmt":"2022-06-02T08:20:05","guid":{"rendered":"https:\/\/locobase.com\/fi\/?post_type=product&#038;p=63"},"modified":"2026-02-20T11:13:39","modified_gmt":"2026-02-20T09:13:39","slug":"locobase-repair","status":"publish","type":"product","link":"https:\/\/locobase.com\/fi\/tuote\/locobase-repair\/","title":{"rendered":"Locobase Repair"},"content":{"rendered":"\n<div class=\"wp-block-karopharma-accordions is-style-secondary\"><div class=\"container\">\n<details class=\"wp-block-karopharma-accordion\"><summary><h2 class=\"accordion-title\">Ainesosat<\/h2><\/summary><div class=\"accordion-content\">\n<p>Locobase Repairilla on korkea rasvapitoisuus (63 %) ja se sis\u00e4lt\u00e4\u00e4 optimaalisen yhdistelm\u00e4n erityisi\u00e4 rasvoja joita iho tuottaa itsekin: keramidia, kolesterolia ja vapaita rasvahappoja.<\/p>\n\n\n\n<figure class=\"wp-block-table\"><table><thead><tr><th class=\"has-text-align-left\" data-align=\"left\"><strong>Ainesosat<\/strong><\/th><\/tr><\/thead><tbody><tr><td class=\"has-text-align-left\" data-align=\"left\">Petrolatum<\/td><\/tr><tr><td class=\"has-text-align-left\" data-align=\"left\">Vatten<\/td><\/tr><tr><td class=\"has-text-align-left\" data-align=\"left\">Paraffin<\/td><\/tr><tr><td class=\"has-text-align-left\" data-align=\"left\">Paraffinum Liquidum<\/td><\/tr><tr><td class=\"has-text-align-left\" data-align=\"left\">Glycerin<\/td><\/tr><tr><td class=\"has-text-align-left\" data-align=\"left\">Sorbitan Oleat<\/td><\/tr><tr><td class=\"has-text-align-left\" data-align=\"left\">Copernicia Cerifera Wax<\/td><\/tr><tr><td class=\"has-text-align-left\" data-align=\"left\">Cholesterol<\/td><\/tr><tr><td class=\"has-text-align-left\" data-align=\"left\">Ceramide 3<\/td><\/tr><tr><td class=\"has-text-align-left\" data-align=\"left\">Oleic Acid<\/td><\/tr><tr><td class=\"has-text-align-left\" data-align=\"left\">Palmitic Acid<\/td><\/tr><tr><td class=\"has-text-align-left\" data-align=\"left\">Tromethamine<\/td><\/tr><tr><td class=\"has-text-align-left\" data-align=\"left\">Carbomer<\/td><\/tr><\/tbody><\/table><\/figure>\n<\/div><\/details>\n<\/div><\/div>\n","protected":false},"excerpt":{"rendered":"<p>Korjaava voide hyvin kuivalle ja halkeilevalle iholle<\/p>\n","protected":false},"featured_media":64,"comment_status":"closed","ping_status":"closed","template":"","meta":{"_acf_changed":false,"footnotes":""},"product_brand":[],"product_cat":[22],"product_tag":[],"class_list":{"0":"post-63","1":"product","2":"type-product","3":"status-publish","4":"has-post-thumbnail","6":"product_cat-repair","8":"first","9":"instock","10":"shipping-taxable","11":"product-type-simple"},"acf":[],"yoast_head":"<!-- This site is optimized with the Yoast SEO plugin v26.6 - https:\/\/yoast.com\/wordpress\/plugins\/seo\/ -->\n<title>Locobase Repair - Locobase<\/title>\n<meta name=\"description\" content=\"Locobase Repair on monen asiakkaamme suosikki. Voidetta on k\u00e4ytetty jo monen sukupolven ajan kuivan ja halkeilevan ihon hoitoon sek\u00e4 atooppisen ekseeman hoidon tukena.\" \/>\n<meta name=\"robots\" content=\"index, follow, max-snippet:-1, max-image-preview:large, max-video-preview:-1\" \/>\n<link rel=\"canonical\" href=\"https:\/\/locobase.com\/fi\/tuote\/locobase-repair\/\" \/>\n<meta property=\"og:locale\" content=\"fi_FI\" \/>\n<meta property=\"og:type\" content=\"article\" \/>\n<meta property=\"og:title\" content=\"Locobase Repair - Locobase\" \/>\n<meta property=\"og:description\" content=\"Locobase Repair on monen asiakkaamme suosikki. Voidetta on k\u00e4ytetty jo monen sukupolven ajan kuivan ja halkeilevan ihon hoitoon sek\u00e4 atooppisen ekseeman hoidon tukena.\" \/>\n<meta property=\"og:url\" content=\"https:\/\/locobase.com\/fi\/tuote\/locobase-repair\/\" \/>\n<meta property=\"og:site_name\" content=\"Locobase\" \/>\n<meta property=\"article:modified_time\" content=\"2026-02-20T09:13:39+00:00\" \/>\n<meta property=\"og:image\" content=\"https:\/\/locobase.com\/app\/uploads\/sites\/5\/2022\/06\/Locobase_Repair_100g_NC_front.webp\" \/>\n\t<meta property=\"og:image:width\" content=\"1184\" \/>\n\t<meta property=\"og:image:height\" content=\"1200\" \/>\n\t<meta property=\"og:image:type\" content=\"image\/webp\" \/>\n<meta name=\"twitter:card\" content=\"summary_large_image\" \/>\n<meta name=\"twitter:label1\" content=\"Est. reading time\" \/>\n\t<meta name=\"twitter:data1\" content=\"1 minute\" \/>\n<script type=\"application\/ld+json\" class=\"yoast-schema-graph\">{\"@context\":\"https:\/\/schema.org\",\"@graph\":[{\"@type\":\"WebPage\",\"@id\":\"https:\/\/locobase.com\/fi\/tuote\/locobase-repair\/\",\"url\":\"https:\/\/locobase.com\/fi\/tuote\/locobase-repair\/\",\"name\":\"Locobase Repair - Locobase\",\"isPartOf\":{\"@id\":\"https:\/\/locobase.com\/fi\/#website\"},\"primaryImageOfPage\":{\"@id\":\"https:\/\/locobase.com\/fi\/tuote\/locobase-repair\/#primaryimage\"},\"image\":{\"@id\":\"https:\/\/locobase.com\/fi\/tuote\/locobase-repair\/#primaryimage\"},\"thumbnailUrl\":\"https:\/\/locobase.com\/app\/uploads\/sites\/5\/2022\/06\/Locobase_Repair_100g_NC_front.webp\",\"datePublished\":\"2022-06-02T08:20:05+00:00\",\"dateModified\":\"2026-02-20T09:13:39+00:00\",\"description\":\"Locobase Repair on monen asiakkaamme suosikki. Voidetta on k\u00e4ytetty jo monen sukupolven ajan kuivan ja halkeilevan ihon hoitoon sek\u00e4 atooppisen ekseeman hoidon tukena.\",\"breadcrumb\":{\"@id\":\"https:\/\/locobase.com\/fi\/tuote\/locobase-repair\/#breadcrumb\"},\"inLanguage\":\"fi-FI\",\"potentialAction\":[{\"@type\":\"ReadAction\",\"target\":[\"https:\/\/locobase.com\/fi\/tuote\/locobase-repair\/\"]}]},{\"@type\":\"ImageObject\",\"inLanguage\":\"fi-FI\",\"@id\":\"https:\/\/locobase.com\/fi\/tuote\/locobase-repair\/#primaryimage\",\"url\":\"https:\/\/locobase.com\/app\/uploads\/sites\/5\/2022\/06\/Locobase_Repair_100g_NC_front.webp\",\"contentUrl\":\"https:\/\/locobase.com\/app\/uploads\/sites\/5\/2022\/06\/Locobase_Repair_100g_NC_front.webp\",\"width\":1184,\"height\":1200,\"caption\":\"Locobase Repair 100g\"},{\"@type\":\"BreadcrumbList\",\"@id\":\"https:\/\/locobase.com\/fi\/tuote\/locobase-repair\/#breadcrumb\",\"itemListElement\":[{\"@type\":\"ListItem\",\"position\":1,\"name\":\"Home\",\"item\":\"https:\/\/locobase.com\/fi\/\"},{\"@type\":\"ListItem\",\"position\":2,\"name\":\"Tuotteet\",\"item\":\"https:\/\/locobase.com\/fi\/tuotteet\/\"},{\"@type\":\"ListItem\",\"position\":3,\"name\":\"Locobase Repair\"}]},{\"@type\":\"WebSite\",\"@id\":\"https:\/\/locobase.com\/fi\/#website\",\"url\":\"https:\/\/locobase.com\/fi\/\",\"name\":\"Locobase\",\"description\":\"\",\"publisher\":{\"@id\":\"https:\/\/locobase.com\/fi\/#organization\"},\"potentialAction\":[{\"@type\":\"SearchAction\",\"target\":{\"@type\":\"EntryPoint\",\"urlTemplate\":\"https:\/\/locobase.com\/fi\/?s={search_term_string}\"},\"query-input\":{\"@type\":\"PropertyValueSpecification\",\"valueRequired\":true,\"valueName\":\"search_term_string\"}}],\"inLanguage\":\"fi-FI\"},{\"@type\":\"Organization\",\"@id\":\"https:\/\/locobase.com\/fi\/#organization\",\"name\":\"Locobase\",\"url\":\"https:\/\/locobase.com\/fi\/\",\"logo\":{\"@type\":\"ImageObject\",\"inLanguage\":\"fi-FI\",\"@id\":\"https:\/\/locobase.com\/fi\/#\/schema\/logo\/image\/\",\"url\":\"https:\/\/locobase.com\/app\/uploads\/sites\/5\/2022\/05\/logo.png\",\"contentUrl\":\"https:\/\/locobase.com\/app\/uploads\/sites\/5\/2022\/05\/logo.png\",\"width\":163,\"height\":32,\"caption\":\"Locobase\"},\"image\":{\"@id\":\"https:\/\/locobase.com\/fi\/#\/schema\/logo\/image\/\"}}]}<\/script>\n<!-- \/ Yoast SEO plugin. -->","yoast_head_json":{"title":"Locobase Repair - Locobase","description":"Locobase Repair on monen asiakkaamme suosikki. Voidetta on k\u00e4ytetty jo monen sukupolven ajan kuivan ja halkeilevan ihon hoitoon sek\u00e4 atooppisen ekseeman hoidon tukena.","robots":{"index":"index","follow":"follow","max-snippet":"max-snippet:-1","max-image-preview":"max-image-preview:large","max-video-preview":"max-video-preview:-1"},"canonical":"https:\/\/locobase.com\/fi\/tuote\/locobase-repair\/","og_locale":"fi_FI","og_type":"article","og_title":"Locobase Repair - Locobase","og_description":"Locobase Repair on monen asiakkaamme suosikki. Voidetta on k\u00e4ytetty jo monen sukupolven ajan kuivan ja halkeilevan ihon hoitoon sek\u00e4 atooppisen ekseeman hoidon tukena.","og_url":"https:\/\/locobase.com\/fi\/tuote\/locobase-repair\/","og_site_name":"Locobase","article_modified_time":"2026-02-20T09:13:39+00:00","og_image":[{"width":1184,"height":1200,"url":"https:\/\/locobase.com\/app\/uploads\/sites\/5\/2022\/06\/Locobase_Repair_100g_NC_front.webp","type":"image\/webp"}],"twitter_card":"summary_large_image","twitter_misc":{"Est. reading time":"1 minute"},"schema":{"@context":"https:\/\/schema.org","@graph":[{"@type":"WebPage","@id":"https:\/\/locobase.com\/fi\/tuote\/locobase-repair\/","url":"https:\/\/locobase.com\/fi\/tuote\/locobase-repair\/","name":"Locobase Repair - Locobase","isPartOf":{"@id":"https:\/\/locobase.com\/fi\/#website"},"primaryImageOfPage":{"@id":"https:\/\/locobase.com\/fi\/tuote\/locobase-repair\/#primaryimage"},"image":{"@id":"https:\/\/locobase.com\/fi\/tuote\/locobase-repair\/#primaryimage"},"thumbnailUrl":"https:\/\/locobase.com\/app\/uploads\/sites\/5\/2022\/06\/Locobase_Repair_100g_NC_front.webp","datePublished":"2022-06-02T08:20:05+00:00","dateModified":"2026-02-20T09:13:39+00:00","description":"Locobase Repair on monen asiakkaamme suosikki. Voidetta on k\u00e4ytetty jo monen sukupolven ajan kuivan ja halkeilevan ihon hoitoon sek\u00e4 atooppisen ekseeman hoidon tukena.","breadcrumb":{"@id":"https:\/\/locobase.com\/fi\/tuote\/locobase-repair\/#breadcrumb"},"inLanguage":"fi-FI","potentialAction":[{"@type":"ReadAction","target":["https:\/\/locobase.com\/fi\/tuote\/locobase-repair\/"]}]},{"@type":"ImageObject","inLanguage":"fi-FI","@id":"https:\/\/locobase.com\/fi\/tuote\/locobase-repair\/#primaryimage","url":"https:\/\/locobase.com\/app\/uploads\/sites\/5\/2022\/06\/Locobase_Repair_100g_NC_front.webp","contentUrl":"https:\/\/locobase.com\/app\/uploads\/sites\/5\/2022\/06\/Locobase_Repair_100g_NC_front.webp","width":1184,"height":1200,"caption":"Locobase Repair 100g"},{"@type":"BreadcrumbList","@id":"https:\/\/locobase.com\/fi\/tuote\/locobase-repair\/#breadcrumb","itemListElement":[{"@type":"ListItem","position":1,"name":"Home","item":"https:\/\/locobase.com\/fi\/"},{"@type":"ListItem","position":2,"name":"Tuotteet","item":"https:\/\/locobase.com\/fi\/tuotteet\/"},{"@type":"ListItem","position":3,"name":"Locobase Repair"}]},{"@type":"WebSite","@id":"https:\/\/locobase.com\/fi\/#website","url":"https:\/\/locobase.com\/fi\/","name":"Locobase","description":"","publisher":{"@id":"https:\/\/locobase.com\/fi\/#organization"},"potentialAction":[{"@type":"SearchAction","target":{"@type":"EntryPoint","urlTemplate":"https:\/\/locobase.com\/fi\/?s={search_term_string}"},"query-input":{"@type":"PropertyValueSpecification","valueRequired":true,"valueName":"search_term_string"}}],"inLanguage":"fi-FI"},{"@type":"Organization","@id":"https:\/\/locobase.com\/fi\/#organization","name":"Locobase","url":"https:\/\/locobase.com\/fi\/","logo":{"@type":"ImageObject","inLanguage":"fi-FI","@id":"https:\/\/locobase.com\/fi\/#\/schema\/logo\/image\/","url":"https:\/\/locobase.com\/app\/uploads\/sites\/5\/2022\/05\/logo.png","contentUrl":"https:\/\/locobase.com\/app\/uploads\/sites\/5\/2022\/05\/logo.png","width":163,"height":32,"caption":"Locobase"},"image":{"@id":"https:\/\/locobase.com\/fi\/#\/schema\/logo\/image\/"}}]}},"_links":{"self":[{"href":"https:\/\/locobase.com\/fi\/wp-json\/wp\/v2\/product\/63","targetHints":{"allow":["GET"]}}],"collection":[{"href":"https:\/\/locobase.com\/fi\/wp-json\/wp\/v2\/product"}],"about":[{"href":"https:\/\/locobase.com\/fi\/wp-json\/wp\/v2\/types\/product"}],"replies":[{"embeddable":true,"href":"https:\/\/locobase.com\/fi\/wp-json\/wp\/v2\/comments?post=63"}],"version-history":[{"count":9,"href":"https:\/\/locobase.com\/fi\/wp-json\/wp\/v2\/product\/63\/revisions"}],"predecessor-version":[{"id":478,"href":"https:\/\/locobase.com\/fi\/wp-json\/wp\/v2\/product\/63\/revisions\/478"}],"wp:featuredmedia":[{"embeddable":true,"href":"https:\/\/locobase.com\/fi\/wp-json\/wp\/v2\/media\/64"}],"wp:attachment":[{"href":"https:\/\/locobase.com\/fi\/wp-json\/wp\/v2\/media?parent=63"}],"wp:term":[{"taxonomy":"product_brand","embeddable":true,"href":"https:\/\/locobase.com\/fi\/wp-json\/wp\/v2\/product_brand?post=63"},{"taxonomy":"product_cat","embeddable":true,"href":"https:\/\/locobase.com\/fi\/wp-json\/wp\/v2\/product_cat?post=63"},{"taxonomy":"product_tag","embeddable":true,"href":"https:\/\/locobase.com\/fi\/wp-json\/wp\/v2\/product_tag?post=63"}],"curies":[{"name":"wp","href":"https:\/\/api.w.org\/{rel}","templated":true}]}}