{"id":75,"date":"2022-06-02T11:26:33","date_gmt":"2022-06-02T08:26:33","guid":{"rendered":"https:\/\/locobase.com\/fi\/?post_type=product&#038;p=75"},"modified":"2026-02-20T11:13:31","modified_gmt":"2026-02-20T09:13:31","slug":"locobase-protect-entinen-rasvainen-emulsiovoide","status":"publish","type":"product","link":"https:\/\/locobase.com\/fi\/tuote\/locobase-protect-entinen-rasvainen-emulsiovoide\/","title":{"rendered":"Locobase Protect (entinen Rasvainen Emulsiovoide)"},"content":{"rendered":"\n<div class=\"wp-block-karopharma-accordions is-style-secondary\"><div class=\"container\">\n<details class=\"wp-block-karopharma-accordion\"><summary><h2 class=\"accordion-title\">K\u00e4ytt\u00f6alue<\/h2><\/summary><div class=\"accordion-content\">\n<p>Locobase Protect on kehitetty erityisesti kuivalle iholle, ja sit\u00e4 voivat k\u00e4ytt\u00e4\u00e4 lapset ja aikuiset. K\u00e4ytt\u00f6kohteita on monia:<\/p>\n\n\n\n<ul class=\"is-style-icon wp-block-list\"><li>Kuiva ja eritt\u00e4in kuiva iho (jopa suurilla ihoalueilla) <\/li><li>\u00c4rstynyt ja\/tai herkk\u00e4 iho<\/li><li>Voidaan k\u00e4ytt\u00e4\u00e4 my\u00f6s ihon t\u00e4ydent\u00e4v\u00e4n\u00e4 hoitona ekseeman hoitoon<\/li><li>Suojaavana erikoisvoiteena, kun iho altistuu ylim\u00e4\u00e4r\u00e4iselle kulumiselle ja kuivumiselle. Jos esimerkiksi peset k\u00e4si\u00e4si usein tai ty\u00f6skentelet kylmien, m\u00e4rien tai eritt\u00e4in kuivien materiaalien kanssa.<\/li><\/ul>\n<\/div><\/details>\n\n\n\n<details class=\"wp-block-karopharma-accordion\"><summary><h2 class=\"accordion-title\">K\u00e4ytt\u00e4\u00e4<\/h2><\/summary><div class=\"accordion-content\">\n<p>Locobase Protectia voidaan k\u00e4ytt\u00e4\u00e4 tarpeen mukaan ja levitt\u00e4\u00e4 useita kertoja p\u00e4iv\u00e4ss\u00e4 koko vartalolle &#8211; jopa kasvoille. Voitele kuiva iho 3-4 kertaa p\u00e4iv\u00e4ss\u00e4. T\u00e4m\u00e4 riitt\u00e4\u00e4 yleens\u00e4, jotta ihosuoja pysyy ehj\u00e4n\u00e4 24 tunnin ajan. Voit voidella itse\u00e4si useammin, jos koet sen tarpeelliseksi tai tunnet olosi mukavaksi.<\/p>\n<\/div><\/details>\n\n\n\n<details class=\"wp-block-karopharma-accordion\"><summary><h2 class=\"accordion-title\">Ainesosat<\/h2><\/summary><div class=\"accordion-content\">\n<p>Locobase Protect on vesipohjainen voide, jossa on 70 % rasvaa.<\/p>\n\n\n\n<figure class=\"wp-block-table\"><table><tbody><tr><td><strong>Ainesosat<\/strong><\/td><\/tr><tr><td>Vaseliini<\/td><\/tr><tr><td>Vesi<\/td><\/tr><tr><td>Paraffinum Liquidum<\/td><\/tr><tr><td>Cetearyl Alcohol<\/td><\/tr><tr><td>Ceteareth-25<\/td><\/tr><tr><td>Methylparaben<\/td><\/tr><tr><td>Citric Acid<\/td><\/tr><tr><td>Sodium Citrate<\/td><\/tr><\/tbody><\/table><\/figure>\n<\/div><\/details>\n\n\n\n<details class=\"wp-block-karopharma-accordion\"><summary><h2 class=\"accordion-title\">K\u00e4rki<\/h2><\/summary><div class=\"accordion-content\">\n<p>Iholla on taipumus kuivua, jos se altistuu suurille l\u00e4mp\u00f6tila- tai kosteuseroille. Siksi muista voidella kaikki kuivat ihoalueet, jotta iho pysyy pehme\u00e4n\u00e4 ja joustavana. K\u00e4det, kyyn\u00e4rp\u00e4\u00e4t, polvet ja jalat ovat erityisen herkki\u00e4 alueita.<\/p>\n\n\n\n<p>On erityisen t\u00e4rke\u00e4\u00e4 voidella itsesi, kun ulkona on kylm\u00e4. K\u00e4yt\u00e4 runsaasti Locobase Protectia altistuvilla alueilla noin kymmenen minuutin ajan ennen kuin menet ulos kylm\u00e4\u00e4n. T\u00e4ll\u00e4 tavalla suojaat itsesi sek\u00e4 kuivumiselta ett\u00e4 pakkasvaurioilta.<\/p>\n<\/div><\/details>\n<\/div><\/div>\n","protected":false},"excerpt":{"rendered":"<p>Erikoisvoide kuivalle ja herk\u00e4lle iholle<\/p>\n","protected":false},"featured_media":386,"comment_status":"closed","ping_status":"closed","template":"","meta":{"_acf_changed":false,"footnotes":""},"product_brand":[],"product_cat":[20],"product_tag":[],"class_list":{"0":"post-75","1":"product","2":"type-product","3":"status-publish","4":"has-post-thumbnail","6":"product_cat-protect","8":"first","9":"instock","10":"shipping-taxable","11":"product-type-simple"},"acf":[],"yoast_head":"<!-- This site is optimized with the Yoast SEO plugin v26.6 - https:\/\/yoast.com\/wordpress\/plugins\/seo\/ -->\n<title>Locobase Protect (entinen Rasvainen Emulsiovoide) - Locobase<\/title>\n<meta name=\"description\" content=\"Locobase rasvainen emulsiovoide on koko perheen erikoisvoide kuivan tai hyvin kuivan ihon hoitoon. Voide on vesipohjainen ja sis\u00e4lt\u00e4\u00e4 per\u00e4ti 70 % rasvaa\" \/>\n<meta name=\"robots\" content=\"index, follow, max-snippet:-1, max-image-preview:large, max-video-preview:-1\" \/>\n<link rel=\"canonical\" href=\"https:\/\/locobase.com\/fi\/tuote\/locobase-protect-entinen-rasvainen-emulsiovoide\/\" \/>\n<meta property=\"og:locale\" content=\"fi_FI\" \/>\n<meta property=\"og:type\" content=\"article\" \/>\n<meta property=\"og:title\" content=\"Locobase Protect (entinen Rasvainen Emulsiovoide) - Locobase\" \/>\n<meta property=\"og:description\" content=\"Locobase rasvainen emulsiovoide on koko perheen erikoisvoide kuivan tai hyvin kuivan ihon hoitoon. Voide on vesipohjainen ja sis\u00e4lt\u00e4\u00e4 per\u00e4ti 70 % rasvaa\" \/>\n<meta property=\"og:url\" content=\"https:\/\/locobase.com\/fi\/tuote\/locobase-protect-entinen-rasvainen-emulsiovoide\/\" \/>\n<meta property=\"og:site_name\" content=\"Locobase\" \/>\n<meta property=\"article:modified_time\" content=\"2026-02-20T09:13:31+00:00\" \/>\n<meta property=\"og:image\" content=\"https:\/\/locobase.com\/app\/uploads\/sites\/5\/2025\/03\/Locobase_Protect.png\" \/>\n\t<meta property=\"og:image:width\" content=\"600\" \/>\n\t<meta property=\"og:image:height\" content=\"600\" \/>\n\t<meta property=\"og:image:type\" content=\"image\/png\" \/>\n<meta name=\"twitter:card\" content=\"summary_large_image\" \/>\n<meta name=\"twitter:label1\" content=\"Est. reading time\" \/>\n\t<meta name=\"twitter:data1\" content=\"2 minutes\" \/>\n<script type=\"application\/ld+json\" class=\"yoast-schema-graph\">{\"@context\":\"https:\/\/schema.org\",\"@graph\":[{\"@type\":\"WebPage\",\"@id\":\"https:\/\/locobase.com\/fi\/tuote\/locobase-protect-entinen-rasvainen-emulsiovoide\/\",\"url\":\"https:\/\/locobase.com\/fi\/tuote\/locobase-protect-entinen-rasvainen-emulsiovoide\/\",\"name\":\"Locobase Protect (entinen Rasvainen Emulsiovoide) - Locobase\",\"isPartOf\":{\"@id\":\"https:\/\/locobase.com\/fi\/#website\"},\"primaryImageOfPage\":{\"@id\":\"https:\/\/locobase.com\/fi\/tuote\/locobase-protect-entinen-rasvainen-emulsiovoide\/#primaryimage\"},\"image\":{\"@id\":\"https:\/\/locobase.com\/fi\/tuote\/locobase-protect-entinen-rasvainen-emulsiovoide\/#primaryimage\"},\"thumbnailUrl\":\"https:\/\/locobase.com\/app\/uploads\/sites\/5\/2025\/03\/Locobase_Protect.png\",\"datePublished\":\"2022-06-02T08:26:33+00:00\",\"dateModified\":\"2026-02-20T09:13:31+00:00\",\"description\":\"Locobase rasvainen emulsiovoide on koko perheen erikoisvoide kuivan tai hyvin kuivan ihon hoitoon. Voide on vesipohjainen ja sis\u00e4lt\u00e4\u00e4 per\u00e4ti 70 % rasvaa\",\"breadcrumb\":{\"@id\":\"https:\/\/locobase.com\/fi\/tuote\/locobase-protect-entinen-rasvainen-emulsiovoide\/#breadcrumb\"},\"inLanguage\":\"fi-FI\",\"potentialAction\":[{\"@type\":\"ReadAction\",\"target\":[\"https:\/\/locobase.com\/fi\/tuote\/locobase-protect-entinen-rasvainen-emulsiovoide\/\"]}]},{\"@type\":\"ImageObject\",\"inLanguage\":\"fi-FI\",\"@id\":\"https:\/\/locobase.com\/fi\/tuote\/locobase-protect-entinen-rasvainen-emulsiovoide\/#primaryimage\",\"url\":\"https:\/\/locobase.com\/app\/uploads\/sites\/5\/2025\/03\/Locobase_Protect.png\",\"contentUrl\":\"https:\/\/locobase.com\/app\/uploads\/sites\/5\/2025\/03\/Locobase_Protect.png\",\"width\":600,\"height\":600,\"caption\":\"Locobase_Protect\"},{\"@type\":\"BreadcrumbList\",\"@id\":\"https:\/\/locobase.com\/fi\/tuote\/locobase-protect-entinen-rasvainen-emulsiovoide\/#breadcrumb\",\"itemListElement\":[{\"@type\":\"ListItem\",\"position\":1,\"name\":\"Home\",\"item\":\"https:\/\/locobase.com\/fi\/\"},{\"@type\":\"ListItem\",\"position\":2,\"name\":\"Tuotteet\",\"item\":\"https:\/\/locobase.com\/fi\/tuotteet\/\"},{\"@type\":\"ListItem\",\"position\":3,\"name\":\"Locobase Protect (entinen Rasvainen Emulsiovoide)\"}]},{\"@type\":\"WebSite\",\"@id\":\"https:\/\/locobase.com\/fi\/#website\",\"url\":\"https:\/\/locobase.com\/fi\/\",\"name\":\"Locobase\",\"description\":\"\",\"publisher\":{\"@id\":\"https:\/\/locobase.com\/fi\/#organization\"},\"potentialAction\":[{\"@type\":\"SearchAction\",\"target\":{\"@type\":\"EntryPoint\",\"urlTemplate\":\"https:\/\/locobase.com\/fi\/?s={search_term_string}\"},\"query-input\":{\"@type\":\"PropertyValueSpecification\",\"valueRequired\":true,\"valueName\":\"search_term_string\"}}],\"inLanguage\":\"fi-FI\"},{\"@type\":\"Organization\",\"@id\":\"https:\/\/locobase.com\/fi\/#organization\",\"name\":\"Locobase\",\"url\":\"https:\/\/locobase.com\/fi\/\",\"logo\":{\"@type\":\"ImageObject\",\"inLanguage\":\"fi-FI\",\"@id\":\"https:\/\/locobase.com\/fi\/#\/schema\/logo\/image\/\",\"url\":\"https:\/\/locobase.com\/app\/uploads\/sites\/5\/2022\/05\/logo.png\",\"contentUrl\":\"https:\/\/locobase.com\/app\/uploads\/sites\/5\/2022\/05\/logo.png\",\"width\":163,\"height\":32,\"caption\":\"Locobase\"},\"image\":{\"@id\":\"https:\/\/locobase.com\/fi\/#\/schema\/logo\/image\/\"}}]}<\/script>\n<!-- \/ Yoast SEO plugin. -->","yoast_head_json":{"title":"Locobase Protect (entinen Rasvainen Emulsiovoide) - Locobase","description":"Locobase rasvainen emulsiovoide on koko perheen erikoisvoide kuivan tai hyvin kuivan ihon hoitoon. Voide on vesipohjainen ja sis\u00e4lt\u00e4\u00e4 per\u00e4ti 70 % rasvaa","robots":{"index":"index","follow":"follow","max-snippet":"max-snippet:-1","max-image-preview":"max-image-preview:large","max-video-preview":"max-video-preview:-1"},"canonical":"https:\/\/locobase.com\/fi\/tuote\/locobase-protect-entinen-rasvainen-emulsiovoide\/","og_locale":"fi_FI","og_type":"article","og_title":"Locobase Protect (entinen Rasvainen Emulsiovoide) - Locobase","og_description":"Locobase rasvainen emulsiovoide on koko perheen erikoisvoide kuivan tai hyvin kuivan ihon hoitoon. Voide on vesipohjainen ja sis\u00e4lt\u00e4\u00e4 per\u00e4ti 70 % rasvaa","og_url":"https:\/\/locobase.com\/fi\/tuote\/locobase-protect-entinen-rasvainen-emulsiovoide\/","og_site_name":"Locobase","article_modified_time":"2026-02-20T09:13:31+00:00","og_image":[{"width":600,"height":600,"url":"https:\/\/locobase.com\/app\/uploads\/sites\/5\/2025\/03\/Locobase_Protect.png","type":"image\/png"}],"twitter_card":"summary_large_image","twitter_misc":{"Est. reading time":"2 minutes"},"schema":{"@context":"https:\/\/schema.org","@graph":[{"@type":"WebPage","@id":"https:\/\/locobase.com\/fi\/tuote\/locobase-protect-entinen-rasvainen-emulsiovoide\/","url":"https:\/\/locobase.com\/fi\/tuote\/locobase-protect-entinen-rasvainen-emulsiovoide\/","name":"Locobase Protect (entinen Rasvainen Emulsiovoide) - Locobase","isPartOf":{"@id":"https:\/\/locobase.com\/fi\/#website"},"primaryImageOfPage":{"@id":"https:\/\/locobase.com\/fi\/tuote\/locobase-protect-entinen-rasvainen-emulsiovoide\/#primaryimage"},"image":{"@id":"https:\/\/locobase.com\/fi\/tuote\/locobase-protect-entinen-rasvainen-emulsiovoide\/#primaryimage"},"thumbnailUrl":"https:\/\/locobase.com\/app\/uploads\/sites\/5\/2025\/03\/Locobase_Protect.png","datePublished":"2022-06-02T08:26:33+00:00","dateModified":"2026-02-20T09:13:31+00:00","description":"Locobase rasvainen emulsiovoide on koko perheen erikoisvoide kuivan tai hyvin kuivan ihon hoitoon. Voide on vesipohjainen ja sis\u00e4lt\u00e4\u00e4 per\u00e4ti 70 % rasvaa","breadcrumb":{"@id":"https:\/\/locobase.com\/fi\/tuote\/locobase-protect-entinen-rasvainen-emulsiovoide\/#breadcrumb"},"inLanguage":"fi-FI","potentialAction":[{"@type":"ReadAction","target":["https:\/\/locobase.com\/fi\/tuote\/locobase-protect-entinen-rasvainen-emulsiovoide\/"]}]},{"@type":"ImageObject","inLanguage":"fi-FI","@id":"https:\/\/locobase.com\/fi\/tuote\/locobase-protect-entinen-rasvainen-emulsiovoide\/#primaryimage","url":"https:\/\/locobase.com\/app\/uploads\/sites\/5\/2025\/03\/Locobase_Protect.png","contentUrl":"https:\/\/locobase.com\/app\/uploads\/sites\/5\/2025\/03\/Locobase_Protect.png","width":600,"height":600,"caption":"Locobase_Protect"},{"@type":"BreadcrumbList","@id":"https:\/\/locobase.com\/fi\/tuote\/locobase-protect-entinen-rasvainen-emulsiovoide\/#breadcrumb","itemListElement":[{"@type":"ListItem","position":1,"name":"Home","item":"https:\/\/locobase.com\/fi\/"},{"@type":"ListItem","position":2,"name":"Tuotteet","item":"https:\/\/locobase.com\/fi\/tuotteet\/"},{"@type":"ListItem","position":3,"name":"Locobase Protect (entinen Rasvainen Emulsiovoide)"}]},{"@type":"WebSite","@id":"https:\/\/locobase.com\/fi\/#website","url":"https:\/\/locobase.com\/fi\/","name":"Locobase","description":"","publisher":{"@id":"https:\/\/locobase.com\/fi\/#organization"},"potentialAction":[{"@type":"SearchAction","target":{"@type":"EntryPoint","urlTemplate":"https:\/\/locobase.com\/fi\/?s={search_term_string}"},"query-input":{"@type":"PropertyValueSpecification","valueRequired":true,"valueName":"search_term_string"}}],"inLanguage":"fi-FI"},{"@type":"Organization","@id":"https:\/\/locobase.com\/fi\/#organization","name":"Locobase","url":"https:\/\/locobase.com\/fi\/","logo":{"@type":"ImageObject","inLanguage":"fi-FI","@id":"https:\/\/locobase.com\/fi\/#\/schema\/logo\/image\/","url":"https:\/\/locobase.com\/app\/uploads\/sites\/5\/2022\/05\/logo.png","contentUrl":"https:\/\/locobase.com\/app\/uploads\/sites\/5\/2022\/05\/logo.png","width":163,"height":32,"caption":"Locobase"},"image":{"@id":"https:\/\/locobase.com\/fi\/#\/schema\/logo\/image\/"}}]}},"_links":{"self":[{"href":"https:\/\/locobase.com\/fi\/wp-json\/wp\/v2\/product\/75","targetHints":{"allow":["GET"]}}],"collection":[{"href":"https:\/\/locobase.com\/fi\/wp-json\/wp\/v2\/product"}],"about":[{"href":"https:\/\/locobase.com\/fi\/wp-json\/wp\/v2\/types\/product"}],"replies":[{"embeddable":true,"href":"https:\/\/locobase.com\/fi\/wp-json\/wp\/v2\/comments?post=75"}],"version-history":[{"count":9,"href":"https:\/\/locobase.com\/fi\/wp-json\/wp\/v2\/product\/75\/revisions"}],"predecessor-version":[{"id":476,"href":"https:\/\/locobase.com\/fi\/wp-json\/wp\/v2\/product\/75\/revisions\/476"}],"wp:featuredmedia":[{"embeddable":true,"href":"https:\/\/locobase.com\/fi\/wp-json\/wp\/v2\/media\/386"}],"wp:attachment":[{"href":"https:\/\/locobase.com\/fi\/wp-json\/wp\/v2\/media?parent=75"}],"wp:term":[{"taxonomy":"product_brand","embeddable":true,"href":"https:\/\/locobase.com\/fi\/wp-json\/wp\/v2\/product_brand?post=75"},{"taxonomy":"product_cat","embeddable":true,"href":"https:\/\/locobase.com\/fi\/wp-json\/wp\/v2\/product_cat?post=75"},{"taxonomy":"product_tag","embeddable":true,"href":"https:\/\/locobase.com\/fi\/wp-json\/wp\/v2\/product_tag?post=75"}],"curies":[{"name":"wp","href":"https:\/\/api.w.org\/{rel}","templated":true}]}}