{"id":79,"date":"2022-06-02T11:28:35","date_gmt":"2022-06-02T08:28:35","guid":{"rendered":"https:\/\/locobase.com\/fi\/?post_type=product&#038;p=79"},"modified":"2025-12-18T15:43:26","modified_gmt":"2025-12-18T13:43:26","slug":"locobase-renew","status":"publish","type":"product","link":"https:\/\/locobase.com\/fi\/tuote\/locobase-renew\/","title":{"rendered":"Locobase Renew"},"content":{"rendered":"","protected":false},"excerpt":{"rendered":"<p>Kuoriva ja kosteuttava voide kuivalle, kovettuneelle ja hilseilev\u00e4lle iholle<\/p>\n","protected":false},"featured_media":244,"comment_status":"closed","ping_status":"closed","template":"","meta":{"_acf_changed":false,"footnotes":""},"product_brand":[],"product_cat":[21],"product_tag":[],"class_list":{"0":"post-79","1":"product","2":"type-product","3":"status-publish","4":"has-post-thumbnail","6":"product_cat-renew","8":"first","9":"instock","10":"shipping-taxable","11":"product-type-simple"},"acf":[],"yoast_head":"<!-- This site is optimized with the Yoast SEO plugin v26.6 - https:\/\/yoast.com\/wordpress\/plugins\/seo\/ -->\n<title>Locobase Renew - Locobase<\/title>\n<meta name=\"description\" content=\"Hoitaa tehokkaasti kuivaa, kovettunutta, k\u00e4ns\u00e4ist\u00e4 ja hilseilev\u00e4\u00e4 ihoa. Locobase Renew sopii erinomaisesti hilseilev\u00e4n ja kovettuneen ihon hoitoon.\" \/>\n<meta name=\"robots\" content=\"index, follow, max-snippet:-1, max-image-preview:large, max-video-preview:-1\" \/>\n<link rel=\"canonical\" href=\"https:\/\/locobase.com\/fi\/tuote\/locobase-renew\/\" \/>\n<meta property=\"og:locale\" content=\"fi_FI\" \/>\n<meta property=\"og:type\" content=\"article\" \/>\n<meta property=\"og:title\" content=\"Locobase Renew - Locobase\" \/>\n<meta property=\"og:description\" content=\"Hoitaa tehokkaasti kuivaa, kovettunutta, k\u00e4ns\u00e4ist\u00e4 ja hilseilev\u00e4\u00e4 ihoa. Locobase Renew sopii erinomaisesti hilseilev\u00e4n ja kovettuneen ihon hoitoon.\" \/>\n<meta property=\"og:url\" content=\"https:\/\/locobase.com\/fi\/tuote\/locobase-renew\/\" \/>\n<meta property=\"og:site_name\" content=\"Locobase\" \/>\n<meta property=\"article:modified_time\" content=\"2025-12-18T13:43:26+00:00\" \/>\n<meta property=\"og:image\" content=\"https:\/\/locobase.com\/app\/uploads\/sites\/5\/2022\/06\/Tuotekuva_Locobase_Renew_100g.png\" \/>\n\t<meta property=\"og:image:width\" content=\"800\" \/>\n\t<meta property=\"og:image:height\" content=\"800\" \/>\n\t<meta property=\"og:image:type\" content=\"image\/png\" \/>\n<meta name=\"twitter:card\" content=\"summary_large_image\" \/>\n<meta name=\"twitter:label1\" content=\"Est. reading time\" \/>\n\t<meta name=\"twitter:data1\" content=\"1 minute\" \/>\n<script type=\"application\/ld+json\" class=\"yoast-schema-graph\">{\"@context\":\"https:\/\/schema.org\",\"@graph\":[{\"@type\":\"WebPage\",\"@id\":\"https:\/\/locobase.com\/fi\/tuote\/locobase-renew\/\",\"url\":\"https:\/\/locobase.com\/fi\/tuote\/locobase-renew\/\",\"name\":\"Locobase Renew - Locobase\",\"isPartOf\":{\"@id\":\"https:\/\/locobase.com\/fi\/#website\"},\"primaryImageOfPage\":{\"@id\":\"https:\/\/locobase.com\/fi\/tuote\/locobase-renew\/#primaryimage\"},\"image\":{\"@id\":\"https:\/\/locobase.com\/fi\/tuote\/locobase-renew\/#primaryimage\"},\"thumbnailUrl\":\"https:\/\/locobase.com\/app\/uploads\/sites\/5\/2022\/06\/Tuotekuva_Locobase_Renew_100g.png\",\"datePublished\":\"2022-06-02T08:28:35+00:00\",\"dateModified\":\"2025-12-18T13:43:26+00:00\",\"description\":\"Hoitaa tehokkaasti kuivaa, kovettunutta, k\u00e4ns\u00e4ist\u00e4 ja hilseilev\u00e4\u00e4 ihoa. Locobase Renew sopii erinomaisesti hilseilev\u00e4n ja kovettuneen ihon hoitoon.\",\"breadcrumb\":{\"@id\":\"https:\/\/locobase.com\/fi\/tuote\/locobase-renew\/#breadcrumb\"},\"inLanguage\":\"fi-FI\",\"potentialAction\":[{\"@type\":\"ReadAction\",\"target\":[\"https:\/\/locobase.com\/fi\/tuote\/locobase-renew\/\"]}]},{\"@type\":\"ImageObject\",\"inLanguage\":\"fi-FI\",\"@id\":\"https:\/\/locobase.com\/fi\/tuote\/locobase-renew\/#primaryimage\",\"url\":\"https:\/\/locobase.com\/app\/uploads\/sites\/5\/2022\/06\/Tuotekuva_Locobase_Renew_100g.png\",\"contentUrl\":\"https:\/\/locobase.com\/app\/uploads\/sites\/5\/2022\/06\/Tuotekuva_Locobase_Renew_100g.png\",\"width\":800,\"height\":800,\"caption\":\"Tuotekuva_Locobase_Renew_100g\"},{\"@type\":\"BreadcrumbList\",\"@id\":\"https:\/\/locobase.com\/fi\/tuote\/locobase-renew\/#breadcrumb\",\"itemListElement\":[{\"@type\":\"ListItem\",\"position\":1,\"name\":\"Home\",\"item\":\"https:\/\/locobase.com\/fi\/\"},{\"@type\":\"ListItem\",\"position\":2,\"name\":\"Tuotteet\",\"item\":\"https:\/\/locobase.com\/fi\/tuotteet\/\"},{\"@type\":\"ListItem\",\"position\":3,\"name\":\"Locobase Renew\"}]},{\"@type\":\"WebSite\",\"@id\":\"https:\/\/locobase.com\/fi\/#website\",\"url\":\"https:\/\/locobase.com\/fi\/\",\"name\":\"Locobase\",\"description\":\"\",\"publisher\":{\"@id\":\"https:\/\/locobase.com\/fi\/#organization\"},\"potentialAction\":[{\"@type\":\"SearchAction\",\"target\":{\"@type\":\"EntryPoint\",\"urlTemplate\":\"https:\/\/locobase.com\/fi\/?s={search_term_string}\"},\"query-input\":{\"@type\":\"PropertyValueSpecification\",\"valueRequired\":true,\"valueName\":\"search_term_string\"}}],\"inLanguage\":\"fi-FI\"},{\"@type\":\"Organization\",\"@id\":\"https:\/\/locobase.com\/fi\/#organization\",\"name\":\"Locobase\",\"url\":\"https:\/\/locobase.com\/fi\/\",\"logo\":{\"@type\":\"ImageObject\",\"inLanguage\":\"fi-FI\",\"@id\":\"https:\/\/locobase.com\/fi\/#\/schema\/logo\/image\/\",\"url\":\"https:\/\/locobase.com\/app\/uploads\/sites\/5\/2022\/05\/logo.png\",\"contentUrl\":\"https:\/\/locobase.com\/app\/uploads\/sites\/5\/2022\/05\/logo.png\",\"width\":163,\"height\":32,\"caption\":\"Locobase\"},\"image\":{\"@id\":\"https:\/\/locobase.com\/fi\/#\/schema\/logo\/image\/\"}}]}<\/script>\n<!-- \/ Yoast SEO plugin. -->","yoast_head_json":{"title":"Locobase Renew - Locobase","description":"Hoitaa tehokkaasti kuivaa, kovettunutta, k\u00e4ns\u00e4ist\u00e4 ja hilseilev\u00e4\u00e4 ihoa. Locobase Renew sopii erinomaisesti hilseilev\u00e4n ja kovettuneen ihon hoitoon.","robots":{"index":"index","follow":"follow","max-snippet":"max-snippet:-1","max-image-preview":"max-image-preview:large","max-video-preview":"max-video-preview:-1"},"canonical":"https:\/\/locobase.com\/fi\/tuote\/locobase-renew\/","og_locale":"fi_FI","og_type":"article","og_title":"Locobase Renew - Locobase","og_description":"Hoitaa tehokkaasti kuivaa, kovettunutta, k\u00e4ns\u00e4ist\u00e4 ja hilseilev\u00e4\u00e4 ihoa. Locobase Renew sopii erinomaisesti hilseilev\u00e4n ja kovettuneen ihon hoitoon.","og_url":"https:\/\/locobase.com\/fi\/tuote\/locobase-renew\/","og_site_name":"Locobase","article_modified_time":"2025-12-18T13:43:26+00:00","og_image":[{"width":800,"height":800,"url":"https:\/\/locobase.com\/app\/uploads\/sites\/5\/2022\/06\/Tuotekuva_Locobase_Renew_100g.png","type":"image\/png"}],"twitter_card":"summary_large_image","twitter_misc":{"Est. reading time":"1 minute"},"schema":{"@context":"https:\/\/schema.org","@graph":[{"@type":"WebPage","@id":"https:\/\/locobase.com\/fi\/tuote\/locobase-renew\/","url":"https:\/\/locobase.com\/fi\/tuote\/locobase-renew\/","name":"Locobase Renew - Locobase","isPartOf":{"@id":"https:\/\/locobase.com\/fi\/#website"},"primaryImageOfPage":{"@id":"https:\/\/locobase.com\/fi\/tuote\/locobase-renew\/#primaryimage"},"image":{"@id":"https:\/\/locobase.com\/fi\/tuote\/locobase-renew\/#primaryimage"},"thumbnailUrl":"https:\/\/locobase.com\/app\/uploads\/sites\/5\/2022\/06\/Tuotekuva_Locobase_Renew_100g.png","datePublished":"2022-06-02T08:28:35+00:00","dateModified":"2025-12-18T13:43:26+00:00","description":"Hoitaa tehokkaasti kuivaa, kovettunutta, k\u00e4ns\u00e4ist\u00e4 ja hilseilev\u00e4\u00e4 ihoa. Locobase Renew sopii erinomaisesti hilseilev\u00e4n ja kovettuneen ihon hoitoon.","breadcrumb":{"@id":"https:\/\/locobase.com\/fi\/tuote\/locobase-renew\/#breadcrumb"},"inLanguage":"fi-FI","potentialAction":[{"@type":"ReadAction","target":["https:\/\/locobase.com\/fi\/tuote\/locobase-renew\/"]}]},{"@type":"ImageObject","inLanguage":"fi-FI","@id":"https:\/\/locobase.com\/fi\/tuote\/locobase-renew\/#primaryimage","url":"https:\/\/locobase.com\/app\/uploads\/sites\/5\/2022\/06\/Tuotekuva_Locobase_Renew_100g.png","contentUrl":"https:\/\/locobase.com\/app\/uploads\/sites\/5\/2022\/06\/Tuotekuva_Locobase_Renew_100g.png","width":800,"height":800,"caption":"Tuotekuva_Locobase_Renew_100g"},{"@type":"BreadcrumbList","@id":"https:\/\/locobase.com\/fi\/tuote\/locobase-renew\/#breadcrumb","itemListElement":[{"@type":"ListItem","position":1,"name":"Home","item":"https:\/\/locobase.com\/fi\/"},{"@type":"ListItem","position":2,"name":"Tuotteet","item":"https:\/\/locobase.com\/fi\/tuotteet\/"},{"@type":"ListItem","position":3,"name":"Locobase Renew"}]},{"@type":"WebSite","@id":"https:\/\/locobase.com\/fi\/#website","url":"https:\/\/locobase.com\/fi\/","name":"Locobase","description":"","publisher":{"@id":"https:\/\/locobase.com\/fi\/#organization"},"potentialAction":[{"@type":"SearchAction","target":{"@type":"EntryPoint","urlTemplate":"https:\/\/locobase.com\/fi\/?s={search_term_string}"},"query-input":{"@type":"PropertyValueSpecification","valueRequired":true,"valueName":"search_term_string"}}],"inLanguage":"fi-FI"},{"@type":"Organization","@id":"https:\/\/locobase.com\/fi\/#organization","name":"Locobase","url":"https:\/\/locobase.com\/fi\/","logo":{"@type":"ImageObject","inLanguage":"fi-FI","@id":"https:\/\/locobase.com\/fi\/#\/schema\/logo\/image\/","url":"https:\/\/locobase.com\/app\/uploads\/sites\/5\/2022\/05\/logo.png","contentUrl":"https:\/\/locobase.com\/app\/uploads\/sites\/5\/2022\/05\/logo.png","width":163,"height":32,"caption":"Locobase"},"image":{"@id":"https:\/\/locobase.com\/fi\/#\/schema\/logo\/image\/"}}]}},"_links":{"self":[{"href":"https:\/\/locobase.com\/fi\/wp-json\/wp\/v2\/product\/79","targetHints":{"allow":["GET"]}}],"collection":[{"href":"https:\/\/locobase.com\/fi\/wp-json\/wp\/v2\/product"}],"about":[{"href":"https:\/\/locobase.com\/fi\/wp-json\/wp\/v2\/types\/product"}],"replies":[{"embeddable":true,"href":"https:\/\/locobase.com\/fi\/wp-json\/wp\/v2\/comments?post=79"}],"version-history":[{"count":9,"href":"https:\/\/locobase.com\/fi\/wp-json\/wp\/v2\/product\/79\/revisions"}],"predecessor-version":[{"id":376,"href":"https:\/\/locobase.com\/fi\/wp-json\/wp\/v2\/product\/79\/revisions\/376"}],"wp:featuredmedia":[{"embeddable":true,"href":"https:\/\/locobase.com\/fi\/wp-json\/wp\/v2\/media\/244"}],"wp:attachment":[{"href":"https:\/\/locobase.com\/fi\/wp-json\/wp\/v2\/media?parent=79"}],"wp:term":[{"taxonomy":"product_brand","embeddable":true,"href":"https:\/\/locobase.com\/fi\/wp-json\/wp\/v2\/product_brand?post=79"},{"taxonomy":"product_cat","embeddable":true,"href":"https:\/\/locobase.com\/fi\/wp-json\/wp\/v2\/product_cat?post=79"},{"taxonomy":"product_tag","embeddable":true,"href":"https:\/\/locobase.com\/fi\/wp-json\/wp\/v2\/product_tag?post=79"}],"curies":[{"name":"wp","href":"https:\/\/api.w.org\/{rel}","templated":true}]}}