{"id":220,"date":"2023-02-16T14:56:15","date_gmt":"2023-02-16T14:56:15","guid":{"rendered":"https:\/\/locobase.com\/is\/?post_type=product&#038;p=220"},"modified":"2025-06-30T12:56:40","modified_gmt":"2025-06-30T12:56:40","slug":"locobase-itch-relief-coolmousse","status":"publish","type":"product","link":"https:\/\/locobase.com\/is\/voru\/locobase-itch-relief-coolmousse\/","title":{"rendered":"Locobase Itch Relief Coolmousse"},"content":{"rendered":"","protected":false},"excerpt":{"rendered":"<p>K\u00e6landi fro\u00f0a fyrir \u00feurrk, ertingu og kl\u00e1\u00f0a \u00ed h\u00fa\u00f0<\/p>\n","protected":false},"featured_media":223,"comment_status":"closed","ping_status":"closed","template":"","meta":{"_acf_changed":false,"footnotes":""},"product_brand":[],"product_cat":[18],"product_tag":[],"class_list":{"0":"post-220","1":"product","2":"type-product","3":"status-publish","4":"has-post-thumbnail","6":"product_cat-calm","8":"first","9":"instock","10":"shipping-taxable","11":"product-type-simple"},"acf":[],"yoast_head":"<!-- This site is optimized with the Yoast SEO plugin v26.6 - https:\/\/yoast.com\/wordpress\/plugins\/seo\/ -->\n<title>Locobase Itch Relief Coolmousse - Locobase<\/title>\n<meta name=\"description\" content=\"K\u00e6landi fro\u00f0a sem er s\u00e9rstaklega \u00fer\u00f3u\u00f0 til a\u00f0 sl\u00e1 hratt \u00e1 ertingu og kl\u00e1\u00f0a \u00ed h\u00fa\u00f0. Fro\u00f0an inniheldur mild innihaldsefni eins og Aloe Barbadensis \u00feykkni og gl\u00fdser\u00edn\" \/>\n<meta name=\"robots\" content=\"index, follow, max-snippet:-1, max-image-preview:large, max-video-preview:-1\" \/>\n<link rel=\"canonical\" href=\"https:\/\/locobase.com\/is\/voru\/locobase-itch-relief-coolmousse\/\" \/>\n<meta property=\"og:locale\" content=\"is_IS\" \/>\n<meta property=\"og:type\" content=\"article\" \/>\n<meta property=\"og:title\" content=\"Locobase Itch Relief Coolmousse - Locobase\" \/>\n<meta property=\"og:description\" content=\"K\u00e6landi fro\u00f0a sem er s\u00e9rstaklega \u00fer\u00f3u\u00f0 til a\u00f0 sl\u00e1 hratt \u00e1 ertingu og kl\u00e1\u00f0a \u00ed h\u00fa\u00f0. Fro\u00f0an inniheldur mild innihaldsefni eins og Aloe Barbadensis \u00feykkni og gl\u00fdser\u00edn\" \/>\n<meta property=\"og:url\" content=\"https:\/\/locobase.com\/is\/voru\/locobase-itch-relief-coolmousse\/\" \/>\n<meta property=\"og:site_name\" content=\"Locobase\" \/>\n<meta property=\"article:modified_time\" content=\"2025-06-30T12:56:40+00:00\" \/>\n<meta property=\"og:image\" content=\"https:\/\/locobase.com\/app\/uploads\/sites\/9\/2023\/02\/Locobase-Itch-Relief-Cool-Mousse.png\" \/>\n\t<meta property=\"og:image:width\" content=\"900\" \/>\n\t<meta property=\"og:image:height\" content=\"900\" \/>\n\t<meta property=\"og:image:type\" content=\"image\/png\" \/>\n<meta name=\"twitter:card\" content=\"summary_large_image\" \/>\n<meta name=\"twitter:label1\" content=\"Est. reading time\" \/>\n\t<meta name=\"twitter:data1\" content=\"1 minute\" \/>\n<script type=\"application\/ld+json\" class=\"yoast-schema-graph\">{\"@context\":\"https:\/\/schema.org\",\"@graph\":[{\"@type\":\"WebPage\",\"@id\":\"https:\/\/locobase.com\/is\/voru\/locobase-itch-relief-coolmousse\/\",\"url\":\"https:\/\/locobase.com\/is\/voru\/locobase-itch-relief-coolmousse\/\",\"name\":\"Locobase Itch Relief Coolmousse - Locobase\",\"isPartOf\":{\"@id\":\"https:\/\/locobase.com\/is\/#website\"},\"primaryImageOfPage\":{\"@id\":\"https:\/\/locobase.com\/is\/voru\/locobase-itch-relief-coolmousse\/#primaryimage\"},\"image\":{\"@id\":\"https:\/\/locobase.com\/is\/voru\/locobase-itch-relief-coolmousse\/#primaryimage\"},\"thumbnailUrl\":\"https:\/\/locobase.com\/app\/uploads\/sites\/9\/2023\/02\/Locobase-Itch-Relief-Cool-Mousse.png\",\"datePublished\":\"2023-02-16T14:56:15+00:00\",\"dateModified\":\"2025-06-30T12:56:40+00:00\",\"description\":\"K\u00e6landi fro\u00f0a sem er s\u00e9rstaklega \u00fer\u00f3u\u00f0 til a\u00f0 sl\u00e1 hratt \u00e1 ertingu og kl\u00e1\u00f0a \u00ed h\u00fa\u00f0. Fro\u00f0an inniheldur mild innihaldsefni eins og Aloe Barbadensis \u00feykkni og gl\u00fdser\u00edn\",\"breadcrumb\":{\"@id\":\"https:\/\/locobase.com\/is\/voru\/locobase-itch-relief-coolmousse\/#breadcrumb\"},\"inLanguage\":\"is\",\"potentialAction\":[{\"@type\":\"ReadAction\",\"target\":[\"https:\/\/locobase.com\/is\/voru\/locobase-itch-relief-coolmousse\/\"]}]},{\"@type\":\"ImageObject\",\"inLanguage\":\"is\",\"@id\":\"https:\/\/locobase.com\/is\/voru\/locobase-itch-relief-coolmousse\/#primaryimage\",\"url\":\"https:\/\/locobase.com\/app\/uploads\/sites\/9\/2023\/02\/Locobase-Itch-Relief-Cool-Mousse.png\",\"contentUrl\":\"https:\/\/locobase.com\/app\/uploads\/sites\/9\/2023\/02\/Locobase-Itch-Relief-Cool-Mousse.png\",\"width\":900,\"height\":900,\"caption\":\"Locobase-Itch-Relief-Cool-Mousse\"},{\"@type\":\"BreadcrumbList\",\"@id\":\"https:\/\/locobase.com\/is\/voru\/locobase-itch-relief-coolmousse\/#breadcrumb\",\"itemListElement\":[{\"@type\":\"ListItem\",\"position\":1,\"name\":\"Home\",\"item\":\"https:\/\/locobase.com\/is\/\"},{\"@type\":\"ListItem\",\"position\":2,\"name\":\"V\u00f6rurnar\",\"item\":\"https:\/\/locobase.com\/is\/vorurnar\/\"},{\"@type\":\"ListItem\",\"position\":3,\"name\":\"Locobase Itch Relief Coolmousse\"}]},{\"@type\":\"WebSite\",\"@id\":\"https:\/\/locobase.com\/is\/#website\",\"url\":\"https:\/\/locobase.com\/is\/\",\"name\":\"Locobase\",\"description\":\"\",\"publisher\":{\"@id\":\"https:\/\/locobase.com\/is\/#organization\"},\"potentialAction\":[{\"@type\":\"SearchAction\",\"target\":{\"@type\":\"EntryPoint\",\"urlTemplate\":\"https:\/\/locobase.com\/is\/?s={search_term_string}\"},\"query-input\":{\"@type\":\"PropertyValueSpecification\",\"valueRequired\":true,\"valueName\":\"search_term_string\"}}],\"inLanguage\":\"is\"},{\"@type\":\"Organization\",\"@id\":\"https:\/\/locobase.com\/is\/#organization\",\"name\":\"Locobase\",\"url\":\"https:\/\/locobase.com\/is\/\",\"logo\":{\"@type\":\"ImageObject\",\"inLanguage\":\"is\",\"@id\":\"https:\/\/locobase.com\/is\/#\/schema\/logo\/image\/\",\"url\":\"https:\/\/locobase.com\/app\/uploads\/sites\/9\/2022\/09\/logo.png\",\"contentUrl\":\"https:\/\/locobase.com\/app\/uploads\/sites\/9\/2022\/09\/logo.png\",\"width\":163,\"height\":32,\"caption\":\"Locobase\"},\"image\":{\"@id\":\"https:\/\/locobase.com\/is\/#\/schema\/logo\/image\/\"}}]}<\/script>\n<!-- \/ Yoast SEO plugin. -->","yoast_head_json":{"title":"Locobase Itch Relief Coolmousse - Locobase","description":"K\u00e6landi fro\u00f0a sem er s\u00e9rstaklega \u00fer\u00f3u\u00f0 til a\u00f0 sl\u00e1 hratt \u00e1 ertingu og kl\u00e1\u00f0a \u00ed h\u00fa\u00f0. Fro\u00f0an inniheldur mild innihaldsefni eins og Aloe Barbadensis \u00feykkni og gl\u00fdser\u00edn","robots":{"index":"index","follow":"follow","max-snippet":"max-snippet:-1","max-image-preview":"max-image-preview:large","max-video-preview":"max-video-preview:-1"},"canonical":"https:\/\/locobase.com\/is\/voru\/locobase-itch-relief-coolmousse\/","og_locale":"is_IS","og_type":"article","og_title":"Locobase Itch Relief Coolmousse - Locobase","og_description":"K\u00e6landi fro\u00f0a sem er s\u00e9rstaklega \u00fer\u00f3u\u00f0 til a\u00f0 sl\u00e1 hratt \u00e1 ertingu og kl\u00e1\u00f0a \u00ed h\u00fa\u00f0. Fro\u00f0an inniheldur mild innihaldsefni eins og Aloe Barbadensis \u00feykkni og gl\u00fdser\u00edn","og_url":"https:\/\/locobase.com\/is\/voru\/locobase-itch-relief-coolmousse\/","og_site_name":"Locobase","article_modified_time":"2025-06-30T12:56:40+00:00","og_image":[{"width":900,"height":900,"url":"https:\/\/locobase.com\/app\/uploads\/sites\/9\/2023\/02\/Locobase-Itch-Relief-Cool-Mousse.png","type":"image\/png"}],"twitter_card":"summary_large_image","twitter_misc":{"Est. reading time":"1 minute"},"schema":{"@context":"https:\/\/schema.org","@graph":[{"@type":"WebPage","@id":"https:\/\/locobase.com\/is\/voru\/locobase-itch-relief-coolmousse\/","url":"https:\/\/locobase.com\/is\/voru\/locobase-itch-relief-coolmousse\/","name":"Locobase Itch Relief Coolmousse - Locobase","isPartOf":{"@id":"https:\/\/locobase.com\/is\/#website"},"primaryImageOfPage":{"@id":"https:\/\/locobase.com\/is\/voru\/locobase-itch-relief-coolmousse\/#primaryimage"},"image":{"@id":"https:\/\/locobase.com\/is\/voru\/locobase-itch-relief-coolmousse\/#primaryimage"},"thumbnailUrl":"https:\/\/locobase.com\/app\/uploads\/sites\/9\/2023\/02\/Locobase-Itch-Relief-Cool-Mousse.png","datePublished":"2023-02-16T14:56:15+00:00","dateModified":"2025-06-30T12:56:40+00:00","description":"K\u00e6landi fro\u00f0a sem er s\u00e9rstaklega \u00fer\u00f3u\u00f0 til a\u00f0 sl\u00e1 hratt \u00e1 ertingu og kl\u00e1\u00f0a \u00ed h\u00fa\u00f0. Fro\u00f0an inniheldur mild innihaldsefni eins og Aloe Barbadensis \u00feykkni og gl\u00fdser\u00edn","breadcrumb":{"@id":"https:\/\/locobase.com\/is\/voru\/locobase-itch-relief-coolmousse\/#breadcrumb"},"inLanguage":"is","potentialAction":[{"@type":"ReadAction","target":["https:\/\/locobase.com\/is\/voru\/locobase-itch-relief-coolmousse\/"]}]},{"@type":"ImageObject","inLanguage":"is","@id":"https:\/\/locobase.com\/is\/voru\/locobase-itch-relief-coolmousse\/#primaryimage","url":"https:\/\/locobase.com\/app\/uploads\/sites\/9\/2023\/02\/Locobase-Itch-Relief-Cool-Mousse.png","contentUrl":"https:\/\/locobase.com\/app\/uploads\/sites\/9\/2023\/02\/Locobase-Itch-Relief-Cool-Mousse.png","width":900,"height":900,"caption":"Locobase-Itch-Relief-Cool-Mousse"},{"@type":"BreadcrumbList","@id":"https:\/\/locobase.com\/is\/voru\/locobase-itch-relief-coolmousse\/#breadcrumb","itemListElement":[{"@type":"ListItem","position":1,"name":"Home","item":"https:\/\/locobase.com\/is\/"},{"@type":"ListItem","position":2,"name":"V\u00f6rurnar","item":"https:\/\/locobase.com\/is\/vorurnar\/"},{"@type":"ListItem","position":3,"name":"Locobase Itch Relief Coolmousse"}]},{"@type":"WebSite","@id":"https:\/\/locobase.com\/is\/#website","url":"https:\/\/locobase.com\/is\/","name":"Locobase","description":"","publisher":{"@id":"https:\/\/locobase.com\/is\/#organization"},"potentialAction":[{"@type":"SearchAction","target":{"@type":"EntryPoint","urlTemplate":"https:\/\/locobase.com\/is\/?s={search_term_string}"},"query-input":{"@type":"PropertyValueSpecification","valueRequired":true,"valueName":"search_term_string"}}],"inLanguage":"is"},{"@type":"Organization","@id":"https:\/\/locobase.com\/is\/#organization","name":"Locobase","url":"https:\/\/locobase.com\/is\/","logo":{"@type":"ImageObject","inLanguage":"is","@id":"https:\/\/locobase.com\/is\/#\/schema\/logo\/image\/","url":"https:\/\/locobase.com\/app\/uploads\/sites\/9\/2022\/09\/logo.png","contentUrl":"https:\/\/locobase.com\/app\/uploads\/sites\/9\/2022\/09\/logo.png","width":163,"height":32,"caption":"Locobase"},"image":{"@id":"https:\/\/locobase.com\/is\/#\/schema\/logo\/image\/"}}]}},"_links":{"self":[{"href":"https:\/\/locobase.com\/is\/wp-json\/wp\/v2\/product\/220","targetHints":{"allow":["GET"]}}],"collection":[{"href":"https:\/\/locobase.com\/is\/wp-json\/wp\/v2\/product"}],"about":[{"href":"https:\/\/locobase.com\/is\/wp-json\/wp\/v2\/types\/product"}],"replies":[{"embeddable":true,"href":"https:\/\/locobase.com\/is\/wp-json\/wp\/v2\/comments?post=220"}],"version-history":[{"count":7,"href":"https:\/\/locobase.com\/is\/wp-json\/wp\/v2\/product\/220\/revisions"}],"predecessor-version":[{"id":338,"href":"https:\/\/locobase.com\/is\/wp-json\/wp\/v2\/product\/220\/revisions\/338"}],"wp:featuredmedia":[{"embeddable":true,"href":"https:\/\/locobase.com\/is\/wp-json\/wp\/v2\/media\/223"}],"wp:attachment":[{"href":"https:\/\/locobase.com\/is\/wp-json\/wp\/v2\/media?parent=220"}],"wp:term":[{"taxonomy":"product_brand","embeddable":true,"href":"https:\/\/locobase.com\/is\/wp-json\/wp\/v2\/product_brand?post=220"},{"taxonomy":"product_cat","embeddable":true,"href":"https:\/\/locobase.com\/is\/wp-json\/wp\/v2\/product_cat?post=220"},{"taxonomy":"product_tag","embeddable":true,"href":"https:\/\/locobase.com\/is\/wp-json\/wp\/v2\/product_tag?post=220"}],"curies":[{"name":"wp","href":"https:\/\/api.w.org\/{rel}","templated":true}]}}