{"id":251,"date":"2024-08-06T11:04:07","date_gmt":"2024-08-06T11:04:07","guid":{"rendered":"https:\/\/locobase.com\/is\/?post_type=product&#038;p=251"},"modified":"2025-06-30T12:55:36","modified_gmt":"2025-06-30T12:55:36","slug":"locobase-psoriasis-krem","status":"publish","type":"product","link":"https:\/\/locobase.com\/is\/voru\/locobase-psoriasis-krem\/","title":{"rendered":"Locobase Psoriasis Krem"},"content":{"rendered":"\n<div class=\"wp-block-karopharma-accordions is-style-secondary\"><div class=\"container\">\n<details class=\"wp-block-karopharma-accordion\"><summary><h2 class=\"accordion-title\">Notkun<\/h2><\/summary><div class=\"accordion-content\">\n<p>M\u00e1 fara \u00e1 andlit og l\u00edkama fyrir fullor\u00f0na, b\u00f6rn og ungab\u00f6rn.<br>Beri\u00f0 kremi\u00f0 \u00e1 \u00fatsetta h\u00fa\u00f0 3 sinnum \u00e1 dag e\u00f0a eins oft og \u00fe\u00f6rf er \u00e1.<\/p>\n<\/div><\/details>\n\n\n\n<details class=\"wp-block-karopharma-accordion\"><summary><h2 class=\"accordion-title\">Innihaldsefni<\/h2><\/summary><div class=\"accordion-content\">\n<figure class=\"wp-block-table\"><table><tbody><tr><td class=\"has-text-align-left\" data-align=\"left\">Ectoin\u00ae\ufe0f<\/td><\/tr><tr><td class=\"has-text-align-left\" data-align=\"left\">Aqua<\/td><\/tr><tr><td class=\"has-text-align-left\" data-align=\"left\">Ceteraly Alcohol<\/td><\/tr><tr><td class=\"has-text-align-left\" data-align=\"left\">Urea<\/td><\/tr><tr><td class=\"has-text-align-left\" data-align=\"left\">Cetearyl Isononanoate<\/td><\/tr><tr><td class=\"has-text-align-left\" data-align=\"left\">Glycerin<\/td><\/tr><tr><td class=\"has-text-align-left\" data-align=\"left\">Simmondsia Chinensis See Oil<\/td><\/tr><tr><td class=\"has-text-align-left\" data-align=\"left\">Hydrogenated Polydecene<\/td><\/tr><tr><td class=\"has-text-align-left\" data-align=\"left\">Pentylene Glycol<\/td><\/tr><tr><td class=\"has-text-align-left\" data-align=\"left\">Hydroxyethyl Urea<\/td><\/tr><tr><td class=\"has-text-align-left\" data-align=\"left\">Panthenol<\/td><\/tr><tr><td class=\"has-text-align-left\" data-align=\"left\">Cetearyl Glucoside<\/td><\/tr><tr><td class=\"has-text-align-left\" data-align=\"left\">Lecithin<\/td><\/tr><tr><td class=\"has-text-align-left\" data-align=\"left\">Allantoin<\/td><\/tr><tr><td class=\"has-text-align-left\" data-align=\"left\">Xanthan Gum<\/td><\/tr><tr><td class=\"has-text-align-left\" data-align=\"left\">Ethylexylglycerin<\/td><\/tr><tr><td class=\"has-text-align-left\" data-align=\"left\">Sodium Lactate<\/td><\/tr><tr><td class=\"has-text-align-left\" data-align=\"left\">Sodium Cetearyl Sulfate<\/td><\/tr><tr><td class=\"has-text-align-left\" data-align=\"left\">Triacetin<\/td><\/tr><\/tbody><\/table><\/figure>\n<\/div><\/details>\n<\/div><\/div>\n","protected":false},"excerpt":{"rendered":"<p>Steralaust krem sem me\u00f0h\u00f6ndlar og fyrirbyggir einkenni s\u00f3ra (s\u00f3r\u00edasis)<\/p>\n","protected":false},"featured_media":252,"comment_status":"closed","ping_status":"closed","template":"","meta":{"_acf_changed":false,"footnotes":""},"product_brand":[],"product_cat":[20],"product_tag":[],"class_list":{"0":"post-251","1":"product","2":"type-product","3":"status-publish","4":"has-post-thumbnail","6":"product_cat-renew","8":"first","9":"instock","10":"shipping-taxable","11":"product-type-simple"},"acf":[],"yoast_head":"<!-- This site is optimized with the Yoast SEO plugin v26.6 - https:\/\/yoast.com\/wordpress\/plugins\/seo\/ -->\n<title>Locobase Psoriasis Krem - Locobase<\/title>\n<meta name=\"description\" content=\"Locobase Psoriasis kremi\u00f0 me\u00f0h\u00f6ndlar og fyrirbyggir einkenni eins og fl\u00f6gnun, ro\u00f0a, gr\u00f3fa og h\u00f6r\u00f0a h\u00fa\u00f0. Kl\u00edn\u00edskar ranns\u00f3knir s\u00fdna fram \u00e1 virkni gegn einkennum s\u00f3ra, dregur \u00far fl\u00f6gnun, ro\u00f0a, gr\u00f3fri og har\u00f0ri h\u00fa\u00f0.\" \/>\n<meta name=\"robots\" content=\"index, follow, max-snippet:-1, max-image-preview:large, max-video-preview:-1\" \/>\n<link rel=\"canonical\" href=\"https:\/\/locobase.com\/is\/voru\/locobase-psoriasis-krem\/\" \/>\n<meta property=\"og:locale\" content=\"is_IS\" \/>\n<meta property=\"og:type\" content=\"article\" \/>\n<meta property=\"og:title\" content=\"Locobase Psoriasis Krem - Locobase\" \/>\n<meta property=\"og:description\" content=\"Locobase Psoriasis kremi\u00f0 me\u00f0h\u00f6ndlar og fyrirbyggir einkenni eins og fl\u00f6gnun, ro\u00f0a, gr\u00f3fa og h\u00f6r\u00f0a h\u00fa\u00f0. Kl\u00edn\u00edskar ranns\u00f3knir s\u00fdna fram \u00e1 virkni gegn einkennum s\u00f3ra, dregur \u00far fl\u00f6gnun, ro\u00f0a, gr\u00f3fri og har\u00f0ri h\u00fa\u00f0.\" \/>\n<meta property=\"og:url\" content=\"https:\/\/locobase.com\/is\/voru\/locobase-psoriasis-krem\/\" \/>\n<meta property=\"og:site_name\" content=\"Locobase\" \/>\n<meta property=\"article:modified_time\" content=\"2025-06-30T12:55:36+00:00\" \/>\n<meta property=\"og:image\" content=\"https:\/\/locobase.com\/app\/uploads\/sites\/9\/2024\/08\/Locobase-Psoriasis-Krem.png\" \/>\n\t<meta property=\"og:image:width\" content=\"800\" \/>\n\t<meta property=\"og:image:height\" content=\"800\" \/>\n\t<meta property=\"og:image:type\" content=\"image\/png\" \/>\n<meta name=\"twitter:card\" content=\"summary_large_image\" \/>\n<meta name=\"twitter:label1\" content=\"Est. reading time\" \/>\n\t<meta name=\"twitter:data1\" content=\"1 minute\" \/>\n<script type=\"application\/ld+json\" class=\"yoast-schema-graph\">{\"@context\":\"https:\/\/schema.org\",\"@graph\":[{\"@type\":\"WebPage\",\"@id\":\"https:\/\/locobase.com\/is\/voru\/locobase-psoriasis-krem\/\",\"url\":\"https:\/\/locobase.com\/is\/voru\/locobase-psoriasis-krem\/\",\"name\":\"Locobase Psoriasis Krem - Locobase\",\"isPartOf\":{\"@id\":\"https:\/\/locobase.com\/is\/#website\"},\"primaryImageOfPage\":{\"@id\":\"https:\/\/locobase.com\/is\/voru\/locobase-psoriasis-krem\/#primaryimage\"},\"image\":{\"@id\":\"https:\/\/locobase.com\/is\/voru\/locobase-psoriasis-krem\/#primaryimage\"},\"thumbnailUrl\":\"https:\/\/locobase.com\/app\/uploads\/sites\/9\/2024\/08\/Locobase-Psoriasis-Krem.png\",\"datePublished\":\"2024-08-06T11:04:07+00:00\",\"dateModified\":\"2025-06-30T12:55:36+00:00\",\"description\":\"Locobase Psoriasis kremi\u00f0 me\u00f0h\u00f6ndlar og fyrirbyggir einkenni eins og fl\u00f6gnun, ro\u00f0a, gr\u00f3fa og h\u00f6r\u00f0a h\u00fa\u00f0. Kl\u00edn\u00edskar ranns\u00f3knir s\u00fdna fram \u00e1 virkni gegn einkennum s\u00f3ra, dregur \u00far fl\u00f6gnun, ro\u00f0a, gr\u00f3fri og har\u00f0ri h\u00fa\u00f0.\",\"breadcrumb\":{\"@id\":\"https:\/\/locobase.com\/is\/voru\/locobase-psoriasis-krem\/#breadcrumb\"},\"inLanguage\":\"is\",\"potentialAction\":[{\"@type\":\"ReadAction\",\"target\":[\"https:\/\/locobase.com\/is\/voru\/locobase-psoriasis-krem\/\"]}]},{\"@type\":\"ImageObject\",\"inLanguage\":\"is\",\"@id\":\"https:\/\/locobase.com\/is\/voru\/locobase-psoriasis-krem\/#primaryimage\",\"url\":\"https:\/\/locobase.com\/app\/uploads\/sites\/9\/2024\/08\/Locobase-Psoriasis-Krem.png\",\"contentUrl\":\"https:\/\/locobase.com\/app\/uploads\/sites\/9\/2024\/08\/Locobase-Psoriasis-Krem.png\",\"width\":800,\"height\":800,\"caption\":\"Locobase-Psoriasis-Krem\"},{\"@type\":\"BreadcrumbList\",\"@id\":\"https:\/\/locobase.com\/is\/voru\/locobase-psoriasis-krem\/#breadcrumb\",\"itemListElement\":[{\"@type\":\"ListItem\",\"position\":1,\"name\":\"Home\",\"item\":\"https:\/\/locobase.com\/is\/\"},{\"@type\":\"ListItem\",\"position\":2,\"name\":\"V\u00f6rurnar\",\"item\":\"https:\/\/locobase.com\/is\/vorurnar\/\"},{\"@type\":\"ListItem\",\"position\":3,\"name\":\"Locobase Psoriasis Krem\"}]},{\"@type\":\"WebSite\",\"@id\":\"https:\/\/locobase.com\/is\/#website\",\"url\":\"https:\/\/locobase.com\/is\/\",\"name\":\"Locobase\",\"description\":\"\",\"publisher\":{\"@id\":\"https:\/\/locobase.com\/is\/#organization\"},\"potentialAction\":[{\"@type\":\"SearchAction\",\"target\":{\"@type\":\"EntryPoint\",\"urlTemplate\":\"https:\/\/locobase.com\/is\/?s={search_term_string}\"},\"query-input\":{\"@type\":\"PropertyValueSpecification\",\"valueRequired\":true,\"valueName\":\"search_term_string\"}}],\"inLanguage\":\"is\"},{\"@type\":\"Organization\",\"@id\":\"https:\/\/locobase.com\/is\/#organization\",\"name\":\"Locobase\",\"url\":\"https:\/\/locobase.com\/is\/\",\"logo\":{\"@type\":\"ImageObject\",\"inLanguage\":\"is\",\"@id\":\"https:\/\/locobase.com\/is\/#\/schema\/logo\/image\/\",\"url\":\"https:\/\/locobase.com\/app\/uploads\/sites\/9\/2022\/09\/logo.png\",\"contentUrl\":\"https:\/\/locobase.com\/app\/uploads\/sites\/9\/2022\/09\/logo.png\",\"width\":163,\"height\":32,\"caption\":\"Locobase\"},\"image\":{\"@id\":\"https:\/\/locobase.com\/is\/#\/schema\/logo\/image\/\"}}]}<\/script>\n<!-- \/ Yoast SEO plugin. -->","yoast_head_json":{"title":"Locobase Psoriasis Krem - Locobase","description":"Locobase Psoriasis kremi\u00f0 me\u00f0h\u00f6ndlar og fyrirbyggir einkenni eins og fl\u00f6gnun, ro\u00f0a, gr\u00f3fa og h\u00f6r\u00f0a h\u00fa\u00f0. Kl\u00edn\u00edskar ranns\u00f3knir s\u00fdna fram \u00e1 virkni gegn einkennum s\u00f3ra, dregur \u00far fl\u00f6gnun, ro\u00f0a, gr\u00f3fri og har\u00f0ri h\u00fa\u00f0.","robots":{"index":"index","follow":"follow","max-snippet":"max-snippet:-1","max-image-preview":"max-image-preview:large","max-video-preview":"max-video-preview:-1"},"canonical":"https:\/\/locobase.com\/is\/voru\/locobase-psoriasis-krem\/","og_locale":"is_IS","og_type":"article","og_title":"Locobase Psoriasis Krem - Locobase","og_description":"Locobase Psoriasis kremi\u00f0 me\u00f0h\u00f6ndlar og fyrirbyggir einkenni eins og fl\u00f6gnun, ro\u00f0a, gr\u00f3fa og h\u00f6r\u00f0a h\u00fa\u00f0. Kl\u00edn\u00edskar ranns\u00f3knir s\u00fdna fram \u00e1 virkni gegn einkennum s\u00f3ra, dregur \u00far fl\u00f6gnun, ro\u00f0a, gr\u00f3fri og har\u00f0ri h\u00fa\u00f0.","og_url":"https:\/\/locobase.com\/is\/voru\/locobase-psoriasis-krem\/","og_site_name":"Locobase","article_modified_time":"2025-06-30T12:55:36+00:00","og_image":[{"width":800,"height":800,"url":"https:\/\/locobase.com\/app\/uploads\/sites\/9\/2024\/08\/Locobase-Psoriasis-Krem.png","type":"image\/png"}],"twitter_card":"summary_large_image","twitter_misc":{"Est. reading time":"1 minute"},"schema":{"@context":"https:\/\/schema.org","@graph":[{"@type":"WebPage","@id":"https:\/\/locobase.com\/is\/voru\/locobase-psoriasis-krem\/","url":"https:\/\/locobase.com\/is\/voru\/locobase-psoriasis-krem\/","name":"Locobase Psoriasis Krem - Locobase","isPartOf":{"@id":"https:\/\/locobase.com\/is\/#website"},"primaryImageOfPage":{"@id":"https:\/\/locobase.com\/is\/voru\/locobase-psoriasis-krem\/#primaryimage"},"image":{"@id":"https:\/\/locobase.com\/is\/voru\/locobase-psoriasis-krem\/#primaryimage"},"thumbnailUrl":"https:\/\/locobase.com\/app\/uploads\/sites\/9\/2024\/08\/Locobase-Psoriasis-Krem.png","datePublished":"2024-08-06T11:04:07+00:00","dateModified":"2025-06-30T12:55:36+00:00","description":"Locobase Psoriasis kremi\u00f0 me\u00f0h\u00f6ndlar og fyrirbyggir einkenni eins og fl\u00f6gnun, ro\u00f0a, gr\u00f3fa og h\u00f6r\u00f0a h\u00fa\u00f0. Kl\u00edn\u00edskar ranns\u00f3knir s\u00fdna fram \u00e1 virkni gegn einkennum s\u00f3ra, dregur \u00far fl\u00f6gnun, ro\u00f0a, gr\u00f3fri og har\u00f0ri h\u00fa\u00f0.","breadcrumb":{"@id":"https:\/\/locobase.com\/is\/voru\/locobase-psoriasis-krem\/#breadcrumb"},"inLanguage":"is","potentialAction":[{"@type":"ReadAction","target":["https:\/\/locobase.com\/is\/voru\/locobase-psoriasis-krem\/"]}]},{"@type":"ImageObject","inLanguage":"is","@id":"https:\/\/locobase.com\/is\/voru\/locobase-psoriasis-krem\/#primaryimage","url":"https:\/\/locobase.com\/app\/uploads\/sites\/9\/2024\/08\/Locobase-Psoriasis-Krem.png","contentUrl":"https:\/\/locobase.com\/app\/uploads\/sites\/9\/2024\/08\/Locobase-Psoriasis-Krem.png","width":800,"height":800,"caption":"Locobase-Psoriasis-Krem"},{"@type":"BreadcrumbList","@id":"https:\/\/locobase.com\/is\/voru\/locobase-psoriasis-krem\/#breadcrumb","itemListElement":[{"@type":"ListItem","position":1,"name":"Home","item":"https:\/\/locobase.com\/is\/"},{"@type":"ListItem","position":2,"name":"V\u00f6rurnar","item":"https:\/\/locobase.com\/is\/vorurnar\/"},{"@type":"ListItem","position":3,"name":"Locobase Psoriasis Krem"}]},{"@type":"WebSite","@id":"https:\/\/locobase.com\/is\/#website","url":"https:\/\/locobase.com\/is\/","name":"Locobase","description":"","publisher":{"@id":"https:\/\/locobase.com\/is\/#organization"},"potentialAction":[{"@type":"SearchAction","target":{"@type":"EntryPoint","urlTemplate":"https:\/\/locobase.com\/is\/?s={search_term_string}"},"query-input":{"@type":"PropertyValueSpecification","valueRequired":true,"valueName":"search_term_string"}}],"inLanguage":"is"},{"@type":"Organization","@id":"https:\/\/locobase.com\/is\/#organization","name":"Locobase","url":"https:\/\/locobase.com\/is\/","logo":{"@type":"ImageObject","inLanguage":"is","@id":"https:\/\/locobase.com\/is\/#\/schema\/logo\/image\/","url":"https:\/\/locobase.com\/app\/uploads\/sites\/9\/2022\/09\/logo.png","contentUrl":"https:\/\/locobase.com\/app\/uploads\/sites\/9\/2022\/09\/logo.png","width":163,"height":32,"caption":"Locobase"},"image":{"@id":"https:\/\/locobase.com\/is\/#\/schema\/logo\/image\/"}}]}},"_links":{"self":[{"href":"https:\/\/locobase.com\/is\/wp-json\/wp\/v2\/product\/251","targetHints":{"allow":["GET"]}}],"collection":[{"href":"https:\/\/locobase.com\/is\/wp-json\/wp\/v2\/product"}],"about":[{"href":"https:\/\/locobase.com\/is\/wp-json\/wp\/v2\/types\/product"}],"replies":[{"embeddable":true,"href":"https:\/\/locobase.com\/is\/wp-json\/wp\/v2\/comments?post=251"}],"version-history":[{"count":6,"href":"https:\/\/locobase.com\/is\/wp-json\/wp\/v2\/product\/251\/revisions"}],"predecessor-version":[{"id":337,"href":"https:\/\/locobase.com\/is\/wp-json\/wp\/v2\/product\/251\/revisions\/337"}],"wp:featuredmedia":[{"embeddable":true,"href":"https:\/\/locobase.com\/is\/wp-json\/wp\/v2\/media\/252"}],"wp:attachment":[{"href":"https:\/\/locobase.com\/is\/wp-json\/wp\/v2\/media?parent=251"}],"wp:term":[{"taxonomy":"product_brand","embeddable":true,"href":"https:\/\/locobase.com\/is\/wp-json\/wp\/v2\/product_brand?post=251"},{"taxonomy":"product_cat","embeddable":true,"href":"https:\/\/locobase.com\/is\/wp-json\/wp\/v2\/product_cat?post=251"},{"taxonomy":"product_tag","embeddable":true,"href":"https:\/\/locobase.com\/is\/wp-json\/wp\/v2\/product_tag?post=251"}],"curies":[{"name":"wp","href":"https:\/\/api.w.org\/{rel}","templated":true}]}}