{"id":282,"date":"2024-10-30T12:18:53","date_gmt":"2024-10-30T12:18:53","guid":{"rendered":"https:\/\/locobase.com\/is\/?post_type=product&#038;p=282"},"modified":"2026-04-20T07:44:48","modified_gmt":"2026-04-20T07:44:48","slug":"locobase-repair-light-cream","status":"publish","type":"product","link":"https:\/\/locobase.com\/is\/voru\/locobase-repair-light-cream\/","title":{"rendered":"Locobase Repair Light Cream"},"content":{"rendered":"\n<div class=\"wp-block-karopharma-accordions is-style-secondary\"><div class=\"container\">\n<details class=\"wp-block-karopharma-accordion\"><summary><h2 class=\"accordion-title\">Notkun<\/h2><\/summary><div class=\"accordion-content\">\n<p>Ber\u00f0u \u00e1 \u00feurra h\u00fa\u00f0 einu sinni \u00e1 dag e\u00f0a eftir \u00fe\u00f6rfum. Hentar allri fj\u00f6lskyldunni \u00fear me\u00f0 tali\u00f0 b\u00f6rnum og ungb\u00f6rnum, b\u00e6\u00f0i \u00e1 andlit og l\u00edkama.<\/p>\n<\/div><\/details>\n\n\n\n<details class=\"wp-block-karopharma-accordion\"><summary><h2 class=\"accordion-title\">Innihaldsefni<\/h2><\/summary><div class=\"accordion-content\">\n<p>Aqua, Caprylic\/Capric, Triglyceride,\u202fButyrospermum\u202fParkii\u202fButter,\u202fGlycerin,\u202fCetearyl\u202fAlcohol,\u202fEthylhexyl\u202fStearate,\u202fHelianthus Annuus Hybrid Oil, Glyceryl Stearate, Copernicia Cerifera Cera, Squalane, Ceteareth-20, Allantoin, Sodium\u202fBenzoate, Ceramide NP, Citric Acid, Potassium\u202fSorbat\u202f<\/p>\n\n\n\n<p><strong>Seram\u00ed\u00f0<br><\/strong>Hj\u00e1lpa til vi\u00f0 vi\u00f0ger\u00f0arferli h\u00fa\u00f0arinnar.<\/p>\n\n\n\n<p><strong>Skval\u00edn<\/strong><br>Hefur rakagefandi \u00e1hrif og heldur raka \u00ed h\u00fa\u00f0inni.<\/p>\n\n\n\n<p><strong>Allant\u00f3\u00edn<\/strong><br>Hj\u00e1lpar til vi\u00f0 a\u00f0 sefa h\u00fa\u00f0ina og dregur \u00far ro\u00f0a.<\/p>\n<\/div><\/details>\n<\/div><\/div>\n","protected":false},"excerpt":{"rendered":"<p>\u00der\u00f3a\u00f0 \u00ed samstarfi vi\u00f0 h\u00fa\u00f0sj\u00fakd\u00f3mal\u00e6kna til a\u00f0 gera vi\u00f0 \u00feurra, sprungna og at\u00f3p\u00edska h\u00fa\u00f0.<\/p>\n","protected":false},"featured_media":283,"comment_status":"closed","ping_status":"closed","template":"","meta":{"_acf_changed":false,"footnotes":""},"product_brand":[],"product_cat":[21],"product_tag":[],"class_list":{"0":"post-282","1":"product","2":"type-product","3":"status-publish","4":"has-post-thumbnail","6":"product_cat-repair","8":"first","9":"instock","10":"shipping-taxable","11":"product-type-simple"},"acf":[],"yoast_head":"<!-- This site is optimized with the Yoast SEO plugin v26.6 - https:\/\/yoast.com\/wordpress\/plugins\/seo\/ -->\n<title>Locobase Repair Light Cream - Locobase<\/title>\n<meta name=\"description\" content=\"Locobase Repair Light cream er l\u00e9tt krem sem fr\u00e1sogast hratt inn \u00ed h\u00fa\u00f0ina \u00e1n \u00feess a\u00f0 ver\u00f0a kl\u00edstra\u00f0. Kremi\u00f0 er s\u00e9rstaklega \u00fer\u00f3a\u00f0 fyrir \u00feurra, sprungna og at\u00f3p\u00edska h\u00fa\u00f0.\" \/>\n<meta name=\"robots\" content=\"index, follow, max-snippet:-1, max-image-preview:large, max-video-preview:-1\" \/>\n<link rel=\"canonical\" href=\"https:\/\/locobase.com\/is\/voru\/locobase-repair-light-cream\/\" \/>\n<meta property=\"og:locale\" content=\"is_IS\" \/>\n<meta property=\"og:type\" content=\"article\" \/>\n<meta property=\"og:title\" content=\"Locobase Repair Light Cream - Locobase\" \/>\n<meta property=\"og:description\" content=\"Locobase Repair Light cream er l\u00e9tt krem sem fr\u00e1sogast hratt inn \u00ed h\u00fa\u00f0ina \u00e1n \u00feess a\u00f0 ver\u00f0a kl\u00edstra\u00f0. Kremi\u00f0 er s\u00e9rstaklega \u00fer\u00f3a\u00f0 fyrir \u00feurra, sprungna og at\u00f3p\u00edska h\u00fa\u00f0.\" \/>\n<meta property=\"og:url\" content=\"https:\/\/locobase.com\/is\/voru\/locobase-repair-light-cream\/\" \/>\n<meta property=\"og:site_name\" content=\"Locobase\" \/>\n<meta property=\"article:modified_time\" content=\"2026-04-20T07:44:48+00:00\" \/>\n<meta property=\"og:image\" content=\"https:\/\/locobase.com\/app\/uploads\/sites\/9\/2024\/10\/Locobase-Repair-Light-Cream.png\" \/>\n\t<meta property=\"og:image:width\" content=\"800\" \/>\n\t<meta property=\"og:image:height\" content=\"800\" \/>\n\t<meta property=\"og:image:type\" content=\"image\/png\" \/>\n<meta name=\"twitter:card\" content=\"summary_large_image\" \/>\n<meta name=\"twitter:label1\" content=\"Est. reading time\" \/>\n\t<meta name=\"twitter:data1\" content=\"1 minute\" \/>\n<script type=\"application\/ld+json\" class=\"yoast-schema-graph\">{\"@context\":\"https:\/\/schema.org\",\"@graph\":[{\"@type\":\"WebPage\",\"@id\":\"https:\/\/locobase.com\/is\/voru\/locobase-repair-light-cream\/\",\"url\":\"https:\/\/locobase.com\/is\/voru\/locobase-repair-light-cream\/\",\"name\":\"Locobase Repair Light Cream - Locobase\",\"isPartOf\":{\"@id\":\"https:\/\/locobase.com\/is\/#website\"},\"primaryImageOfPage\":{\"@id\":\"https:\/\/locobase.com\/is\/voru\/locobase-repair-light-cream\/#primaryimage\"},\"image\":{\"@id\":\"https:\/\/locobase.com\/is\/voru\/locobase-repair-light-cream\/#primaryimage\"},\"thumbnailUrl\":\"https:\/\/locobase.com\/app\/uploads\/sites\/9\/2024\/10\/Locobase-Repair-Light-Cream.png\",\"datePublished\":\"2024-10-30T12:18:53+00:00\",\"dateModified\":\"2026-04-20T07:44:48+00:00\",\"description\":\"Locobase Repair Light cream er l\u00e9tt krem sem fr\u00e1sogast hratt inn \u00ed h\u00fa\u00f0ina \u00e1n \u00feess a\u00f0 ver\u00f0a kl\u00edstra\u00f0. Kremi\u00f0 er s\u00e9rstaklega \u00fer\u00f3a\u00f0 fyrir \u00feurra, sprungna og at\u00f3p\u00edska h\u00fa\u00f0.\",\"breadcrumb\":{\"@id\":\"https:\/\/locobase.com\/is\/voru\/locobase-repair-light-cream\/#breadcrumb\"},\"inLanguage\":\"is\",\"potentialAction\":[{\"@type\":\"ReadAction\",\"target\":[\"https:\/\/locobase.com\/is\/voru\/locobase-repair-light-cream\/\"]}]},{\"@type\":\"ImageObject\",\"inLanguage\":\"is\",\"@id\":\"https:\/\/locobase.com\/is\/voru\/locobase-repair-light-cream\/#primaryimage\",\"url\":\"https:\/\/locobase.com\/app\/uploads\/sites\/9\/2024\/10\/Locobase-Repair-Light-Cream.png\",\"contentUrl\":\"https:\/\/locobase.com\/app\/uploads\/sites\/9\/2024\/10\/Locobase-Repair-Light-Cream.png\",\"width\":800,\"height\":800,\"caption\":\"Locobase-Repair-Light-Cream\"},{\"@type\":\"BreadcrumbList\",\"@id\":\"https:\/\/locobase.com\/is\/voru\/locobase-repair-light-cream\/#breadcrumb\",\"itemListElement\":[{\"@type\":\"ListItem\",\"position\":1,\"name\":\"Home\",\"item\":\"https:\/\/locobase.com\/is\/\"},{\"@type\":\"ListItem\",\"position\":2,\"name\":\"V\u00f6rurnar\",\"item\":\"https:\/\/locobase.com\/is\/vorurnar\/\"},{\"@type\":\"ListItem\",\"position\":3,\"name\":\"Locobase Repair Light Cream\"}]},{\"@type\":\"WebSite\",\"@id\":\"https:\/\/locobase.com\/is\/#website\",\"url\":\"https:\/\/locobase.com\/is\/\",\"name\":\"Locobase\",\"description\":\"\",\"publisher\":{\"@id\":\"https:\/\/locobase.com\/is\/#organization\"},\"potentialAction\":[{\"@type\":\"SearchAction\",\"target\":{\"@type\":\"EntryPoint\",\"urlTemplate\":\"https:\/\/locobase.com\/is\/?s={search_term_string}\"},\"query-input\":{\"@type\":\"PropertyValueSpecification\",\"valueRequired\":true,\"valueName\":\"search_term_string\"}}],\"inLanguage\":\"is\"},{\"@type\":\"Organization\",\"@id\":\"https:\/\/locobase.com\/is\/#organization\",\"name\":\"Locobase\",\"url\":\"https:\/\/locobase.com\/is\/\",\"logo\":{\"@type\":\"ImageObject\",\"inLanguage\":\"is\",\"@id\":\"https:\/\/locobase.com\/is\/#\/schema\/logo\/image\/\",\"url\":\"https:\/\/locobase.com\/app\/uploads\/sites\/9\/2022\/09\/logo.png\",\"contentUrl\":\"https:\/\/locobase.com\/app\/uploads\/sites\/9\/2022\/09\/logo.png\",\"width\":163,\"height\":32,\"caption\":\"Locobase\"},\"image\":{\"@id\":\"https:\/\/locobase.com\/is\/#\/schema\/logo\/image\/\"}}]}<\/script>\n<!-- \/ Yoast SEO plugin. -->","yoast_head_json":{"title":"Locobase Repair Light Cream - Locobase","description":"Locobase Repair Light cream er l\u00e9tt krem sem fr\u00e1sogast hratt inn \u00ed h\u00fa\u00f0ina \u00e1n \u00feess a\u00f0 ver\u00f0a kl\u00edstra\u00f0. Kremi\u00f0 er s\u00e9rstaklega \u00fer\u00f3a\u00f0 fyrir \u00feurra, sprungna og at\u00f3p\u00edska h\u00fa\u00f0.","robots":{"index":"index","follow":"follow","max-snippet":"max-snippet:-1","max-image-preview":"max-image-preview:large","max-video-preview":"max-video-preview:-1"},"canonical":"https:\/\/locobase.com\/is\/voru\/locobase-repair-light-cream\/","og_locale":"is_IS","og_type":"article","og_title":"Locobase Repair Light Cream - Locobase","og_description":"Locobase Repair Light cream er l\u00e9tt krem sem fr\u00e1sogast hratt inn \u00ed h\u00fa\u00f0ina \u00e1n \u00feess a\u00f0 ver\u00f0a kl\u00edstra\u00f0. Kremi\u00f0 er s\u00e9rstaklega \u00fer\u00f3a\u00f0 fyrir \u00feurra, sprungna og at\u00f3p\u00edska h\u00fa\u00f0.","og_url":"https:\/\/locobase.com\/is\/voru\/locobase-repair-light-cream\/","og_site_name":"Locobase","article_modified_time":"2026-04-20T07:44:48+00:00","og_image":[{"width":800,"height":800,"url":"https:\/\/locobase.com\/app\/uploads\/sites\/9\/2024\/10\/Locobase-Repair-Light-Cream.png","type":"image\/png"}],"twitter_card":"summary_large_image","twitter_misc":{"Est. reading time":"1 minute"},"schema":{"@context":"https:\/\/schema.org","@graph":[{"@type":"WebPage","@id":"https:\/\/locobase.com\/is\/voru\/locobase-repair-light-cream\/","url":"https:\/\/locobase.com\/is\/voru\/locobase-repair-light-cream\/","name":"Locobase Repair Light Cream - Locobase","isPartOf":{"@id":"https:\/\/locobase.com\/is\/#website"},"primaryImageOfPage":{"@id":"https:\/\/locobase.com\/is\/voru\/locobase-repair-light-cream\/#primaryimage"},"image":{"@id":"https:\/\/locobase.com\/is\/voru\/locobase-repair-light-cream\/#primaryimage"},"thumbnailUrl":"https:\/\/locobase.com\/app\/uploads\/sites\/9\/2024\/10\/Locobase-Repair-Light-Cream.png","datePublished":"2024-10-30T12:18:53+00:00","dateModified":"2026-04-20T07:44:48+00:00","description":"Locobase Repair Light cream er l\u00e9tt krem sem fr\u00e1sogast hratt inn \u00ed h\u00fa\u00f0ina \u00e1n \u00feess a\u00f0 ver\u00f0a kl\u00edstra\u00f0. Kremi\u00f0 er s\u00e9rstaklega \u00fer\u00f3a\u00f0 fyrir \u00feurra, sprungna og at\u00f3p\u00edska h\u00fa\u00f0.","breadcrumb":{"@id":"https:\/\/locobase.com\/is\/voru\/locobase-repair-light-cream\/#breadcrumb"},"inLanguage":"is","potentialAction":[{"@type":"ReadAction","target":["https:\/\/locobase.com\/is\/voru\/locobase-repair-light-cream\/"]}]},{"@type":"ImageObject","inLanguage":"is","@id":"https:\/\/locobase.com\/is\/voru\/locobase-repair-light-cream\/#primaryimage","url":"https:\/\/locobase.com\/app\/uploads\/sites\/9\/2024\/10\/Locobase-Repair-Light-Cream.png","contentUrl":"https:\/\/locobase.com\/app\/uploads\/sites\/9\/2024\/10\/Locobase-Repair-Light-Cream.png","width":800,"height":800,"caption":"Locobase-Repair-Light-Cream"},{"@type":"BreadcrumbList","@id":"https:\/\/locobase.com\/is\/voru\/locobase-repair-light-cream\/#breadcrumb","itemListElement":[{"@type":"ListItem","position":1,"name":"Home","item":"https:\/\/locobase.com\/is\/"},{"@type":"ListItem","position":2,"name":"V\u00f6rurnar","item":"https:\/\/locobase.com\/is\/vorurnar\/"},{"@type":"ListItem","position":3,"name":"Locobase Repair Light Cream"}]},{"@type":"WebSite","@id":"https:\/\/locobase.com\/is\/#website","url":"https:\/\/locobase.com\/is\/","name":"Locobase","description":"","publisher":{"@id":"https:\/\/locobase.com\/is\/#organization"},"potentialAction":[{"@type":"SearchAction","target":{"@type":"EntryPoint","urlTemplate":"https:\/\/locobase.com\/is\/?s={search_term_string}"},"query-input":{"@type":"PropertyValueSpecification","valueRequired":true,"valueName":"search_term_string"}}],"inLanguage":"is"},{"@type":"Organization","@id":"https:\/\/locobase.com\/is\/#organization","name":"Locobase","url":"https:\/\/locobase.com\/is\/","logo":{"@type":"ImageObject","inLanguage":"is","@id":"https:\/\/locobase.com\/is\/#\/schema\/logo\/image\/","url":"https:\/\/locobase.com\/app\/uploads\/sites\/9\/2022\/09\/logo.png","contentUrl":"https:\/\/locobase.com\/app\/uploads\/sites\/9\/2022\/09\/logo.png","width":163,"height":32,"caption":"Locobase"},"image":{"@id":"https:\/\/locobase.com\/is\/#\/schema\/logo\/image\/"}}]}},"_links":{"self":[{"href":"https:\/\/locobase.com\/is\/wp-json\/wp\/v2\/product\/282","targetHints":{"allow":["GET"]}}],"collection":[{"href":"https:\/\/locobase.com\/is\/wp-json\/wp\/v2\/product"}],"about":[{"href":"https:\/\/locobase.com\/is\/wp-json\/wp\/v2\/types\/product"}],"replies":[{"embeddable":true,"href":"https:\/\/locobase.com\/is\/wp-json\/wp\/v2\/comments?post=282"}],"version-history":[{"count":6,"href":"https:\/\/locobase.com\/is\/wp-json\/wp\/v2\/product\/282\/revisions"}],"predecessor-version":[{"id":345,"href":"https:\/\/locobase.com\/is\/wp-json\/wp\/v2\/product\/282\/revisions\/345"}],"wp:featuredmedia":[{"embeddable":true,"href":"https:\/\/locobase.com\/is\/wp-json\/wp\/v2\/media\/283"}],"wp:attachment":[{"href":"https:\/\/locobase.com\/is\/wp-json\/wp\/v2\/media?parent=282"}],"wp:term":[{"taxonomy":"product_brand","embeddable":true,"href":"https:\/\/locobase.com\/is\/wp-json\/wp\/v2\/product_brand?post=282"},{"taxonomy":"product_cat","embeddable":true,"href":"https:\/\/locobase.com\/is\/wp-json\/wp\/v2\/product_cat?post=282"},{"taxonomy":"product_tag","embeddable":true,"href":"https:\/\/locobase.com\/is\/wp-json\/wp\/v2\/product_tag?post=282"}],"curies":[{"name":"wp","href":"https:\/\/api.w.org\/{rel}","templated":true}]}}