{"id":79,"date":"2022-09-16T09:42:09","date_gmt":"2022-09-16T09:42:09","guid":{"rendered":"https:\/\/locobase.com\/is\/?post_type=product&#038;p=79"},"modified":"2025-06-30T12:59:13","modified_gmt":"2025-06-30T12:59:13","slug":"locobase-protect-oily-cream","status":"publish","type":"product","link":"https:\/\/locobase.com\/is\/voru\/locobase-protect-oily-cream\/","title":{"rendered":"Locobase Protect"},"content":{"rendered":"\n<div class=\"wp-block-karopharma-accordions is-style-secondary\"><div class=\"container\">\n<details class=\"wp-block-karopharma-accordion\"><summary><h2 class=\"accordion-title\">Notkunarsv\u00e6\u00f0i<\/h2><\/summary><div class=\"accordion-content\">\n<p>Locobase Protect er s\u00e9rstaklega \u00fer\u00f3a\u00f0 fyrir \u00feurra h\u00fa\u00f0 og hentar fullor\u00f0num og b\u00f6rnum. \u00dea\u00f0 m\u00e1 nota kremi\u00f0 \u00e1:<\/p>\n\n\n\n<ul class=\"is-style-icon wp-block-list\">\n<li>\u00deurra og mj\u00f6g \u00feurra h\u00fa\u00f0 (m\u00e1 bera \u00e1 st\u00f3r h\u00fa\u00f0sv\u00e6\u00f0i)<\/li>\n\n\n\n<li>Erta og\/e\u00f0a vi\u00f0kv\u00e6ma h\u00fa\u00f0<\/li>\n\n\n\n<li>M\u00e1 nota sem vi\u00f0b\u00f3tarme\u00f0fer\u00f0 \u00e1 exem sv\u00e6\u00f0i<\/li>\n\n\n\n<li>M\u00e1 nota sem v\u00f6rn fyrir \u00fatsett sv\u00e6\u00f0i t.d fyrir \u00fe\u00e1 sem vinna st\u00f6rf \u00fear sem miki\u00f0 \u00e1reiti er \u00e1 h\u00fa\u00f0a eins og \u00ed bleytu, hreinsiefnum og kulda.<\/li>\n<\/ul>\n<\/div><\/details>\n\n\n\n<details class=\"wp-block-karopharma-accordion\"><summary><h2 class=\"accordion-title\">Notkun<\/h2><\/summary><div class=\"accordion-content\">\n<p>Locobase Protect m\u00e1 nota eftir \u00fe\u00f6rfum og m\u00e1 bera \u00e1 allan l\u00edkamann og andlit.<br>Ber\u00f0u \u00e1 h\u00fa\u00f0ina 3-4 sinnum \u00e1 dag. \u00dea\u00f0 er yfirleitt n\u00f3g a\u00f0 h\u00fa\u00f0v\u00f6rnin s\u00e9 \u00f3snert \u00ed 24 klst. \u00de\u00fa m\u00e1tt bera \u00e1 \u00feig oftar ef \u00fe\u00f6rf er \u00e1.<\/p>\n<\/div><\/details>\n\n\n\n<details class=\"wp-block-karopharma-accordion\"><summary><h2 class=\"accordion-title\">Innihaldsefni<\/h2><\/summary><div class=\"accordion-content\">\n<p>Locobase Protect er vatnsbundi\u00f0 krem me\u00f0 70% fitu.<\/p>\n\n\n\n<figure class=\"wp-block-table\"><table><tbody><tr><td><strong>Innihaldsefni<\/strong><\/td><\/tr><tr><td>Petrolatum<\/td><\/tr><tr><td>Vand<\/td><\/tr><tr><td>Paraffinum Liquidum<\/td><\/tr><tr><td>Cetearyl Alcohol<\/td><\/tr><tr><td>Ceteareth-25<\/td><\/tr><tr><td>Methylparaben<\/td><\/tr><tr><td>Citric Acid<\/td><\/tr><tr><td>Sodium Citrate<\/td><\/tr><\/tbody><\/table><\/figure>\n<\/div><\/details>\n\n\n\n<details class=\"wp-block-karopharma-accordion\"><summary><h2 class=\"accordion-title\">Anna\u00f0<\/h2><\/summary><div class=\"accordion-content\">\n<p>H\u00fa\u00f0in hefur tilhneygingu til a\u00f0 ver\u00f0a s\u00e9rstaklega \u00feurr ef h\u00fan ver\u00f0ur fyrir miklum breytingum \u00e1 hita- e\u00f0a rakastigi. Vertu \u00fev\u00ed viss um a\u00f0 bera \u00e1 \u00feurr h\u00fa\u00f0sv\u00e6\u00f0i til a\u00f0 halda h\u00fa\u00f0inni mj\u00fakri og teygjanlegri. Hendur, olnbogar, hn\u00e9 og f\u00e6tur eru s\u00e9rstaklega vi\u00f0kv\u00e6m sv\u00e6\u00f0i.<\/p>\n\n\n\n<p>\u00dea\u00f0 er s\u00e9staklega mikilv\u00e6gt a\u00f0 bera \u00e1 sig \u00feegar kalt er \u00fati. Nota\u00f0u n\u00f3g af Locobase Protect \u00e1 \u00fatsett sv\u00e6\u00f0i um \u00fea\u00f0 bil t\u00edu m\u00edn\u00fatum \u00e1\u00f0ur en \u00fe\u00fa fer\u00f0 \u00fat\u00ed kuldann. \u00deannig verndar \u00fe\u00fa h\u00fa\u00f0ina fyrir b\u00e6\u00f0i \u00feurrki og frosti.<\/p>\n<\/div><\/details>\n<\/div><\/div>\n","protected":false},"excerpt":{"rendered":"<p>Verndandi krem fyrir \u00feurra og vi\u00f0kv\u00e6ma h\u00fa\u00f0<\/p>\n","protected":false},"featured_media":87,"comment_status":"closed","ping_status":"closed","template":"","meta":{"_acf_changed":false,"footnotes":""},"product_brand":[],"product_cat":[19],"product_tag":[],"class_list":{"0":"post-79","1":"product","2":"type-product","3":"status-publish","4":"has-post-thumbnail","6":"product_cat-protect","8":"first","9":"instock","10":"shipping-taxable","11":"product-type-simple"},"acf":[],"yoast_head":"<!-- This site is optimized with the Yoast SEO plugin v26.6 - https:\/\/yoast.com\/wordpress\/plugins\/seo\/ -->\n<title>Locobase Protect - Locobase<\/title>\n<meta name=\"description\" content=\"Locobase Protect er feitt krem sem hentar allri fj\u00f6lskyldunni, fyrir \u00feurra og vi\u00f0kv\u00e6ma h\u00fa\u00f0, \u00e1 allan l\u00edkamann. Vatnsbundi\u00f0 krem me\u00f0 yfir 70% fitu sem eykur m\u00fdkt og veitir h\u00fa\u00f0inni raka.\" \/>\n<meta name=\"robots\" content=\"index, follow, max-snippet:-1, max-image-preview:large, max-video-preview:-1\" \/>\n<link rel=\"canonical\" href=\"https:\/\/locobase.com\/is\/voru\/locobase-protect-oily-cream\/\" \/>\n<meta property=\"og:locale\" content=\"is_IS\" \/>\n<meta property=\"og:type\" content=\"article\" \/>\n<meta property=\"og:title\" content=\"Locobase Protect - Locobase\" \/>\n<meta property=\"og:description\" content=\"Locobase Protect er feitt krem sem hentar allri fj\u00f6lskyldunni, fyrir \u00feurra og vi\u00f0kv\u00e6ma h\u00fa\u00f0, \u00e1 allan l\u00edkamann. Vatnsbundi\u00f0 krem me\u00f0 yfir 70% fitu sem eykur m\u00fdkt og veitir h\u00fa\u00f0inni raka.\" \/>\n<meta property=\"og:url\" content=\"https:\/\/locobase.com\/is\/voru\/locobase-protect-oily-cream\/\" \/>\n<meta property=\"og:site_name\" content=\"Locobase\" \/>\n<meta property=\"article:modified_time\" content=\"2025-06-30T12:59:13+00:00\" \/>\n<meta property=\"og:image\" content=\"https:\/\/locobase.com\/app\/uploads\/sites\/9\/2022\/09\/Locobase_Protect_100g_NC_front-600x608-2.png\" \/>\n\t<meta property=\"og:image:width\" content=\"600\" \/>\n\t<meta property=\"og:image:height\" content=\"608\" \/>\n\t<meta property=\"og:image:type\" content=\"image\/png\" \/>\n<meta name=\"twitter:card\" content=\"summary_large_image\" \/>\n<meta name=\"twitter:label1\" content=\"Est. reading time\" \/>\n\t<meta name=\"twitter:data1\" content=\"2 minutes\" \/>\n<script type=\"application\/ld+json\" class=\"yoast-schema-graph\">{\"@context\":\"https:\/\/schema.org\",\"@graph\":[{\"@type\":\"WebPage\",\"@id\":\"https:\/\/locobase.com\/is\/voru\/locobase-protect-oily-cream\/\",\"url\":\"https:\/\/locobase.com\/is\/voru\/locobase-protect-oily-cream\/\",\"name\":\"Locobase Protect - Locobase\",\"isPartOf\":{\"@id\":\"https:\/\/locobase.com\/is\/#website\"},\"primaryImageOfPage\":{\"@id\":\"https:\/\/locobase.com\/is\/voru\/locobase-protect-oily-cream\/#primaryimage\"},\"image\":{\"@id\":\"https:\/\/locobase.com\/is\/voru\/locobase-protect-oily-cream\/#primaryimage\"},\"thumbnailUrl\":\"https:\/\/locobase.com\/app\/uploads\/sites\/9\/2022\/09\/Locobase_Protect_100g_NC_front-600x608-2.png\",\"datePublished\":\"2022-09-16T09:42:09+00:00\",\"dateModified\":\"2025-06-30T12:59:13+00:00\",\"description\":\"Locobase Protect er feitt krem sem hentar allri fj\u00f6lskyldunni, fyrir \u00feurra og vi\u00f0kv\u00e6ma h\u00fa\u00f0, \u00e1 allan l\u00edkamann. Vatnsbundi\u00f0 krem me\u00f0 yfir 70% fitu sem eykur m\u00fdkt og veitir h\u00fa\u00f0inni raka.\",\"breadcrumb\":{\"@id\":\"https:\/\/locobase.com\/is\/voru\/locobase-protect-oily-cream\/#breadcrumb\"},\"inLanguage\":\"is\",\"potentialAction\":[{\"@type\":\"ReadAction\",\"target\":[\"https:\/\/locobase.com\/is\/voru\/locobase-protect-oily-cream\/\"]}]},{\"@type\":\"ImageObject\",\"inLanguage\":\"is\",\"@id\":\"https:\/\/locobase.com\/is\/voru\/locobase-protect-oily-cream\/#primaryimage\",\"url\":\"https:\/\/locobase.com\/app\/uploads\/sites\/9\/2022\/09\/Locobase_Protect_100g_NC_front-600x608-2.png\",\"contentUrl\":\"https:\/\/locobase.com\/app\/uploads\/sites\/9\/2022\/09\/Locobase_Protect_100g_NC_front-600x608-2.png\",\"width\":600,\"height\":608},{\"@type\":\"BreadcrumbList\",\"@id\":\"https:\/\/locobase.com\/is\/voru\/locobase-protect-oily-cream\/#breadcrumb\",\"itemListElement\":[{\"@type\":\"ListItem\",\"position\":1,\"name\":\"Home\",\"item\":\"https:\/\/locobase.com\/is\/\"},{\"@type\":\"ListItem\",\"position\":2,\"name\":\"V\u00f6rurnar\",\"item\":\"https:\/\/locobase.com\/is\/vorurnar\/\"},{\"@type\":\"ListItem\",\"position\":3,\"name\":\"Locobase Protect\"}]},{\"@type\":\"WebSite\",\"@id\":\"https:\/\/locobase.com\/is\/#website\",\"url\":\"https:\/\/locobase.com\/is\/\",\"name\":\"Locobase\",\"description\":\"\",\"publisher\":{\"@id\":\"https:\/\/locobase.com\/is\/#organization\"},\"potentialAction\":[{\"@type\":\"SearchAction\",\"target\":{\"@type\":\"EntryPoint\",\"urlTemplate\":\"https:\/\/locobase.com\/is\/?s={search_term_string}\"},\"query-input\":{\"@type\":\"PropertyValueSpecification\",\"valueRequired\":true,\"valueName\":\"search_term_string\"}}],\"inLanguage\":\"is\"},{\"@type\":\"Organization\",\"@id\":\"https:\/\/locobase.com\/is\/#organization\",\"name\":\"Locobase\",\"url\":\"https:\/\/locobase.com\/is\/\",\"logo\":{\"@type\":\"ImageObject\",\"inLanguage\":\"is\",\"@id\":\"https:\/\/locobase.com\/is\/#\/schema\/logo\/image\/\",\"url\":\"https:\/\/locobase.com\/app\/uploads\/sites\/9\/2022\/09\/logo.png\",\"contentUrl\":\"https:\/\/locobase.com\/app\/uploads\/sites\/9\/2022\/09\/logo.png\",\"width\":163,\"height\":32,\"caption\":\"Locobase\"},\"image\":{\"@id\":\"https:\/\/locobase.com\/is\/#\/schema\/logo\/image\/\"}}]}<\/script>\n<!-- \/ Yoast SEO plugin. -->","yoast_head_json":{"title":"Locobase Protect - Locobase","description":"Locobase Protect er feitt krem sem hentar allri fj\u00f6lskyldunni, fyrir \u00feurra og vi\u00f0kv\u00e6ma h\u00fa\u00f0, \u00e1 allan l\u00edkamann. Vatnsbundi\u00f0 krem me\u00f0 yfir 70% fitu sem eykur m\u00fdkt og veitir h\u00fa\u00f0inni raka.","robots":{"index":"index","follow":"follow","max-snippet":"max-snippet:-1","max-image-preview":"max-image-preview:large","max-video-preview":"max-video-preview:-1"},"canonical":"https:\/\/locobase.com\/is\/voru\/locobase-protect-oily-cream\/","og_locale":"is_IS","og_type":"article","og_title":"Locobase Protect - Locobase","og_description":"Locobase Protect er feitt krem sem hentar allri fj\u00f6lskyldunni, fyrir \u00feurra og vi\u00f0kv\u00e6ma h\u00fa\u00f0, \u00e1 allan l\u00edkamann. Vatnsbundi\u00f0 krem me\u00f0 yfir 70% fitu sem eykur m\u00fdkt og veitir h\u00fa\u00f0inni raka.","og_url":"https:\/\/locobase.com\/is\/voru\/locobase-protect-oily-cream\/","og_site_name":"Locobase","article_modified_time":"2025-06-30T12:59:13+00:00","og_image":[{"width":600,"height":608,"url":"https:\/\/locobase.com\/app\/uploads\/sites\/9\/2022\/09\/Locobase_Protect_100g_NC_front-600x608-2.png","type":"image\/png"}],"twitter_card":"summary_large_image","twitter_misc":{"Est. reading time":"2 minutes"},"schema":{"@context":"https:\/\/schema.org","@graph":[{"@type":"WebPage","@id":"https:\/\/locobase.com\/is\/voru\/locobase-protect-oily-cream\/","url":"https:\/\/locobase.com\/is\/voru\/locobase-protect-oily-cream\/","name":"Locobase Protect - Locobase","isPartOf":{"@id":"https:\/\/locobase.com\/is\/#website"},"primaryImageOfPage":{"@id":"https:\/\/locobase.com\/is\/voru\/locobase-protect-oily-cream\/#primaryimage"},"image":{"@id":"https:\/\/locobase.com\/is\/voru\/locobase-protect-oily-cream\/#primaryimage"},"thumbnailUrl":"https:\/\/locobase.com\/app\/uploads\/sites\/9\/2022\/09\/Locobase_Protect_100g_NC_front-600x608-2.png","datePublished":"2022-09-16T09:42:09+00:00","dateModified":"2025-06-30T12:59:13+00:00","description":"Locobase Protect er feitt krem sem hentar allri fj\u00f6lskyldunni, fyrir \u00feurra og vi\u00f0kv\u00e6ma h\u00fa\u00f0, \u00e1 allan l\u00edkamann. Vatnsbundi\u00f0 krem me\u00f0 yfir 70% fitu sem eykur m\u00fdkt og veitir h\u00fa\u00f0inni raka.","breadcrumb":{"@id":"https:\/\/locobase.com\/is\/voru\/locobase-protect-oily-cream\/#breadcrumb"},"inLanguage":"is","potentialAction":[{"@type":"ReadAction","target":["https:\/\/locobase.com\/is\/voru\/locobase-protect-oily-cream\/"]}]},{"@type":"ImageObject","inLanguage":"is","@id":"https:\/\/locobase.com\/is\/voru\/locobase-protect-oily-cream\/#primaryimage","url":"https:\/\/locobase.com\/app\/uploads\/sites\/9\/2022\/09\/Locobase_Protect_100g_NC_front-600x608-2.png","contentUrl":"https:\/\/locobase.com\/app\/uploads\/sites\/9\/2022\/09\/Locobase_Protect_100g_NC_front-600x608-2.png","width":600,"height":608},{"@type":"BreadcrumbList","@id":"https:\/\/locobase.com\/is\/voru\/locobase-protect-oily-cream\/#breadcrumb","itemListElement":[{"@type":"ListItem","position":1,"name":"Home","item":"https:\/\/locobase.com\/is\/"},{"@type":"ListItem","position":2,"name":"V\u00f6rurnar","item":"https:\/\/locobase.com\/is\/vorurnar\/"},{"@type":"ListItem","position":3,"name":"Locobase Protect"}]},{"@type":"WebSite","@id":"https:\/\/locobase.com\/is\/#website","url":"https:\/\/locobase.com\/is\/","name":"Locobase","description":"","publisher":{"@id":"https:\/\/locobase.com\/is\/#organization"},"potentialAction":[{"@type":"SearchAction","target":{"@type":"EntryPoint","urlTemplate":"https:\/\/locobase.com\/is\/?s={search_term_string}"},"query-input":{"@type":"PropertyValueSpecification","valueRequired":true,"valueName":"search_term_string"}}],"inLanguage":"is"},{"@type":"Organization","@id":"https:\/\/locobase.com\/is\/#organization","name":"Locobase","url":"https:\/\/locobase.com\/is\/","logo":{"@type":"ImageObject","inLanguage":"is","@id":"https:\/\/locobase.com\/is\/#\/schema\/logo\/image\/","url":"https:\/\/locobase.com\/app\/uploads\/sites\/9\/2022\/09\/logo.png","contentUrl":"https:\/\/locobase.com\/app\/uploads\/sites\/9\/2022\/09\/logo.png","width":163,"height":32,"caption":"Locobase"},"image":{"@id":"https:\/\/locobase.com\/is\/#\/schema\/logo\/image\/"}}]}},"_links":{"self":[{"href":"https:\/\/locobase.com\/is\/wp-json\/wp\/v2\/product\/79","targetHints":{"allow":["GET"]}}],"collection":[{"href":"https:\/\/locobase.com\/is\/wp-json\/wp\/v2\/product"}],"about":[{"href":"https:\/\/locobase.com\/is\/wp-json\/wp\/v2\/types\/product"}],"replies":[{"embeddable":true,"href":"https:\/\/locobase.com\/is\/wp-json\/wp\/v2\/comments?post=79"}],"version-history":[{"count":10,"href":"https:\/\/locobase.com\/is\/wp-json\/wp\/v2\/product\/79\/revisions"}],"predecessor-version":[{"id":340,"href":"https:\/\/locobase.com\/is\/wp-json\/wp\/v2\/product\/79\/revisions\/340"}],"wp:featuredmedia":[{"embeddable":true,"href":"https:\/\/locobase.com\/is\/wp-json\/wp\/v2\/media\/87"}],"wp:attachment":[{"href":"https:\/\/locobase.com\/is\/wp-json\/wp\/v2\/media?parent=79"}],"wp:term":[{"taxonomy":"product_brand","embeddable":true,"href":"https:\/\/locobase.com\/is\/wp-json\/wp\/v2\/product_brand?post=79"},{"taxonomy":"product_cat","embeddable":true,"href":"https:\/\/locobase.com\/is\/wp-json\/wp\/v2\/product_cat?post=79"},{"taxonomy":"product_tag","embeddable":true,"href":"https:\/\/locobase.com\/is\/wp-json\/wp\/v2\/product_tag?post=79"}],"curies":[{"name":"wp","href":"https:\/\/api.w.org\/{rel}","templated":true}]}}