{"id":83,"date":"2022-09-16T11:03:33","date_gmt":"2022-09-16T11:03:33","guid":{"rendered":"https:\/\/locobase.com\/is\/?post_type=product&#038;p=83"},"modified":"2025-06-30T12:58:12","modified_gmt":"2025-06-30T12:58:12","slug":"locobase-renew","status":"publish","type":"product","link":"https:\/\/locobase.com\/is\/voru\/locobase-renew\/","title":{"rendered":"Locobase Renew"},"content":{"rendered":"\n<div class=\"wp-block-karopharma-accordions is-style-secondary\"><div class=\"container\">\n<details class=\"wp-block-karopharma-accordion\"><summary><h2 class=\"accordion-title\">Notkun<\/h2><\/summary><div class=\"accordion-content\">\n<p>Ef l\u00e6knir hefur ekki r\u00e1\u00f0lagt \u00fe\u00e9r \u00f6\u00f0ru.<br>B\u00f6rn og fullor\u00f0nir: Beri\u00f0 kremi\u00f0 1-2 \u00e1 dag \u00e1 \u00feykka, har\u00f0a og\/e\u00f0a hreistra\u00f0a h\u00fa\u00f0, best er a\u00f0 gera \u00fea\u00f0 strax \u00e1 eftir ba\u00f0i e\u00f0a sturtu.<\/p>\n\n\n\n<p>Ef einkennin lagast ekki e\u00f0a versna innan \u00feriggja vikna skaltu hafa samband vi\u00f0 l\u00e6kni.<\/p>\n\n\n\n<p>\u00deegar nota\u00f0 er Locobase Renew 490 gr. er gott a\u00f0 banka dollunni af og til \u00e1 fastan fl\u00f6t fyrir notkun, \u00feau au\u00f0veldar kreminu a\u00f0 komast upp \u00far d\u00e6lunni.<\/p>\n\n\n\n<p><br><\/p>\n<\/div><\/details>\n\n\n\n<details class=\"wp-block-karopharma-accordion\"><summary><h2 class=\"accordion-title\">Innihaldsefni<\/h2><\/summary><div class=\"accordion-content\">\n<p>Virku efnin eru pr\u00f3p\u00fdlengl\u00fdk\u00f3l (200 mg\/g) og mj\u00f3lkurs\u00fdra (45 mg\/g).<\/p>\n\n\n\n<figure class=\"wp-block-table\"><table><tbody><tr><td><strong>I<\/strong>nnihaldsl\u00fdsing<\/td><\/tr><tr><td>Pr\u00f3p\u00fdlengl\u00fdk\u00f3l<\/td><\/tr><tr><td>Mj\u00f3lkurs\u00fdra<\/td><\/tr><tr><td>Set\u00f3stear\u00fdlalk\u00f3h\u00f3l<\/td><\/tr><tr><td>Makr\u00f3g\u00f3lset\u00f3stear\u00fdleter<\/td><\/tr><tr><td>Flj\u00f3tandi paraff\u00edn<\/td><\/tr><tr><td>Hv\u00edtt vasel\u00edn<\/td><\/tr><tr><td>Vatnsfr\u00ed s\u00edtr\u00f3nus\u00fdra (E330)<\/td><\/tr><tr><td>Vatnsfr\u00edtt natr\u00edums\u00edtrat<\/td><\/tr><tr><td>Met\u00fdlparah\u00fddrox\u00fdbens\u00f3at (E218)<\/td><\/tr><tr><td>Steinefnaskert vatn<\/td><\/tr><\/tbody><\/table><\/figure>\n\n\n\n<p><em>Locobase Renew er nota\u00f0 sem h\u00fa\u00f0sl\u00edpunar- og m\u00fdkingarme\u00f0fer\u00f0 fyrir \u00feykka, har\u00f0a og \u00feurra h\u00fa\u00f0. Nota\u00f0 vi\u00f0 hreisturh\u00fa\u00f0 (ichthyosis) ef \u00fe\u00fa hefur fengi\u00f0 greiningu og me\u00f0h\u00f6ndlun hj\u00e1 l\u00e6kni \u00e1\u00f0ur og \u00fearfnast frekari me\u00f0h\u00f6ndlunar. Ekki m\u00e1 bera Locobase Renew \u00ed eyrnag\u00f6ng, \u00ed augu, \u00e1 opin s\u00e1r e\u00f0a \u00e1 alvarlega skemmda h\u00fa\u00f0 eins og brennda h\u00fa\u00f0. Ef \u00fe\u00fa tekur eftir n\u00fdjum einkennum \u00ed h\u00fa\u00f0 skaltu hafa samband vi\u00f0 l\u00e6kni. Lestu lei\u00f0beiningar \u00e1\u00f0ur en \u00fe\u00fa notar Locobase Renew. Locobase Renew f\u00e6st \u00ed 100 gr. og 490 gr. (\u00e1n lyfse\u00f0ils)<\/em><\/p>\n<\/div><\/details>\n\n\n\n<details class=\"wp-block-karopharma-accordion\"><summary><h2 class=\"accordion-title\">Anna\u00f0<\/h2><\/summary><div class=\"accordion-content\">\n<p>Ekki \u00e6tti a\u00f0 nota Locobase Renew ef \u00fe\u00fa ert me\u00f0 ofn\u00e6mi fyrir mj\u00f3lkurs\u00fdru, pr\u00f3p\u00fdlengl\u00fdk\u00f3li e\u00f0a einhverju innihaldsefnanna. Ekki m\u00e1 bera Locobase Renew \u00ed eyrnag\u00f6ng, \u00ed augu, \u00ed opin s\u00e1r e\u00f0a \u00e1 alvarlega skemmda h\u00fa\u00f0 t.d brennda h\u00fa\u00f0. Ef \u00fea\u00f0 gerist skal skola af me\u00f0 miklu vatni.<\/p>\n\n\n\n<p>Locobase Renew m\u00e1 nota \u00e1 me\u00f0g\u00f6ngu. Til a\u00f0 for\u00f0ast \u00f3\u00fearfa uppt\u00f6ku pr\u00f3p\u00fdlengl\u00fdk\u00f3ls hj\u00e1 ungab\u00f6rnum skal ekki bera kremi\u00f0 \u00e1 geirv\u00f6rtur fyrir brj\u00f3stagj\u00f6f.<\/p>\n<\/div><\/details>\n<\/div><\/div>\n","protected":false},"excerpt":{"rendered":"<p>Hyrnisleysandi krem. Fjarl\u00e6gir \u00feykka, hreistra\u00f0a og har\u00f0a h\u00fa\u00f0.<\/p>\n","protected":false},"featured_media":143,"comment_status":"closed","ping_status":"closed","template":"","meta":{"_acf_changed":false,"footnotes":""},"product_brand":[],"product_cat":[20],"product_tag":[],"class_list":{"0":"post-83","1":"product","2":"type-product","3":"status-publish","4":"has-post-thumbnail","6":"product_cat-renew","8":"first","9":"instock","10":"shipping-taxable","11":"product-type-simple"},"acf":[],"yoast_head":"<!-- This site is optimized with the Yoast SEO plugin v26.6 - https:\/\/yoast.com\/wordpress\/plugins\/seo\/ -->\n<title>Locobase Renew - Locobase<\/title>\n<meta name=\"description\" content=\"Locobase Renew inniheldur hornh\u00fa\u00f0arleysandi innihaldsefni sem sl\u00edpa h\u00fa\u00f0ina mildilega og fjarl\u00e6gja dau\u00f0ar h\u00fa\u00f0frumur og gerir h\u00fa\u00f0ina d\u00e1samlega mj\u00faka.\" \/>\n<meta name=\"robots\" content=\"index, follow, max-snippet:-1, max-image-preview:large, max-video-preview:-1\" \/>\n<link rel=\"canonical\" href=\"https:\/\/locobase.com\/is\/voru\/locobase-renew\/\" \/>\n<meta property=\"og:locale\" content=\"is_IS\" \/>\n<meta property=\"og:type\" content=\"article\" \/>\n<meta property=\"og:title\" content=\"Locobase Renew - Locobase\" \/>\n<meta property=\"og:description\" content=\"Locobase Renew inniheldur hornh\u00fa\u00f0arleysandi innihaldsefni sem sl\u00edpa h\u00fa\u00f0ina mildilega og fjarl\u00e6gja dau\u00f0ar h\u00fa\u00f0frumur og gerir h\u00fa\u00f0ina d\u00e1samlega mj\u00faka.\" \/>\n<meta property=\"og:url\" content=\"https:\/\/locobase.com\/is\/voru\/locobase-renew\/\" \/>\n<meta property=\"og:site_name\" content=\"Locobase\" \/>\n<meta property=\"article:modified_time\" content=\"2025-06-30T12:58:12+00:00\" \/>\n<meta property=\"og:image\" content=\"https:\/\/locobase.com\/app\/uploads\/sites\/9\/2022\/09\/Locobase-Renew.png\" \/>\n\t<meta property=\"og:image:width\" content=\"600\" \/>\n\t<meta property=\"og:image:height\" content=\"608\" \/>\n\t<meta property=\"og:image:type\" content=\"image\/png\" \/>\n<meta name=\"twitter:card\" content=\"summary_large_image\" \/>\n<meta name=\"twitter:label1\" content=\"Est. reading time\" \/>\n\t<meta name=\"twitter:data1\" content=\"2 minutes\" \/>\n<script type=\"application\/ld+json\" class=\"yoast-schema-graph\">{\"@context\":\"https:\/\/schema.org\",\"@graph\":[{\"@type\":\"WebPage\",\"@id\":\"https:\/\/locobase.com\/is\/voru\/locobase-renew\/\",\"url\":\"https:\/\/locobase.com\/is\/voru\/locobase-renew\/\",\"name\":\"Locobase Renew - Locobase\",\"isPartOf\":{\"@id\":\"https:\/\/locobase.com\/is\/#website\"},\"primaryImageOfPage\":{\"@id\":\"https:\/\/locobase.com\/is\/voru\/locobase-renew\/#primaryimage\"},\"image\":{\"@id\":\"https:\/\/locobase.com\/is\/voru\/locobase-renew\/#primaryimage\"},\"thumbnailUrl\":\"https:\/\/locobase.com\/app\/uploads\/sites\/9\/2022\/09\/Locobase-Renew.png\",\"datePublished\":\"2022-09-16T11:03:33+00:00\",\"dateModified\":\"2025-06-30T12:58:12+00:00\",\"description\":\"Locobase Renew inniheldur hornh\u00fa\u00f0arleysandi innihaldsefni sem sl\u00edpa h\u00fa\u00f0ina mildilega og fjarl\u00e6gja dau\u00f0ar h\u00fa\u00f0frumur og gerir h\u00fa\u00f0ina d\u00e1samlega mj\u00faka.\",\"breadcrumb\":{\"@id\":\"https:\/\/locobase.com\/is\/voru\/locobase-renew\/#breadcrumb\"},\"inLanguage\":\"is\",\"potentialAction\":[{\"@type\":\"ReadAction\",\"target\":[\"https:\/\/locobase.com\/is\/voru\/locobase-renew\/\"]}]},{\"@type\":\"ImageObject\",\"inLanguage\":\"is\",\"@id\":\"https:\/\/locobase.com\/is\/voru\/locobase-renew\/#primaryimage\",\"url\":\"https:\/\/locobase.com\/app\/uploads\/sites\/9\/2022\/09\/Locobase-Renew.png\",\"contentUrl\":\"https:\/\/locobase.com\/app\/uploads\/sites\/9\/2022\/09\/Locobase-Renew.png\",\"width\":600,\"height\":608},{\"@type\":\"BreadcrumbList\",\"@id\":\"https:\/\/locobase.com\/is\/voru\/locobase-renew\/#breadcrumb\",\"itemListElement\":[{\"@type\":\"ListItem\",\"position\":1,\"name\":\"Home\",\"item\":\"https:\/\/locobase.com\/is\/\"},{\"@type\":\"ListItem\",\"position\":2,\"name\":\"V\u00f6rurnar\",\"item\":\"https:\/\/locobase.com\/is\/vorurnar\/\"},{\"@type\":\"ListItem\",\"position\":3,\"name\":\"Locobase Renew\"}]},{\"@type\":\"WebSite\",\"@id\":\"https:\/\/locobase.com\/is\/#website\",\"url\":\"https:\/\/locobase.com\/is\/\",\"name\":\"Locobase\",\"description\":\"\",\"publisher\":{\"@id\":\"https:\/\/locobase.com\/is\/#organization\"},\"potentialAction\":[{\"@type\":\"SearchAction\",\"target\":{\"@type\":\"EntryPoint\",\"urlTemplate\":\"https:\/\/locobase.com\/is\/?s={search_term_string}\"},\"query-input\":{\"@type\":\"PropertyValueSpecification\",\"valueRequired\":true,\"valueName\":\"search_term_string\"}}],\"inLanguage\":\"is\"},{\"@type\":\"Organization\",\"@id\":\"https:\/\/locobase.com\/is\/#organization\",\"name\":\"Locobase\",\"url\":\"https:\/\/locobase.com\/is\/\",\"logo\":{\"@type\":\"ImageObject\",\"inLanguage\":\"is\",\"@id\":\"https:\/\/locobase.com\/is\/#\/schema\/logo\/image\/\",\"url\":\"https:\/\/locobase.com\/app\/uploads\/sites\/9\/2022\/09\/logo.png\",\"contentUrl\":\"https:\/\/locobase.com\/app\/uploads\/sites\/9\/2022\/09\/logo.png\",\"width\":163,\"height\":32,\"caption\":\"Locobase\"},\"image\":{\"@id\":\"https:\/\/locobase.com\/is\/#\/schema\/logo\/image\/\"}}]}<\/script>\n<!-- \/ Yoast SEO plugin. -->","yoast_head_json":{"title":"Locobase Renew - Locobase","description":"Locobase Renew inniheldur hornh\u00fa\u00f0arleysandi innihaldsefni sem sl\u00edpa h\u00fa\u00f0ina mildilega og fjarl\u00e6gja dau\u00f0ar h\u00fa\u00f0frumur og gerir h\u00fa\u00f0ina d\u00e1samlega mj\u00faka.","robots":{"index":"index","follow":"follow","max-snippet":"max-snippet:-1","max-image-preview":"max-image-preview:large","max-video-preview":"max-video-preview:-1"},"canonical":"https:\/\/locobase.com\/is\/voru\/locobase-renew\/","og_locale":"is_IS","og_type":"article","og_title":"Locobase Renew - Locobase","og_description":"Locobase Renew inniheldur hornh\u00fa\u00f0arleysandi innihaldsefni sem sl\u00edpa h\u00fa\u00f0ina mildilega og fjarl\u00e6gja dau\u00f0ar h\u00fa\u00f0frumur og gerir h\u00fa\u00f0ina d\u00e1samlega mj\u00faka.","og_url":"https:\/\/locobase.com\/is\/voru\/locobase-renew\/","og_site_name":"Locobase","article_modified_time":"2025-06-30T12:58:12+00:00","og_image":[{"width":600,"height":608,"url":"https:\/\/locobase.com\/app\/uploads\/sites\/9\/2022\/09\/Locobase-Renew.png","type":"image\/png"}],"twitter_card":"summary_large_image","twitter_misc":{"Est. reading time":"2 minutes"},"schema":{"@context":"https:\/\/schema.org","@graph":[{"@type":"WebPage","@id":"https:\/\/locobase.com\/is\/voru\/locobase-renew\/","url":"https:\/\/locobase.com\/is\/voru\/locobase-renew\/","name":"Locobase Renew - Locobase","isPartOf":{"@id":"https:\/\/locobase.com\/is\/#website"},"primaryImageOfPage":{"@id":"https:\/\/locobase.com\/is\/voru\/locobase-renew\/#primaryimage"},"image":{"@id":"https:\/\/locobase.com\/is\/voru\/locobase-renew\/#primaryimage"},"thumbnailUrl":"https:\/\/locobase.com\/app\/uploads\/sites\/9\/2022\/09\/Locobase-Renew.png","datePublished":"2022-09-16T11:03:33+00:00","dateModified":"2025-06-30T12:58:12+00:00","description":"Locobase Renew inniheldur hornh\u00fa\u00f0arleysandi innihaldsefni sem sl\u00edpa h\u00fa\u00f0ina mildilega og fjarl\u00e6gja dau\u00f0ar h\u00fa\u00f0frumur og gerir h\u00fa\u00f0ina d\u00e1samlega mj\u00faka.","breadcrumb":{"@id":"https:\/\/locobase.com\/is\/voru\/locobase-renew\/#breadcrumb"},"inLanguage":"is","potentialAction":[{"@type":"ReadAction","target":["https:\/\/locobase.com\/is\/voru\/locobase-renew\/"]}]},{"@type":"ImageObject","inLanguage":"is","@id":"https:\/\/locobase.com\/is\/voru\/locobase-renew\/#primaryimage","url":"https:\/\/locobase.com\/app\/uploads\/sites\/9\/2022\/09\/Locobase-Renew.png","contentUrl":"https:\/\/locobase.com\/app\/uploads\/sites\/9\/2022\/09\/Locobase-Renew.png","width":600,"height":608},{"@type":"BreadcrumbList","@id":"https:\/\/locobase.com\/is\/voru\/locobase-renew\/#breadcrumb","itemListElement":[{"@type":"ListItem","position":1,"name":"Home","item":"https:\/\/locobase.com\/is\/"},{"@type":"ListItem","position":2,"name":"V\u00f6rurnar","item":"https:\/\/locobase.com\/is\/vorurnar\/"},{"@type":"ListItem","position":3,"name":"Locobase Renew"}]},{"@type":"WebSite","@id":"https:\/\/locobase.com\/is\/#website","url":"https:\/\/locobase.com\/is\/","name":"Locobase","description":"","publisher":{"@id":"https:\/\/locobase.com\/is\/#organization"},"potentialAction":[{"@type":"SearchAction","target":{"@type":"EntryPoint","urlTemplate":"https:\/\/locobase.com\/is\/?s={search_term_string}"},"query-input":{"@type":"PropertyValueSpecification","valueRequired":true,"valueName":"search_term_string"}}],"inLanguage":"is"},{"@type":"Organization","@id":"https:\/\/locobase.com\/is\/#organization","name":"Locobase","url":"https:\/\/locobase.com\/is\/","logo":{"@type":"ImageObject","inLanguage":"is","@id":"https:\/\/locobase.com\/is\/#\/schema\/logo\/image\/","url":"https:\/\/locobase.com\/app\/uploads\/sites\/9\/2022\/09\/logo.png","contentUrl":"https:\/\/locobase.com\/app\/uploads\/sites\/9\/2022\/09\/logo.png","width":163,"height":32,"caption":"Locobase"},"image":{"@id":"https:\/\/locobase.com\/is\/#\/schema\/logo\/image\/"}}]}},"_links":{"self":[{"href":"https:\/\/locobase.com\/is\/wp-json\/wp\/v2\/product\/83","targetHints":{"allow":["GET"]}}],"collection":[{"href":"https:\/\/locobase.com\/is\/wp-json\/wp\/v2\/product"}],"about":[{"href":"https:\/\/locobase.com\/is\/wp-json\/wp\/v2\/types\/product"}],"replies":[{"embeddable":true,"href":"https:\/\/locobase.com\/is\/wp-json\/wp\/v2\/comments?post=83"}],"version-history":[{"count":10,"href":"https:\/\/locobase.com\/is\/wp-json\/wp\/v2\/product\/83\/revisions"}],"predecessor-version":[{"id":339,"href":"https:\/\/locobase.com\/is\/wp-json\/wp\/v2\/product\/83\/revisions\/339"}],"wp:featuredmedia":[{"embeddable":true,"href":"https:\/\/locobase.com\/is\/wp-json\/wp\/v2\/media\/143"}],"wp:attachment":[{"href":"https:\/\/locobase.com\/is\/wp-json\/wp\/v2\/media?parent=83"}],"wp:term":[{"taxonomy":"product_brand","embeddable":true,"href":"https:\/\/locobase.com\/is\/wp-json\/wp\/v2\/product_brand?post=83"},{"taxonomy":"product_cat","embeddable":true,"href":"https:\/\/locobase.com\/is\/wp-json\/wp\/v2\/product_cat?post=83"},{"taxonomy":"product_tag","embeddable":true,"href":"https:\/\/locobase.com\/is\/wp-json\/wp\/v2\/product_tag?post=83"}],"curies":[{"name":"wp","href":"https:\/\/api.w.org\/{rel}","templated":true}]}}