{"id":110,"date":"2022-06-02T10:55:09","date_gmt":"2022-06-02T08:55:09","guid":{"rendered":"https:\/\/locobase.com\/nl\/?post_type=product&#038;p=110"},"modified":"2025-07-09T09:28:55","modified_gmt":"2025-07-09T07:28:55","slug":"locobase-repair","status":"publish","type":"product","link":"https:\/\/locobase.com\/nl\/product\/locobase-repair\/","title":{"rendered":"Locobase Repair"},"content":{"rendered":"\n<div class=\"wp-block-karopharma-accordions is-style-secondary\"><div class=\"container\">\n<details class=\"wp-block-karopharma-accordion\"><summary><h2 class=\"accordion-title\">Hoe werkt Locobase<\/h2><\/summary><div class=\"accordion-content\">\n<p>Wanneer je een gezonde huid hebt, werkt alles zoals het hoort. De cellen die vet produceren zorgen voor de hoornlaag (stratum corneum). Deze beschermt het onderhuids weefsel tegen uitdroging en houdt je huid zacht, soepel en intact. Echter, wanneer de huid uitgedroogd en beschadigd is, kan de huidbarri\u00e8re niet optimaal meer functioneren. Het vocht in de huid verdampt te snel, vergelijkbaar met een spons met gaten erin. Dit zorgt voor een droge en gebarsten huid, roodheid, irritatie en, wanneer gecombineerd met een ontsteking, ook eczeem.<\/p>\n\n\n\n<p class=\"is-style-paragraph-preamble\">Locobase Repair beschermt en herstelt de verzwakte huidbarri\u00e8re<\/p>\n\n\n\n<p>Droge huid is een teken dat de huidbarri\u00e8re beschadigd is en zo snel mogelijk versteld moet worden. Locobase Repair heeft een dubbel effect: het beschermt je huid terwijl het tegelijkertijd de benodigde vetten afgeeft aan de huidbarri\u00e8re voor een snel en blijvend herstel. Locobase Repair bevat barri\u00e8relipiden identiek aan die in de huid en deze dringen door tot de diepste huidlaag. Het biedt effectieve en langdurige bescherming tegen uitdroging, net zoals leren handschoenen in koud en vochtig weer.<\/p>\n\n\n\n<p>Locobase Repair werkt direct wanneer je het opsmeert en tot 24 uur daarna. Het is dus meestal genoeg om het \u00e9\u00e9n maal per dag te gebruiken om de huid zacht, soepel en intact te houden.<\/p>\n<\/div><\/details>\n\n\n\n<details class=\"wp-block-karopharma-accordion\"><summary><h2 class=\"accordion-title\">Toepassingen<\/h2><\/summary><div class=\"accordion-content\">\n<p>Locobase Repair kan door zowel kinderen als volwassenen gebruikt worden en is met name bedoeld voor:<\/p>\n\n\n\n<ul class=\"is-style-icon wp-block-list\"><li>Droge, schrale en gebarsten huid en kloofjes op handen, benen, armen en andere lichaamsdelen.<\/li><li>Huid die veel te verduren heeft, die genetisch een zwakkere huidbarri\u00e8re heeft of die in het algemeen gevoelig is.<\/li><li>Huidverzorging ter aanvulling en opvolging van behandelingen met hydrocortison.<\/li><li>Huidverzorging ter opvolging van laserbehandelingen.<\/li><\/ul>\n<\/div><\/details>\n\n\n\n<details class=\"wp-block-karopharma-accordion\"><summary><h2 class=\"accordion-title\">Hoe te gebruiken<\/h2><\/summary><div class=\"accordion-content\">\n<p class=\"is-style-paragraph-preamble\">Met een klein dotje kom je heel ver<\/p>\n\n\n\n<p>Locobase Repair is heel zuinig in gebruik. Een dun laagje cr\u00e8me op de droge huid is vaak al voldoende. Gebruik een hoeveelheid zo groot als de nagel van je pink. Breng het ten minste \u00e9\u00e9n keer per dag of meer wanneer nodig aan. De cr\u00e8me werkt tot 24 uur na het op smeren. Breng de cr\u00e8me bij voorkeur \u2019s nachts aan, zodat het genoeg tijd heeft om in te trekken en te werken.<\/p>\n\n\n\n<p>Door de speciale samenstelling van Locobase Repair kun je de cr\u00e8me iets stugger ervaren dan cr\u00e8mes die je gewend bent. Je knoeit er echter niet snel mee en het wordt snel opgenomen door de huid. Met een klein dotje kom je heel ver.<\/p>\n<\/div><\/details>\n\n\n\n<details class=\"wp-block-karopharma-accordion\"><summary><h2 class=\"accordion-title\">Ingredi\u00ebnten<\/h2><\/summary><div class=\"accordion-content\">\n<p>Locobase Repair heeft een hoog vetgehalte (63%) en bevat een optimale combinatie van speciale en aan de huidgelijke barri\u00e8revetten: ceramiden, cholesterol en vrije vetzuren.<\/p>\n\n\n\n<figure class=\"wp-block-table\"><table><tbody><tr><td><strong>Ingredi\u00ebnten<\/strong><\/td><\/tr><tr><td>Petrolatum<\/td><\/tr><tr><td>Aqua<\/td><\/tr><tr><td>Paraffin<\/td><\/tr><tr><td>Paraffinum Liquidum<\/td><\/tr><tr><td>Glycerin<\/td><\/tr><tr><td>Sorbitan Oleat<\/td><\/tr><tr><td>Copernicia Cerifera Wax<\/td><\/tr><tr><td>Cholesterol<\/td><\/tr><tr><td>Ceramide 3<\/td><\/tr><tr><td>Oleic Acid<\/td><\/tr><tr><td>Palmitic Acid<\/td><\/tr><tr><td>Tromethamine<\/td><\/tr><tr><td>Carbomer<\/td><\/tr><\/tbody><\/table><\/figure>\n<\/div><\/details>\n\n\n\n<details class=\"wp-block-karopharma-accordion\"><summary><h2 class=\"accordion-title\">Tips<\/h2><\/summary><div class=\"accordion-content\">\n<ul class=\"is-style-icon wp-block-list\"><li>Het is met name belangrijk om cr\u00e8me te gebruiken wanneer het buiten is koud. Gebruik genoeg Locobase Repair op onbedekte huid, ongeveer 10 minuten voordat je buiten de koud in gaat. Op deze manier bescherm je jezelf tegen uitdroging en bevriezing.<\/li><li>Locobase Repair werkt ook fantastisch als lippenbalsem.<\/li><\/ul>\n<\/div><\/details>\n<\/div><\/div>\n","protected":false},"excerpt":{"rendered":"<p>Herstellende cr\u00e8me voor zeer droge en gebarsten huid<\/p>\n","protected":false},"featured_media":47,"comment_status":"closed","ping_status":"closed","template":"","meta":{"_acf_changed":false,"footnotes":""},"product_brand":[],"product_cat":[],"product_tag":[],"class_list":{"0":"post-110","1":"product","2":"type-product","3":"status-publish","4":"has-post-thumbnail","7":"first","8":"instock","9":"shipping-taxable","10":"product-type-simple"},"acf":[],"yoast_head":"<!-- This site is optimized with the Yoast SEO plugin v26.6 - https:\/\/yoast.com\/wordpress\/plugins\/seo\/ -->\n<title>Locobase Repair - Locobase<\/title>\n<meta name=\"description\" content=\"Locobase Repair is een favoriet voor veel gebruikers en wordt al generaties gebruikt tegen een zeer droge en gebarsten huid en als aanvullende huidverzorging voor atopisch eczeem.\" \/>\n<meta name=\"robots\" content=\"index, follow, max-snippet:-1, max-image-preview:large, max-video-preview:-1\" \/>\n<link rel=\"canonical\" href=\"https:\/\/locobase.com\/nl\/product\/locobase-repair\/\" \/>\n<meta property=\"og:locale\" content=\"nl_NL\" \/>\n<meta property=\"og:type\" content=\"article\" \/>\n<meta property=\"og:title\" content=\"Locobase Repair - Locobase\" \/>\n<meta property=\"og:description\" content=\"Locobase Repair is een favoriet voor veel gebruikers en wordt al generaties gebruikt tegen een zeer droge en gebarsten huid en als aanvullende huidverzorging voor atopisch eczeem.\" \/>\n<meta property=\"og:url\" content=\"https:\/\/locobase.com\/nl\/product\/locobase-repair\/\" \/>\n<meta property=\"og:site_name\" content=\"Locobase\" \/>\n<meta property=\"article:modified_time\" content=\"2025-07-09T07:28:55+00:00\" \/>\n<meta property=\"og:image\" content=\"https:\/\/locobase.com\/app\/uploads\/sites\/6\/2022\/06\/Locobase-Repair-100g.webp\" \/>\n\t<meta property=\"og:image:width\" content=\"1184\" \/>\n\t<meta property=\"og:image:height\" content=\"1200\" \/>\n\t<meta property=\"og:image:type\" content=\"image\/webp\" \/>\n<meta name=\"twitter:card\" content=\"summary_large_image\" \/>\n<meta name=\"twitter:label1\" content=\"Geschatte leestijd\" \/>\n\t<meta name=\"twitter:data1\" content=\"3 minuten\" \/>\n<script type=\"application\/ld+json\" class=\"yoast-schema-graph\">{\"@context\":\"https:\/\/schema.org\",\"@graph\":[{\"@type\":\"WebPage\",\"@id\":\"https:\/\/locobase.com\/nl\/product\/locobase-repair\/\",\"url\":\"https:\/\/locobase.com\/nl\/product\/locobase-repair\/\",\"name\":\"Locobase Repair - Locobase\",\"isPartOf\":{\"@id\":\"https:\/\/locobase.com\/nl\/#website\"},\"primaryImageOfPage\":{\"@id\":\"https:\/\/locobase.com\/nl\/product\/locobase-repair\/#primaryimage\"},\"image\":{\"@id\":\"https:\/\/locobase.com\/nl\/product\/locobase-repair\/#primaryimage\"},\"thumbnailUrl\":\"https:\/\/locobase.com\/app\/uploads\/sites\/6\/2022\/06\/Locobase-Repair-100g.webp\",\"datePublished\":\"2022-06-02T08:55:09+00:00\",\"dateModified\":\"2025-07-09T07:28:55+00:00\",\"description\":\"Locobase Repair is een favoriet voor veel gebruikers en wordt al generaties gebruikt tegen een zeer droge en gebarsten huid en als aanvullende huidverzorging voor atopisch eczeem.\",\"breadcrumb\":{\"@id\":\"https:\/\/locobase.com\/nl\/product\/locobase-repair\/#breadcrumb\"},\"inLanguage\":\"nl-NL\",\"potentialAction\":[{\"@type\":\"ReadAction\",\"target\":[\"https:\/\/locobase.com\/nl\/product\/locobase-repair\/\"]}]},{\"@type\":\"ImageObject\",\"inLanguage\":\"nl-NL\",\"@id\":\"https:\/\/locobase.com\/nl\/product\/locobase-repair\/#primaryimage\",\"url\":\"https:\/\/locobase.com\/app\/uploads\/sites\/6\/2022\/06\/Locobase-Repair-100g.webp\",\"contentUrl\":\"https:\/\/locobase.com\/app\/uploads\/sites\/6\/2022\/06\/Locobase-Repair-100g.webp\",\"width\":1184,\"height\":1200,\"caption\":\"Locobase Repair 100g\"},{\"@type\":\"BreadcrumbList\",\"@id\":\"https:\/\/locobase.com\/nl\/product\/locobase-repair\/#breadcrumb\",\"itemListElement\":[{\"@type\":\"ListItem\",\"position\":1,\"name\":\"Home\",\"item\":\"https:\/\/locobase.com\/nl\/\"},{\"@type\":\"ListItem\",\"position\":2,\"name\":\"Producten\",\"item\":\"https:\/\/locobase.com\/nl\/producten\/\"},{\"@type\":\"ListItem\",\"position\":3,\"name\":\"Locobase Repair\"}]},{\"@type\":\"WebSite\",\"@id\":\"https:\/\/locobase.com\/nl\/#website\",\"url\":\"https:\/\/locobase.com\/nl\/\",\"name\":\"Locobase\",\"description\":\"\",\"publisher\":{\"@id\":\"https:\/\/locobase.com\/nl\/#organization\"},\"potentialAction\":[{\"@type\":\"SearchAction\",\"target\":{\"@type\":\"EntryPoint\",\"urlTemplate\":\"https:\/\/locobase.com\/nl\/?s={search_term_string}\"},\"query-input\":{\"@type\":\"PropertyValueSpecification\",\"valueRequired\":true,\"valueName\":\"search_term_string\"}}],\"inLanguage\":\"nl-NL\"},{\"@type\":\"Organization\",\"@id\":\"https:\/\/locobase.com\/nl\/#organization\",\"name\":\"Locobase\",\"url\":\"https:\/\/locobase.com\/nl\/\",\"logo\":{\"@type\":\"ImageObject\",\"inLanguage\":\"nl-NL\",\"@id\":\"https:\/\/locobase.com\/nl\/#\/schema\/logo\/image\/\",\"url\":\"https:\/\/locobase.com\/app\/uploads\/sites\/6\/2022\/05\/logo.png\",\"contentUrl\":\"https:\/\/locobase.com\/app\/uploads\/sites\/6\/2022\/05\/logo.png\",\"width\":163,\"height\":32,\"caption\":\"Locobase\"},\"image\":{\"@id\":\"https:\/\/locobase.com\/nl\/#\/schema\/logo\/image\/\"}}]}<\/script>\n<!-- \/ Yoast SEO plugin. -->","yoast_head_json":{"title":"Locobase Repair - Locobase","description":"Locobase Repair is een favoriet voor veel gebruikers en wordt al generaties gebruikt tegen een zeer droge en gebarsten huid en als aanvullende huidverzorging voor atopisch eczeem.","robots":{"index":"index","follow":"follow","max-snippet":"max-snippet:-1","max-image-preview":"max-image-preview:large","max-video-preview":"max-video-preview:-1"},"canonical":"https:\/\/locobase.com\/nl\/product\/locobase-repair\/","og_locale":"nl_NL","og_type":"article","og_title":"Locobase Repair - Locobase","og_description":"Locobase Repair is een favoriet voor veel gebruikers en wordt al generaties gebruikt tegen een zeer droge en gebarsten huid en als aanvullende huidverzorging voor atopisch eczeem.","og_url":"https:\/\/locobase.com\/nl\/product\/locobase-repair\/","og_site_name":"Locobase","article_modified_time":"2025-07-09T07:28:55+00:00","og_image":[{"width":1184,"height":1200,"url":"https:\/\/locobase.com\/app\/uploads\/sites\/6\/2022\/06\/Locobase-Repair-100g.webp","type":"image\/webp"}],"twitter_card":"summary_large_image","twitter_misc":{"Geschatte leestijd":"3 minuten"},"schema":{"@context":"https:\/\/schema.org","@graph":[{"@type":"WebPage","@id":"https:\/\/locobase.com\/nl\/product\/locobase-repair\/","url":"https:\/\/locobase.com\/nl\/product\/locobase-repair\/","name":"Locobase Repair - Locobase","isPartOf":{"@id":"https:\/\/locobase.com\/nl\/#website"},"primaryImageOfPage":{"@id":"https:\/\/locobase.com\/nl\/product\/locobase-repair\/#primaryimage"},"image":{"@id":"https:\/\/locobase.com\/nl\/product\/locobase-repair\/#primaryimage"},"thumbnailUrl":"https:\/\/locobase.com\/app\/uploads\/sites\/6\/2022\/06\/Locobase-Repair-100g.webp","datePublished":"2022-06-02T08:55:09+00:00","dateModified":"2025-07-09T07:28:55+00:00","description":"Locobase Repair is een favoriet voor veel gebruikers en wordt al generaties gebruikt tegen een zeer droge en gebarsten huid en als aanvullende huidverzorging voor atopisch eczeem.","breadcrumb":{"@id":"https:\/\/locobase.com\/nl\/product\/locobase-repair\/#breadcrumb"},"inLanguage":"nl-NL","potentialAction":[{"@type":"ReadAction","target":["https:\/\/locobase.com\/nl\/product\/locobase-repair\/"]}]},{"@type":"ImageObject","inLanguage":"nl-NL","@id":"https:\/\/locobase.com\/nl\/product\/locobase-repair\/#primaryimage","url":"https:\/\/locobase.com\/app\/uploads\/sites\/6\/2022\/06\/Locobase-Repair-100g.webp","contentUrl":"https:\/\/locobase.com\/app\/uploads\/sites\/6\/2022\/06\/Locobase-Repair-100g.webp","width":1184,"height":1200,"caption":"Locobase Repair 100g"},{"@type":"BreadcrumbList","@id":"https:\/\/locobase.com\/nl\/product\/locobase-repair\/#breadcrumb","itemListElement":[{"@type":"ListItem","position":1,"name":"Home","item":"https:\/\/locobase.com\/nl\/"},{"@type":"ListItem","position":2,"name":"Producten","item":"https:\/\/locobase.com\/nl\/producten\/"},{"@type":"ListItem","position":3,"name":"Locobase Repair"}]},{"@type":"WebSite","@id":"https:\/\/locobase.com\/nl\/#website","url":"https:\/\/locobase.com\/nl\/","name":"Locobase","description":"","publisher":{"@id":"https:\/\/locobase.com\/nl\/#organization"},"potentialAction":[{"@type":"SearchAction","target":{"@type":"EntryPoint","urlTemplate":"https:\/\/locobase.com\/nl\/?s={search_term_string}"},"query-input":{"@type":"PropertyValueSpecification","valueRequired":true,"valueName":"search_term_string"}}],"inLanguage":"nl-NL"},{"@type":"Organization","@id":"https:\/\/locobase.com\/nl\/#organization","name":"Locobase","url":"https:\/\/locobase.com\/nl\/","logo":{"@type":"ImageObject","inLanguage":"nl-NL","@id":"https:\/\/locobase.com\/nl\/#\/schema\/logo\/image\/","url":"https:\/\/locobase.com\/app\/uploads\/sites\/6\/2022\/05\/logo.png","contentUrl":"https:\/\/locobase.com\/app\/uploads\/sites\/6\/2022\/05\/logo.png","width":163,"height":32,"caption":"Locobase"},"image":{"@id":"https:\/\/locobase.com\/nl\/#\/schema\/logo\/image\/"}}]}},"_links":{"self":[{"href":"https:\/\/locobase.com\/nl\/wp-json\/wp\/v2\/product\/110","targetHints":{"allow":["GET"]}}],"collection":[{"href":"https:\/\/locobase.com\/nl\/wp-json\/wp\/v2\/product"}],"about":[{"href":"https:\/\/locobase.com\/nl\/wp-json\/wp\/v2\/types\/product"}],"replies":[{"embeddable":true,"href":"https:\/\/locobase.com\/nl\/wp-json\/wp\/v2\/comments?post=110"}],"version-history":[{"count":6,"href":"https:\/\/locobase.com\/nl\/wp-json\/wp\/v2\/product\/110\/revisions"}],"predecessor-version":[{"id":182,"href":"https:\/\/locobase.com\/nl\/wp-json\/wp\/v2\/product\/110\/revisions\/182"}],"wp:featuredmedia":[{"embeddable":true,"href":"https:\/\/locobase.com\/nl\/wp-json\/wp\/v2\/media\/47"}],"wp:attachment":[{"href":"https:\/\/locobase.com\/nl\/wp-json\/wp\/v2\/media?parent=110"}],"wp:term":[{"taxonomy":"product_brand","embeddable":true,"href":"https:\/\/locobase.com\/nl\/wp-json\/wp\/v2\/product_brand?post=110"},{"taxonomy":"product_cat","embeddable":true,"href":"https:\/\/locobase.com\/nl\/wp-json\/wp\/v2\/product_cat?post=110"},{"taxonomy":"product_tag","embeddable":true,"href":"https:\/\/locobase.com\/nl\/wp-json\/wp\/v2\/product_tag?post=110"}],"curies":[{"name":"wp","href":"https:\/\/api.w.org\/{rel}","templated":true}]}}