{"id":117,"date":"2023-06-19T12:17:42","date_gmt":"2023-06-19T10:17:42","guid":{"rendered":"https:\/\/locobase.com\/no\/?post_type=product&#038;p=117"},"modified":"2025-08-29T11:33:35","modified_gmt":"2025-08-29T09:33:35","slug":"locobase-eczema-cream","status":"publish","type":"product","link":"https:\/\/locobase.com\/no\/produkt\/locobase-eczema-cream\/","title":{"rendered":"Locobase Eczema Cream"},"content":{"rendered":"\n<div class=\"wp-block-karopharma-accordions is-style-secondary\"><div class=\"container\">\n<details class=\"wp-block-karopharma-accordion\"><summary><h2 class=\"accordion-title\">Bruksomr\u00e5de<\/h2><\/summary><div class=\"accordion-content\">\n<p>Kan brukes b\u00e5de p\u00e5 kroppen og i ansiktet.<\/p>\n<\/div><\/details>\n\n\n\n<details class=\"wp-block-karopharma-accordion\"><summary><h2 class=\"accordion-title\">Bruk<\/h2><\/summary><div class=\"accordion-content\">\n<p>P\u00e5f\u00f8r forsiktig p\u00e5 det ber\u00f8rte hudomr\u00e5det to ganger daglig.<\/p>\n<\/div><\/details>\n\n\n\n<details class=\"wp-block-karopharma-accordion\"><summary><h2 class=\"accordion-title\">Ingredienser<\/h2><\/summary><div class=\"accordion-content\">\n<figure class=\"wp-block-table\"><table><tbody><tr><td><strong>Ingredienser<\/strong><\/td><\/tr><tr><td>Galactoarabinan Polyglucuronic Acid Crosspolymer*<\/td><\/tr><tr><td>Aqua<\/td><\/tr><tr><td>Ethylhexyl Stearate<\/td><\/tr><tr><td>Glycerin<\/td><\/tr><tr><td>Zinc Oxide<\/td><\/tr><tr><td>Caprylic\/Capric Triglyceride<\/td><\/tr><tr><td>Oxidized Microcrystalline Cera<\/td><\/tr><tr><td>lsopropyl Myristate<\/td><\/tr><tr><td>Cetearyl Ethylhexanoate<\/td><\/tr><tr><td>PEG-30 Dipolyhydroxystearate<\/td><\/tr><tr><td>Magnesium Sulfate<\/td><\/tr><tr><td>Phenoxyethanol<\/td><\/tr><tr><td>Tocopheryl Acetate<\/td><\/tr><tr><td>Ethylhexylglycerin<\/td><\/tr><tr><td>Citric Acid<\/td><\/tr><tr><td>Sodium Benzoat<\/td><\/tr><tr><td>Potassium Sorbate<\/td><\/tr><tr><td><em>*2QR-komplex: Renot fra Aloe Barbadensis Leaf Extroct.<\/em><\/td><\/tr><\/tbody><\/table><\/figure>\n\n\n\n<p>Locobase Eczema Cream er uparfumeret og kortisonfri. Ingen af \u200b\u200bingredienserne er af animalsk oprindelse.<\/p>\n<\/div><\/details>\n<\/div><\/div>\n","protected":false},"excerpt":{"rendered":"<p>Kortisonfri behandling for mild og moderat atopisk eksem<\/p>\n","protected":false},"featured_media":118,"comment_status":"open","ping_status":"closed","template":"","meta":{"_acf_changed":false,"footnotes":""},"product_brand":[],"product_cat":[22],"product_tag":[],"class_list":{"0":"post-117","1":"product","2":"type-product","3":"status-publish","4":"has-post-thumbnail","6":"product_cat-repair","8":"first","9":"instock","10":"shipping-taxable","11":"product-type-simple"},"acf":[],"yoast_head":"<!-- This site is optimized with the Yoast SEO plugin v26.6 - https:\/\/yoast.com\/wordpress\/plugins\/seo\/ -->\n<title>Locobase Eczema Cream - Locobase<\/title>\n<meta name=\"description\" content=\"Locobase Eczema Cream er for deg som foretrekker en kortisonfri krem for behandling av mild og moderat atopisk eksem\" \/>\n<meta name=\"robots\" content=\"index, follow, max-snippet:-1, max-image-preview:large, max-video-preview:-1\" \/>\n<link rel=\"canonical\" href=\"https:\/\/locobase.com\/no\/produkt\/locobase-eczema-cream\/\" \/>\n<meta property=\"og:locale\" content=\"nb_NO\" \/>\n<meta property=\"og:type\" content=\"article\" \/>\n<meta property=\"og:title\" content=\"Locobase Eczema Cream - Locobase\" \/>\n<meta property=\"og:description\" content=\"Locobase Eczema Cream er for deg som foretrekker en kortisonfri krem for behandling av mild og moderat atopisk eksem\" \/>\n<meta property=\"og:url\" content=\"https:\/\/locobase.com\/no\/produkt\/locobase-eczema-cream\/\" \/>\n<meta property=\"og:site_name\" content=\"Locobase\" \/>\n<meta property=\"article:modified_time\" content=\"2025-08-29T09:33:35+00:00\" \/>\n<meta property=\"og:image\" content=\"https:\/\/locobase.com\/app\/uploads\/sites\/3\/2023\/06\/Locobase-Eczema-Cream-30g.png\" \/>\n\t<meta property=\"og:image:width\" content=\"800\" \/>\n\t<meta property=\"og:image:height\" content=\"800\" \/>\n\t<meta property=\"og:image:type\" content=\"image\/png\" \/>\n<meta name=\"twitter:card\" content=\"summary_large_image\" \/>\n<meta name=\"twitter:label1\" content=\"Ansl. lesetid\" \/>\n\t<meta name=\"twitter:data1\" content=\"1 minutt\" \/>\n<script type=\"application\/ld+json\" class=\"yoast-schema-graph\">{\"@context\":\"https:\/\/schema.org\",\"@graph\":[{\"@type\":\"WebPage\",\"@id\":\"https:\/\/locobase.com\/no\/produkt\/locobase-eczema-cream\/\",\"url\":\"https:\/\/locobase.com\/no\/produkt\/locobase-eczema-cream\/\",\"name\":\"Locobase Eczema Cream - Locobase\",\"isPartOf\":{\"@id\":\"https:\/\/locobase.com\/no\/#website\"},\"primaryImageOfPage\":{\"@id\":\"https:\/\/locobase.com\/no\/produkt\/locobase-eczema-cream\/#primaryimage\"},\"image\":{\"@id\":\"https:\/\/locobase.com\/no\/produkt\/locobase-eczema-cream\/#primaryimage\"},\"thumbnailUrl\":\"https:\/\/locobase.com\/app\/uploads\/sites\/3\/2023\/06\/Locobase-Eczema-Cream-30g.png\",\"datePublished\":\"2023-06-19T10:17:42+00:00\",\"dateModified\":\"2025-08-29T09:33:35+00:00\",\"description\":\"Locobase Eczema Cream er for deg som foretrekker en kortisonfri krem for behandling av mild og moderat atopisk eksem\",\"breadcrumb\":{\"@id\":\"https:\/\/locobase.com\/no\/produkt\/locobase-eczema-cream\/#breadcrumb\"},\"inLanguage\":\"nb-NO\",\"potentialAction\":[{\"@type\":\"ReadAction\",\"target\":[\"https:\/\/locobase.com\/no\/produkt\/locobase-eczema-cream\/\"]}]},{\"@type\":\"ImageObject\",\"inLanguage\":\"nb-NO\",\"@id\":\"https:\/\/locobase.com\/no\/produkt\/locobase-eczema-cream\/#primaryimage\",\"url\":\"https:\/\/locobase.com\/app\/uploads\/sites\/3\/2023\/06\/Locobase-Eczema-Cream-30g.png\",\"contentUrl\":\"https:\/\/locobase.com\/app\/uploads\/sites\/3\/2023\/06\/Locobase-Eczema-Cream-30g.png\",\"width\":800,\"height\":800,\"caption\":\"Locobase Eczema Cream\"},{\"@type\":\"BreadcrumbList\",\"@id\":\"https:\/\/locobase.com\/no\/produkt\/locobase-eczema-cream\/#breadcrumb\",\"itemListElement\":[{\"@type\":\"ListItem\",\"position\":1,\"name\":\"Home\",\"item\":\"https:\/\/locobase.com\/no\/\"},{\"@type\":\"ListItem\",\"position\":2,\"name\":\"Produkter\",\"item\":\"https:\/\/locobase.com\/no\/produkter\/\"},{\"@type\":\"ListItem\",\"position\":3,\"name\":\"Locobase Eczema Cream\"}]},{\"@type\":\"WebSite\",\"@id\":\"https:\/\/locobase.com\/no\/#website\",\"url\":\"https:\/\/locobase.com\/no\/\",\"name\":\"Locobase\",\"description\":\"\",\"publisher\":{\"@id\":\"https:\/\/locobase.com\/no\/#organization\"},\"potentialAction\":[{\"@type\":\"SearchAction\",\"target\":{\"@type\":\"EntryPoint\",\"urlTemplate\":\"https:\/\/locobase.com\/no\/?s={search_term_string}\"},\"query-input\":{\"@type\":\"PropertyValueSpecification\",\"valueRequired\":true,\"valueName\":\"search_term_string\"}}],\"inLanguage\":\"nb-NO\"},{\"@type\":\"Organization\",\"@id\":\"https:\/\/locobase.com\/no\/#organization\",\"name\":\"Locobase\",\"url\":\"https:\/\/locobase.com\/no\/\",\"logo\":{\"@type\":\"ImageObject\",\"inLanguage\":\"nb-NO\",\"@id\":\"https:\/\/locobase.com\/no\/#\/schema\/logo\/image\/\",\"url\":\"https:\/\/locobase.com\/app\/uploads\/sites\/3\/2022\/05\/logo.png\",\"contentUrl\":\"https:\/\/locobase.com\/app\/uploads\/sites\/3\/2022\/05\/logo.png\",\"width\":163,\"height\":32,\"caption\":\"Locobase\"},\"image\":{\"@id\":\"https:\/\/locobase.com\/no\/#\/schema\/logo\/image\/\"}}]}<\/script>\n<!-- \/ Yoast SEO plugin. -->","yoast_head_json":{"title":"Locobase Eczema Cream - Locobase","description":"Locobase Eczema Cream er for deg som foretrekker en kortisonfri krem for behandling av mild og moderat atopisk eksem","robots":{"index":"index","follow":"follow","max-snippet":"max-snippet:-1","max-image-preview":"max-image-preview:large","max-video-preview":"max-video-preview:-1"},"canonical":"https:\/\/locobase.com\/no\/produkt\/locobase-eczema-cream\/","og_locale":"nb_NO","og_type":"article","og_title":"Locobase Eczema Cream - Locobase","og_description":"Locobase Eczema Cream er for deg som foretrekker en kortisonfri krem for behandling av mild og moderat atopisk eksem","og_url":"https:\/\/locobase.com\/no\/produkt\/locobase-eczema-cream\/","og_site_name":"Locobase","article_modified_time":"2025-08-29T09:33:35+00:00","og_image":[{"width":800,"height":800,"url":"https:\/\/locobase.com\/app\/uploads\/sites\/3\/2023\/06\/Locobase-Eczema-Cream-30g.png","type":"image\/png"}],"twitter_card":"summary_large_image","twitter_misc":{"Ansl. lesetid":"1 minutt"},"schema":{"@context":"https:\/\/schema.org","@graph":[{"@type":"WebPage","@id":"https:\/\/locobase.com\/no\/produkt\/locobase-eczema-cream\/","url":"https:\/\/locobase.com\/no\/produkt\/locobase-eczema-cream\/","name":"Locobase Eczema Cream - Locobase","isPartOf":{"@id":"https:\/\/locobase.com\/no\/#website"},"primaryImageOfPage":{"@id":"https:\/\/locobase.com\/no\/produkt\/locobase-eczema-cream\/#primaryimage"},"image":{"@id":"https:\/\/locobase.com\/no\/produkt\/locobase-eczema-cream\/#primaryimage"},"thumbnailUrl":"https:\/\/locobase.com\/app\/uploads\/sites\/3\/2023\/06\/Locobase-Eczema-Cream-30g.png","datePublished":"2023-06-19T10:17:42+00:00","dateModified":"2025-08-29T09:33:35+00:00","description":"Locobase Eczema Cream er for deg som foretrekker en kortisonfri krem for behandling av mild og moderat atopisk eksem","breadcrumb":{"@id":"https:\/\/locobase.com\/no\/produkt\/locobase-eczema-cream\/#breadcrumb"},"inLanguage":"nb-NO","potentialAction":[{"@type":"ReadAction","target":["https:\/\/locobase.com\/no\/produkt\/locobase-eczema-cream\/"]}]},{"@type":"ImageObject","inLanguage":"nb-NO","@id":"https:\/\/locobase.com\/no\/produkt\/locobase-eczema-cream\/#primaryimage","url":"https:\/\/locobase.com\/app\/uploads\/sites\/3\/2023\/06\/Locobase-Eczema-Cream-30g.png","contentUrl":"https:\/\/locobase.com\/app\/uploads\/sites\/3\/2023\/06\/Locobase-Eczema-Cream-30g.png","width":800,"height":800,"caption":"Locobase Eczema Cream"},{"@type":"BreadcrumbList","@id":"https:\/\/locobase.com\/no\/produkt\/locobase-eczema-cream\/#breadcrumb","itemListElement":[{"@type":"ListItem","position":1,"name":"Home","item":"https:\/\/locobase.com\/no\/"},{"@type":"ListItem","position":2,"name":"Produkter","item":"https:\/\/locobase.com\/no\/produkter\/"},{"@type":"ListItem","position":3,"name":"Locobase Eczema Cream"}]},{"@type":"WebSite","@id":"https:\/\/locobase.com\/no\/#website","url":"https:\/\/locobase.com\/no\/","name":"Locobase","description":"","publisher":{"@id":"https:\/\/locobase.com\/no\/#organization"},"potentialAction":[{"@type":"SearchAction","target":{"@type":"EntryPoint","urlTemplate":"https:\/\/locobase.com\/no\/?s={search_term_string}"},"query-input":{"@type":"PropertyValueSpecification","valueRequired":true,"valueName":"search_term_string"}}],"inLanguage":"nb-NO"},{"@type":"Organization","@id":"https:\/\/locobase.com\/no\/#organization","name":"Locobase","url":"https:\/\/locobase.com\/no\/","logo":{"@type":"ImageObject","inLanguage":"nb-NO","@id":"https:\/\/locobase.com\/no\/#\/schema\/logo\/image\/","url":"https:\/\/locobase.com\/app\/uploads\/sites\/3\/2022\/05\/logo.png","contentUrl":"https:\/\/locobase.com\/app\/uploads\/sites\/3\/2022\/05\/logo.png","width":163,"height":32,"caption":"Locobase"},"image":{"@id":"https:\/\/locobase.com\/no\/#\/schema\/logo\/image\/"}}]}},"_links":{"self":[{"href":"https:\/\/locobase.com\/no\/wp-json\/wp\/v2\/product\/117","targetHints":{"allow":["GET"]}}],"collection":[{"href":"https:\/\/locobase.com\/no\/wp-json\/wp\/v2\/product"}],"about":[{"href":"https:\/\/locobase.com\/no\/wp-json\/wp\/v2\/types\/product"}],"replies":[{"embeddable":true,"href":"https:\/\/locobase.com\/no\/wp-json\/wp\/v2\/comments?post=117"}],"version-history":[{"count":6,"href":"https:\/\/locobase.com\/no\/wp-json\/wp\/v2\/product\/117\/revisions"}],"predecessor-version":[{"id":271,"href":"https:\/\/locobase.com\/no\/wp-json\/wp\/v2\/product\/117\/revisions\/271"}],"wp:featuredmedia":[{"embeddable":true,"href":"https:\/\/locobase.com\/no\/wp-json\/wp\/v2\/media\/118"}],"wp:attachment":[{"href":"https:\/\/locobase.com\/no\/wp-json\/wp\/v2\/media?parent=117"}],"wp:term":[{"taxonomy":"product_brand","embeddable":true,"href":"https:\/\/locobase.com\/no\/wp-json\/wp\/v2\/product_brand?post=117"},{"taxonomy":"product_cat","embeddable":true,"href":"https:\/\/locobase.com\/no\/wp-json\/wp\/v2\/product_cat?post=117"},{"taxonomy":"product_tag","embeddable":true,"href":"https:\/\/locobase.com\/no\/wp-json\/wp\/v2\/product_tag?post=117"}],"curies":[{"name":"wp","href":"https:\/\/api.w.org\/{rel}","templated":true}]}}