{"id":172,"date":"2024-08-14T08:35:46","date_gmt":"2024-08-14T06:35:46","guid":{"rendered":"https:\/\/locobase.com\/no\/?post_type=product&#038;p=172"},"modified":"2025-10-02T08:09:49","modified_gmt":"2025-10-02T06:09:49","slug":"locobase-repair-light-cream","status":"publish","type":"product","link":"https:\/\/locobase.com\/no\/produkt\/locobase-repair-light-cream\/","title":{"rendered":"Locobase Repair Light Cream"},"content":{"rendered":"\n<div class=\"wp-block-karopharma-accordions is-style-secondary\"><div class=\"container\">\n<details class=\"wp-block-karopharma-accordion\"><summary><h2 class=\"accordion-title\">Bruk<\/h2><\/summary><div class=\"accordion-content\">\n<p>P\u00e5f\u00f8res p\u00e5 t\u00f8rr hud over hele kroppen \u00e9n gang daglig, eller ved behov. Egnet for hele familien, ogs\u00e5 barn og spedbarn, til bruk i ansiktet og p\u00e5 kroppen.<\/p>\n<\/div><\/details>\n\n\n\n<details class=\"wp-block-karopharma-accordion\"><summary><h2 class=\"accordion-title\">Ingredienser<\/h2><\/summary><div class=\"accordion-content\">\n<p>Aqua, Caprylic\/Capric, Triglyceride,\u202fButyrospermum\u202fParkii\u202fButter,\u202fGlycerin,\u202fCetearyl\u202fAlcohol,\u202fEthylhexyl\u202fStearate,\u202fHelianthus Annuus Hybrid Oil, Glyceryl Stearate, Copernicia Cerifera Cera, Squalane, Ceteareth-20, Allantoin, Sodium\u202fBenzoate, Ceramide NP, Citric Acid, Potassium\u202fSorbat\u202f<\/p>\n\n\n\n<p><strong>Ceramider NP<br><\/strong>Bidrar til \u00e5 reparere hudens naturlige beskyttende barriere.<\/p>\n\n\n\n<p><strong>Squalane<\/strong><br>Tilf\u00f8rer fuktighet i dybden og beskytter mot fuktighetstap.<\/p>\n\n\n\n<p><strong>Allantoin<\/strong><br>Bidrar til \u00e5 berolige huden og redusere r\u00f8dhet.<\/p>\n<\/div><\/details>\n<\/div><\/div>\n\n\n\n<div class=\"wp-block-karopharma-free-text pt-medium pb-medium bg-center bg-cover bg-no-repeat\" style=\"background-image:url()\"><div class=\"free-text-wrapper container max-w-medium text-left\">\n<div class=\"wp-block-karopharma-video\"><div class=\"video-wrapper\"><iframe loading=\"lazy\" frameborder=\"0\" allowfullscreen allow=\"accelerometer; encrypted-media; gyroscope; picture-in-picture\" data-src=\"https:\/\/www.youtube.com\/embed\/he3eV28hkGw?autoplay=1\"><\/iframe><picture><source media=\"(max-width: 550px)\" srcset=\"https:\/\/img.youtube.com\/vi\/he3eV28hkGw\/mqdefault.jpg\"\/><source media=\"(max-width: 800px)\" srcset=\"https:\/\/img.youtube.com\/vi\/he3eV28hkGw\/hqdefault.jpg\"\/><img decoding=\"async\" width=\"1280\" height=\"720\" loading=\"lazy\" src=\"https:\/\/img.youtube.com\/vi\/he3eV28hkGw\/maxresdefault.jpg\" alt=\"Embedded YouTube video player thumbnail\"\/><\/picture><div class=\"video-trigger group\"><div class=\"video-trigger__circle group-hover:opacity-[85%]\"><svg width=\"14\" height=\"16\" viewBox=\"0 0 14 16\" fill=\"none\" xmlns=\"http:\/\/www.w3.org\/2000\/svg\"><path d=\"M13.2625 6.70935L2.2625 0.206225C1.36875 -0.3219 0 0.1906 0 1.49685V14.5C0 15.6719 1.27188 16.3781 2.2625 15.7906L13.2625 9.2906C14.2437 8.71248 14.2469 7.28748 13.2625 6.70935V6.70935Z\" fill=\"white\"><\/path><\/svg><\/div><\/div><\/div><\/div>\n<\/div><\/div>\n","protected":false},"excerpt":{"rendered":"<p>Utviklet i samarbeid med hudleger for \u00e5 reparere t\u00f8rr, skadet og atopi-utsatt hud<\/p>\n","protected":false},"featured_media":195,"comment_status":"open","ping_status":"closed","template":"","meta":{"_acf_changed":false,"footnotes":""},"product_brand":[],"product_cat":[22],"product_tag":[],"class_list":{"0":"post-172","1":"product","2":"type-product","3":"status-publish","4":"has-post-thumbnail","6":"product_cat-repair","8":"first","9":"instock","10":"shipping-taxable","11":"product-type-simple"},"acf":[],"yoast_head":"<!-- This site is optimized with the Yoast SEO plugin v26.6 - https:\/\/yoast.com\/wordpress\/plugins\/seo\/ -->\n<title>Locobase Repair Light Cream - Locobase<\/title>\n<meta name=\"description\" content=\"V\u00e5r nye lette og hurtigabsorberende formel er klinisk bevist for \u00e5 raskt reparere hudbarrieren og gjenopprette t\u00f8rr, skadet, atopisk utsatt hud.\" \/>\n<meta name=\"robots\" content=\"index, follow, max-snippet:-1, max-image-preview:large, max-video-preview:-1\" \/>\n<link rel=\"canonical\" href=\"https:\/\/locobase.com\/no\/produkt\/locobase-repair-light-cream\/\" \/>\n<meta property=\"og:locale\" content=\"nb_NO\" \/>\n<meta property=\"og:type\" content=\"article\" \/>\n<meta property=\"og:title\" content=\"Locobase Repair Light Cream - Locobase\" \/>\n<meta property=\"og:description\" content=\"V\u00e5r nye lette og hurtigabsorberende formel er klinisk bevist for \u00e5 raskt reparere hudbarrieren og gjenopprette t\u00f8rr, skadet, atopisk utsatt hud.\" \/>\n<meta property=\"og:url\" content=\"https:\/\/locobase.com\/no\/produkt\/locobase-repair-light-cream\/\" \/>\n<meta property=\"og:site_name\" content=\"Locobase\" \/>\n<meta property=\"article:modified_time\" content=\"2025-10-02T06:09:49+00:00\" \/>\n<meta property=\"og:image\" content=\"https:\/\/locobase.com\/app\/uploads\/sites\/3\/2024\/08\/Locobase-Repair-Light-Cream-splash.png\" \/>\n\t<meta property=\"og:image:width\" content=\"800\" \/>\n\t<meta property=\"og:image:height\" content=\"800\" \/>\n\t<meta property=\"og:image:type\" content=\"image\/png\" \/>\n<meta name=\"twitter:card\" content=\"summary_large_image\" \/>\n<meta name=\"twitter:label1\" content=\"Ansl. lesetid\" \/>\n\t<meta name=\"twitter:data1\" content=\"1 minutt\" \/>\n<script type=\"application\/ld+json\" class=\"yoast-schema-graph\">{\"@context\":\"https:\/\/schema.org\",\"@graph\":[{\"@type\":\"WebPage\",\"@id\":\"https:\/\/locobase.com\/no\/produkt\/locobase-repair-light-cream\/\",\"url\":\"https:\/\/locobase.com\/no\/produkt\/locobase-repair-light-cream\/\",\"name\":\"Locobase Repair Light Cream - Locobase\",\"isPartOf\":{\"@id\":\"https:\/\/locobase.com\/no\/#website\"},\"primaryImageOfPage\":{\"@id\":\"https:\/\/locobase.com\/no\/produkt\/locobase-repair-light-cream\/#primaryimage\"},\"image\":{\"@id\":\"https:\/\/locobase.com\/no\/produkt\/locobase-repair-light-cream\/#primaryimage\"},\"thumbnailUrl\":\"https:\/\/locobase.com\/app\/uploads\/sites\/3\/2024\/08\/Locobase-Repair-Light-Cream-splash.png\",\"datePublished\":\"2024-08-14T06:35:46+00:00\",\"dateModified\":\"2025-10-02T06:09:49+00:00\",\"description\":\"V\u00e5r nye lette og hurtigabsorberende formel er klinisk bevist for \u00e5 raskt reparere hudbarrieren og gjenopprette t\u00f8rr, skadet, atopisk utsatt hud.\",\"breadcrumb\":{\"@id\":\"https:\/\/locobase.com\/no\/produkt\/locobase-repair-light-cream\/#breadcrumb\"},\"inLanguage\":\"nb-NO\",\"potentialAction\":[{\"@type\":\"ReadAction\",\"target\":[\"https:\/\/locobase.com\/no\/produkt\/locobase-repair-light-cream\/\"]}]},{\"@type\":\"ImageObject\",\"inLanguage\":\"nb-NO\",\"@id\":\"https:\/\/locobase.com\/no\/produkt\/locobase-repair-light-cream\/#primaryimage\",\"url\":\"https:\/\/locobase.com\/app\/uploads\/sites\/3\/2024\/08\/Locobase-Repair-Light-Cream-splash.png\",\"contentUrl\":\"https:\/\/locobase.com\/app\/uploads\/sites\/3\/2024\/08\/Locobase-Repair-Light-Cream-splash.png\",\"width\":800,\"height\":800,\"caption\":\"Locobase-Repair-Light-Cream-splash\"},{\"@type\":\"BreadcrumbList\",\"@id\":\"https:\/\/locobase.com\/no\/produkt\/locobase-repair-light-cream\/#breadcrumb\",\"itemListElement\":[{\"@type\":\"ListItem\",\"position\":1,\"name\":\"Home\",\"item\":\"https:\/\/locobase.com\/no\/\"},{\"@type\":\"ListItem\",\"position\":2,\"name\":\"Produkter\",\"item\":\"https:\/\/locobase.com\/no\/produkter\/\"},{\"@type\":\"ListItem\",\"position\":3,\"name\":\"Locobase Repair Light Cream\"}]},{\"@type\":\"WebSite\",\"@id\":\"https:\/\/locobase.com\/no\/#website\",\"url\":\"https:\/\/locobase.com\/no\/\",\"name\":\"Locobase\",\"description\":\"\",\"publisher\":{\"@id\":\"https:\/\/locobase.com\/no\/#organization\"},\"potentialAction\":[{\"@type\":\"SearchAction\",\"target\":{\"@type\":\"EntryPoint\",\"urlTemplate\":\"https:\/\/locobase.com\/no\/?s={search_term_string}\"},\"query-input\":{\"@type\":\"PropertyValueSpecification\",\"valueRequired\":true,\"valueName\":\"search_term_string\"}}],\"inLanguage\":\"nb-NO\"},{\"@type\":\"Organization\",\"@id\":\"https:\/\/locobase.com\/no\/#organization\",\"name\":\"Locobase\",\"url\":\"https:\/\/locobase.com\/no\/\",\"logo\":{\"@type\":\"ImageObject\",\"inLanguage\":\"nb-NO\",\"@id\":\"https:\/\/locobase.com\/no\/#\/schema\/logo\/image\/\",\"url\":\"https:\/\/locobase.com\/app\/uploads\/sites\/3\/2022\/05\/logo.png\",\"contentUrl\":\"https:\/\/locobase.com\/app\/uploads\/sites\/3\/2022\/05\/logo.png\",\"width\":163,\"height\":32,\"caption\":\"Locobase\"},\"image\":{\"@id\":\"https:\/\/locobase.com\/no\/#\/schema\/logo\/image\/\"}}]}<\/script>\n<!-- \/ Yoast SEO plugin. -->","yoast_head_json":{"title":"Locobase Repair Light Cream - Locobase","description":"V\u00e5r nye lette og hurtigabsorberende formel er klinisk bevist for \u00e5 raskt reparere hudbarrieren og gjenopprette t\u00f8rr, skadet, atopisk utsatt hud.","robots":{"index":"index","follow":"follow","max-snippet":"max-snippet:-1","max-image-preview":"max-image-preview:large","max-video-preview":"max-video-preview:-1"},"canonical":"https:\/\/locobase.com\/no\/produkt\/locobase-repair-light-cream\/","og_locale":"nb_NO","og_type":"article","og_title":"Locobase Repair Light Cream - Locobase","og_description":"V\u00e5r nye lette og hurtigabsorberende formel er klinisk bevist for \u00e5 raskt reparere hudbarrieren og gjenopprette t\u00f8rr, skadet, atopisk utsatt hud.","og_url":"https:\/\/locobase.com\/no\/produkt\/locobase-repair-light-cream\/","og_site_name":"Locobase","article_modified_time":"2025-10-02T06:09:49+00:00","og_image":[{"width":800,"height":800,"url":"https:\/\/locobase.com\/app\/uploads\/sites\/3\/2024\/08\/Locobase-Repair-Light-Cream-splash.png","type":"image\/png"}],"twitter_card":"summary_large_image","twitter_misc":{"Ansl. lesetid":"1 minutt"},"schema":{"@context":"https:\/\/schema.org","@graph":[{"@type":"WebPage","@id":"https:\/\/locobase.com\/no\/produkt\/locobase-repair-light-cream\/","url":"https:\/\/locobase.com\/no\/produkt\/locobase-repair-light-cream\/","name":"Locobase Repair Light Cream - Locobase","isPartOf":{"@id":"https:\/\/locobase.com\/no\/#website"},"primaryImageOfPage":{"@id":"https:\/\/locobase.com\/no\/produkt\/locobase-repair-light-cream\/#primaryimage"},"image":{"@id":"https:\/\/locobase.com\/no\/produkt\/locobase-repair-light-cream\/#primaryimage"},"thumbnailUrl":"https:\/\/locobase.com\/app\/uploads\/sites\/3\/2024\/08\/Locobase-Repair-Light-Cream-splash.png","datePublished":"2024-08-14T06:35:46+00:00","dateModified":"2025-10-02T06:09:49+00:00","description":"V\u00e5r nye lette og hurtigabsorberende formel er klinisk bevist for \u00e5 raskt reparere hudbarrieren og gjenopprette t\u00f8rr, skadet, atopisk utsatt hud.","breadcrumb":{"@id":"https:\/\/locobase.com\/no\/produkt\/locobase-repair-light-cream\/#breadcrumb"},"inLanguage":"nb-NO","potentialAction":[{"@type":"ReadAction","target":["https:\/\/locobase.com\/no\/produkt\/locobase-repair-light-cream\/"]}]},{"@type":"ImageObject","inLanguage":"nb-NO","@id":"https:\/\/locobase.com\/no\/produkt\/locobase-repair-light-cream\/#primaryimage","url":"https:\/\/locobase.com\/app\/uploads\/sites\/3\/2024\/08\/Locobase-Repair-Light-Cream-splash.png","contentUrl":"https:\/\/locobase.com\/app\/uploads\/sites\/3\/2024\/08\/Locobase-Repair-Light-Cream-splash.png","width":800,"height":800,"caption":"Locobase-Repair-Light-Cream-splash"},{"@type":"BreadcrumbList","@id":"https:\/\/locobase.com\/no\/produkt\/locobase-repair-light-cream\/#breadcrumb","itemListElement":[{"@type":"ListItem","position":1,"name":"Home","item":"https:\/\/locobase.com\/no\/"},{"@type":"ListItem","position":2,"name":"Produkter","item":"https:\/\/locobase.com\/no\/produkter\/"},{"@type":"ListItem","position":3,"name":"Locobase Repair Light Cream"}]},{"@type":"WebSite","@id":"https:\/\/locobase.com\/no\/#website","url":"https:\/\/locobase.com\/no\/","name":"Locobase","description":"","publisher":{"@id":"https:\/\/locobase.com\/no\/#organization"},"potentialAction":[{"@type":"SearchAction","target":{"@type":"EntryPoint","urlTemplate":"https:\/\/locobase.com\/no\/?s={search_term_string}"},"query-input":{"@type":"PropertyValueSpecification","valueRequired":true,"valueName":"search_term_string"}}],"inLanguage":"nb-NO"},{"@type":"Organization","@id":"https:\/\/locobase.com\/no\/#organization","name":"Locobase","url":"https:\/\/locobase.com\/no\/","logo":{"@type":"ImageObject","inLanguage":"nb-NO","@id":"https:\/\/locobase.com\/no\/#\/schema\/logo\/image\/","url":"https:\/\/locobase.com\/app\/uploads\/sites\/3\/2022\/05\/logo.png","contentUrl":"https:\/\/locobase.com\/app\/uploads\/sites\/3\/2022\/05\/logo.png","width":163,"height":32,"caption":"Locobase"},"image":{"@id":"https:\/\/locobase.com\/no\/#\/schema\/logo\/image\/"}}]}},"_links":{"self":[{"href":"https:\/\/locobase.com\/no\/wp-json\/wp\/v2\/product\/172","targetHints":{"allow":["GET"]}}],"collection":[{"href":"https:\/\/locobase.com\/no\/wp-json\/wp\/v2\/product"}],"about":[{"href":"https:\/\/locobase.com\/no\/wp-json\/wp\/v2\/types\/product"}],"replies":[{"embeddable":true,"href":"https:\/\/locobase.com\/no\/wp-json\/wp\/v2\/comments?post=172"}],"version-history":[{"count":8,"href":"https:\/\/locobase.com\/no\/wp-json\/wp\/v2\/product\/172\/revisions"}],"predecessor-version":[{"id":282,"href":"https:\/\/locobase.com\/no\/wp-json\/wp\/v2\/product\/172\/revisions\/282"}],"wp:featuredmedia":[{"embeddable":true,"href":"https:\/\/locobase.com\/no\/wp-json\/wp\/v2\/media\/195"}],"wp:attachment":[{"href":"https:\/\/locobase.com\/no\/wp-json\/wp\/v2\/media?parent=172"}],"wp:term":[{"taxonomy":"product_brand","embeddable":true,"href":"https:\/\/locobase.com\/no\/wp-json\/wp\/v2\/product_brand?post=172"},{"taxonomy":"product_cat","embeddable":true,"href":"https:\/\/locobase.com\/no\/wp-json\/wp\/v2\/product_cat?post=172"},{"taxonomy":"product_tag","embeddable":true,"href":"https:\/\/locobase.com\/no\/wp-json\/wp\/v2\/product_tag?post=172"}],"curies":[{"name":"wp","href":"https:\/\/api.w.org\/{rel}","templated":true}]}}