{"id":59,"date":"2022-06-02T07:38:55","date_gmt":"2022-06-02T05:38:55","guid":{"rendered":"https:\/\/locobase.com\/no\/?post_type=product&#038;p=59"},"modified":"2025-08-29T11:33:43","modified_gmt":"2025-08-29T09:33:43","slug":"locobase-repair","status":"publish","type":"product","link":"https:\/\/locobase.com\/no\/produkt\/locobase-repair\/","title":{"rendered":"Locobase Repair"},"content":{"rendered":"\n<div class=\"wp-block-karopharma-accordions is-style-secondary\"><div class=\"container\">\n<details class=\"wp-block-karopharma-accordion\"><summary><h2 class=\"accordion-title\">Slik fungerer Locobase Repair<\/h2><\/summary><div class=\"accordion-content\">\n<p>N\u00e5r huden er sunn, fungerer alt som det skal. Fettproduserende celler tar seg av hornlaget (stratum corneum), som beskytter underhuden mot vannfordampning og holder huden myk, smidig og intakt. Men n\u00e5r huden er t\u00f8rr og skadet, fungerer ikke hudbarrieren optimalt lenger. Vannet fordamper for raskt, litt som en svamp med hull i. Dette resulterer i t\u00f8rr og sprukken hud, r\u00f8dhet, irritasjon, og i kombinasjon med inflammasjon ogs\u00e5 til eksem.<\/p>\n\n\n\n<p class=\"is-style-paragraph-preamble\">Locobase Repair beskytter og gjenoppbygger en svekket hudbarriere<\/p>\n\n\n\n<p>T\u00f8rr hud er et tegn p\u00e5 at hudbarrieren er skadet og b\u00f8r repareres s\u00e5 raskt som mulig. Locobase Repair har en dobbeltvirkende effekt. Den beskytter huden samtidig som den tilf\u00f8rer den mengden fett som hudbarrieren din trenger for en rask og varig reparasjon. Locobase Repair tilf\u00f8rer hudidentiske lipider som trenger dypt ned i huden og frigj\u00f8res n\u00e5r det er n\u00f8dvendig. Den gir en effektiv og langvarig beskyttelse mot utt\u00f8rking, akkurat som en l\u00e6rhanske i kaldt og fuktig v\u00e6r.<\/p>\n\n\n\n<p>Locobase Repair virker umiddelbart ved p\u00e5f\u00f8ring og opp til 24 timer. Derfor pleier det \u00e5 v\u00e6re nok \u00e5 sm\u00f8re huden en gang om dagen for \u00e5 holde den myk, smidig og intakt.<\/p>\n<\/div><\/details>\n\n\n\n<details class=\"wp-block-karopharma-accordion\"><summary><h2 class=\"accordion-title\">Bruksomr\u00e5de<\/h2><\/summary><div class=\"accordion-content\">\n<p>Locobase Repair kan brukes av barn og voksne og er i f\u00f8rste omgang beregnet for:<\/p>\n\n\n\n<ul class=\"is-style-icon wp-block-list\"><li>T\u00f8rr, flassende eller sprukket hud p\u00e5 hender, f\u00f8tter, ben, armer og resten av kroppen.<\/li><li>Hud som utsettes for store p\u00e5kjenninger, har en medf\u00f8dt svak hudbarriere, eller generell sensitivitet<\/li><li>Supplerende og oppf\u00f8lgende hudpleie til behandling av eksem med kortisonkremer<\/li><li>Oppf\u00f8lging etter laserbehandling<\/li><\/ul>\n<\/div><\/details>\n\n\n\n<details class=\"wp-block-karopharma-accordion\"><summary><h2 class=\"accordion-title\">Bruk<\/h2><\/summary><div class=\"accordion-content\">\n<p class=\"is-style-paragraph-preamble\">En liten klatt gj\u00f8r susen<\/p>\n\n\n\n<p>Locobase Repair er veldig dr\u00f8y, s\u00e5 oftest er det nok \u00e5 sm\u00f8re et tynt lag krem p\u00e5 t\u00f8rre hudomr\u00e5der. Bruk en mengde som tilsvarer neglen p\u00e5 lillefingeren din. Sm\u00f8r inn utsatte hudomr\u00e5der minst en gang om dagen eller oftere ved behov &#8211; kremen virker i opptil 24 timer etter p\u00e5f\u00f8ring. Sm\u00f8r gjerne inn p\u00e5 kvelden siden det gir kremen god tid til \u00e5 virke.<\/p>\n\n\n\n<p>P\u00e5 grunn av sin spesielle sammensetning kan Locobase Repair oppleves som stivere i konsistensen enn det du kanskje er vant til. Men p\u00e5 den andre siden sm\u00f8rer den ikke ut, men trenger raskt inn i huden &#8211; en liten klatt gj\u00f8r susen.<\/p>\n<\/div><\/details>\n\n\n\n<details class=\"wp-block-karopharma-accordion\"><summary><h2 class=\"accordion-title\">Ingredienser<\/h2><\/summary><div class=\"accordion-content\">\n<p>Locobase Repair har et h\u00f8yt innhold av fett (63 %) og inneholder en optimal kombinasjon av spesielle og hudidentiske lipider: ceramider, kolesterol og frie fettsyrer<\/p>\n\n\n\n<figure class=\"wp-block-table\"><table><tbody><tr><td><strong>Ingredienser<\/strong><\/td><\/tr><tr><td>Petrolatum<\/td><\/tr><tr><td>Aqua<\/td><\/tr><tr><td>Paraffin<\/td><\/tr><tr><td>Paraffinum Liquidum<\/td><\/tr><tr><td>Glycerin<\/td><\/tr><tr><td>Sorbitan Oleat<\/td><\/tr><tr><td>Copernicia Cerifera Wax<\/td><\/tr><tr><td>Cholesterol<\/td><\/tr><tr><td>Ceramide 3<\/td><\/tr><tr><td>Oleic Acid<\/td><\/tr><tr><td>Palmitic Acid<\/td><\/tr><tr><td>Tromethamine<\/td><\/tr><tr><td>Carbomer<\/td><\/tr><\/tbody><\/table><\/figure>\n<\/div><\/details>\n\n\n\n<details class=\"wp-block-karopharma-accordion\"><summary><h2 class=\"accordion-title\">Tips<\/h2><\/summary><div class=\"accordion-content\">\n<ul class=\"is-style-icon wp-block-list\"><li>Det er spesielt viktig \u00e5 sm\u00f8re seg n\u00e5r det er kaldt ute. P\u00e5f\u00f8r Locobase Repair rikelig p\u00e5 utsatte hudomr\u00e5der ca. 10 minutter f\u00f8r du g\u00e5r ut i kulden. P\u00e5 denne m\u00e5ten beskytter du deg mot b\u00e5de utt\u00f8rking og frostskader.<\/li><li>Locobase Repair fungerer ogs\u00e5 veldig bra som leppepomade.<\/li><\/ul>\n<\/div><\/details>\n<\/div><\/div>\n","protected":false},"excerpt":{"rendered":"<p>Reparasjonskrem for sv\u00e6rt t\u00f8rr og sprukket hud<\/p>\n","protected":false},"featured_media":60,"comment_status":"open","ping_status":"closed","template":"","meta":{"_acf_changed":false,"footnotes":""},"product_brand":[],"product_cat":[22],"product_tag":[],"class_list":{"0":"post-59","1":"product","2":"type-product","3":"status-publish","4":"has-post-thumbnail","6":"product_cat-repair","8":"first","9":"instock","10":"shipping-taxable","11":"product-type-simple"},"acf":[],"yoast_head":"<!-- This site is optimized with the Yoast SEO plugin v26.6 - https:\/\/yoast.com\/wordpress\/plugins\/seo\/ -->\n<title>Locobase Repair - Locobase<\/title>\n<meta name=\"description\" content=\"Reparasjonskrem for sv\u00e6rt t\u00f8rr og sprukket hud. Locobase Repair er mange kunders spesielle favoritt og har blitt brukt i generasjoner mot sv\u00e6rt t\u00f8rr og sprukket hud samt som komplement\u00e6r hudpleie for atopisk eksem.\" \/>\n<meta name=\"robots\" content=\"index, follow, max-snippet:-1, max-image-preview:large, max-video-preview:-1\" \/>\n<link rel=\"canonical\" href=\"https:\/\/locobase.com\/no\/produkt\/locobase-repair\/\" \/>\n<meta property=\"og:locale\" content=\"nb_NO\" \/>\n<meta property=\"og:type\" content=\"article\" \/>\n<meta property=\"og:title\" content=\"Locobase Repair - Locobase\" \/>\n<meta property=\"og:description\" content=\"Reparasjonskrem for sv\u00e6rt t\u00f8rr og sprukket hud. Locobase Repair er mange kunders spesielle favoritt og har blitt brukt i generasjoner mot sv\u00e6rt t\u00f8rr og sprukket hud samt som komplement\u00e6r hudpleie for atopisk eksem.\" \/>\n<meta property=\"og:url\" content=\"https:\/\/locobase.com\/no\/produkt\/locobase-repair\/\" \/>\n<meta property=\"og:site_name\" content=\"Locobase\" \/>\n<meta property=\"article:modified_time\" content=\"2025-08-29T09:33:43+00:00\" \/>\n<meta property=\"og:image\" content=\"https:\/\/locobase.com\/app\/uploads\/sites\/3\/2022\/06\/Locobase_Repair_100g_NC_front.webp\" \/>\n\t<meta property=\"og:image:width\" content=\"1184\" \/>\n\t<meta property=\"og:image:height\" content=\"1200\" \/>\n\t<meta property=\"og:image:type\" content=\"image\/webp\" \/>\n<meta name=\"twitter:card\" content=\"summary_large_image\" \/>\n<meta name=\"twitter:label1\" content=\"Ansl. lesetid\" \/>\n\t<meta name=\"twitter:data1\" content=\"3 minutter\" \/>\n<script type=\"application\/ld+json\" class=\"yoast-schema-graph\">{\"@context\":\"https:\/\/schema.org\",\"@graph\":[{\"@type\":\"WebPage\",\"@id\":\"https:\/\/locobase.com\/no\/produkt\/locobase-repair\/\",\"url\":\"https:\/\/locobase.com\/no\/produkt\/locobase-repair\/\",\"name\":\"Locobase Repair - Locobase\",\"isPartOf\":{\"@id\":\"https:\/\/locobase.com\/no\/#website\"},\"primaryImageOfPage\":{\"@id\":\"https:\/\/locobase.com\/no\/produkt\/locobase-repair\/#primaryimage\"},\"image\":{\"@id\":\"https:\/\/locobase.com\/no\/produkt\/locobase-repair\/#primaryimage\"},\"thumbnailUrl\":\"https:\/\/locobase.com\/app\/uploads\/sites\/3\/2022\/06\/Locobase_Repair_100g_NC_front.webp\",\"datePublished\":\"2022-06-02T05:38:55+00:00\",\"dateModified\":\"2025-08-29T09:33:43+00:00\",\"description\":\"Reparasjonskrem for sv\u00e6rt t\u00f8rr og sprukket hud. Locobase Repair er mange kunders spesielle favoritt og har blitt brukt i generasjoner mot sv\u00e6rt t\u00f8rr og sprukket hud samt som komplement\u00e6r hudpleie for atopisk eksem.\",\"breadcrumb\":{\"@id\":\"https:\/\/locobase.com\/no\/produkt\/locobase-repair\/#breadcrumb\"},\"inLanguage\":\"nb-NO\",\"potentialAction\":[{\"@type\":\"ReadAction\",\"target\":[\"https:\/\/locobase.com\/no\/produkt\/locobase-repair\/\"]}]},{\"@type\":\"ImageObject\",\"inLanguage\":\"nb-NO\",\"@id\":\"https:\/\/locobase.com\/no\/produkt\/locobase-repair\/#primaryimage\",\"url\":\"https:\/\/locobase.com\/app\/uploads\/sites\/3\/2022\/06\/Locobase_Repair_100g_NC_front.webp\",\"contentUrl\":\"https:\/\/locobase.com\/app\/uploads\/sites\/3\/2022\/06\/Locobase_Repair_100g_NC_front.webp\",\"width\":1184,\"height\":1200,\"caption\":\"Locobase Repair 100g\"},{\"@type\":\"BreadcrumbList\",\"@id\":\"https:\/\/locobase.com\/no\/produkt\/locobase-repair\/#breadcrumb\",\"itemListElement\":[{\"@type\":\"ListItem\",\"position\":1,\"name\":\"Home\",\"item\":\"https:\/\/locobase.com\/no\/\"},{\"@type\":\"ListItem\",\"position\":2,\"name\":\"Produkter\",\"item\":\"https:\/\/locobase.com\/no\/produkter\/\"},{\"@type\":\"ListItem\",\"position\":3,\"name\":\"Locobase Repair\"}]},{\"@type\":\"WebSite\",\"@id\":\"https:\/\/locobase.com\/no\/#website\",\"url\":\"https:\/\/locobase.com\/no\/\",\"name\":\"Locobase\",\"description\":\"\",\"publisher\":{\"@id\":\"https:\/\/locobase.com\/no\/#organization\"},\"potentialAction\":[{\"@type\":\"SearchAction\",\"target\":{\"@type\":\"EntryPoint\",\"urlTemplate\":\"https:\/\/locobase.com\/no\/?s={search_term_string}\"},\"query-input\":{\"@type\":\"PropertyValueSpecification\",\"valueRequired\":true,\"valueName\":\"search_term_string\"}}],\"inLanguage\":\"nb-NO\"},{\"@type\":\"Organization\",\"@id\":\"https:\/\/locobase.com\/no\/#organization\",\"name\":\"Locobase\",\"url\":\"https:\/\/locobase.com\/no\/\",\"logo\":{\"@type\":\"ImageObject\",\"inLanguage\":\"nb-NO\",\"@id\":\"https:\/\/locobase.com\/no\/#\/schema\/logo\/image\/\",\"url\":\"https:\/\/locobase.com\/app\/uploads\/sites\/3\/2022\/05\/logo.png\",\"contentUrl\":\"https:\/\/locobase.com\/app\/uploads\/sites\/3\/2022\/05\/logo.png\",\"width\":163,\"height\":32,\"caption\":\"Locobase\"},\"image\":{\"@id\":\"https:\/\/locobase.com\/no\/#\/schema\/logo\/image\/\"}}]}<\/script>\n<!-- \/ Yoast SEO plugin. -->","yoast_head_json":{"title":"Locobase Repair - Locobase","description":"Reparasjonskrem for sv\u00e6rt t\u00f8rr og sprukket hud. Locobase Repair er mange kunders spesielle favoritt og har blitt brukt i generasjoner mot sv\u00e6rt t\u00f8rr og sprukket hud samt som komplement\u00e6r hudpleie for atopisk eksem.","robots":{"index":"index","follow":"follow","max-snippet":"max-snippet:-1","max-image-preview":"max-image-preview:large","max-video-preview":"max-video-preview:-1"},"canonical":"https:\/\/locobase.com\/no\/produkt\/locobase-repair\/","og_locale":"nb_NO","og_type":"article","og_title":"Locobase Repair - Locobase","og_description":"Reparasjonskrem for sv\u00e6rt t\u00f8rr og sprukket hud. Locobase Repair er mange kunders spesielle favoritt og har blitt brukt i generasjoner mot sv\u00e6rt t\u00f8rr og sprukket hud samt som komplement\u00e6r hudpleie for atopisk eksem.","og_url":"https:\/\/locobase.com\/no\/produkt\/locobase-repair\/","og_site_name":"Locobase","article_modified_time":"2025-08-29T09:33:43+00:00","og_image":[{"width":1184,"height":1200,"url":"https:\/\/locobase.com\/app\/uploads\/sites\/3\/2022\/06\/Locobase_Repair_100g_NC_front.webp","type":"image\/webp"}],"twitter_card":"summary_large_image","twitter_misc":{"Ansl. lesetid":"3 minutter"},"schema":{"@context":"https:\/\/schema.org","@graph":[{"@type":"WebPage","@id":"https:\/\/locobase.com\/no\/produkt\/locobase-repair\/","url":"https:\/\/locobase.com\/no\/produkt\/locobase-repair\/","name":"Locobase Repair - Locobase","isPartOf":{"@id":"https:\/\/locobase.com\/no\/#website"},"primaryImageOfPage":{"@id":"https:\/\/locobase.com\/no\/produkt\/locobase-repair\/#primaryimage"},"image":{"@id":"https:\/\/locobase.com\/no\/produkt\/locobase-repair\/#primaryimage"},"thumbnailUrl":"https:\/\/locobase.com\/app\/uploads\/sites\/3\/2022\/06\/Locobase_Repair_100g_NC_front.webp","datePublished":"2022-06-02T05:38:55+00:00","dateModified":"2025-08-29T09:33:43+00:00","description":"Reparasjonskrem for sv\u00e6rt t\u00f8rr og sprukket hud. Locobase Repair er mange kunders spesielle favoritt og har blitt brukt i generasjoner mot sv\u00e6rt t\u00f8rr og sprukket hud samt som komplement\u00e6r hudpleie for atopisk eksem.","breadcrumb":{"@id":"https:\/\/locobase.com\/no\/produkt\/locobase-repair\/#breadcrumb"},"inLanguage":"nb-NO","potentialAction":[{"@type":"ReadAction","target":["https:\/\/locobase.com\/no\/produkt\/locobase-repair\/"]}]},{"@type":"ImageObject","inLanguage":"nb-NO","@id":"https:\/\/locobase.com\/no\/produkt\/locobase-repair\/#primaryimage","url":"https:\/\/locobase.com\/app\/uploads\/sites\/3\/2022\/06\/Locobase_Repair_100g_NC_front.webp","contentUrl":"https:\/\/locobase.com\/app\/uploads\/sites\/3\/2022\/06\/Locobase_Repair_100g_NC_front.webp","width":1184,"height":1200,"caption":"Locobase Repair 100g"},{"@type":"BreadcrumbList","@id":"https:\/\/locobase.com\/no\/produkt\/locobase-repair\/#breadcrumb","itemListElement":[{"@type":"ListItem","position":1,"name":"Home","item":"https:\/\/locobase.com\/no\/"},{"@type":"ListItem","position":2,"name":"Produkter","item":"https:\/\/locobase.com\/no\/produkter\/"},{"@type":"ListItem","position":3,"name":"Locobase Repair"}]},{"@type":"WebSite","@id":"https:\/\/locobase.com\/no\/#website","url":"https:\/\/locobase.com\/no\/","name":"Locobase","description":"","publisher":{"@id":"https:\/\/locobase.com\/no\/#organization"},"potentialAction":[{"@type":"SearchAction","target":{"@type":"EntryPoint","urlTemplate":"https:\/\/locobase.com\/no\/?s={search_term_string}"},"query-input":{"@type":"PropertyValueSpecification","valueRequired":true,"valueName":"search_term_string"}}],"inLanguage":"nb-NO"},{"@type":"Organization","@id":"https:\/\/locobase.com\/no\/#organization","name":"Locobase","url":"https:\/\/locobase.com\/no\/","logo":{"@type":"ImageObject","inLanguage":"nb-NO","@id":"https:\/\/locobase.com\/no\/#\/schema\/logo\/image\/","url":"https:\/\/locobase.com\/app\/uploads\/sites\/3\/2022\/05\/logo.png","contentUrl":"https:\/\/locobase.com\/app\/uploads\/sites\/3\/2022\/05\/logo.png","width":163,"height":32,"caption":"Locobase"},"image":{"@id":"https:\/\/locobase.com\/no\/#\/schema\/logo\/image\/"}}]}},"_links":{"self":[{"href":"https:\/\/locobase.com\/no\/wp-json\/wp\/v2\/product\/59","targetHints":{"allow":["GET"]}}],"collection":[{"href":"https:\/\/locobase.com\/no\/wp-json\/wp\/v2\/product"}],"about":[{"href":"https:\/\/locobase.com\/no\/wp-json\/wp\/v2\/types\/product"}],"replies":[{"embeddable":true,"href":"https:\/\/locobase.com\/no\/wp-json\/wp\/v2\/comments?post=59"}],"version-history":[{"count":9,"href":"https:\/\/locobase.com\/no\/wp-json\/wp\/v2\/product\/59\/revisions"}],"predecessor-version":[{"id":268,"href":"https:\/\/locobase.com\/no\/wp-json\/wp\/v2\/product\/59\/revisions\/268"}],"wp:featuredmedia":[{"embeddable":true,"href":"https:\/\/locobase.com\/no\/wp-json\/wp\/v2\/media\/60"}],"wp:attachment":[{"href":"https:\/\/locobase.com\/no\/wp-json\/wp\/v2\/media?parent=59"}],"wp:term":[{"taxonomy":"product_brand","embeddable":true,"href":"https:\/\/locobase.com\/no\/wp-json\/wp\/v2\/product_brand?post=59"},{"taxonomy":"product_cat","embeddable":true,"href":"https:\/\/locobase.com\/no\/wp-json\/wp\/v2\/product_cat?post=59"},{"taxonomy":"product_tag","embeddable":true,"href":"https:\/\/locobase.com\/no\/wp-json\/wp\/v2\/product_tag?post=59"}],"curies":[{"name":"wp","href":"https:\/\/api.w.org\/{rel}","templated":true}]}}