{"id":71,"date":"2022-06-02T07:48:06","date_gmt":"2022-06-02T05:48:06","guid":{"rendered":"https:\/\/locobase.com\/no\/?post_type=product&#038;p=71"},"modified":"2025-10-15T10:08:23","modified_gmt":"2025-10-15T08:08:23","slug":"locobase-protect","status":"publish","type":"product","link":"https:\/\/locobase.com\/no\/produkt\/locobase-protect\/","title":{"rendered":"Locobase Protect"},"content":{"rendered":"\n<div class=\"wp-block-karopharma-accordions is-style-secondary\"><div class=\"container\">\n<details class=\"wp-block-karopharma-accordion\"><summary><h2 class=\"accordion-title\">Bruksomr\u00e5de<\/h2><\/summary><div class=\"accordion-content\">\n<p>Locobase Protect er spesielt utviklet for t\u00f8rr hud og kan brukes av barn og voksne. Bruksomr\u00e5dene er mange:<\/p>\n\n\n\n<ul class=\"is-style-icon wp-block-list\"><li>T\u00f8rr og veldig t\u00f8rr hud (selv p\u00e5 store hudomr\u00e5der)<\/li><li>Irritert og\/eller sensitiv hud<\/li><li>Kan ogs\u00e5 brukes som komplement\u00e6r hudpleie ved eksem<\/li><li>Som en beskyttende spesialkrem n\u00e5r huden utsettes for ekstra slitasje og utt\u00f8rking. For eksempel hvis du vasker hendene ofte, eller jobber med kalde, v\u00e5te eller veldig t\u00f8rre materialer.<\/li><\/ul>\n<\/div><\/details>\n\n\n\n<details class=\"wp-block-karopharma-accordion\"><summary><h2 class=\"accordion-title\">Bruk<\/h2><\/summary><div class=\"accordion-content\">\n<p>Locobase Protect kan brukes etter behov og p\u00e5f\u00f8res flere ganger daglig p\u00e5 hele kroppen \u2013 ogs\u00e5 ansiktet. Sm\u00f8r den t\u00f8rre huden 3-4 ganger om dagen. Dette er vanligvis nok til at hudbarrieren er intakt i 24 timer. Du kan sm\u00f8re deg oftere hvis du f\u00f8ler det er n\u00f8dvendig eller f\u00f8ler deg komfortabel.<\/p>\n<\/div><\/details>\n\n\n\n<details class=\"wp-block-karopharma-accordion\"><summary><h2 class=\"accordion-title\">Ingredienser<\/h2><\/summary><div class=\"accordion-content\">\n<p>Locobase Protect er en vannbasert krem \u200b\u200bmed 70 % fett.<\/p>\n\n\n\n<figure class=\"wp-block-table\"><table><tbody><tr><td><strong>Ingredienser<\/strong><\/td><\/tr><tr><td>Petrolatum<\/td><\/tr><tr><td>Vann<\/td><\/tr><tr><td>Paraffinum Liquidum<\/td><\/tr><tr><td>Cetearyl Alcohol<\/td><\/tr><tr><td>Ceteareth-25<\/td><\/tr><tr><td>Methylparaben<\/td><\/tr><tr><td>Citric Acid<\/td><\/tr><tr><td>Sodium Citrate<\/td><\/tr><\/tbody><\/table><\/figure>\n<\/div><\/details>\n\n\n\n<details class=\"wp-block-karopharma-accordion\"><summary><h2 class=\"accordion-title\">Tips<\/h2><\/summary><div class=\"accordion-content\">\n<p>Huden har en tendens til \u00e5 bli ekstra t\u00f8rr hvis den utsettes for store forskjeller i temperatur eller fuktighet. S\u00f8rg derfor for \u00e5 sm\u00f8re alle t\u00f8rre hudomr\u00e5der for \u00e5 holde huden myk og smidig. Hender, albuer, kn\u00e6r og f\u00f8tter er spesielt utsatte omr\u00e5der.<\/p>\n\n\n\n<p>Det er ekstra viktig \u00e5 sm\u00f8re seg n\u00e5r det er kaldt ute. Bruk rikelig med Locobase Protect p\u00e5 utsatte omr\u00e5der i ca. ti minutter f\u00f8r du g\u00e5r ut i kulden. P\u00e5 denne m\u00e5ten beskytter du deg mot b\u00e5de utt\u00f8rking og frostskader.<\/p>\n<\/div><\/details>\n<\/div><\/div>\n","protected":false},"excerpt":{"rendered":"<p>Hele familiens spesialkrem for t\u00f8rr og sensitiv hud<\/p>\n","protected":false},"featured_media":92,"comment_status":"open","ping_status":"closed","template":"","meta":{"_acf_changed":false,"footnotes":""},"product_brand":[],"product_cat":[20],"product_tag":[],"class_list":{"0":"post-71","1":"product","2":"type-product","3":"status-publish","4":"has-post-thumbnail","6":"product_cat-protect","8":"first","9":"instock","10":"shipping-taxable","11":"product-type-simple"},"acf":[],"yoast_head":"<!-- This site is optimized with the Yoast SEO plugin v26.6 - https:\/\/yoast.com\/wordpress\/plugins\/seo\/ -->\n<title>Locobase Protect - Locobase<\/title>\n<meta name=\"description\" content=\"Ved t\u00f8rr og sv\u00e6rt t\u00f8rr hud b\u00f8r man bruke en Fet krem med minst 60 % fett. Locobase Fet krem er en vannbasert krem med hele 70 % fett som \u00f8ker hudens elastisitet og fuktinnhold.\" \/>\n<meta name=\"robots\" content=\"index, follow, max-snippet:-1, max-image-preview:large, max-video-preview:-1\" \/>\n<link rel=\"canonical\" href=\"https:\/\/locobase.com\/no\/produkt\/locobase-protect\/\" \/>\n<meta property=\"og:locale\" content=\"nb_NO\" \/>\n<meta property=\"og:type\" content=\"article\" \/>\n<meta property=\"og:title\" content=\"Locobase Protect - Locobase\" \/>\n<meta property=\"og:description\" content=\"Ved t\u00f8rr og sv\u00e6rt t\u00f8rr hud b\u00f8r man bruke en Fet krem med minst 60 % fett. Locobase Fet krem er en vannbasert krem med hele 70 % fett som \u00f8ker hudens elastisitet og fuktinnhold.\" \/>\n<meta property=\"og:url\" content=\"https:\/\/locobase.com\/no\/produkt\/locobase-protect\/\" \/>\n<meta property=\"og:site_name\" content=\"Locobase\" \/>\n<meta property=\"article:modified_time\" content=\"2025-10-15T08:08:23+00:00\" \/>\n<meta property=\"og:image\" content=\"https:\/\/locobase.com\/app\/uploads\/sites\/3\/2022\/06\/Locobase_Protect_100g_NC_front.png\" \/>\n\t<meta property=\"og:image:width\" content=\"1184\" \/>\n\t<meta property=\"og:image:height\" content=\"1200\" \/>\n\t<meta property=\"og:image:type\" content=\"image\/png\" \/>\n<meta name=\"twitter:card\" content=\"summary_large_image\" \/>\n<meta name=\"twitter:label1\" content=\"Ansl. lesetid\" \/>\n\t<meta name=\"twitter:data1\" content=\"2 minutter\" \/>\n<script type=\"application\/ld+json\" class=\"yoast-schema-graph\">{\"@context\":\"https:\/\/schema.org\",\"@graph\":[{\"@type\":\"WebPage\",\"@id\":\"https:\/\/locobase.com\/no\/produkt\/locobase-protect\/\",\"url\":\"https:\/\/locobase.com\/no\/produkt\/locobase-protect\/\",\"name\":\"Locobase Protect - Locobase\",\"isPartOf\":{\"@id\":\"https:\/\/locobase.com\/no\/#website\"},\"primaryImageOfPage\":{\"@id\":\"https:\/\/locobase.com\/no\/produkt\/locobase-protect\/#primaryimage\"},\"image\":{\"@id\":\"https:\/\/locobase.com\/no\/produkt\/locobase-protect\/#primaryimage\"},\"thumbnailUrl\":\"https:\/\/locobase.com\/app\/uploads\/sites\/3\/2022\/06\/Locobase_Protect_100g_NC_front.png\",\"datePublished\":\"2022-06-02T05:48:06+00:00\",\"dateModified\":\"2025-10-15T08:08:23+00:00\",\"description\":\"Ved t\u00f8rr og sv\u00e6rt t\u00f8rr hud b\u00f8r man bruke en Fet krem med minst 60 % fett. Locobase Fet krem er en vannbasert krem med hele 70 % fett som \u00f8ker hudens elastisitet og fuktinnhold.\",\"breadcrumb\":{\"@id\":\"https:\/\/locobase.com\/no\/produkt\/locobase-protect\/#breadcrumb\"},\"inLanguage\":\"nb-NO\",\"potentialAction\":[{\"@type\":\"ReadAction\",\"target\":[\"https:\/\/locobase.com\/no\/produkt\/locobase-protect\/\"]}]},{\"@type\":\"ImageObject\",\"inLanguage\":\"nb-NO\",\"@id\":\"https:\/\/locobase.com\/no\/produkt\/locobase-protect\/#primaryimage\",\"url\":\"https:\/\/locobase.com\/app\/uploads\/sites\/3\/2022\/06\/Locobase_Protect_100g_NC_front.png\",\"contentUrl\":\"https:\/\/locobase.com\/app\/uploads\/sites\/3\/2022\/06\/Locobase_Protect_100g_NC_front.png\",\"width\":1184,\"height\":1200,\"caption\":\"LocobaLocobase Protect 100gse_Protect_100g_NC_front\"},{\"@type\":\"BreadcrumbList\",\"@id\":\"https:\/\/locobase.com\/no\/produkt\/locobase-protect\/#breadcrumb\",\"itemListElement\":[{\"@type\":\"ListItem\",\"position\":1,\"name\":\"Home\",\"item\":\"https:\/\/locobase.com\/no\/\"},{\"@type\":\"ListItem\",\"position\":2,\"name\":\"Produkter\",\"item\":\"https:\/\/locobase.com\/no\/produkter\/\"},{\"@type\":\"ListItem\",\"position\":3,\"name\":\"Locobase Protect\"}]},{\"@type\":\"WebSite\",\"@id\":\"https:\/\/locobase.com\/no\/#website\",\"url\":\"https:\/\/locobase.com\/no\/\",\"name\":\"Locobase\",\"description\":\"\",\"publisher\":{\"@id\":\"https:\/\/locobase.com\/no\/#organization\"},\"potentialAction\":[{\"@type\":\"SearchAction\",\"target\":{\"@type\":\"EntryPoint\",\"urlTemplate\":\"https:\/\/locobase.com\/no\/?s={search_term_string}\"},\"query-input\":{\"@type\":\"PropertyValueSpecification\",\"valueRequired\":true,\"valueName\":\"search_term_string\"}}],\"inLanguage\":\"nb-NO\"},{\"@type\":\"Organization\",\"@id\":\"https:\/\/locobase.com\/no\/#organization\",\"name\":\"Locobase\",\"url\":\"https:\/\/locobase.com\/no\/\",\"logo\":{\"@type\":\"ImageObject\",\"inLanguage\":\"nb-NO\",\"@id\":\"https:\/\/locobase.com\/no\/#\/schema\/logo\/image\/\",\"url\":\"https:\/\/locobase.com\/app\/uploads\/sites\/3\/2022\/05\/logo.png\",\"contentUrl\":\"https:\/\/locobase.com\/app\/uploads\/sites\/3\/2022\/05\/logo.png\",\"width\":163,\"height\":32,\"caption\":\"Locobase\"},\"image\":{\"@id\":\"https:\/\/locobase.com\/no\/#\/schema\/logo\/image\/\"}}]}<\/script>\n<!-- \/ Yoast SEO plugin. -->","yoast_head_json":{"title":"Locobase Protect - Locobase","description":"Ved t\u00f8rr og sv\u00e6rt t\u00f8rr hud b\u00f8r man bruke en Fet krem med minst 60 % fett. Locobase Fet krem er en vannbasert krem med hele 70 % fett som \u00f8ker hudens elastisitet og fuktinnhold.","robots":{"index":"index","follow":"follow","max-snippet":"max-snippet:-1","max-image-preview":"max-image-preview:large","max-video-preview":"max-video-preview:-1"},"canonical":"https:\/\/locobase.com\/no\/produkt\/locobase-protect\/","og_locale":"nb_NO","og_type":"article","og_title":"Locobase Protect - Locobase","og_description":"Ved t\u00f8rr og sv\u00e6rt t\u00f8rr hud b\u00f8r man bruke en Fet krem med minst 60 % fett. Locobase Fet krem er en vannbasert krem med hele 70 % fett som \u00f8ker hudens elastisitet og fuktinnhold.","og_url":"https:\/\/locobase.com\/no\/produkt\/locobase-protect\/","og_site_name":"Locobase","article_modified_time":"2025-10-15T08:08:23+00:00","og_image":[{"width":1184,"height":1200,"url":"https:\/\/locobase.com\/app\/uploads\/sites\/3\/2022\/06\/Locobase_Protect_100g_NC_front.png","type":"image\/png"}],"twitter_card":"summary_large_image","twitter_misc":{"Ansl. lesetid":"2 minutter"},"schema":{"@context":"https:\/\/schema.org","@graph":[{"@type":"WebPage","@id":"https:\/\/locobase.com\/no\/produkt\/locobase-protect\/","url":"https:\/\/locobase.com\/no\/produkt\/locobase-protect\/","name":"Locobase Protect - Locobase","isPartOf":{"@id":"https:\/\/locobase.com\/no\/#website"},"primaryImageOfPage":{"@id":"https:\/\/locobase.com\/no\/produkt\/locobase-protect\/#primaryimage"},"image":{"@id":"https:\/\/locobase.com\/no\/produkt\/locobase-protect\/#primaryimage"},"thumbnailUrl":"https:\/\/locobase.com\/app\/uploads\/sites\/3\/2022\/06\/Locobase_Protect_100g_NC_front.png","datePublished":"2022-06-02T05:48:06+00:00","dateModified":"2025-10-15T08:08:23+00:00","description":"Ved t\u00f8rr og sv\u00e6rt t\u00f8rr hud b\u00f8r man bruke en Fet krem med minst 60 % fett. Locobase Fet krem er en vannbasert krem med hele 70 % fett som \u00f8ker hudens elastisitet og fuktinnhold.","breadcrumb":{"@id":"https:\/\/locobase.com\/no\/produkt\/locobase-protect\/#breadcrumb"},"inLanguage":"nb-NO","potentialAction":[{"@type":"ReadAction","target":["https:\/\/locobase.com\/no\/produkt\/locobase-protect\/"]}]},{"@type":"ImageObject","inLanguage":"nb-NO","@id":"https:\/\/locobase.com\/no\/produkt\/locobase-protect\/#primaryimage","url":"https:\/\/locobase.com\/app\/uploads\/sites\/3\/2022\/06\/Locobase_Protect_100g_NC_front.png","contentUrl":"https:\/\/locobase.com\/app\/uploads\/sites\/3\/2022\/06\/Locobase_Protect_100g_NC_front.png","width":1184,"height":1200,"caption":"LocobaLocobase Protect 100gse_Protect_100g_NC_front"},{"@type":"BreadcrumbList","@id":"https:\/\/locobase.com\/no\/produkt\/locobase-protect\/#breadcrumb","itemListElement":[{"@type":"ListItem","position":1,"name":"Home","item":"https:\/\/locobase.com\/no\/"},{"@type":"ListItem","position":2,"name":"Produkter","item":"https:\/\/locobase.com\/no\/produkter\/"},{"@type":"ListItem","position":3,"name":"Locobase Protect"}]},{"@type":"WebSite","@id":"https:\/\/locobase.com\/no\/#website","url":"https:\/\/locobase.com\/no\/","name":"Locobase","description":"","publisher":{"@id":"https:\/\/locobase.com\/no\/#organization"},"potentialAction":[{"@type":"SearchAction","target":{"@type":"EntryPoint","urlTemplate":"https:\/\/locobase.com\/no\/?s={search_term_string}"},"query-input":{"@type":"PropertyValueSpecification","valueRequired":true,"valueName":"search_term_string"}}],"inLanguage":"nb-NO"},{"@type":"Organization","@id":"https:\/\/locobase.com\/no\/#organization","name":"Locobase","url":"https:\/\/locobase.com\/no\/","logo":{"@type":"ImageObject","inLanguage":"nb-NO","@id":"https:\/\/locobase.com\/no\/#\/schema\/logo\/image\/","url":"https:\/\/locobase.com\/app\/uploads\/sites\/3\/2022\/05\/logo.png","contentUrl":"https:\/\/locobase.com\/app\/uploads\/sites\/3\/2022\/05\/logo.png","width":163,"height":32,"caption":"Locobase"},"image":{"@id":"https:\/\/locobase.com\/no\/#\/schema\/logo\/image\/"}}]}},"_links":{"self":[{"href":"https:\/\/locobase.com\/no\/wp-json\/wp\/v2\/product\/71","targetHints":{"allow":["GET"]}}],"collection":[{"href":"https:\/\/locobase.com\/no\/wp-json\/wp\/v2\/product"}],"about":[{"href":"https:\/\/locobase.com\/no\/wp-json\/wp\/v2\/types\/product"}],"replies":[{"embeddable":true,"href":"https:\/\/locobase.com\/no\/wp-json\/wp\/v2\/comments?post=71"}],"version-history":[{"count":10,"href":"https:\/\/locobase.com\/no\/wp-json\/wp\/v2\/product\/71\/revisions"}],"predecessor-version":[{"id":286,"href":"https:\/\/locobase.com\/no\/wp-json\/wp\/v2\/product\/71\/revisions\/286"}],"wp:featuredmedia":[{"embeddable":true,"href":"https:\/\/locobase.com\/no\/wp-json\/wp\/v2\/media\/92"}],"wp:attachment":[{"href":"https:\/\/locobase.com\/no\/wp-json\/wp\/v2\/media?parent=71"}],"wp:term":[{"taxonomy":"product_brand","embeddable":true,"href":"https:\/\/locobase.com\/no\/wp-json\/wp\/v2\/product_brand?post=71"},{"taxonomy":"product_cat","embeddable":true,"href":"https:\/\/locobase.com\/no\/wp-json\/wp\/v2\/product_cat?post=71"},{"taxonomy":"product_tag","embeddable":true,"href":"https:\/\/locobase.com\/no\/wp-json\/wp\/v2\/product_tag?post=71"}],"curies":[{"name":"wp","href":"https:\/\/api.w.org\/{rel}","templated":true}]}}