{"id":75,"date":"2022-06-02T07:52:11","date_gmt":"2022-06-02T05:52:11","guid":{"rendered":"https:\/\/locobase.com\/no\/?post_type=product&#038;p=75"},"modified":"2025-10-15T10:09:28","modified_gmt":"2025-10-15T08:09:28","slug":"locobase-renew","status":"publish","type":"product","link":"https:\/\/locobase.com\/no\/produkt\/locobase-renew\/","title":{"rendered":"Locobase Renew"},"content":{"rendered":"\n<div class=\"wp-block-karopharma-accordions is-style-secondary\"><div class=\"container\">\n<details class=\"wp-block-karopharma-accordion\"><summary><h2 class=\"accordion-title\">Bruk<\/h2><\/summary><div class=\"accordion-content\">\n<p>Hvis legen ikke har forskrevet en annen dose:<br><em>Voksne og barn: <\/em>Kremen p\u00e5f\u00f8res 1-2 ganger daglig p\u00e5 den fortykkede, t\u00f8rre og\/eller harde huden, helst umiddelbart etter et bad eller dusj.<\/p>\n\n\n\n<p>Kremen p\u00e5f\u00f8res 1-2 ganger daglig p\u00e5 den fortykkede, t\u00f8rre og\/eller harde huden, helst umiddelbart etter et bad eller dusj.<\/p>\n\n\n\n<p><em>N\u00e5r du bruker Locobase Renew 490 g:<\/em>  For \u00e5 f\u00e5 den beste pumpeeffekten b\u00f8r du av og til sl\u00e5 boksen mot en fast overflate f\u00f8r bruk.<\/p>\n<\/div><\/details>\n\n\n\n<details class=\"wp-block-karopharma-accordion\"><summary><h2 class=\"accordion-title\">Ingredienser<\/h2><\/summary><div class=\"accordion-content\">\n<p>De aktive ingrediensene er propylenglykol (200 mg\/g) og melkesyre (45 mg\/g).<\/p>\n\n\n\n<figure class=\"wp-block-table\"><table><tbody><tr><td><strong>Ingredienser<\/strong><\/td><\/tr><tr><td>Propylenglykol<\/td><\/tr><tr><td>M\u00e6lkesyre<\/td><\/tr><tr><td>Cetostearylalkohol<\/td><\/tr><tr><td>Makrogolcetostearyleter<\/td><\/tr><tr><td>Flydende paraffin<\/td><\/tr><tr><td>Hvid vaseline<\/td><\/tr><tr><td>Vattenfri citronsyra (E330)<\/td><\/tr><tr><td>Vattenfritt natriumcitrat<\/td><\/tr><tr><td>Metylparahydroxibensoat (E218)<\/td><\/tr><tr><td>Demineraliseret vand<\/td><\/tr><\/tbody><\/table><\/figure>\n<\/div><\/details>\n\n\n\n<details class=\"wp-block-karopharma-accordion\"><summary><h2 class=\"accordion-title\">Annet<\/h2><\/summary><div class=\"accordion-content\">\n<p>Locobase Renew b\u00f8r ikke brukes hvis du er allergisk (overf\u00f8lsom) overfor melkesyre, propylenglykol eller noen av de andre ingrediensene.<\/p>\n\n\n\n<p>Ikke bruk Locobase Renew i \u00f8regangene eller p\u00e5 \u00e5pne s\u00e5r eller p\u00e5 sterkt skadet hud, som brent hud. I tilfelle av et uhell, skyll med rikelig med vann.<\/p>\n\n\n\n<p>Locobase Renew kan brukes under graviditet. For \u00e5 forhindre at barnet un\u00f8dvendig inntar propylenglykol og melkesyre, b\u00f8r kremen ikke p\u00e5f\u00f8res brystvortene under amming.<\/p>\n\n\n\n<p><em>Locobase Renew brukes som en peeling og mykgj\u00f8rende behandling for fortykket, t\u00f8rr og hard hud. Brukes ved ichthyosis, hvis du tidligere er blitt diagnostisert og behandlet av en lege og har behov for ytterligere behandling. Ikke bruk Locobase Renew i \u00f8regangene, i \u00f8ynene, i \u00e5pne s\u00e5r eller p\u00e5 alvorlig skadet hud, som brent hud. Hvis du merker nye unormaliteter i huden din, b\u00f8r du kontakte legen din. Les pakningsvedlegget f\u00f8r du bruker Locobase Renew. Locobase Renew er tilgjengelig i st\u00f8rrelsene 100 og 490 gram (uten resept).<\/em><\/p>\n<\/div><\/details>\n<\/div><\/div>\n","protected":false},"excerpt":{"rendered":"<p>Fjerner t\u00f8rr, hard, tykk og skjellete hud<\/p>\n","protected":false},"featured_media":76,"comment_status":"open","ping_status":"closed","template":"","meta":{"_acf_changed":false,"footnotes":""},"product_brand":[],"product_cat":[21],"product_tag":[],"class_list":{"0":"post-75","1":"product","2":"type-product","3":"status-publish","4":"has-post-thumbnail","6":"product_cat-renew","8":"first","9":"instock","10":"shipping-taxable","11":"product-type-simple"},"acf":[],"yoast_head":"<!-- This site is optimized with the Yoast SEO plugin v26.6 - https:\/\/yoast.com\/wordpress\/plugins\/seo\/ -->\n<title>Locobase Renew - Locobase<\/title>\n<meta name=\"description\" content=\"Locobase Renew bidrar til \u00e5 fjerne t\u00f8rr, hard, tykk og skjellete hud og er s\u00e6rlig formulert for utsatte hudomr\u00e5der som bryst, rygg, armer, albuer, ben, h\u00e6ler, fots\u00e5ler, h\u00e5ndflater og\/eller hodebunn.\" \/>\n<meta name=\"robots\" content=\"index, follow, max-snippet:-1, max-image-preview:large, max-video-preview:-1\" \/>\n<link rel=\"canonical\" href=\"https:\/\/locobase.com\/no\/produkt\/locobase-renew\/\" \/>\n<meta property=\"og:locale\" content=\"nb_NO\" \/>\n<meta property=\"og:type\" content=\"article\" \/>\n<meta property=\"og:title\" content=\"Locobase Renew - Locobase\" \/>\n<meta property=\"og:description\" content=\"Locobase Renew bidrar til \u00e5 fjerne t\u00f8rr, hard, tykk og skjellete hud og er s\u00e6rlig formulert for utsatte hudomr\u00e5der som bryst, rygg, armer, albuer, ben, h\u00e6ler, fots\u00e5ler, h\u00e5ndflater og\/eller hodebunn.\" \/>\n<meta property=\"og:url\" content=\"https:\/\/locobase.com\/no\/produkt\/locobase-renew\/\" \/>\n<meta property=\"og:site_name\" content=\"Locobase\" \/>\n<meta property=\"article:modified_time\" content=\"2025-10-15T08:09:28+00:00\" \/>\n<meta property=\"og:image\" content=\"https:\/\/locobase.com\/app\/uploads\/sites\/3\/2022\/06\/Locobase-Renew-100g.png\" \/>\n\t<meta property=\"og:image:width\" content=\"1200\" \/>\n\t<meta property=\"og:image:height\" content=\"1200\" \/>\n\t<meta property=\"og:image:type\" content=\"image\/png\" \/>\n<meta name=\"twitter:card\" content=\"summary_large_image\" \/>\n<meta name=\"twitter:label1\" content=\"Ansl. lesetid\" \/>\n\t<meta name=\"twitter:data1\" content=\"2 minutter\" \/>\n<script type=\"application\/ld+json\" class=\"yoast-schema-graph\">{\"@context\":\"https:\/\/schema.org\",\"@graph\":[{\"@type\":\"WebPage\",\"@id\":\"https:\/\/locobase.com\/no\/produkt\/locobase-renew\/\",\"url\":\"https:\/\/locobase.com\/no\/produkt\/locobase-renew\/\",\"name\":\"Locobase Renew - Locobase\",\"isPartOf\":{\"@id\":\"https:\/\/locobase.com\/no\/#website\"},\"primaryImageOfPage\":{\"@id\":\"https:\/\/locobase.com\/no\/produkt\/locobase-renew\/#primaryimage\"},\"image\":{\"@id\":\"https:\/\/locobase.com\/no\/produkt\/locobase-renew\/#primaryimage\"},\"thumbnailUrl\":\"https:\/\/locobase.com\/app\/uploads\/sites\/3\/2022\/06\/Locobase-Renew-100g.png\",\"datePublished\":\"2022-06-02T05:52:11+00:00\",\"dateModified\":\"2025-10-15T08:09:28+00:00\",\"description\":\"Locobase Renew bidrar til \u00e5 fjerne t\u00f8rr, hard, tykk og skjellete hud og er s\u00e6rlig formulert for utsatte hudomr\u00e5der som bryst, rygg, armer, albuer, ben, h\u00e6ler, fots\u00e5ler, h\u00e5ndflater og\/eller hodebunn.\",\"breadcrumb\":{\"@id\":\"https:\/\/locobase.com\/no\/produkt\/locobase-renew\/#breadcrumb\"},\"inLanguage\":\"nb-NO\",\"potentialAction\":[{\"@type\":\"ReadAction\",\"target\":[\"https:\/\/locobase.com\/no\/produkt\/locobase-renew\/\"]}]},{\"@type\":\"ImageObject\",\"inLanguage\":\"nb-NO\",\"@id\":\"https:\/\/locobase.com\/no\/produkt\/locobase-renew\/#primaryimage\",\"url\":\"https:\/\/locobase.com\/app\/uploads\/sites\/3\/2022\/06\/Locobase-Renew-100g.png\",\"contentUrl\":\"https:\/\/locobase.com\/app\/uploads\/sites\/3\/2022\/06\/Locobase-Renew-100g.png\",\"width\":1200,\"height\":1200,\"caption\":\"Locobase Renew 100g\"},{\"@type\":\"BreadcrumbList\",\"@id\":\"https:\/\/locobase.com\/no\/produkt\/locobase-renew\/#breadcrumb\",\"itemListElement\":[{\"@type\":\"ListItem\",\"position\":1,\"name\":\"Home\",\"item\":\"https:\/\/locobase.com\/no\/\"},{\"@type\":\"ListItem\",\"position\":2,\"name\":\"Produkter\",\"item\":\"https:\/\/locobase.com\/no\/produkter\/\"},{\"@type\":\"ListItem\",\"position\":3,\"name\":\"Locobase Renew\"}]},{\"@type\":\"WebSite\",\"@id\":\"https:\/\/locobase.com\/no\/#website\",\"url\":\"https:\/\/locobase.com\/no\/\",\"name\":\"Locobase\",\"description\":\"\",\"publisher\":{\"@id\":\"https:\/\/locobase.com\/no\/#organization\"},\"potentialAction\":[{\"@type\":\"SearchAction\",\"target\":{\"@type\":\"EntryPoint\",\"urlTemplate\":\"https:\/\/locobase.com\/no\/?s={search_term_string}\"},\"query-input\":{\"@type\":\"PropertyValueSpecification\",\"valueRequired\":true,\"valueName\":\"search_term_string\"}}],\"inLanguage\":\"nb-NO\"},{\"@type\":\"Organization\",\"@id\":\"https:\/\/locobase.com\/no\/#organization\",\"name\":\"Locobase\",\"url\":\"https:\/\/locobase.com\/no\/\",\"logo\":{\"@type\":\"ImageObject\",\"inLanguage\":\"nb-NO\",\"@id\":\"https:\/\/locobase.com\/no\/#\/schema\/logo\/image\/\",\"url\":\"https:\/\/locobase.com\/app\/uploads\/sites\/3\/2022\/05\/logo.png\",\"contentUrl\":\"https:\/\/locobase.com\/app\/uploads\/sites\/3\/2022\/05\/logo.png\",\"width\":163,\"height\":32,\"caption\":\"Locobase\"},\"image\":{\"@id\":\"https:\/\/locobase.com\/no\/#\/schema\/logo\/image\/\"}}]}<\/script>\n<!-- \/ Yoast SEO plugin. -->","yoast_head_json":{"title":"Locobase Renew - Locobase","description":"Locobase Renew bidrar til \u00e5 fjerne t\u00f8rr, hard, tykk og skjellete hud og er s\u00e6rlig formulert for utsatte hudomr\u00e5der som bryst, rygg, armer, albuer, ben, h\u00e6ler, fots\u00e5ler, h\u00e5ndflater og\/eller hodebunn.","robots":{"index":"index","follow":"follow","max-snippet":"max-snippet:-1","max-image-preview":"max-image-preview:large","max-video-preview":"max-video-preview:-1"},"canonical":"https:\/\/locobase.com\/no\/produkt\/locobase-renew\/","og_locale":"nb_NO","og_type":"article","og_title":"Locobase Renew - Locobase","og_description":"Locobase Renew bidrar til \u00e5 fjerne t\u00f8rr, hard, tykk og skjellete hud og er s\u00e6rlig formulert for utsatte hudomr\u00e5der som bryst, rygg, armer, albuer, ben, h\u00e6ler, fots\u00e5ler, h\u00e5ndflater og\/eller hodebunn.","og_url":"https:\/\/locobase.com\/no\/produkt\/locobase-renew\/","og_site_name":"Locobase","article_modified_time":"2025-10-15T08:09:28+00:00","og_image":[{"width":1200,"height":1200,"url":"https:\/\/locobase.com\/app\/uploads\/sites\/3\/2022\/06\/Locobase-Renew-100g.png","type":"image\/png"}],"twitter_card":"summary_large_image","twitter_misc":{"Ansl. lesetid":"2 minutter"},"schema":{"@context":"https:\/\/schema.org","@graph":[{"@type":"WebPage","@id":"https:\/\/locobase.com\/no\/produkt\/locobase-renew\/","url":"https:\/\/locobase.com\/no\/produkt\/locobase-renew\/","name":"Locobase Renew - Locobase","isPartOf":{"@id":"https:\/\/locobase.com\/no\/#website"},"primaryImageOfPage":{"@id":"https:\/\/locobase.com\/no\/produkt\/locobase-renew\/#primaryimage"},"image":{"@id":"https:\/\/locobase.com\/no\/produkt\/locobase-renew\/#primaryimage"},"thumbnailUrl":"https:\/\/locobase.com\/app\/uploads\/sites\/3\/2022\/06\/Locobase-Renew-100g.png","datePublished":"2022-06-02T05:52:11+00:00","dateModified":"2025-10-15T08:09:28+00:00","description":"Locobase Renew bidrar til \u00e5 fjerne t\u00f8rr, hard, tykk og skjellete hud og er s\u00e6rlig formulert for utsatte hudomr\u00e5der som bryst, rygg, armer, albuer, ben, h\u00e6ler, fots\u00e5ler, h\u00e5ndflater og\/eller hodebunn.","breadcrumb":{"@id":"https:\/\/locobase.com\/no\/produkt\/locobase-renew\/#breadcrumb"},"inLanguage":"nb-NO","potentialAction":[{"@type":"ReadAction","target":["https:\/\/locobase.com\/no\/produkt\/locobase-renew\/"]}]},{"@type":"ImageObject","inLanguage":"nb-NO","@id":"https:\/\/locobase.com\/no\/produkt\/locobase-renew\/#primaryimage","url":"https:\/\/locobase.com\/app\/uploads\/sites\/3\/2022\/06\/Locobase-Renew-100g.png","contentUrl":"https:\/\/locobase.com\/app\/uploads\/sites\/3\/2022\/06\/Locobase-Renew-100g.png","width":1200,"height":1200,"caption":"Locobase Renew 100g"},{"@type":"BreadcrumbList","@id":"https:\/\/locobase.com\/no\/produkt\/locobase-renew\/#breadcrumb","itemListElement":[{"@type":"ListItem","position":1,"name":"Home","item":"https:\/\/locobase.com\/no\/"},{"@type":"ListItem","position":2,"name":"Produkter","item":"https:\/\/locobase.com\/no\/produkter\/"},{"@type":"ListItem","position":3,"name":"Locobase Renew"}]},{"@type":"WebSite","@id":"https:\/\/locobase.com\/no\/#website","url":"https:\/\/locobase.com\/no\/","name":"Locobase","description":"","publisher":{"@id":"https:\/\/locobase.com\/no\/#organization"},"potentialAction":[{"@type":"SearchAction","target":{"@type":"EntryPoint","urlTemplate":"https:\/\/locobase.com\/no\/?s={search_term_string}"},"query-input":{"@type":"PropertyValueSpecification","valueRequired":true,"valueName":"search_term_string"}}],"inLanguage":"nb-NO"},{"@type":"Organization","@id":"https:\/\/locobase.com\/no\/#organization","name":"Locobase","url":"https:\/\/locobase.com\/no\/","logo":{"@type":"ImageObject","inLanguage":"nb-NO","@id":"https:\/\/locobase.com\/no\/#\/schema\/logo\/image\/","url":"https:\/\/locobase.com\/app\/uploads\/sites\/3\/2022\/05\/logo.png","contentUrl":"https:\/\/locobase.com\/app\/uploads\/sites\/3\/2022\/05\/logo.png","width":163,"height":32,"caption":"Locobase"},"image":{"@id":"https:\/\/locobase.com\/no\/#\/schema\/logo\/image\/"}}]}},"_links":{"self":[{"href":"https:\/\/locobase.com\/no\/wp-json\/wp\/v2\/product\/75","targetHints":{"allow":["GET"]}}],"collection":[{"href":"https:\/\/locobase.com\/no\/wp-json\/wp\/v2\/product"}],"about":[{"href":"https:\/\/locobase.com\/no\/wp-json\/wp\/v2\/types\/product"}],"replies":[{"embeddable":true,"href":"https:\/\/locobase.com\/no\/wp-json\/wp\/v2\/comments?post=75"}],"version-history":[{"count":10,"href":"https:\/\/locobase.com\/no\/wp-json\/wp\/v2\/product\/75\/revisions"}],"predecessor-version":[{"id":287,"href":"https:\/\/locobase.com\/no\/wp-json\/wp\/v2\/product\/75\/revisions\/287"}],"wp:featuredmedia":[{"embeddable":true,"href":"https:\/\/locobase.com\/no\/wp-json\/wp\/v2\/media\/76"}],"wp:attachment":[{"href":"https:\/\/locobase.com\/no\/wp-json\/wp\/v2\/media?parent=75"}],"wp:term":[{"taxonomy":"product_brand","embeddable":true,"href":"https:\/\/locobase.com\/no\/wp-json\/wp\/v2\/product_brand?post=75"},{"taxonomy":"product_cat","embeddable":true,"href":"https:\/\/locobase.com\/no\/wp-json\/wp\/v2\/product_cat?post=75"},{"taxonomy":"product_tag","embeddable":true,"href":"https:\/\/locobase.com\/no\/wp-json\/wp\/v2\/product_tag?post=75"}],"curies":[{"name":"wp","href":"https:\/\/api.w.org\/{rel}","templated":true}]}}