{"id":5,"date":"2025-09-26T06:21:57","date_gmt":"2025-09-26T06:21:57","guid":{"rendered":"https:\/\/locobase.com\/ro\/?page_id=5"},"modified":"2026-03-03T08:59:15","modified_gmt":"2026-03-03T08:59:15","slug":"locobase","status":"publish","type":"page","link":"https:\/\/locobase.com\/ro\/","title":{"rendered":"Locobase"},"content":{"rendered":"\n\n\n\n<div class=\"product-list wp-block-karopharma-product-list\" data-testid=\"product-list\">\n      <div class=\"swiper-container\">\n      <div class=\"swiper\">\n        <div class=\"swiper-wrapper\">\n                      <div class=\"swiper-slide\">\n              <div class=\"product-card\" data-testid=\"product-card\">\n  <a\n    href=https:\/\/locobase.com\/ro\/produs\/locobase-repair\/\n    class=\"product-card-link\"\n    title=\"Locobase Repair\"\n  >\n  <figure class=\"product-card-image\" data-testid=\"product-image\">\n                          <img decoding=\"async\" src=\"https:\/\/locobase.com\/cdn-cgi\/image\/width=700,format=auto\/app\/uploads\/sites\/11\/2025\/09\/locobase-repair.png\"\n        srcset=\"https:\/\/locobase.com\/cdn-cgi\/image\/width=250,format=auto\/app\/uploads\/sites\/11\/2025\/09\/locobase-repair.png 250w,\n                https:\/\/locobase.com\/cdn-cgi\/image\/width=500,format=auto\/app\/uploads\/sites\/11\/2025\/09\/locobase-repair.png 500w,\n                https:\/\/locobase.com\/cdn-cgi\/image\/width=700,format=auto\/app\/uploads\/sites\/11\/2025\/09\/locobase-repair.png 700w\"\n        sizes=\"(max-width: 400px) 250px, (max-width: 800px) 500px, 700px\"\n        alt=\"\"\n        class=\"img\">\n            <\/figure>\n    <div class=\"product-card-content\">\n      <div class=\"heading-wrapper\">\n        <h2 class=\"heading\">Locobase Repair<\/h2>\n      <\/div>\n      <div class=\"product-card-description\">Crem\u0103 special\u0103 pentru pielea foarte uscat\u0103, recomandat\u0103 ca adjuvant \u00een \u00eengrijirea pielii cu eczem\u0103 atopic\u0103.<\/div>\n                      <\/div>\n  <\/a>\n          <div class=\"button-wrapper buy-now \" data-testid=\"buy-now\">\n      <div class=\"buy-now-container dropdown-container\">\n      <div class=\"theme-button button-primary-color dropdown-link\" aria-label=\"Cump\u0103r\u0103 acum\">\n          Cump\u0103r\u0103 acum <i class=\"dropdown\"><\/i>\n      <\/div>\n      <ul class=\"reseller-list submenu\">\n                    <li>\n              <a\n                href=\"https:\/\/comenzi.bebetei.ro\/ingrijire-personala\/ingrijire-corp\/creme-si-lotiuni\/locobase-repair-crema-pentru-piele-uscata-30-ml-karo-p472049\" onclick=\"dataLayer.push({'event':'ga_event', 'eventCategory':'Click on Reseller', 'eventAction':'Bebe Tei', 'eventLabel':'Locobase Repair', 'eventValue': undefined})\" rel=\"noopener\" target=\"_blank\" title=\"Bebe Tei\"\n                data-testid=\"buy-now-reseller\">\n                <i class=\"fa-solid fa-arrow-right\"><\/i> Bebe Tei\n              <\/a>\n          <\/li>\n                    <li>\n              <a\n                href=\"https:\/\/comenzi.farmaciatei.ro\/ingrijire-personala\/ingrijire-corp\/creme-corp\/crema-pentru-piele-uscata-locobase-repair-30-g-karo-healthcare-p394452\" onclick=\"dataLayer.push({'event':'ga_event', 'eventCategory':'Click on Reseller', 'eventAction':'Farmacia Tei', 'eventLabel':'Locobase Repair', 'eventValue': undefined})\" rel=\"noopener\" target=\"_blank\" title=\"Farmacia Tei\"\n                data-testid=\"buy-now-reseller\">\n                <i class=\"fa-solid fa-arrow-right\"><\/i> Farmacia Tei\n              <\/a>\n          <\/li>\n                <\/ul>\n    <\/div>\n  <\/div>\n  <\/div>\n            <\/div>\n                      <div class=\"swiper-slide\">\n              <div class=\"product-card\" data-testid=\"product-card\">\n  <a\n    href=https:\/\/locobase.com\/ro\/produs\/locobase-protect\/\n    class=\"product-card-link\"\n    title=\"Locobase Protect\"\n  >\n  <figure class=\"product-card-image\" data-testid=\"product-image\">\n                          <img decoding=\"async\" src=\"https:\/\/locobase.com\/cdn-cgi\/image\/width=700,format=auto\/app\/uploads\/sites\/11\/2025\/09\/locobase-protect.png\"\n        srcset=\"https:\/\/locobase.com\/cdn-cgi\/image\/width=250,format=auto\/app\/uploads\/sites\/11\/2025\/09\/locobase-protect.png 250w,\n                https:\/\/locobase.com\/cdn-cgi\/image\/width=500,format=auto\/app\/uploads\/sites\/11\/2025\/09\/locobase-protect.png 500w,\n                https:\/\/locobase.com\/cdn-cgi\/image\/width=700,format=auto\/app\/uploads\/sites\/11\/2025\/09\/locobase-protect.png 700w\"\n        sizes=\"(max-width: 400px) 250px, (max-width: 800px) 500px, 700px\"\n        alt=\"Locobase Protect Cream\"\n        class=\"img\">\n            <\/figure>\n    <div class=\"product-card-content\">\n      <div class=\"heading-wrapper\">\n        <h2 class=\"heading\">Locobase Protect<\/h2>\n      <\/div>\n      <div class=\"product-card-description\">Crem\u0103 delicat\u0103 pentru \u00eengrijirea zilnic\u0103 a pielii uscate \u0219i sensibile \u2013 potrivit\u0103 pentru \u00eentreaga familie.<\/div>\n                      <\/div>\n  <\/a>\n          <div class=\"button-wrapper buy-now \" data-testid=\"buy-now\">\n      <div class=\"buy-now-container dropdown-container\">\n      <div class=\"theme-button button-primary-color dropdown-link\" aria-label=\"Cump\u0103r\u0103 acum\">\n          Cump\u0103r\u0103 acum <i class=\"dropdown\"><\/i>\n      <\/div>\n      <ul class=\"reseller-list submenu\">\n                    <li>\n              <a\n                href=\"https:\/\/www.farmaciaardealul.ro\/locobase-crema\" onclick=\"dataLayer.push({'event':'ga_event', 'eventCategory':'Click on Reseller', 'eventAction':'Ardealul', 'eventLabel':'Locobase Protect', 'eventValue': undefined})\" rel=\"noopener\" target=\"_blank\" title=\"Ardealul\"\n                data-testid=\"buy-now-reseller\">\n                <i class=\"fa-solid fa-arrow-right\"><\/i> Ardealul\n              <\/a>\n          <\/li>\n                    <li>\n              <a\n                href=\"https:\/\/comenzi.bebetei.ro\/ingrijire-personala\/ingrijire-corp\/creme-si-unguente\/locobase-crema-pentru-pielea-sensibila-100-ml-karo-healthcare-p468821\" onclick=\"dataLayer.push({'event':'ga_event', 'eventCategory':'Click on Reseller', 'eventAction':'Bebe Tei', 'eventLabel':'Locobase Protect', 'eventValue': undefined})\" rel=\"noopener\" target=\"_blank\" title=\"Bebe Tei\"\n                data-testid=\"buy-now-reseller\">\n                <i class=\"fa-solid fa-arrow-right\"><\/i> Bebe Tei\n              <\/a>\n          <\/li>\n                    <li>\n              <a\n                href=\"https:\/\/www.catena.ro\/locobase-crema-x-100-g\" onclick=\"dataLayer.push({'event':'ga_event', 'eventCategory':'Click on Reseller', 'eventAction':'Catena', 'eventLabel':'Locobase Protect', 'eventValue': undefined})\" rel=\"noopener\" target=\"_blank\" title=\"Catena\"\n                data-testid=\"buy-now-reseller\">\n                <i class=\"fa-solid fa-arrow-right\"><\/i> Catena\n              <\/a>\n          <\/li>\n                    <li>\n              <a\n                href=\"https:\/\/comenzi.farmaciatei.ro\/ingrijire-personala\/ingrijire-corp\/creme-corp\/crema-pentru-pielea-sensibila-locobase-protect-cream-100-g-karo-healthcare-p391044\" onclick=\"dataLayer.push({'event':'ga_event', 'eventCategory':'Click on Reseller', 'eventAction':'Farmacia Tei', 'eventLabel':'Locobase Protect', 'eventValue': undefined})\" rel=\"noopener\" target=\"_blank\" title=\"Farmacia Tei\"\n                data-testid=\"buy-now-reseller\">\n                <i class=\"fa-solid fa-arrow-right\"><\/i> Farmacia Tei\n              <\/a>\n          <\/li>\n                    <li>\n              <a\n                href=\"https:\/\/www.helpnet.ro\/locobase-crema-100g\" onclick=\"dataLayer.push({'event':'ga_event', 'eventCategory':'Click on Reseller', 'eventAction':'Help Net', 'eventLabel':'Locobase Protect', 'eventValue': undefined})\" rel=\"noopener\" target=\"_blank\" title=\"Help Net\"\n                data-testid=\"buy-now-reseller\">\n                <i class=\"fa-solid fa-arrow-right\"><\/i> Help Net\n              <\/a>\n          <\/li>\n                <\/ul>\n    <\/div>\n  <\/div>\n  <\/div>\n            <\/div>\n                  <\/div>\n        <div class=\"swiper-scrollbar\"><\/div>\n      <\/div>\n    <\/div>\n  <\/div>\n\n\n\n\n","protected":false},"excerpt":{"rendered":"","protected":false},"author":2,"featured_media":0,"parent":0,"menu_order":0,"comment_status":"closed","ping_status":"closed","template":"","meta":{"_acf_changed":false,"footnotes":""},"from-article-database":[],"class_list":["post-5","page","type-page","status-publish","hentry"],"acf":[],"yoast_head":"<!-- This site is optimized with the Yoast SEO plugin v26.6 - https:\/\/yoast.com\/wordpress\/plugins\/seo\/ -->\n<title>Locobase - Locobase<\/title>\n<meta name=\"description\" content=\"Suferi des de m\u00e2ini uscate, piele cr\u0103pat\u0103, c\u0103lc\u00e2ie cr\u0103pate, buze uscate sau piele descuamat\u0103 pe bra\u021be \u0219i picioare? Nu e\u0219ti singur. Din fericire, exist\u0103 o solu\u021bie.\" \/>\n<meta name=\"robots\" content=\"index, follow, max-snippet:-1, max-image-preview:large, max-video-preview:-1\" \/>\n<link rel=\"canonical\" href=\"https:\/\/locobase.com\/ro\/\" \/>\n<meta property=\"og:locale\" content=\"ro_RO\" \/>\n<meta property=\"og:type\" content=\"article\" \/>\n<meta property=\"og:title\" content=\"Locobase - Locobase\" \/>\n<meta property=\"og:description\" content=\"Suferi des de m\u00e2ini uscate, piele cr\u0103pat\u0103, c\u0103lc\u00e2ie cr\u0103pate, buze uscate sau piele descuamat\u0103 pe bra\u021be \u0219i picioare? Nu e\u0219ti singur. Din fericire, exist\u0103 o solu\u021bie.\" \/>\n<meta property=\"og:url\" content=\"https:\/\/locobase.com\/ro\/\" \/>\n<meta property=\"og:site_name\" content=\"Locobase\" \/>\n<meta property=\"article:modified_time\" content=\"2026-03-03T08:59:15+00:00\" \/>\n<meta name=\"twitter:card\" content=\"summary_large_image\" \/>\n<meta name=\"twitter:label1\" content=\"Timp estimat pentru citire\" \/>\n\t<meta name=\"twitter:data1\" content=\"1 minut\" \/>\n<script type=\"application\/ld+json\" class=\"yoast-schema-graph\">{\"@context\":\"https:\/\/schema.org\",\"@graph\":[{\"@type\":\"WebPage\",\"@id\":\"https:\/\/locobase.com\/ro\/\",\"url\":\"https:\/\/locobase.com\/ro\/\",\"name\":\"Locobase - Locobase\",\"isPartOf\":{\"@id\":\"https:\/\/locobase.com\/ro\/#website\"},\"datePublished\":\"2025-09-26T06:21:57+00:00\",\"dateModified\":\"2026-03-03T08:59:15+00:00\",\"description\":\"Suferi des de m\u00e2ini uscate, piele cr\u0103pat\u0103, c\u0103lc\u00e2ie cr\u0103pate, buze uscate sau piele descuamat\u0103 pe bra\u021be \u0219i picioare? Nu e\u0219ti singur. Din fericire, exist\u0103 o solu\u021bie.\",\"breadcrumb\":{\"@id\":\"https:\/\/locobase.com\/ro\/#breadcrumb\"},\"inLanguage\":\"ro-RO\",\"potentialAction\":[{\"@type\":\"ReadAction\",\"target\":[\"https:\/\/locobase.com\/ro\/\"]}]},{\"@type\":\"BreadcrumbList\",\"@id\":\"https:\/\/locobase.com\/ro\/#breadcrumb\",\"itemListElement\":[{\"@type\":\"ListItem\",\"position\":1,\"name\":\"Home\",\"item\":\"https:\/\/locobase.com\/ro\/\"},{\"@type\":\"ListItem\",\"position\":2,\"name\":\"Locobase\"}]},{\"@type\":\"WebSite\",\"@id\":\"https:\/\/locobase.com\/ro\/#website\",\"url\":\"https:\/\/locobase.com\/ro\/\",\"name\":\"Locobase\",\"description\":\"\",\"publisher\":{\"@id\":\"https:\/\/locobase.com\/ro\/#organization\"},\"potentialAction\":[{\"@type\":\"SearchAction\",\"target\":{\"@type\":\"EntryPoint\",\"urlTemplate\":\"https:\/\/locobase.com\/ro\/?s={search_term_string}\"},\"query-input\":{\"@type\":\"PropertyValueSpecification\",\"valueRequired\":true,\"valueName\":\"search_term_string\"}}],\"inLanguage\":\"ro-RO\"},{\"@type\":\"Organization\",\"@id\":\"https:\/\/locobase.com\/ro\/#organization\",\"name\":\"Locobase\",\"url\":\"https:\/\/locobase.com\/ro\/\",\"logo\":{\"@type\":\"ImageObject\",\"inLanguage\":\"ro-RO\",\"@id\":\"https:\/\/locobase.com\/ro\/#\/schema\/logo\/image\/\",\"url\":\"https:\/\/locobase.com\/app\/uploads\/sites\/11\/2025\/09\/logo.png\",\"contentUrl\":\"https:\/\/locobase.com\/app\/uploads\/sites\/11\/2025\/09\/logo.png\",\"width\":163,\"height\":32,\"caption\":\"Locobase\"},\"image\":{\"@id\":\"https:\/\/locobase.com\/ro\/#\/schema\/logo\/image\/\"}}]}<\/script>\n<!-- \/ Yoast SEO plugin. -->","yoast_head_json":{"title":"Locobase - Locobase","description":"Suferi des de m\u00e2ini uscate, piele cr\u0103pat\u0103, c\u0103lc\u00e2ie cr\u0103pate, buze uscate sau piele descuamat\u0103 pe bra\u021be \u0219i picioare? Nu e\u0219ti singur. Din fericire, exist\u0103 o solu\u021bie.","robots":{"index":"index","follow":"follow","max-snippet":"max-snippet:-1","max-image-preview":"max-image-preview:large","max-video-preview":"max-video-preview:-1"},"canonical":"https:\/\/locobase.com\/ro\/","og_locale":"ro_RO","og_type":"article","og_title":"Locobase - Locobase","og_description":"Suferi des de m\u00e2ini uscate, piele cr\u0103pat\u0103, c\u0103lc\u00e2ie cr\u0103pate, buze uscate sau piele descuamat\u0103 pe bra\u021be \u0219i picioare? Nu e\u0219ti singur. Din fericire, exist\u0103 o solu\u021bie.","og_url":"https:\/\/locobase.com\/ro\/","og_site_name":"Locobase","article_modified_time":"2026-03-03T08:59:15+00:00","twitter_card":"summary_large_image","twitter_misc":{"Timp estimat pentru citire":"1 minut"},"schema":{"@context":"https:\/\/schema.org","@graph":[{"@type":"WebPage","@id":"https:\/\/locobase.com\/ro\/","url":"https:\/\/locobase.com\/ro\/","name":"Locobase - Locobase","isPartOf":{"@id":"https:\/\/locobase.com\/ro\/#website"},"datePublished":"2025-09-26T06:21:57+00:00","dateModified":"2026-03-03T08:59:15+00:00","description":"Suferi des de m\u00e2ini uscate, piele cr\u0103pat\u0103, c\u0103lc\u00e2ie cr\u0103pate, buze uscate sau piele descuamat\u0103 pe bra\u021be \u0219i picioare? Nu e\u0219ti singur. Din fericire, exist\u0103 o solu\u021bie.","breadcrumb":{"@id":"https:\/\/locobase.com\/ro\/#breadcrumb"},"inLanguage":"ro-RO","potentialAction":[{"@type":"ReadAction","target":["https:\/\/locobase.com\/ro\/"]}]},{"@type":"BreadcrumbList","@id":"https:\/\/locobase.com\/ro\/#breadcrumb","itemListElement":[{"@type":"ListItem","position":1,"name":"Home","item":"https:\/\/locobase.com\/ro\/"},{"@type":"ListItem","position":2,"name":"Locobase"}]},{"@type":"WebSite","@id":"https:\/\/locobase.com\/ro\/#website","url":"https:\/\/locobase.com\/ro\/","name":"Locobase","description":"","publisher":{"@id":"https:\/\/locobase.com\/ro\/#organization"},"potentialAction":[{"@type":"SearchAction","target":{"@type":"EntryPoint","urlTemplate":"https:\/\/locobase.com\/ro\/?s={search_term_string}"},"query-input":{"@type":"PropertyValueSpecification","valueRequired":true,"valueName":"search_term_string"}}],"inLanguage":"ro-RO"},{"@type":"Organization","@id":"https:\/\/locobase.com\/ro\/#organization","name":"Locobase","url":"https:\/\/locobase.com\/ro\/","logo":{"@type":"ImageObject","inLanguage":"ro-RO","@id":"https:\/\/locobase.com\/ro\/#\/schema\/logo\/image\/","url":"https:\/\/locobase.com\/app\/uploads\/sites\/11\/2025\/09\/logo.png","contentUrl":"https:\/\/locobase.com\/app\/uploads\/sites\/11\/2025\/09\/logo.png","width":163,"height":32,"caption":"Locobase"},"image":{"@id":"https:\/\/locobase.com\/ro\/#\/schema\/logo\/image\/"}}]}},"_links":{"self":[{"href":"https:\/\/locobase.com\/ro\/wp-json\/wp\/v2\/pages\/5","targetHints":{"allow":["GET"]}}],"collection":[{"href":"https:\/\/locobase.com\/ro\/wp-json\/wp\/v2\/pages"}],"about":[{"href":"https:\/\/locobase.com\/ro\/wp-json\/wp\/v2\/types\/page"}],"author":[{"embeddable":true,"href":"https:\/\/locobase.com\/ro\/wp-json\/wp\/v2\/users\/2"}],"replies":[{"embeddable":true,"href":"https:\/\/locobase.com\/ro\/wp-json\/wp\/v2\/comments?post=5"}],"version-history":[{"count":3,"href":"https:\/\/locobase.com\/ro\/wp-json\/wp\/v2\/pages\/5\/revisions"}],"predecessor-version":[{"id":114,"href":"https:\/\/locobase.com\/ro\/wp-json\/wp\/v2\/pages\/5\/revisions\/114"}],"wp:attachment":[{"href":"https:\/\/locobase.com\/ro\/wp-json\/wp\/v2\/media?parent=5"}],"wp:term":[{"taxonomy":"from-article-database","embeddable":true,"href":"https:\/\/locobase.com\/ro\/wp-json\/wp\/v2\/from-article-database?post=5"}],"curies":[{"name":"wp","href":"https:\/\/api.w.org\/{rel}","templated":true}]}}