{"id":77,"date":"2025-09-26T08:02:08","date_gmt":"2025-09-26T08:02:08","guid":{"rendered":"https:\/\/locobase.com\/ro\/?page_id=77"},"modified":"2026-03-03T08:59:14","modified_gmt":"2026-03-03T08:59:14","slug":"despre-locobase","status":"publish","type":"page","link":"https:\/\/locobase.com\/ro\/despre-locobase\/","title":{"rendered":"Despre Locobase"},"content":{"rendered":"\n\n\n\n\n<div class=\"wp-block-karopharma-free-text pt-large pb-large bg-center bg-cover bg-no-repeat  undefined is-style-transparent\" style=\"background-image:url()\"><div class=\"free-text-wrapper container max-w-medium text-center\">\n<h2 class=\"wp-block-heading is-style-paragraph-body-text is-style-heading-h1\">A tr\u0103i cu o afec\u021biune a pielii, precum eczema, psoriazisul sau usc\u0103ciunea sever\u0103, poate fi frustrant.<\/h2>\n\n\n\n<p class=\"is-style-paragraph-body-text\">La Locobase, suntem profund dedica\u021bi \u00een\u021belegerii \u0219tiin\u021bei barierei cutanate. Recunoa\u0219tem faptul c\u0103 pielea poate reac\u021biona la diver\u0219i factori declan\u0219atori, care \u00eei pot perturba echilibrul natural. Misiunea noastr\u0103 este de a oferi solu\u021bii eficiente care refac func\u021bia de barier\u0103 a pielii, ajut\u00e2nd oamenii s\u0103 \u00ee\u0219i recapete o piele s\u0103n\u0103toas\u0103 \u0219i rezistent\u0103. Credem \u00eentr-o abordare bazat\u0103 pe \u0219tiin\u021b\u0103, folosind ingrediente sus\u021binute de dovezi clinice pentru rezultate rapide \u0219i de durat\u0103.<\/p>\n<\/div><\/div>\n\n\n\n<div class=\"wp-block-karopharma-product-promotion text-align-right pt-none pb-small bg-center bg-cover bg-no-repeat\" style=\"background-image:url()\"><div class=\"container max-w-large\">\n<div class=\"wp-block-group is-layout-flow wp-block-group-is-layout-flow\">\n<figure class=\"wp-block-karopharma-product-promotion-image product-promotion-image\"><img fetchpriority=\"high\" decoding=\"async\" datatest=\"image\" src=\"https:\/\/locobase.com\/cdn-cgi\/image\/format=auto\/app\/uploads\/sites\/11\/2025\/09\/developed-with-dermatologists.jpg\" loading=\"eager\" alt=\"developed-with-dermatologists\" width=\"800\" height=\"829\" srcset=\"https:\/\/locobase.com\/cdn-cgi\/image\/format=auto,width=584\/app\/uploads\/sites\/11\/2025\/09\/developed-with-dermatologists.jpg 584w, https:\/\/locobase.com\/cdn-cgi\/image\/format=auto,width=272\/app\/uploads\/sites\/11\/2025\/09\/developed-with-dermatologists.jpg 272w\" sizes=\"(max-width: 584px) 100vw, 584px\"\/><\/figure>\n<\/div>\n\n\n\n<div class=\"wp-block-group is-layout-flow wp-block-group-is-layout-flow\">\n<h2 class=\"wp-block-heading paragraph is-style-paragraph-preamble is-style-heading-h3\"><strong>Dezvoltat \u00eempreun\u0103 cu dermatologi<\/strong><\/h2>\n\n\n\n<p>Povestea Locobase a \u00eenceput \u00een 1993, c\u00e2nd un grup de dermatologi nordici, sus\u021binu\u021bi de cercet\u0103ri extinse la nivel de doctorat, au dezvoltat o formul\u0103 inovatoare de crem\u0103 emolient\u0103. Testat\u0103 pe piele foarte uscat\u0103, predispus\u0103 la eczeme \u0219i sensibil\u0103, crema Locobase Repair a fost formulat\u0103 cu un echilibru optim de lipide identice cu cele ale pielii \u0219i emolien\u021bi esen\u021biali, pentru a repara eficient bariera cutanat\u0103 \u0219i a reface rapid pielea uscat\u0103 \u0219i deteriorat\u0103.<\/p>\n\n\n\n<h2 class=\"wp-block-heading paragraph is-style-paragraph-preamble is-style-heading-h3\"><strong>Solu\u021bii \u021bintite pentru nevoile pielii<\/strong><\/h2>\n\n\n\n<p>Adaptate nevoilor specifice ale fiec\u0103rei afec\u021biuni cutanate, select\u0103m exclusiv ingrediente dovedite clinic, utilizate \u00een cele mai ridicate concentra\u021bii posibile pentru rezultate optime, men\u021bin\u00e2nd \u00een acela\u0219i timp formule simple, care pun pe primul loc s\u0103n\u0103tatea pielii. \u00cenc\u0103 de la \u00eenceput, abordarea noastr\u0103 \u021bintit\u0103 se concentreaz\u0103 pe dou\u0103 aspecte esen\u021biale: ingredientele \u0219i refacerea barierei cutanate. Astfel, asigur\u0103m produse eficiente, cu ac\u021biune rapid\u0103 \u0219i de durat\u0103, care refac cu adev\u0103rat bariera pielii.<\/p>\n<\/div>\n<\/div><\/div>\n\n\n\n<div style=\"height:30px\" aria-hidden=\"true\" class=\"wp-block-spacer is-style-default\"><\/div>\n\n\n\n<div class=\"wp-block-karopharma-free-text pt-large pb-large bg-center bg-cover bg-no-repeat  is-style-secondary\" style=\"background-image:url()\"><div class=\"free-text-wrapper container max-w-small text-center\">\n<figure class=\"wp-block-image aligncenter size-full\"><img loading=\"lazy\" decoding=\"async\" width=\"200\" height=\"204\" src=\"https:\/\/locobase.com\/app\/uploads\/sites\/11\/2025\/09\/allergy-certified.png\" alt=\"allergy-certified\" class=\"wp-image-105\"\/><\/figure>\n\n\n\n<h2 class=\"wp-block-heading is-style-heading-h3\">Produsele Locobase sunt certificate Allergy Certified, lucru u\u0219or de recunoscut prin micul logo albastru prezent pe ambalaje. Aceast\u0103 certificare \u00eei ajut\u0103 pe consumatori s\u0103 identifice produse cu cel mai sc\u0103zut risc posibil de a provoca alergii cutanate.<\/h2>\n\n\n\n<p>Allergy Certified este unul dintre pu\u021binele organisme de certificare care evalueaz\u0103 nu doar poten\u021bialul alergenic, ci \u0219i impactul general asupra s\u0103n\u0103t\u0103\u021bii umane, inclusiv factori precum perturbarea endocrin\u0103. Aceast\u0103 perspectiv\u0103 complex\u0103 asupra s\u0103n\u0103t\u0103\u021bii a fost un criteriu esen\u021bial \u00een procesul nostru de selec\u021bie. Prin acest angajament fa\u021b\u0103 de pielea sensibil\u0103, po\u021bi avea \u00eencredere c\u0103 Locobase ofer\u0103 \u00eengrijire delicat\u0103 \u0219i eficient\u0103, fie c\u0103 gestionezi eczeme, psoriazis sau pur \u0219i simplu cau\u021bi alinare pentru usc\u0103ciunea zilnic\u0103.<\/p>\n<\/div><\/div>\n\n\n\n<div style=\"height:30px\" aria-hidden=\"true\" class=\"wp-block-spacer is-style-default\"><\/div>\n\n\n\n<div class=\"wp-block-karopharma-product-promotion text-align-left pt-small pb-small bg-center bg-cover bg-no-repeat\" style=\"background-image:url()\"><div class=\"container max-w-large\">\n<div class=\"wp-block-group is-layout-flow wp-block-group-is-layout-flow\">\n<figure class=\"wp-block-karopharma-product-promotion-image product-promotion-image\"><img decoding=\"async\" datatest=\"image\" src=\"https:\/\/locobase.com\/cdn-cgi\/image\/format=auto\/app\/uploads\/sites\/11\/2025\/09\/Hypoallergen.jpg\" loading=\"eager\" alt=\"Hypoallergen\" width=\"800\" height=\"829\" srcset=\"https:\/\/locobase.com\/cdn-cgi\/image\/format=auto,width=584\/app\/uploads\/sites\/11\/2025\/09\/Hypoallergen.jpg 584w, https:\/\/locobase.com\/cdn-cgi\/image\/format=auto,width=272\/app\/uploads\/sites\/11\/2025\/09\/Hypoallergen.jpg 272w\" sizes=\"(max-width: 584px) 100vw, 584px\"\/><\/figure>\n<\/div>\n\n\n\n<div class=\"wp-block-group is-layout-flow wp-block-group-is-layout-flow\">\n<h2 class=\"wp-block-heading paragraph is-style-paragraph-preamble is-style-heading-h3\"><strong>Hipoalergenic<\/strong><\/h2>\n\n\n\n<p>Toate produsele Locobase sunt f\u0103r\u0103 parfum \u0219i hipoalergenice, ceea ce \u00eenseamn\u0103 c\u0103 au fost testate clinic pentru reac\u021bii alergice. Majoritatea produselor noastre sunt testate special pe piele uscat\u0103 \u0219i sensibil\u0103 \u0219i sunt potrivite pentru \u00eentreaga familie, inclusiv pentru sugari.<\/p>\n\n\n\n<h2 class=\"wp-block-heading paragraph is-style-paragraph-preamble is-style-heading-h3\"><strong>Eficacitate dovedit\u0103 clinic<\/strong><\/h2>\n\n\n\n<p>La Locobase, ne concentr\u0103m pe oferirea de solu\u021bii eficiente pentru refacerea barierei cutanate. Combin\u0103m ingrediente sus\u021binute de dovezi \u0219tiin\u021bifice pentru a crea formule cu eficacitate dovedit\u0103 clinic, care ofer\u0103 rezultate reale. Produsele noastre sunt testate independent de dermatologi pe diverse afec\u021biuni ale pielii, pentru a ne asigura c\u0103 fiecare afirma\u021bie pe care o facem este sus\u021binut\u0103 de dovezi.<\/p>\n<\/div>\n<\/div><\/div>\n\n\n\n<div style=\"height:30px\" aria-hidden=\"true\" class=\"wp-block-spacer is-style-default\"><\/div>\n\n\n\n\n\n\n\n<div class=\"wp-block-karopharma-free-text pt-large pb-large bg-center bg-cover bg-no-repeat  is-style-secondary\" style=\"background-image:url()\"><div class=\"free-text-wrapper container max-w-medium text-center\">\n<h2 class=\"wp-block-heading has-text-align-center is-style-heading-h3\">Ast\u0103zi, Locobase este un expert de \u00eencredere \u00een \u00eengrijirea pielii, recunoscut la nivel mondial<\/h2>\n\n\n\n<p class=\"is-style-paragraph-body-text\">\u00cen prezent, Locobase este recomandat de dermatologi \u0219i profesioni\u0219ti din domeniul s\u0103n\u0103t\u0103\u021bii \u00een peste 20 de pie\u021be, pentru eficien\u021ba sa \u00een tratarea diverselor afec\u021biuni ale pielii. Colabor\u0103m cu exper\u021bi de top \u00een dezvoltarea produselor. \u00cens\u0103 Locobase ofer\u0103 mai mult dec\u00e2t produse \u2013 ofer\u0103 solu\u021bii complete.<\/p>\n\n\n\n<p>\u00centr-o lume \u00een care dezinformarea online este tot mai prezent\u0103, sus\u021binem vocile profesioni\u0219tilor din domeniul s\u0103n\u0103t\u0103\u021bii prin programe educa\u021bionale dedicate speciali\u0219tilor \u0219i consumatorilor, sub form\u0103 de webinarii, evenimente \u0219i materiale informative. Credem \u00een promovarea vocilor avizate pentru a combate informa\u021biile \u00een\u0219el\u0103toare din mediul online propagate de \u201eexper\u021bi\u201d f\u0103r\u0103 preg\u0103tire adecvat\u0103 \u0219i \u00eencuraj\u0103m toate brandurile dermatologice s\u0103 procedeze la fel.<\/p>\n\n\n\n<p class=\"is-style-paragraph-body-text\">Pentru mai multe informa\u021bii, te invit\u0103m s\u0103 ascul\u021bi <a href=\"https:\/\/locobase.com\/podcasts\/\" target=\"_blank\" rel=\"noreferrer noopener\">podcastul<\/a> nostru.<\/p>\n<\/div><\/div>\n\n\n\n<div style=\"height:100px\" aria-hidden=\"true\" class=\"wp-block-spacer is-style-responsive-small\"><\/div>\n\n\n\n\n\n\n<div class=\"product-list wp-block-karopharma-product-list\" data-testid=\"product-list\">\n      <div class=\"swiper-container\">\n      <div class=\"swiper\">\n        <div class=\"swiper-wrapper\">\n                      <div class=\"swiper-slide\">\n              <div class=\"product-card\" data-testid=\"product-card\">\n  <a\n    href=https:\/\/locobase.com\/ro\/produs\/locobase-repair\/\n    class=\"product-card-link\"\n    title=\"Locobase Repair\"\n  >\n  <figure class=\"product-card-image\" data-testid=\"product-image\">\n                          <img decoding=\"async\" src=\"https:\/\/locobase.com\/cdn-cgi\/image\/width=700,format=auto\/app\/uploads\/sites\/11\/2025\/09\/locobase-repair.png\"\n        srcset=\"https:\/\/locobase.com\/cdn-cgi\/image\/width=250,format=auto\/app\/uploads\/sites\/11\/2025\/09\/locobase-repair.png 250w,\n                https:\/\/locobase.com\/cdn-cgi\/image\/width=500,format=auto\/app\/uploads\/sites\/11\/2025\/09\/locobase-repair.png 500w,\n                https:\/\/locobase.com\/cdn-cgi\/image\/width=700,format=auto\/app\/uploads\/sites\/11\/2025\/09\/locobase-repair.png 700w\"\n        sizes=\"(max-width: 400px) 250px, (max-width: 800px) 500px, 700px\"\n        alt=\"\"\n        class=\"img\">\n            <\/figure>\n    <div class=\"product-card-content\">\n      <div class=\"heading-wrapper\">\n        <h2 class=\"heading\">Locobase Repair<\/h2>\n      <\/div>\n      <div class=\"product-card-description\">Crem\u0103 special\u0103 pentru pielea foarte uscat\u0103, recomandat\u0103 ca adjuvant \u00een \u00eengrijirea pielii cu eczem\u0103 atopic\u0103.<\/div>\n                      <\/div>\n  <\/a>\n          <div class=\"button-wrapper buy-now \" data-testid=\"buy-now\">\n      <div class=\"buy-now-container dropdown-container\">\n      <div class=\"theme-button button-primary-color dropdown-link\" aria-label=\"Cump\u0103r\u0103 acum\">\n          Cump\u0103r\u0103 acum <i class=\"dropdown\"><\/i>\n      <\/div>\n      <ul class=\"reseller-list submenu\">\n                    <li>\n              <a\n                href=\"https:\/\/comenzi.bebetei.ro\/ingrijire-personala\/ingrijire-corp\/creme-si-lotiuni\/locobase-repair-crema-pentru-piele-uscata-30-ml-karo-p472049\" onclick=\"dataLayer.push({'event':'ga_event', 'eventCategory':'Click on Reseller', 'eventAction':'Bebe Tei', 'eventLabel':'Locobase Repair', 'eventValue': undefined})\" rel=\"noopener\" target=\"_blank\" title=\"Bebe Tei\"\n                data-testid=\"buy-now-reseller\">\n                <i class=\"fa-solid fa-arrow-right\"><\/i> Bebe Tei\n              <\/a>\n          <\/li>\n                    <li>\n              <a\n                href=\"https:\/\/comenzi.farmaciatei.ro\/ingrijire-personala\/ingrijire-corp\/creme-corp\/crema-pentru-piele-uscata-locobase-repair-30-g-karo-healthcare-p394452\" onclick=\"dataLayer.push({'event':'ga_event', 'eventCategory':'Click on Reseller', 'eventAction':'Farmacia Tei', 'eventLabel':'Locobase Repair', 'eventValue': undefined})\" rel=\"noopener\" target=\"_blank\" title=\"Farmacia Tei\"\n                data-testid=\"buy-now-reseller\">\n                <i class=\"fa-solid fa-arrow-right\"><\/i> Farmacia Tei\n              <\/a>\n          <\/li>\n                <\/ul>\n    <\/div>\n  <\/div>\n  <\/div>\n            <\/div>\n                      <div class=\"swiper-slide\">\n              <div class=\"product-card\" data-testid=\"product-card\">\n  <a\n    href=https:\/\/locobase.com\/ro\/produs\/locobase-protect\/\n    class=\"product-card-link\"\n    title=\"Locobase Protect\"\n  >\n  <figure class=\"product-card-image\" data-testid=\"product-image\">\n                          <img decoding=\"async\" src=\"https:\/\/locobase.com\/cdn-cgi\/image\/width=700,format=auto\/app\/uploads\/sites\/11\/2025\/09\/locobase-protect.png\"\n        srcset=\"https:\/\/locobase.com\/cdn-cgi\/image\/width=250,format=auto\/app\/uploads\/sites\/11\/2025\/09\/locobase-protect.png 250w,\n                https:\/\/locobase.com\/cdn-cgi\/image\/width=500,format=auto\/app\/uploads\/sites\/11\/2025\/09\/locobase-protect.png 500w,\n                https:\/\/locobase.com\/cdn-cgi\/image\/width=700,format=auto\/app\/uploads\/sites\/11\/2025\/09\/locobase-protect.png 700w\"\n        sizes=\"(max-width: 400px) 250px, (max-width: 800px) 500px, 700px\"\n        alt=\"Locobase Protect Cream\"\n        class=\"img\">\n            <\/figure>\n    <div class=\"product-card-content\">\n      <div class=\"heading-wrapper\">\n        <h2 class=\"heading\">Locobase Protect<\/h2>\n      <\/div>\n      <div class=\"product-card-description\">Crem\u0103 delicat\u0103 pentru \u00eengrijirea zilnic\u0103 a pielii uscate \u0219i sensibile \u2013 potrivit\u0103 pentru \u00eentreaga familie.<\/div>\n                      <\/div>\n  <\/a>\n          <div class=\"button-wrapper buy-now \" data-testid=\"buy-now\">\n      <div class=\"buy-now-container dropdown-container\">\n      <div class=\"theme-button button-primary-color dropdown-link\" aria-label=\"Cump\u0103r\u0103 acum\">\n          Cump\u0103r\u0103 acum <i class=\"dropdown\"><\/i>\n      <\/div>\n      <ul class=\"reseller-list submenu\">\n                    <li>\n              <a\n                href=\"https:\/\/www.farmaciaardealul.ro\/locobase-crema\" onclick=\"dataLayer.push({'event':'ga_event', 'eventCategory':'Click on Reseller', 'eventAction':'Ardealul', 'eventLabel':'Locobase Protect', 'eventValue': undefined})\" rel=\"noopener\" target=\"_blank\" title=\"Ardealul\"\n                data-testid=\"buy-now-reseller\">\n                <i class=\"fa-solid fa-arrow-right\"><\/i> Ardealul\n              <\/a>\n          <\/li>\n                    <li>\n              <a\n                href=\"https:\/\/comenzi.bebetei.ro\/ingrijire-personala\/ingrijire-corp\/creme-si-unguente\/locobase-crema-pentru-pielea-sensibila-100-ml-karo-healthcare-p468821\" onclick=\"dataLayer.push({'event':'ga_event', 'eventCategory':'Click on Reseller', 'eventAction':'Bebe Tei', 'eventLabel':'Locobase Protect', 'eventValue': undefined})\" rel=\"noopener\" target=\"_blank\" title=\"Bebe Tei\"\n                data-testid=\"buy-now-reseller\">\n                <i class=\"fa-solid fa-arrow-right\"><\/i> Bebe Tei\n              <\/a>\n          <\/li>\n                    <li>\n              <a\n                href=\"https:\/\/www.catena.ro\/locobase-crema-x-100-g\" onclick=\"dataLayer.push({'event':'ga_event', 'eventCategory':'Click on Reseller', 'eventAction':'Catena', 'eventLabel':'Locobase Protect', 'eventValue': undefined})\" rel=\"noopener\" target=\"_blank\" title=\"Catena\"\n                data-testid=\"buy-now-reseller\">\n                <i class=\"fa-solid fa-arrow-right\"><\/i> Catena\n              <\/a>\n          <\/li>\n                    <li>\n              <a\n                href=\"https:\/\/comenzi.farmaciatei.ro\/ingrijire-personala\/ingrijire-corp\/creme-corp\/crema-pentru-pielea-sensibila-locobase-protect-cream-100-g-karo-healthcare-p391044\" onclick=\"dataLayer.push({'event':'ga_event', 'eventCategory':'Click on Reseller', 'eventAction':'Farmacia Tei', 'eventLabel':'Locobase Protect', 'eventValue': undefined})\" rel=\"noopener\" target=\"_blank\" title=\"Farmacia Tei\"\n                data-testid=\"buy-now-reseller\">\n                <i class=\"fa-solid fa-arrow-right\"><\/i> Farmacia Tei\n              <\/a>\n          <\/li>\n                    <li>\n              <a\n                href=\"https:\/\/www.helpnet.ro\/locobase-crema-100g\" onclick=\"dataLayer.push({'event':'ga_event', 'eventCategory':'Click on Reseller', 'eventAction':'Help Net', 'eventLabel':'Locobase Protect', 'eventValue': undefined})\" rel=\"noopener\" target=\"_blank\" title=\"Help Net\"\n                data-testid=\"buy-now-reseller\">\n                <i class=\"fa-solid fa-arrow-right\"><\/i> Help Net\n              <\/a>\n          <\/li>\n                <\/ul>\n    <\/div>\n  <\/div>\n  <\/div>\n            <\/div>\n                  <\/div>\n        <div class=\"swiper-scrollbar\"><\/div>\n      <\/div>\n    <\/div>\n  <\/div>\n","protected":false},"excerpt":{"rendered":"","protected":false},"author":2,"featured_media":0,"parent":0,"menu_order":0,"comment_status":"closed","ping_status":"closed","template":"","meta":{"_acf_changed":false,"footnotes":""},"from-article-database":[],"class_list":["post-77","page","type-page","status-publish","hentry"],"acf":[],"yoast_head":"<!-- This site is optimized with the Yoast SEO plugin v26.6 - https:\/\/yoast.com\/wordpress\/plugins\/seo\/ -->\n<title>Despre Locobase - Locobase<\/title>\n<meta name=\"description\" content=\"A tr\u0103i cu o afec\u021biune a pielii, precum eczema, psoriazisul sau usc\u0103ciunea sever\u0103, poate fi frustrant.\" \/>\n<meta name=\"robots\" content=\"index, follow, max-snippet:-1, max-image-preview:large, max-video-preview:-1\" \/>\n<link rel=\"canonical\" href=\"https:\/\/locobase.com\/ro\/despre-locobase\/\" \/>\n<meta property=\"og:locale\" content=\"ro_RO\" \/>\n<meta property=\"og:type\" content=\"article\" \/>\n<meta property=\"og:title\" content=\"Despre Locobase - Locobase\" \/>\n<meta property=\"og:description\" content=\"A tr\u0103i cu o afec\u021biune a pielii, precum eczema, psoriazisul sau usc\u0103ciunea sever\u0103, poate fi frustrant.\" \/>\n<meta property=\"og:url\" content=\"https:\/\/locobase.com\/ro\/despre-locobase\/\" \/>\n<meta property=\"og:site_name\" content=\"Locobase\" \/>\n<meta property=\"article:modified_time\" content=\"2026-03-03T08:59:14+00:00\" \/>\n<meta property=\"og:image\" content=\"https:\/\/locobase.com\/cdn-cgi\/image\/format=auto\/app\/uploads\/sites\/11\/2025\/09\/developed-with-dermatologists.jpg\" \/>\n<meta name=\"twitter:card\" content=\"summary_large_image\" \/>\n<meta name=\"twitter:label1\" content=\"Timp estimat pentru citire\" \/>\n\t<meta name=\"twitter:data1\" content=\"4 minute\" \/>\n<script type=\"application\/ld+json\" class=\"yoast-schema-graph\">{\"@context\":\"https:\/\/schema.org\",\"@graph\":[{\"@type\":\"WebPage\",\"@id\":\"https:\/\/locobase.com\/ro\/despre-locobase\/\",\"url\":\"https:\/\/locobase.com\/ro\/despre-locobase\/\",\"name\":\"Despre Locobase - Locobase\",\"isPartOf\":{\"@id\":\"https:\/\/locobase.com\/ro\/#website\"},\"primaryImageOfPage\":{\"@id\":\"https:\/\/locobase.com\/ro\/despre-locobase\/#primaryimage\"},\"image\":{\"@id\":\"https:\/\/locobase.com\/ro\/despre-locobase\/#primaryimage\"},\"thumbnailUrl\":\"https:\/\/locobase.com\/cdn-cgi\/image\/format=auto\/app\/uploads\/sites\/11\/2025\/09\/developed-with-dermatologists.jpg\",\"datePublished\":\"2025-09-26T08:02:08+00:00\",\"dateModified\":\"2026-03-03T08:59:14+00:00\",\"description\":\"A tr\u0103i cu o afec\u021biune a pielii, precum eczema, psoriazisul sau usc\u0103ciunea sever\u0103, poate fi frustrant.\",\"breadcrumb\":{\"@id\":\"https:\/\/locobase.com\/ro\/despre-locobase\/#breadcrumb\"},\"inLanguage\":\"ro-RO\",\"potentialAction\":[{\"@type\":\"ReadAction\",\"target\":[\"https:\/\/locobase.com\/ro\/despre-locobase\/\"]}]},{\"@type\":\"ImageObject\",\"inLanguage\":\"ro-RO\",\"@id\":\"https:\/\/locobase.com\/ro\/despre-locobase\/#primaryimage\",\"url\":\"https:\/\/locobase.com\/cdn-cgi\/image\/format=auto\/app\/uploads\/sites\/11\/2025\/09\/developed-with-dermatologists.jpg\",\"contentUrl\":\"https:\/\/locobase.com\/cdn-cgi\/image\/format=auto\/app\/uploads\/sites\/11\/2025\/09\/developed-with-dermatologists.jpg\"},{\"@type\":\"BreadcrumbList\",\"@id\":\"https:\/\/locobase.com\/ro\/despre-locobase\/#breadcrumb\",\"itemListElement\":[{\"@type\":\"ListItem\",\"position\":1,\"name\":\"Home\",\"item\":\"https:\/\/locobase.com\/ro\/\"},{\"@type\":\"ListItem\",\"position\":2,\"name\":\"Despre Locobase\"}]},{\"@type\":\"WebSite\",\"@id\":\"https:\/\/locobase.com\/ro\/#website\",\"url\":\"https:\/\/locobase.com\/ro\/\",\"name\":\"Locobase\",\"description\":\"\",\"publisher\":{\"@id\":\"https:\/\/locobase.com\/ro\/#organization\"},\"potentialAction\":[{\"@type\":\"SearchAction\",\"target\":{\"@type\":\"EntryPoint\",\"urlTemplate\":\"https:\/\/locobase.com\/ro\/?s={search_term_string}\"},\"query-input\":{\"@type\":\"PropertyValueSpecification\",\"valueRequired\":true,\"valueName\":\"search_term_string\"}}],\"inLanguage\":\"ro-RO\"},{\"@type\":\"Organization\",\"@id\":\"https:\/\/locobase.com\/ro\/#organization\",\"name\":\"Locobase\",\"url\":\"https:\/\/locobase.com\/ro\/\",\"logo\":{\"@type\":\"ImageObject\",\"inLanguage\":\"ro-RO\",\"@id\":\"https:\/\/locobase.com\/ro\/#\/schema\/logo\/image\/\",\"url\":\"https:\/\/locobase.com\/app\/uploads\/sites\/11\/2025\/09\/logo.png\",\"contentUrl\":\"https:\/\/locobase.com\/app\/uploads\/sites\/11\/2025\/09\/logo.png\",\"width\":163,\"height\":32,\"caption\":\"Locobase\"},\"image\":{\"@id\":\"https:\/\/locobase.com\/ro\/#\/schema\/logo\/image\/\"}}]}<\/script>\n<!-- \/ Yoast SEO plugin. -->","yoast_head_json":{"title":"Despre Locobase - Locobase","description":"A tr\u0103i cu o afec\u021biune a pielii, precum eczema, psoriazisul sau usc\u0103ciunea sever\u0103, poate fi frustrant.","robots":{"index":"index","follow":"follow","max-snippet":"max-snippet:-1","max-image-preview":"max-image-preview:large","max-video-preview":"max-video-preview:-1"},"canonical":"https:\/\/locobase.com\/ro\/despre-locobase\/","og_locale":"ro_RO","og_type":"article","og_title":"Despre Locobase - Locobase","og_description":"A tr\u0103i cu o afec\u021biune a pielii, precum eczema, psoriazisul sau usc\u0103ciunea sever\u0103, poate fi frustrant.","og_url":"https:\/\/locobase.com\/ro\/despre-locobase\/","og_site_name":"Locobase","article_modified_time":"2026-03-03T08:59:14+00:00","og_image":[{"url":"https:\/\/locobase.com\/cdn-cgi\/image\/format=auto\/app\/uploads\/sites\/11\/2025\/09\/developed-with-dermatologists.jpg","type":"","width":"","height":""}],"twitter_card":"summary_large_image","twitter_misc":{"Timp estimat pentru citire":"4 minute"},"schema":{"@context":"https:\/\/schema.org","@graph":[{"@type":"WebPage","@id":"https:\/\/locobase.com\/ro\/despre-locobase\/","url":"https:\/\/locobase.com\/ro\/despre-locobase\/","name":"Despre Locobase - Locobase","isPartOf":{"@id":"https:\/\/locobase.com\/ro\/#website"},"primaryImageOfPage":{"@id":"https:\/\/locobase.com\/ro\/despre-locobase\/#primaryimage"},"image":{"@id":"https:\/\/locobase.com\/ro\/despre-locobase\/#primaryimage"},"thumbnailUrl":"https:\/\/locobase.com\/cdn-cgi\/image\/format=auto\/app\/uploads\/sites\/11\/2025\/09\/developed-with-dermatologists.jpg","datePublished":"2025-09-26T08:02:08+00:00","dateModified":"2026-03-03T08:59:14+00:00","description":"A tr\u0103i cu o afec\u021biune a pielii, precum eczema, psoriazisul sau usc\u0103ciunea sever\u0103, poate fi frustrant.","breadcrumb":{"@id":"https:\/\/locobase.com\/ro\/despre-locobase\/#breadcrumb"},"inLanguage":"ro-RO","potentialAction":[{"@type":"ReadAction","target":["https:\/\/locobase.com\/ro\/despre-locobase\/"]}]},{"@type":"ImageObject","inLanguage":"ro-RO","@id":"https:\/\/locobase.com\/ro\/despre-locobase\/#primaryimage","url":"https:\/\/locobase.com\/cdn-cgi\/image\/format=auto\/app\/uploads\/sites\/11\/2025\/09\/developed-with-dermatologists.jpg","contentUrl":"https:\/\/locobase.com\/cdn-cgi\/image\/format=auto\/app\/uploads\/sites\/11\/2025\/09\/developed-with-dermatologists.jpg"},{"@type":"BreadcrumbList","@id":"https:\/\/locobase.com\/ro\/despre-locobase\/#breadcrumb","itemListElement":[{"@type":"ListItem","position":1,"name":"Home","item":"https:\/\/locobase.com\/ro\/"},{"@type":"ListItem","position":2,"name":"Despre Locobase"}]},{"@type":"WebSite","@id":"https:\/\/locobase.com\/ro\/#website","url":"https:\/\/locobase.com\/ro\/","name":"Locobase","description":"","publisher":{"@id":"https:\/\/locobase.com\/ro\/#organization"},"potentialAction":[{"@type":"SearchAction","target":{"@type":"EntryPoint","urlTemplate":"https:\/\/locobase.com\/ro\/?s={search_term_string}"},"query-input":{"@type":"PropertyValueSpecification","valueRequired":true,"valueName":"search_term_string"}}],"inLanguage":"ro-RO"},{"@type":"Organization","@id":"https:\/\/locobase.com\/ro\/#organization","name":"Locobase","url":"https:\/\/locobase.com\/ro\/","logo":{"@type":"ImageObject","inLanguage":"ro-RO","@id":"https:\/\/locobase.com\/ro\/#\/schema\/logo\/image\/","url":"https:\/\/locobase.com\/app\/uploads\/sites\/11\/2025\/09\/logo.png","contentUrl":"https:\/\/locobase.com\/app\/uploads\/sites\/11\/2025\/09\/logo.png","width":163,"height":32,"caption":"Locobase"},"image":{"@id":"https:\/\/locobase.com\/ro\/#\/schema\/logo\/image\/"}}]}},"_links":{"self":[{"href":"https:\/\/locobase.com\/ro\/wp-json\/wp\/v2\/pages\/77","targetHints":{"allow":["GET"]}}],"collection":[{"href":"https:\/\/locobase.com\/ro\/wp-json\/wp\/v2\/pages"}],"about":[{"href":"https:\/\/locobase.com\/ro\/wp-json\/wp\/v2\/types\/page"}],"author":[{"embeddable":true,"href":"https:\/\/locobase.com\/ro\/wp-json\/wp\/v2\/users\/2"}],"replies":[{"embeddable":true,"href":"https:\/\/locobase.com\/ro\/wp-json\/wp\/v2\/comments?post=77"}],"version-history":[{"count":10,"href":"https:\/\/locobase.com\/ro\/wp-json\/wp\/v2\/pages\/77\/revisions"}],"predecessor-version":[{"id":163,"href":"https:\/\/locobase.com\/ro\/wp-json\/wp\/v2\/pages\/77\/revisions\/163"}],"wp:attachment":[{"href":"https:\/\/locobase.com\/ro\/wp-json\/wp\/v2\/media?parent=77"}],"wp:term":[{"taxonomy":"from-article-database","embeddable":true,"href":"https:\/\/locobase.com\/ro\/wp-json\/wp\/v2\/from-article-database?post=77"}],"curies":[{"name":"wp","href":"https:\/\/api.w.org\/{rel}","templated":true}]}}