{"id":80,"date":"2025-09-26T08:02:38","date_gmt":"2025-09-26T08:02:38","guid":{"rendered":"https:\/\/locobase.com\/ro\/?page_id=80"},"modified":"2026-03-03T08:59:14","modified_gmt":"2026-03-03T08:59:14","slug":"faq","status":"publish","type":"page","link":"https:\/\/locobase.com\/ro\/faq\/","title":{"rendered":"FAQ"},"content":{"rendered":"\n<div class=\"wp-block-karopharma-background-image-with-text-v2 background-image-with-text-v2 undefined content-position-center fixed-height-layout\" datatest=\"root\"><div class=\"background-image-with-text-wrapper\"><picture class=\"background-image-with-text-image\"><source media=\"(max-width: 560px)\" srcset=\"https:\/\/locobase.com\/cdn-cgi\/image\/format=auto,width=560\/app\/uploads\/sites\/11\/2025\/11\/faq.jpg\"\/><source media=\"(max-width: 800px)\" srcset=\"https:\/\/locobase.com\/cdn-cgi\/image\/format=auto,width=800\/app\/uploads\/sites\/11\/2025\/11\/faq.jpg\"\/><source media=\"(max-width: 1920px)\" srcset=\"https:\/\/locobase.com\/cdn-cgi\/image\/format=auto,width=1920\/app\/uploads\/sites\/11\/2025\/11\/faq.jpg\"\/><img decoding=\"async\" width=\"1920\" height=\"1000\" datatest=\"background-image\" loading=\"lazy\" class=\"object-center object-cover\" src=\"https:\/\/locobase.com\/cdn-cgi\/image\/format=auto\/app\/uploads\/sites\/11\/2025\/11\/faq.jpg\" alt=\"faq\"\/><\/picture><div datatest=\"content-wrapper\" class=\"background-image-with-text-content-wrapper container max-w-medium text-alignment-center  pt-large pb-large\"><div class=\"content\"><h1 datatest=\"heading\" class=\"\"><mark style=\"background-color:rgba(0, 0, 0, 0)\" class=\"has-inline-color has-black-color\">Locobase &#8211; crem\u0103 special\u0103 pentru uz zilnic<\/mark><\/h1>\n<div class=\"wp-block-buttons is-layout-flex wp-block-buttons-is-layout-flex\"><\/div>\n<\/div><\/div><\/div><\/div>\n\n\n\n<div class=\"wp-block-karopharma-free-text pt-large pb-none bg-center bg-cover bg-no-repeat\" style=\"background-image:url()\"><div class=\"free-text-wrapper container max-w-medium text-left\">\n<h2 class=\"wp-block-heading has-text-align-center is-style-heading-h2\" id=\"faq-vanliga-fragor-och-svar\">FAQ &#8211; \u00centreb\u0103ri frecvente<\/h2>\n<\/div><\/div>\n\n\n\n<div class=\"wp-block-karopharma-accordions\"><div class=\"container\">\n<details class=\"wp-block-karopharma-accordion\"><summary><h2 class=\"accordion-title\">Ce este Locobase?<\/h2><\/summary><div class=\"accordion-content\">\n<p>Dermatologia reprezint\u0103 o specialitate important\u0103 pentru Karo Healthcare. \u00cen ultimii ani, am realizat mai multe achizi\u021bii strategice \u00een domeniul \u00eengrijirii dermatologice a pielii, inclusiv brandul Locobase, \u00een 2018.<\/p>\n\n\n\n<p>Brandul Locobase exist\u0103 de peste 30 de ani. Totul a \u00eenceput cu o crem\u0103 special\u0103 destinat\u0103 pielii uscate \u0219i sensibile, dezvoltat\u0103 la acea vreme de un grup de dermatologi scandinavi.<\/p>\n\n\n\n<p>Ast\u0103zi, brandul Locobase include o gam\u0103 de produse dermato-cosmetice bine documentate, care, conform studiilor clinice, amelioreaz\u0103 simptomele pielii uscate, sensibile, deteriorate \u0219i descuamate.<\/p>\n\n\n\n<p>Locobase este disponibil sub diferite denumiri comerciale sau de brand \u00een aproximativ 20 de \u021b\u0103ri*. Eficacitatea \u0219i siguran\u021ba produselor Locobase au fost demonstrate \u00een mai multe studii clinice.<\/p>\n\n\n\n<p><sup>*De exemplu: Lipobase, Nanobase \u0219i SBR.<\/sup><\/p>\n<\/div><\/details>\n\n\n\n<details class=\"wp-block-karopharma-accordion\"><summary><h2 class=\"accordion-title\">Ce con\u021bin produsele?<\/h2><\/summary><div class=\"accordion-content\">\n<p>Locobase con\u021bine o gam\u0103 variat\u0103 de ingrediente destinate \u00eengrijirii pielii. De\u0219i formulele difer\u0103, ambele au un con\u021binut ridicat de lipide.<\/p>\n\n\n\n<p>Acest lucru creeaz\u0103 un strat protector lipidic la suprafa\u021ba pielii, prevenind astfel pierderea apei \u0219i men\u021bin\u00e2nd nivelul optim de hidratare.<\/p>\n<\/div><\/details>\n\n\n\n<details class=\"wp-block-karopharma-accordion\"><summary><h2 class=\"accordion-title\">Produsele Locobase au fost testate pe animale?<\/h2><\/summary><div class=\"accordion-content\">\n<p>Niciunul dintre produsele cosmetice Karo Healthcare sau ingredientele acestora nu a fost testat pe animale \u2013 acest lucru este at\u00e2t ilegal \u00een Uniunea European\u0103, c\u00e2t \u0219i contrar politicii Karo Healthcare.<\/p>\n\n\n\n<ul class=\"wp-block-list is-style-default\">\n<li>Testarea pe animale este strict interzis\u0103 \u00een dezvoltarea produselor cosmetice destinate pie\u021bei UE. Din 11 septembrie 2004, testarea produselor cosmetice finite pe animale este ilegal\u0103 \u00een \u021b\u0103rile UE.<\/li>\n\n\n\n<li>Din martie 2009, este interzis\u0103 \u0219i comercializarea \u00een \u021b\u0103rile UE a produselor cosmetice \u0219i a ingredientelor care au fost testate pe animale.<\/li>\n<\/ul>\n<\/div><\/details>\n\n\n\n<details class=\"wp-block-karopharma-accordion\"><summary><h2 class=\"accordion-title\">De ce pielea devine uscat\u0103 \u0219i cr\u0103pat\u0103?<\/h2><\/summary><div class=\"accordion-content\">\n<p>Pielea uscat\u0103 (xeroza) este o afec\u021biune foarte frecvent\u0103, caracterizat\u0103 printr-un deficit de ap\u0103 la nivelul celui mai extern strat al pielii, epiderma. Cele mai comune simptome sunt m\u00e2nc\u0103rimea, ro\u0219ea\u021ba, pielea cr\u0103pat\u0103 sau descuamat\u0103 \u0219i apari\u021bia zonelor uscate.<\/p>\n\n\n\n<p>Dac\u0103 nu este tratat\u0103, poate duce la apari\u021bia irita\u021biilor, eczemelor \u0219i a infec\u021biilor bacteriene. Cauza eczemei nu poate fi tratat\u0103, \u00eens\u0103 perioadele favorabile pot fi prelungite prin aplicarea regulat\u0103 a produselor de \u00eengrijire a pielii, precum cele din gama Locobase.<\/p>\n\n\n\n<p>Utilizarea produselor Locobase este recomandat\u0103 at\u00e2t \u00een timpul episoadelor acute, c\u00e2t \u0219i \u00eentre acestea, pentru a asigura hidratarea zilnic\u0103 a pielii. Acest lucru contribuie pozitiv la starea de bine \u0219i la \u00eembun\u0103t\u0103\u021birea calit\u0103\u021bii vie\u021bii.<\/p>\n<\/div><\/details>\n\n\n\n<details class=\"wp-block-karopharma-accordion\"><summary><h2 class=\"accordion-title\">Unde pot cump\u0103ra produsele Locobase?<\/h2><\/summary><div class=\"accordion-content\">\n<p>\u00cen farmacii, at\u00e2t fizic, c\u00e2t \u0219i online.<\/p>\n<\/div><\/details>\n\n\n\n<details class=\"wp-block-karopharma-accordion\"><summary><h2 class=\"accordion-title\">Produsele con\u021bin parfum?<\/h2><\/summary><div class=\"accordion-content\">\n<p>Produsele de \u00eengrijire a pielii Locobase au fost special dezvoltate pentru pielea problematic\u0103 \u0219i nu con\u021bin parfum.<\/p>\n<\/div><\/details>\n\n\n\n<details class=\"wp-block-karopharma-accordion\"><summary><h2 class=\"accordion-title\">Produsele Locobase sunt organice?<\/h2><\/summary><div class=\"accordion-content\">\n<p>Nu, Locobase nu este un brand de \u00eengrijire a pielii cu certificare organic\u0103. \u00cen schimb, oferim produse dermato-cosmetice dezvoltate pentru a r\u0103spunde nevoilor pielii problematice.<\/p>\n<\/div><\/details>\n<\/div><\/div>\n\n\n<div class=\"product-list wp-block-karopharma-product-list\" data-testid=\"product-list\">\n      <div class=\"swiper-container\">\n      <div class=\"swiper\">\n        <div class=\"swiper-wrapper\">\n                      <div class=\"swiper-slide\">\n              <div class=\"product-card\" data-testid=\"product-card\">\n  <a\n    href=https:\/\/locobase.com\/ro\/produs\/locobase-repair\/\n    class=\"product-card-link\"\n    title=\"Locobase Repair\"\n  >\n  <figure class=\"product-card-image\" data-testid=\"product-image\">\n                          <img decoding=\"async\" src=\"https:\/\/locobase.com\/cdn-cgi\/image\/width=700,format=auto\/app\/uploads\/sites\/11\/2025\/09\/locobase-repair.png\"\n        srcset=\"https:\/\/locobase.com\/cdn-cgi\/image\/width=250,format=auto\/app\/uploads\/sites\/11\/2025\/09\/locobase-repair.png 250w,\n                https:\/\/locobase.com\/cdn-cgi\/image\/width=500,format=auto\/app\/uploads\/sites\/11\/2025\/09\/locobase-repair.png 500w,\n                https:\/\/locobase.com\/cdn-cgi\/image\/width=700,format=auto\/app\/uploads\/sites\/11\/2025\/09\/locobase-repair.png 700w\"\n        sizes=\"(max-width: 400px) 250px, (max-width: 800px) 500px, 700px\"\n        alt=\"\"\n        class=\"img\">\n            <\/figure>\n    <div class=\"product-card-content\">\n      <div class=\"heading-wrapper\">\n        <h2 class=\"heading\">Locobase Repair<\/h2>\n      <\/div>\n      <div class=\"product-card-description\">Crem\u0103 special\u0103 pentru pielea foarte uscat\u0103, recomandat\u0103 ca adjuvant \u00een \u00eengrijirea pielii cu eczem\u0103 atopic\u0103.<\/div>\n                      <\/div>\n  <\/a>\n          <div class=\"button-wrapper buy-now \" data-testid=\"buy-now\">\n      <div class=\"buy-now-container dropdown-container\">\n      <div class=\"theme-button button-primary-color dropdown-link\" aria-label=\"Cump\u0103r\u0103 acum\">\n          Cump\u0103r\u0103 acum <i class=\"dropdown\"><\/i>\n      <\/div>\n      <ul class=\"reseller-list submenu\">\n                    <li>\n              <a\n                href=\"https:\/\/comenzi.bebetei.ro\/ingrijire-personala\/ingrijire-corp\/creme-si-lotiuni\/locobase-repair-crema-pentru-piele-uscata-30-ml-karo-p472049\" onclick=\"dataLayer.push({'event':'ga_event', 'eventCategory':'Click on Reseller', 'eventAction':'Bebe Tei', 'eventLabel':'Locobase Repair', 'eventValue': undefined})\" rel=\"noopener\" target=\"_blank\" title=\"Bebe Tei\"\n                data-testid=\"buy-now-reseller\">\n                <i class=\"fa-solid fa-arrow-right\"><\/i> Bebe Tei\n              <\/a>\n          <\/li>\n                    <li>\n              <a\n                href=\"https:\/\/comenzi.farmaciatei.ro\/ingrijire-personala\/ingrijire-corp\/creme-corp\/crema-pentru-piele-uscata-locobase-repair-30-g-karo-healthcare-p394452\" onclick=\"dataLayer.push({'event':'ga_event', 'eventCategory':'Click on Reseller', 'eventAction':'Farmacia Tei', 'eventLabel':'Locobase Repair', 'eventValue': undefined})\" rel=\"noopener\" target=\"_blank\" title=\"Farmacia Tei\"\n                data-testid=\"buy-now-reseller\">\n                <i class=\"fa-solid fa-arrow-right\"><\/i> Farmacia Tei\n              <\/a>\n          <\/li>\n                <\/ul>\n    <\/div>\n  <\/div>\n  <\/div>\n            <\/div>\n                      <div class=\"swiper-slide\">\n              <div class=\"product-card\" data-testid=\"product-card\">\n  <a\n    href=https:\/\/locobase.com\/ro\/produs\/locobase-protect\/\n    class=\"product-card-link\"\n    title=\"Locobase Protect\"\n  >\n  <figure class=\"product-card-image\" data-testid=\"product-image\">\n                          <img decoding=\"async\" src=\"https:\/\/locobase.com\/cdn-cgi\/image\/width=700,format=auto\/app\/uploads\/sites\/11\/2025\/09\/locobase-protect.png\"\n        srcset=\"https:\/\/locobase.com\/cdn-cgi\/image\/width=250,format=auto\/app\/uploads\/sites\/11\/2025\/09\/locobase-protect.png 250w,\n                https:\/\/locobase.com\/cdn-cgi\/image\/width=500,format=auto\/app\/uploads\/sites\/11\/2025\/09\/locobase-protect.png 500w,\n                https:\/\/locobase.com\/cdn-cgi\/image\/width=700,format=auto\/app\/uploads\/sites\/11\/2025\/09\/locobase-protect.png 700w\"\n        sizes=\"(max-width: 400px) 250px, (max-width: 800px) 500px, 700px\"\n        alt=\"Locobase Protect Cream\"\n        class=\"img\">\n            <\/figure>\n    <div class=\"product-card-content\">\n      <div class=\"heading-wrapper\">\n        <h2 class=\"heading\">Locobase Protect<\/h2>\n      <\/div>\n      <div class=\"product-card-description\">Crem\u0103 delicat\u0103 pentru \u00eengrijirea zilnic\u0103 a pielii uscate \u0219i sensibile \u2013 potrivit\u0103 pentru \u00eentreaga familie.<\/div>\n                      <\/div>\n  <\/a>\n          <div class=\"button-wrapper buy-now \" data-testid=\"buy-now\">\n      <div class=\"buy-now-container dropdown-container\">\n      <div class=\"theme-button button-primary-color dropdown-link\" aria-label=\"Cump\u0103r\u0103 acum\">\n          Cump\u0103r\u0103 acum <i class=\"dropdown\"><\/i>\n      <\/div>\n      <ul class=\"reseller-list submenu\">\n                    <li>\n              <a\n                href=\"https:\/\/www.farmaciaardealul.ro\/locobase-crema\" onclick=\"dataLayer.push({'event':'ga_event', 'eventCategory':'Click on Reseller', 'eventAction':'Ardealul', 'eventLabel':'Locobase Protect', 'eventValue': undefined})\" rel=\"noopener\" target=\"_blank\" title=\"Ardealul\"\n                data-testid=\"buy-now-reseller\">\n                <i class=\"fa-solid fa-arrow-right\"><\/i> Ardealul\n              <\/a>\n          <\/li>\n                    <li>\n              <a\n                href=\"https:\/\/comenzi.bebetei.ro\/ingrijire-personala\/ingrijire-corp\/creme-si-unguente\/locobase-crema-pentru-pielea-sensibila-100-ml-karo-healthcare-p468821\" onclick=\"dataLayer.push({'event':'ga_event', 'eventCategory':'Click on Reseller', 'eventAction':'Bebe Tei', 'eventLabel':'Locobase Protect', 'eventValue': undefined})\" rel=\"noopener\" target=\"_blank\" title=\"Bebe Tei\"\n                data-testid=\"buy-now-reseller\">\n                <i class=\"fa-solid fa-arrow-right\"><\/i> Bebe Tei\n              <\/a>\n          <\/li>\n                    <li>\n              <a\n                href=\"https:\/\/www.catena.ro\/locobase-crema-x-100-g\" onclick=\"dataLayer.push({'event':'ga_event', 'eventCategory':'Click on Reseller', 'eventAction':'Catena', 'eventLabel':'Locobase Protect', 'eventValue': undefined})\" rel=\"noopener\" target=\"_blank\" title=\"Catena\"\n                data-testid=\"buy-now-reseller\">\n                <i class=\"fa-solid fa-arrow-right\"><\/i> Catena\n              <\/a>\n          <\/li>\n                    <li>\n              <a\n                href=\"https:\/\/comenzi.farmaciatei.ro\/ingrijire-personala\/ingrijire-corp\/creme-corp\/crema-pentru-pielea-sensibila-locobase-protect-cream-100-g-karo-healthcare-p391044\" onclick=\"dataLayer.push({'event':'ga_event', 'eventCategory':'Click on Reseller', 'eventAction':'Farmacia Tei', 'eventLabel':'Locobase Protect', 'eventValue': undefined})\" rel=\"noopener\" target=\"_blank\" title=\"Farmacia Tei\"\n                data-testid=\"buy-now-reseller\">\n                <i class=\"fa-solid fa-arrow-right\"><\/i> Farmacia Tei\n              <\/a>\n          <\/li>\n                    <li>\n              <a\n                href=\"https:\/\/www.helpnet.ro\/locobase-crema-100g\" onclick=\"dataLayer.push({'event':'ga_event', 'eventCategory':'Click on Reseller', 'eventAction':'Help Net', 'eventLabel':'Locobase Protect', 'eventValue': undefined})\" rel=\"noopener\" target=\"_blank\" title=\"Help Net\"\n                data-testid=\"buy-now-reseller\">\n                <i class=\"fa-solid fa-arrow-right\"><\/i> Help Net\n              <\/a>\n          <\/li>\n                <\/ul>\n    <\/div>\n  <\/div>\n  <\/div>\n            <\/div>\n                  <\/div>\n        <div class=\"swiper-scrollbar\"><\/div>\n      <\/div>\n    <\/div>\n  <\/div>\n","protected":false},"excerpt":{"rendered":"","protected":false},"author":2,"featured_media":0,"parent":0,"menu_order":0,"comment_status":"closed","ping_status":"closed","template":"","meta":{"_acf_changed":false,"footnotes":""},"from-article-database":[],"class_list":["post-80","page","type-page","status-publish","hentry"],"acf":[],"yoast_head":"<!-- This site is optimized with the Yoast SEO plugin v26.6 - https:\/\/yoast.com\/wordpress\/plugins\/seo\/ -->\n<title>FAQ - Locobase<\/title>\n<meta name=\"description\" content=\"Locobase - crem\u0103 special\u0103 pentru uz zilnic. FAQ - \u00centreb\u0103ri frecvente\" \/>\n<meta name=\"robots\" content=\"index, follow, max-snippet:-1, max-image-preview:large, max-video-preview:-1\" \/>\n<link rel=\"canonical\" href=\"https:\/\/locobase.com\/ro\/faq\/\" \/>\n<meta property=\"og:locale\" content=\"ro_RO\" \/>\n<meta property=\"og:type\" content=\"article\" \/>\n<meta property=\"og:title\" content=\"FAQ - Locobase\" \/>\n<meta property=\"og:description\" content=\"Locobase - crem\u0103 special\u0103 pentru uz zilnic. FAQ - \u00centreb\u0103ri frecvente\" \/>\n<meta property=\"og:url\" content=\"https:\/\/locobase.com\/ro\/faq\/\" \/>\n<meta property=\"og:site_name\" content=\"Locobase\" \/>\n<meta property=\"article:modified_time\" content=\"2026-03-03T08:59:14+00:00\" \/>\n<meta property=\"og:image\" content=\"https:\/\/locobase.com\/cdn-cgi\/image\/format=auto\/app\/uploads\/sites\/11\/2025\/11\/faq.jpg\" \/>\n<meta name=\"twitter:card\" content=\"summary_large_image\" \/>\n<meta name=\"twitter:label1\" content=\"Timp estimat pentru citire\" \/>\n\t<meta name=\"twitter:data1\" content=\"3 minute\" \/>\n<script type=\"application\/ld+json\" class=\"yoast-schema-graph\">{\"@context\":\"https:\/\/schema.org\",\"@graph\":[{\"@type\":\"WebPage\",\"@id\":\"https:\/\/locobase.com\/ro\/faq\/\",\"url\":\"https:\/\/locobase.com\/ro\/faq\/\",\"name\":\"FAQ - Locobase\",\"isPartOf\":{\"@id\":\"https:\/\/locobase.com\/ro\/#website\"},\"primaryImageOfPage\":{\"@id\":\"https:\/\/locobase.com\/ro\/faq\/#primaryimage\"},\"image\":{\"@id\":\"https:\/\/locobase.com\/ro\/faq\/#primaryimage\"},\"thumbnailUrl\":\"https:\/\/locobase.com\/cdn-cgi\/image\/format=auto\/app\/uploads\/sites\/11\/2025\/11\/faq.jpg\",\"datePublished\":\"2025-09-26T08:02:38+00:00\",\"dateModified\":\"2026-03-03T08:59:14+00:00\",\"description\":\"Locobase - crem\u0103 special\u0103 pentru uz zilnic. FAQ - \u00centreb\u0103ri frecvente\",\"breadcrumb\":{\"@id\":\"https:\/\/locobase.com\/ro\/faq\/#breadcrumb\"},\"inLanguage\":\"ro-RO\",\"potentialAction\":[{\"@type\":\"ReadAction\",\"target\":[\"https:\/\/locobase.com\/ro\/faq\/\"]}]},{\"@type\":\"ImageObject\",\"inLanguage\":\"ro-RO\",\"@id\":\"https:\/\/locobase.com\/ro\/faq\/#primaryimage\",\"url\":\"https:\/\/locobase.com\/cdn-cgi\/image\/format=auto\/app\/uploads\/sites\/11\/2025\/11\/faq.jpg\",\"contentUrl\":\"https:\/\/locobase.com\/cdn-cgi\/image\/format=auto\/app\/uploads\/sites\/11\/2025\/11\/faq.jpg\"},{\"@type\":\"BreadcrumbList\",\"@id\":\"https:\/\/locobase.com\/ro\/faq\/#breadcrumb\",\"itemListElement\":[{\"@type\":\"ListItem\",\"position\":1,\"name\":\"Home\",\"item\":\"https:\/\/locobase.com\/ro\/\"},{\"@type\":\"ListItem\",\"position\":2,\"name\":\"FAQ\"}]},{\"@type\":\"WebSite\",\"@id\":\"https:\/\/locobase.com\/ro\/#website\",\"url\":\"https:\/\/locobase.com\/ro\/\",\"name\":\"Locobase\",\"description\":\"\",\"publisher\":{\"@id\":\"https:\/\/locobase.com\/ro\/#organization\"},\"potentialAction\":[{\"@type\":\"SearchAction\",\"target\":{\"@type\":\"EntryPoint\",\"urlTemplate\":\"https:\/\/locobase.com\/ro\/?s={search_term_string}\"},\"query-input\":{\"@type\":\"PropertyValueSpecification\",\"valueRequired\":true,\"valueName\":\"search_term_string\"}}],\"inLanguage\":\"ro-RO\"},{\"@type\":\"Organization\",\"@id\":\"https:\/\/locobase.com\/ro\/#organization\",\"name\":\"Locobase\",\"url\":\"https:\/\/locobase.com\/ro\/\",\"logo\":{\"@type\":\"ImageObject\",\"inLanguage\":\"ro-RO\",\"@id\":\"https:\/\/locobase.com\/ro\/#\/schema\/logo\/image\/\",\"url\":\"https:\/\/locobase.com\/app\/uploads\/sites\/11\/2025\/09\/logo.png\",\"contentUrl\":\"https:\/\/locobase.com\/app\/uploads\/sites\/11\/2025\/09\/logo.png\",\"width\":163,\"height\":32,\"caption\":\"Locobase\"},\"image\":{\"@id\":\"https:\/\/locobase.com\/ro\/#\/schema\/logo\/image\/\"}}]}<\/script>\n<!-- \/ Yoast SEO plugin. -->","yoast_head_json":{"title":"FAQ - Locobase","description":"Locobase - crem\u0103 special\u0103 pentru uz zilnic. FAQ - \u00centreb\u0103ri frecvente","robots":{"index":"index","follow":"follow","max-snippet":"max-snippet:-1","max-image-preview":"max-image-preview:large","max-video-preview":"max-video-preview:-1"},"canonical":"https:\/\/locobase.com\/ro\/faq\/","og_locale":"ro_RO","og_type":"article","og_title":"FAQ - Locobase","og_description":"Locobase - crem\u0103 special\u0103 pentru uz zilnic. FAQ - \u00centreb\u0103ri frecvente","og_url":"https:\/\/locobase.com\/ro\/faq\/","og_site_name":"Locobase","article_modified_time":"2026-03-03T08:59:14+00:00","og_image":[{"url":"https:\/\/locobase.com\/cdn-cgi\/image\/format=auto\/app\/uploads\/sites\/11\/2025\/11\/faq.jpg","type":"","width":"","height":""}],"twitter_card":"summary_large_image","twitter_misc":{"Timp estimat pentru citire":"3 minute"},"schema":{"@context":"https:\/\/schema.org","@graph":[{"@type":"WebPage","@id":"https:\/\/locobase.com\/ro\/faq\/","url":"https:\/\/locobase.com\/ro\/faq\/","name":"FAQ - Locobase","isPartOf":{"@id":"https:\/\/locobase.com\/ro\/#website"},"primaryImageOfPage":{"@id":"https:\/\/locobase.com\/ro\/faq\/#primaryimage"},"image":{"@id":"https:\/\/locobase.com\/ro\/faq\/#primaryimage"},"thumbnailUrl":"https:\/\/locobase.com\/cdn-cgi\/image\/format=auto\/app\/uploads\/sites\/11\/2025\/11\/faq.jpg","datePublished":"2025-09-26T08:02:38+00:00","dateModified":"2026-03-03T08:59:14+00:00","description":"Locobase - crem\u0103 special\u0103 pentru uz zilnic. FAQ - \u00centreb\u0103ri frecvente","breadcrumb":{"@id":"https:\/\/locobase.com\/ro\/faq\/#breadcrumb"},"inLanguage":"ro-RO","potentialAction":[{"@type":"ReadAction","target":["https:\/\/locobase.com\/ro\/faq\/"]}]},{"@type":"ImageObject","inLanguage":"ro-RO","@id":"https:\/\/locobase.com\/ro\/faq\/#primaryimage","url":"https:\/\/locobase.com\/cdn-cgi\/image\/format=auto\/app\/uploads\/sites\/11\/2025\/11\/faq.jpg","contentUrl":"https:\/\/locobase.com\/cdn-cgi\/image\/format=auto\/app\/uploads\/sites\/11\/2025\/11\/faq.jpg"},{"@type":"BreadcrumbList","@id":"https:\/\/locobase.com\/ro\/faq\/#breadcrumb","itemListElement":[{"@type":"ListItem","position":1,"name":"Home","item":"https:\/\/locobase.com\/ro\/"},{"@type":"ListItem","position":2,"name":"FAQ"}]},{"@type":"WebSite","@id":"https:\/\/locobase.com\/ro\/#website","url":"https:\/\/locobase.com\/ro\/","name":"Locobase","description":"","publisher":{"@id":"https:\/\/locobase.com\/ro\/#organization"},"potentialAction":[{"@type":"SearchAction","target":{"@type":"EntryPoint","urlTemplate":"https:\/\/locobase.com\/ro\/?s={search_term_string}"},"query-input":{"@type":"PropertyValueSpecification","valueRequired":true,"valueName":"search_term_string"}}],"inLanguage":"ro-RO"},{"@type":"Organization","@id":"https:\/\/locobase.com\/ro\/#organization","name":"Locobase","url":"https:\/\/locobase.com\/ro\/","logo":{"@type":"ImageObject","inLanguage":"ro-RO","@id":"https:\/\/locobase.com\/ro\/#\/schema\/logo\/image\/","url":"https:\/\/locobase.com\/app\/uploads\/sites\/11\/2025\/09\/logo.png","contentUrl":"https:\/\/locobase.com\/app\/uploads\/sites\/11\/2025\/09\/logo.png","width":163,"height":32,"caption":"Locobase"},"image":{"@id":"https:\/\/locobase.com\/ro\/#\/schema\/logo\/image\/"}}]}},"_links":{"self":[{"href":"https:\/\/locobase.com\/ro\/wp-json\/wp\/v2\/pages\/80","targetHints":{"allow":["GET"]}}],"collection":[{"href":"https:\/\/locobase.com\/ro\/wp-json\/wp\/v2\/pages"}],"about":[{"href":"https:\/\/locobase.com\/ro\/wp-json\/wp\/v2\/types\/page"}],"author":[{"embeddable":true,"href":"https:\/\/locobase.com\/ro\/wp-json\/wp\/v2\/users\/2"}],"replies":[{"embeddable":true,"href":"https:\/\/locobase.com\/ro\/wp-json\/wp\/v2\/comments?post=80"}],"version-history":[{"count":10,"href":"https:\/\/locobase.com\/ro\/wp-json\/wp\/v2\/pages\/80\/revisions"}],"predecessor-version":[{"id":181,"href":"https:\/\/locobase.com\/ro\/wp-json\/wp\/v2\/pages\/80\/revisions\/181"}],"wp:attachment":[{"href":"https:\/\/locobase.com\/ro\/wp-json\/wp\/v2\/media?parent=80"}],"wp:term":[{"taxonomy":"from-article-database","embeddable":true,"href":"https:\/\/locobase.com\/ro\/wp-json\/wp\/v2\/from-article-database?post=80"}],"curies":[{"name":"wp","href":"https:\/\/api.w.org\/{rel}","templated":true}]}}