{"id":91,"date":"2025-09-26T08:07:25","date_gmt":"2025-09-26T08:07:25","guid":{"rendered":"https:\/\/locobase.com\/ro\/?post_type=product&#038;p=91"},"modified":"2026-03-03T08:59:14","modified_gmt":"2026-03-03T08:59:14","slug":"locobase-protect","status":"publish","type":"product","link":"https:\/\/locobase.com\/ro\/produs\/locobase-protect\/","title":{"rendered":"Locobase Protect"},"content":{"rendered":"\n<div class=\"wp-block-karopharma-accordions is-style-secondary\"><div class=\"container\">\n<details class=\"wp-block-karopharma-accordion\"><summary><h2 class=\"accordion-title\">Locobase Protect \u2013 \u00eengrijire delicat\u0103 pentru \u00eentreaga familie<\/h2><\/summary><div class=\"accordion-content\">\n<p>Locobase Protect combin\u0103 propriet\u0103\u021bile unei creme cu cele ale unui unguent: are un con\u021binut ridicat de ap\u0103 \u0219i, \u00een acela\u0219i timp, un con\u021binut foarte mare de lipide. Astfel, creeaz\u0103 o barier\u0103 lipidic\u0103 protectoare, permi\u021b\u00e2nd pielii s\u0103 respire \u0219i prevenind pierderea umidit\u0103\u021bii naturale.<\/p>\n\n\n\n<p>Este recomandat\u0103 pentru pielea foarte sensibil\u0103 \u0219i uscat\u0103, precum \u0219i ca \u00eengrijire complementar\u0103 \u00een cazul pielii atopice.<\/p>\n\n\n\n<p>\u00cen plus, Locobase Protect nu con\u021bine coloran\u021bi sau parfum \u0219i, av\u00e2nd un pH de 4,0, sus\u021bine mantaua acid\u0103 natural\u0103 a pielii.<\/p>\n<\/div><\/details>\n\n\n\n<details class=\"wp-block-karopharma-accordion\"><summary><h2 class=\"accordion-title\">Pentru cine este potrivit\u0103 crema Locobase Protect?<\/h2><\/summary><div class=\"accordion-content\">\n<p>Locobase Protect este potrivit\u0103 at\u00e2t pentru adul\u021bi, c\u00e2t \u0219i pentru copii:<\/p>\n\n\n\n<ul class=\"wp-block-list is-style-icon\">\n<li>Pentru piele uscat\u0103 (inclusiv pe suprafe\u021be extinse)<\/li>\n\n\n\n<li>Pentru piele iritat\u0103 \u0219i\/sau sensibil\u0103<\/li>\n\n\n\n<li>Ca tratament complementar \u00een dermatita atopic\u0103<\/li>\n\n\n\n<li>Pentru protec\u021bia pielii deshidratate \u0219i expuse la factori agresivi, de exemplu: sp\u0103larea frecvent\u0103 a m\u00e2inilor, contactul cu materiale reci, umede sau foarte uscate<\/li>\n<\/ul>\n<\/div><\/details>\n\n\n\n<details class=\"wp-block-karopharma-accordion\"><summary><h2 class=\"accordion-title\">Cum se utilizeaz\u0103 corect Locobase Protect<\/h2><\/summary><div class=\"accordion-content\">\n<p>Aplica\u021bi crema uniform pe \u00eentregul corp, inclusiv pe fa\u021b\u0103. Folosi\u021bi Locobase Protect ori de c\u00e2te ori este necesar, chiar \u0219i de mai multe ori pe zi.<\/p>\n<\/div><\/details>\n\n\n\n<details class=\"wp-block-karopharma-accordion\"><summary><h2 class=\"accordion-title\">Compozi\u021bie<\/h2><\/summary><div class=\"accordion-content\">\n<p>Locobase Protect este o crem\u0103 pe baz\u0103 de ap\u0103 care con\u021bine 70% gr\u0103simi.<\/p>\n\n\n\n<figure class=\"wp-block-table\"><table><tbody><tr><td>Vaselin\u0103<\/td><\/tr><tr><td>Ap\u0103<\/td><\/tr><tr><td>Parafin\u0103 lichid\u0103<\/td><\/tr><tr><td>Alcool cetilstearilic<\/td><\/tr><tr><td>Ceteareth-20<\/td><\/tr><tr><td>Metilparaben<\/td><\/tr><tr><td>Acid citric<\/td><\/tr><tr><td>Citrat de sodiu<\/td><\/tr><\/tbody><\/table><\/figure>\n<\/div><\/details>\n\n\n\n<details class=\"wp-block-karopharma-accordion\"><summary><h2 class=\"accordion-title\">Sfaturi utile<\/h2><\/summary><div class=\"accordion-content\">\n<p>Atunci c\u00e2nd exist\u0103 varia\u021bii mari de temperatur\u0103 \u0219i umiditate, pielea tinde s\u0103 devin\u0103 mai uscat\u0103 dec\u00e2t \u00een mod normal. Pentru a men\u021bine pielea moale \u0219i supl\u0103, aplica\u021bi o crem\u0103 adecvat\u0103 pe toate zonele uscate ale corpului. M\u00e2inile, coatele, genunchii \u0219i t\u0103lpile sunt printre cele mai vulnerabile zone.<\/p>\n\n\n\n<p>Este deosebit de important s\u0103 aplica\u021bi crema \u00een sezonul rece. Aplica\u021bi Locobase Protect pe zonele expuse ale pielii cu aproximativ 10 minute \u00eenainte de a ie\u0219i \u00een frig. Astfel, proteja\u021bi pielea at\u00e2t \u00eempotriva deshidrat\u0103rii, c\u00e2t \u0219i \u00eempotriva deger\u0103turilor.<\/p>\n<\/div><\/details>\n<\/div><\/div>\n","protected":false},"excerpt":{"rendered":"<p>Crem\u0103 delicat\u0103 pentru \u00eengrijirea zilnic\u0103 a pielii uscate \u0219i sensibile \u2013 potrivit\u0103 pentru \u00eentreaga familie.<\/p>\n","protected":false},"featured_media":95,"comment_status":"open","ping_status":"closed","template":"","meta":{"_acf_changed":false,"footnotes":""},"product_brand":[],"product_cat":[15],"product_tag":[],"class_list":{"0":"post-91","1":"product","2":"type-product","3":"status-publish","4":"has-post-thumbnail","6":"product_cat-uncategorized","8":"first","9":"instock","10":"shipping-taxable","11":"product-type-simple"},"acf":[],"yoast_head":"<!-- This site is optimized with the Yoast SEO plugin v26.6 - https:\/\/yoast.com\/wordpress\/plugins\/seo\/ -->\n<title>Locobase Protect - Locobase<\/title>\n<meta name=\"description\" content=\"Crem\u0103 delicat\u0103 pentru \u00eengrijirea zilnic\u0103 a pielii uscate \u0219i sensibile \u2013 potrivit\u0103 pentru \u00eentreaga familie.\" \/>\n<meta name=\"robots\" content=\"index, follow, max-snippet:-1, max-image-preview:large, max-video-preview:-1\" \/>\n<link rel=\"canonical\" href=\"https:\/\/locobase.com\/ro\/produs\/locobase-protect\/\" \/>\n<meta property=\"og:locale\" content=\"ro_RO\" \/>\n<meta property=\"og:type\" content=\"article\" \/>\n<meta property=\"og:title\" content=\"Locobase Protect - Locobase\" \/>\n<meta property=\"og:description\" content=\"Crem\u0103 delicat\u0103 pentru \u00eengrijirea zilnic\u0103 a pielii uscate \u0219i sensibile \u2013 potrivit\u0103 pentru \u00eentreaga familie.\" \/>\n<meta property=\"og:url\" content=\"https:\/\/locobase.com\/ro\/produs\/locobase-protect\/\" \/>\n<meta property=\"og:site_name\" content=\"Locobase\" \/>\n<meta property=\"article:modified_time\" content=\"2026-03-03T08:59:14+00:00\" \/>\n<meta property=\"og:image\" content=\"https:\/\/locobase.com\/app\/uploads\/sites\/11\/2025\/09\/locobase-protect.png\" \/>\n\t<meta property=\"og:image:width\" content=\"700\" \/>\n\t<meta property=\"og:image:height\" content=\"700\" \/>\n\t<meta property=\"og:image:type\" content=\"image\/png\" \/>\n<meta name=\"twitter:card\" content=\"summary_large_image\" \/>\n<meta name=\"twitter:label1\" content=\"Timp estimat pentru citire\" \/>\n\t<meta name=\"twitter:data1\" content=\"2 minute\" \/>\n<script type=\"application\/ld+json\" class=\"yoast-schema-graph\">{\"@context\":\"https:\/\/schema.org\",\"@graph\":[{\"@type\":\"WebPage\",\"@id\":\"https:\/\/locobase.com\/ro\/produs\/locobase-protect\/\",\"url\":\"https:\/\/locobase.com\/ro\/produs\/locobase-protect\/\",\"name\":\"Locobase Protect - Locobase\",\"isPartOf\":{\"@id\":\"https:\/\/locobase.com\/ro\/#website\"},\"primaryImageOfPage\":{\"@id\":\"https:\/\/locobase.com\/ro\/produs\/locobase-protect\/#primaryimage\"},\"image\":{\"@id\":\"https:\/\/locobase.com\/ro\/produs\/locobase-protect\/#primaryimage\"},\"thumbnailUrl\":\"https:\/\/locobase.com\/app\/uploads\/sites\/11\/2025\/09\/locobase-protect.png\",\"datePublished\":\"2025-09-26T08:07:25+00:00\",\"dateModified\":\"2026-03-03T08:59:14+00:00\",\"description\":\"Crem\u0103 delicat\u0103 pentru \u00eengrijirea zilnic\u0103 a pielii uscate \u0219i sensibile \u2013 potrivit\u0103 pentru \u00eentreaga familie.\",\"breadcrumb\":{\"@id\":\"https:\/\/locobase.com\/ro\/produs\/locobase-protect\/#breadcrumb\"},\"inLanguage\":\"ro-RO\",\"potentialAction\":[{\"@type\":\"ReadAction\",\"target\":[\"https:\/\/locobase.com\/ro\/produs\/locobase-protect\/\"]}]},{\"@type\":\"ImageObject\",\"inLanguage\":\"ro-RO\",\"@id\":\"https:\/\/locobase.com\/ro\/produs\/locobase-protect\/#primaryimage\",\"url\":\"https:\/\/locobase.com\/app\/uploads\/sites\/11\/2025\/09\/locobase-protect.png\",\"contentUrl\":\"https:\/\/locobase.com\/app\/uploads\/sites\/11\/2025\/09\/locobase-protect.png\",\"width\":700,\"height\":700,\"caption\":\"Locobase Protect Cream\"},{\"@type\":\"BreadcrumbList\",\"@id\":\"https:\/\/locobase.com\/ro\/produs\/locobase-protect\/#breadcrumb\",\"itemListElement\":[{\"@type\":\"ListItem\",\"position\":1,\"name\":\"Home\",\"item\":\"https:\/\/locobase.com\/ro\/\"},{\"@type\":\"ListItem\",\"position\":2,\"name\":\"Produse\",\"item\":\"https:\/\/locobase.com\/ro\/produse\/\"},{\"@type\":\"ListItem\",\"position\":3,\"name\":\"Locobase Protect\"}]},{\"@type\":\"WebSite\",\"@id\":\"https:\/\/locobase.com\/ro\/#website\",\"url\":\"https:\/\/locobase.com\/ro\/\",\"name\":\"Locobase\",\"description\":\"\",\"publisher\":{\"@id\":\"https:\/\/locobase.com\/ro\/#organization\"},\"potentialAction\":[{\"@type\":\"SearchAction\",\"target\":{\"@type\":\"EntryPoint\",\"urlTemplate\":\"https:\/\/locobase.com\/ro\/?s={search_term_string}\"},\"query-input\":{\"@type\":\"PropertyValueSpecification\",\"valueRequired\":true,\"valueName\":\"search_term_string\"}}],\"inLanguage\":\"ro-RO\"},{\"@type\":\"Organization\",\"@id\":\"https:\/\/locobase.com\/ro\/#organization\",\"name\":\"Locobase\",\"url\":\"https:\/\/locobase.com\/ro\/\",\"logo\":{\"@type\":\"ImageObject\",\"inLanguage\":\"ro-RO\",\"@id\":\"https:\/\/locobase.com\/ro\/#\/schema\/logo\/image\/\",\"url\":\"https:\/\/locobase.com\/app\/uploads\/sites\/11\/2025\/09\/logo.png\",\"contentUrl\":\"https:\/\/locobase.com\/app\/uploads\/sites\/11\/2025\/09\/logo.png\",\"width\":163,\"height\":32,\"caption\":\"Locobase\"},\"image\":{\"@id\":\"https:\/\/locobase.com\/ro\/#\/schema\/logo\/image\/\"}}]}<\/script>\n<!-- \/ Yoast SEO plugin. -->","yoast_head_json":{"title":"Locobase Protect - Locobase","description":"Crem\u0103 delicat\u0103 pentru \u00eengrijirea zilnic\u0103 a pielii uscate \u0219i sensibile \u2013 potrivit\u0103 pentru \u00eentreaga familie.","robots":{"index":"index","follow":"follow","max-snippet":"max-snippet:-1","max-image-preview":"max-image-preview:large","max-video-preview":"max-video-preview:-1"},"canonical":"https:\/\/locobase.com\/ro\/produs\/locobase-protect\/","og_locale":"ro_RO","og_type":"article","og_title":"Locobase Protect - Locobase","og_description":"Crem\u0103 delicat\u0103 pentru \u00eengrijirea zilnic\u0103 a pielii uscate \u0219i sensibile \u2013 potrivit\u0103 pentru \u00eentreaga familie.","og_url":"https:\/\/locobase.com\/ro\/produs\/locobase-protect\/","og_site_name":"Locobase","article_modified_time":"2026-03-03T08:59:14+00:00","og_image":[{"width":700,"height":700,"url":"https:\/\/locobase.com\/app\/uploads\/sites\/11\/2025\/09\/locobase-protect.png","type":"image\/png"}],"twitter_card":"summary_large_image","twitter_misc":{"Timp estimat pentru citire":"2 minute"},"schema":{"@context":"https:\/\/schema.org","@graph":[{"@type":"WebPage","@id":"https:\/\/locobase.com\/ro\/produs\/locobase-protect\/","url":"https:\/\/locobase.com\/ro\/produs\/locobase-protect\/","name":"Locobase Protect - Locobase","isPartOf":{"@id":"https:\/\/locobase.com\/ro\/#website"},"primaryImageOfPage":{"@id":"https:\/\/locobase.com\/ro\/produs\/locobase-protect\/#primaryimage"},"image":{"@id":"https:\/\/locobase.com\/ro\/produs\/locobase-protect\/#primaryimage"},"thumbnailUrl":"https:\/\/locobase.com\/app\/uploads\/sites\/11\/2025\/09\/locobase-protect.png","datePublished":"2025-09-26T08:07:25+00:00","dateModified":"2026-03-03T08:59:14+00:00","description":"Crem\u0103 delicat\u0103 pentru \u00eengrijirea zilnic\u0103 a pielii uscate \u0219i sensibile \u2013 potrivit\u0103 pentru \u00eentreaga familie.","breadcrumb":{"@id":"https:\/\/locobase.com\/ro\/produs\/locobase-protect\/#breadcrumb"},"inLanguage":"ro-RO","potentialAction":[{"@type":"ReadAction","target":["https:\/\/locobase.com\/ro\/produs\/locobase-protect\/"]}]},{"@type":"ImageObject","inLanguage":"ro-RO","@id":"https:\/\/locobase.com\/ro\/produs\/locobase-protect\/#primaryimage","url":"https:\/\/locobase.com\/app\/uploads\/sites\/11\/2025\/09\/locobase-protect.png","contentUrl":"https:\/\/locobase.com\/app\/uploads\/sites\/11\/2025\/09\/locobase-protect.png","width":700,"height":700,"caption":"Locobase Protect Cream"},{"@type":"BreadcrumbList","@id":"https:\/\/locobase.com\/ro\/produs\/locobase-protect\/#breadcrumb","itemListElement":[{"@type":"ListItem","position":1,"name":"Home","item":"https:\/\/locobase.com\/ro\/"},{"@type":"ListItem","position":2,"name":"Produse","item":"https:\/\/locobase.com\/ro\/produse\/"},{"@type":"ListItem","position":3,"name":"Locobase Protect"}]},{"@type":"WebSite","@id":"https:\/\/locobase.com\/ro\/#website","url":"https:\/\/locobase.com\/ro\/","name":"Locobase","description":"","publisher":{"@id":"https:\/\/locobase.com\/ro\/#organization"},"potentialAction":[{"@type":"SearchAction","target":{"@type":"EntryPoint","urlTemplate":"https:\/\/locobase.com\/ro\/?s={search_term_string}"},"query-input":{"@type":"PropertyValueSpecification","valueRequired":true,"valueName":"search_term_string"}}],"inLanguage":"ro-RO"},{"@type":"Organization","@id":"https:\/\/locobase.com\/ro\/#organization","name":"Locobase","url":"https:\/\/locobase.com\/ro\/","logo":{"@type":"ImageObject","inLanguage":"ro-RO","@id":"https:\/\/locobase.com\/ro\/#\/schema\/logo\/image\/","url":"https:\/\/locobase.com\/app\/uploads\/sites\/11\/2025\/09\/logo.png","contentUrl":"https:\/\/locobase.com\/app\/uploads\/sites\/11\/2025\/09\/logo.png","width":163,"height":32,"caption":"Locobase"},"image":{"@id":"https:\/\/locobase.com\/ro\/#\/schema\/logo\/image\/"}}]}},"_links":{"self":[{"href":"https:\/\/locobase.com\/ro\/wp-json\/wp\/v2\/product\/91","targetHints":{"allow":["GET"]}}],"collection":[{"href":"https:\/\/locobase.com\/ro\/wp-json\/wp\/v2\/product"}],"about":[{"href":"https:\/\/locobase.com\/ro\/wp-json\/wp\/v2\/types\/product"}],"replies":[{"embeddable":true,"href":"https:\/\/locobase.com\/ro\/wp-json\/wp\/v2\/comments?post=91"}],"version-history":[{"count":9,"href":"https:\/\/locobase.com\/ro\/wp-json\/wp\/v2\/product\/91\/revisions"}],"predecessor-version":[{"id":185,"href":"https:\/\/locobase.com\/ro\/wp-json\/wp\/v2\/product\/91\/revisions\/185"}],"wp:featuredmedia":[{"embeddable":true,"href":"https:\/\/locobase.com\/ro\/wp-json\/wp\/v2\/media\/95"}],"wp:attachment":[{"href":"https:\/\/locobase.com\/ro\/wp-json\/wp\/v2\/media?parent=91"}],"wp:term":[{"taxonomy":"product_brand","embeddable":true,"href":"https:\/\/locobase.com\/ro\/wp-json\/wp\/v2\/product_brand?post=91"},{"taxonomy":"product_cat","embeddable":true,"href":"https:\/\/locobase.com\/ro\/wp-json\/wp\/v2\/product_cat?post=91"},{"taxonomy":"product_tag","embeddable":true,"href":"https:\/\/locobase.com\/ro\/wp-json\/wp\/v2\/product_tag?post=91"}],"curies":[{"name":"wp","href":"https:\/\/api.w.org\/{rel}","templated":true}]}}