{"id":93,"date":"2025-09-26T08:08:19","date_gmt":"2025-09-26T08:08:19","guid":{"rendered":"https:\/\/locobase.com\/ro\/?post_type=product&#038;p=93"},"modified":"2026-03-03T08:59:14","modified_gmt":"2026-03-03T08:59:14","slug":"locobase-repair","status":"publish","type":"product","link":"https:\/\/locobase.com\/ro\/produs\/locobase-repair\/","title":{"rendered":"Locobase Repair"},"content":{"rendered":"\n<div class=\"wp-block-karopharma-accordions is-style-secondary\"><div class=\"container\">\n<details class=\"wp-block-karopharma-accordion\"><summary><h2 class=\"accordion-title\">Cum restabile\u0219te Locobase Repair func\u021bia de barier\u0103 a pielii uscate?<\/h2><\/summary><div class=\"accordion-content\">\n<p><strong>Efect imediat:<br><\/strong>Imediat dup\u0103 aplicarea pe pielea foarte uscat\u0103, sau cr\u0103pat\u0103, apare efectul imediat: evaporarea apei din piele este redus\u0103 prin efectul de acoperire, care protejeaz\u0103 instant pielea.<\/p>\n\n\n\n<p><strong>Efect pe termen mediu:<\/strong><br>Pe m\u0103sur\u0103 ce p\u0103trund mai profund \u00een stratul cornos, lipidele de barier\u0103 reu\u0219esc s\u0103 re\u021bin\u0103 umiditatea \u00een piele timp de p\u00e2n\u0103 la 24 de ore.<\/p>\n\n\n\n<p><strong>Efect pe termen lung:<\/strong><br>Lipidele de barier\u0103 sunt absorbite \u0219i depozitate \u00een straturile mai profunde ale pielii, de unde sunt eliberate treptat atunci c\u00e2nd este necesar.<\/p>\n\n\n\n<p><strong>Testat clinic:<br><\/strong>Locobase Repair furnizeaz\u0103 pielii uscate lipide de barier\u0103 pe care pielea le-ar produce \u00een mod natural \u00een c\u00e2teva zile. Produc\u021bia natural\u0103 a pielii nu este inhibat\u0103. Testele clinice au demonstrat c\u0103 aplicarea Locobase Repair o dat\u0103 pe zi restabile\u0219te func\u021bia de barier\u0103 a pielii \u0219i o protejeaz\u0103 timp de p\u00e2n\u0103 la 24 de ore.<br>\u00cen plus, adaosul de glicerin\u0103 \u2013 un factor important de hidratare \u2013 cre\u0219te nivelul de umiditate al pielii. Datorit\u0103 acestor propriet\u0103\u021bi, dermatologii recomand\u0103 Locobase Repair de zeci de ani nu doar pentru pielea extrem de uscat\u0103, ci \u0219i ca tratament de baz\u0103 \u00een eczemele atopice.<\/p>\n<\/div><\/details>\n\n\n\n<details class=\"wp-block-karopharma-accordion\"><summary><h2 class=\"accordion-title\">Pentru cine este potrivit Locobase Repair?<\/h2><\/summary><div class=\"accordion-content\">\n<p>Locobase Repair este potrivit at\u00e2t pentru adul\u021bi, c\u00e2t \u0219i pentru bebelu\u0219i \u0219i copii.<\/p>\n\n\n\n<ul class=\"wp-block-list is-style-icon\">\n<li>Pentru piele foarte uscat\u0103 \u0219i zone uscate, descuamate, pe \u00eentregul corp<\/li>\n\n\n\n<li>Pentru piele cr\u0103pat\u0103 \u0219i agresat\u0103<\/li>\n\n\n\n<li>Pentru eczem\u0103 atopic\u0103, ca adjuvant \u00een tratamentul cu crem\u0103 cu hidrocortizon<\/li>\n\n\n\n<li>Dup\u0103 tratamente cu laser<\/li>\n<\/ul>\n<\/div><\/details>\n\n\n\n<details class=\"wp-block-karopharma-accordion\"><summary><h2 class=\"accordion-title\">Cum se utilizeaz\u0103 corect Locobase Repair<\/h2><\/summary><div class=\"accordion-content\">\n<p>Aplica\u021bi un strat sub\u021bire pe zonele de piele uscat\u0103 o dat\u0103 pe zi, de exemplu seara. Locobase Repair este foarte concentrat\u0103 \u0219i eficient\u0103 \u2013 chiar \u0219i o cantitate mic\u0103 este suficient\u0103 pentru un efect complet de reparare.<\/p>\n\n\n\n<p>Pentru zonele mai mari de piele uscat\u0103 de pe corp, se recomand\u0103 s\u0103 aplica\u021bi mai \u00eent\u00e2i cantit\u0103\u021bi mici prin tamponare, apoi s\u0103 masa\u021bi u\u0219or pentru a \u00eentinde crema uniform.<\/p>\n\n\n\n<p>Dac\u0103 pielea este deosebit de afectat\u0103, este mai bine s\u0103 aplica\u021bi Locobase Repair de mai multe ori pe zi, folosind cantit\u0103\u021bi mai mici, dec\u00e2t s\u0103 aplica\u021bi o cantitate mare o singur\u0103 dat\u0103.<\/p>\n\n\n\n<p>Locobase Repair este o crem\u0103 f\u0103r\u0103 parfum, care nu con\u021bine conservan\u021bi sau coloran\u021bi. Din acest motiv, este bine tolerat\u0103 \u0219i ca tratament de sus\u021binere \u00een eczemele atopice. Locobase Repair este o emulsie de tip ap\u0103-\u00een-ulei (W\/O). Datorit\u0103 formul\u0103rii sale speciale, consisten\u021ba poate p\u0103rea pu\u021bin mai dens\u0103 dec\u00e2t cea a unei creme obi\u0219nuite. Cu toate acestea, Locobase Repair nu este lipicioas\u0103 \u0219i se absoarbe rapid.<\/p>\n\n\n\n<p>Desigur, Locobase Repair poate fi utilizat\u0103 \u0219i \u00een completarea rutinei zilnice de \u00eengrijire a pielii.<\/p>\n<\/div><\/details>\n\n\n\n<details class=\"wp-block-karopharma-accordion\"><summary><h2 class=\"accordion-title\">Ce este eczema atopic\u0103?<\/h2><\/summary><div class=\"accordion-content\">\n<p>Eczema atopic\u0103, cunoscut\u0103 \u0219i sub denumirea de dermatit\u0103 atopic\u0103 sau neurodermatit\u0103, este o afec\u021biune inflamatorie cronic\u0103 a pielii, necontagioas\u0103. Aceasta se manifest\u0103 prin episoade recurente de piele \u00eenro\u0219it\u0103, aspr\u0103, uscat\u0103 sau exsudativ\u0103, cu cruste \u0219i descuam\u0103ri, localizate sub form\u0103 de zone sau pl\u0103ci.<\/p>\n<\/div><\/details>\n\n\n\n<details class=\"wp-block-karopharma-accordion\"><summary><h2 class=\"accordion-title\">Ingrediente<\/h2><\/summary><div class=\"accordion-content\">\n<p>Locobase Repair este foarte bogat\u0103 \u0219i con\u021bine o combina\u021bie optim\u0103 de lipide de barier\u0103 identice cu cele ale pielii:<br>ceramide, acizi gra\u0219i liberi \u0219i colesterol.<\/p>\n\n\n\n<p>Ingrediente:<br>Petrolatum, Aqua, Paraffin, Paraffinum Liquidum, Glycerin, Sorbitan Oleate, Copernicia Cerifera Wax, Cholesterol, Ceramide 3, Oleic Acid, Palmitic Acid, Tromethamine, Carbomer.<\/p>\n<\/div><\/details>\n\n\n\n<details class=\"wp-block-karopharma-accordion\"><summary><h2 class=\"accordion-title\">Sfaturi<\/h2><\/summary><div class=\"accordion-content\">\n<ul class=\"wp-block-list is-style-icon\">\n<li>Este recomandat\u0103 \u00een special pentru utilizare pe vreme rece. Cel mai bine este s\u0103 aplica\u021bi Locobase Repair pe zonele expuse ale pielii cu aproximativ 10 minute \u00eenainte de a ie\u0219i din cas\u0103.<\/li>\n\n\n\n<li>Locobase Repair este ideal\u0103 \u0219i ca balsam de buze.<\/li>\n\n\n\n<li>Utilizarea trebuie continuat\u0103 \u0219i dup\u0103 vindecarea eczemei atopice, pentru men\u021binerea func\u021biei de barier\u0103 a pielii.<\/li>\n<\/ul>\n<\/div><\/details>\n<\/div><\/div>\n","protected":false},"excerpt":{"rendered":"<p>Crem\u0103 special\u0103 pentru pielea foarte uscat\u0103, recomandat\u0103 ca adjuvant \u00een \u00eengrijirea pielii cu eczem\u0103 atopic\u0103.<\/p>\n","protected":false},"featured_media":96,"comment_status":"closed","ping_status":"closed","template":"","meta":{"_acf_changed":false,"footnotes":""},"product_brand":[],"product_cat":[],"product_tag":[],"class_list":{"0":"post-93","1":"product","2":"type-product","3":"status-publish","4":"has-post-thumbnail","7":"first","8":"instock","9":"shipping-taxable","10":"product-type-simple"},"acf":[],"yoast_head":"<!-- This site is optimized with the Yoast SEO plugin v26.6 - https:\/\/yoast.com\/wordpress\/plugins\/seo\/ -->\n<title>Locobase Repair - Locobase<\/title>\n<meta name=\"description\" content=\"Crem\u0103 special\u0103 pentru pielea foarte uscat\u0103, recomandat\u0103 ca adjuvant \u00een \u00eengrijirea pielii cu eczem\u0103 atopic\u0103.\" \/>\n<meta name=\"robots\" content=\"index, follow, max-snippet:-1, max-image-preview:large, max-video-preview:-1\" \/>\n<link rel=\"canonical\" href=\"https:\/\/locobase.com\/ro\/produs\/locobase-repair\/\" \/>\n<meta property=\"og:locale\" content=\"ro_RO\" \/>\n<meta property=\"og:type\" content=\"article\" \/>\n<meta property=\"og:title\" content=\"Locobase Repair - Locobase\" \/>\n<meta property=\"og:description\" content=\"Crem\u0103 special\u0103 pentru pielea foarte uscat\u0103, recomandat\u0103 ca adjuvant \u00een \u00eengrijirea pielii cu eczem\u0103 atopic\u0103.\" \/>\n<meta property=\"og:url\" content=\"https:\/\/locobase.com\/ro\/produs\/locobase-repair\/\" \/>\n<meta property=\"og:site_name\" content=\"Locobase\" \/>\n<meta property=\"article:modified_time\" content=\"2026-03-03T08:59:14+00:00\" \/>\n<meta property=\"og:image\" content=\"https:\/\/locobase.com\/app\/uploads\/sites\/11\/2025\/09\/locobase-repair.png\" \/>\n\t<meta property=\"og:image:width\" content=\"700\" \/>\n\t<meta property=\"og:image:height\" content=\"700\" \/>\n\t<meta property=\"og:image:type\" content=\"image\/png\" \/>\n<meta name=\"twitter:card\" content=\"summary_large_image\" \/>\n<meta name=\"twitter:label1\" content=\"Timp estimat pentru citire\" \/>\n\t<meta name=\"twitter:data1\" content=\"4 minute\" \/>\n<script type=\"application\/ld+json\" class=\"yoast-schema-graph\">{\"@context\":\"https:\/\/schema.org\",\"@graph\":[{\"@type\":\"WebPage\",\"@id\":\"https:\/\/locobase.com\/ro\/produs\/locobase-repair\/\",\"url\":\"https:\/\/locobase.com\/ro\/produs\/locobase-repair\/\",\"name\":\"Locobase Repair - Locobase\",\"isPartOf\":{\"@id\":\"https:\/\/locobase.com\/ro\/#website\"},\"primaryImageOfPage\":{\"@id\":\"https:\/\/locobase.com\/ro\/produs\/locobase-repair\/#primaryimage\"},\"image\":{\"@id\":\"https:\/\/locobase.com\/ro\/produs\/locobase-repair\/#primaryimage\"},\"thumbnailUrl\":\"https:\/\/locobase.com\/app\/uploads\/sites\/11\/2025\/09\/locobase-repair.png\",\"datePublished\":\"2025-09-26T08:08:19+00:00\",\"dateModified\":\"2026-03-03T08:59:14+00:00\",\"description\":\"Crem\u0103 special\u0103 pentru pielea foarte uscat\u0103, recomandat\u0103 ca adjuvant \u00een \u00eengrijirea pielii cu eczem\u0103 atopic\u0103.\",\"breadcrumb\":{\"@id\":\"https:\/\/locobase.com\/ro\/produs\/locobase-repair\/#breadcrumb\"},\"inLanguage\":\"ro-RO\",\"potentialAction\":[{\"@type\":\"ReadAction\",\"target\":[\"https:\/\/locobase.com\/ro\/produs\/locobase-repair\/\"]}]},{\"@type\":\"ImageObject\",\"inLanguage\":\"ro-RO\",\"@id\":\"https:\/\/locobase.com\/ro\/produs\/locobase-repair\/#primaryimage\",\"url\":\"https:\/\/locobase.com\/app\/uploads\/sites\/11\/2025\/09\/locobase-repair.png\",\"contentUrl\":\"https:\/\/locobase.com\/app\/uploads\/sites\/11\/2025\/09\/locobase-repair.png\",\"width\":700,\"height\":700},{\"@type\":\"BreadcrumbList\",\"@id\":\"https:\/\/locobase.com\/ro\/produs\/locobase-repair\/#breadcrumb\",\"itemListElement\":[{\"@type\":\"ListItem\",\"position\":1,\"name\":\"Home\",\"item\":\"https:\/\/locobase.com\/ro\/\"},{\"@type\":\"ListItem\",\"position\":2,\"name\":\"Produse\",\"item\":\"https:\/\/locobase.com\/ro\/produse\/\"},{\"@type\":\"ListItem\",\"position\":3,\"name\":\"Locobase Repair\"}]},{\"@type\":\"WebSite\",\"@id\":\"https:\/\/locobase.com\/ro\/#website\",\"url\":\"https:\/\/locobase.com\/ro\/\",\"name\":\"Locobase\",\"description\":\"\",\"publisher\":{\"@id\":\"https:\/\/locobase.com\/ro\/#organization\"},\"potentialAction\":[{\"@type\":\"SearchAction\",\"target\":{\"@type\":\"EntryPoint\",\"urlTemplate\":\"https:\/\/locobase.com\/ro\/?s={search_term_string}\"},\"query-input\":{\"@type\":\"PropertyValueSpecification\",\"valueRequired\":true,\"valueName\":\"search_term_string\"}}],\"inLanguage\":\"ro-RO\"},{\"@type\":\"Organization\",\"@id\":\"https:\/\/locobase.com\/ro\/#organization\",\"name\":\"Locobase\",\"url\":\"https:\/\/locobase.com\/ro\/\",\"logo\":{\"@type\":\"ImageObject\",\"inLanguage\":\"ro-RO\",\"@id\":\"https:\/\/locobase.com\/ro\/#\/schema\/logo\/image\/\",\"url\":\"https:\/\/locobase.com\/app\/uploads\/sites\/11\/2025\/09\/logo.png\",\"contentUrl\":\"https:\/\/locobase.com\/app\/uploads\/sites\/11\/2025\/09\/logo.png\",\"width\":163,\"height\":32,\"caption\":\"Locobase\"},\"image\":{\"@id\":\"https:\/\/locobase.com\/ro\/#\/schema\/logo\/image\/\"}}]}<\/script>\n<!-- \/ Yoast SEO plugin. -->","yoast_head_json":{"title":"Locobase Repair - Locobase","description":"Crem\u0103 special\u0103 pentru pielea foarte uscat\u0103, recomandat\u0103 ca adjuvant \u00een \u00eengrijirea pielii cu eczem\u0103 atopic\u0103.","robots":{"index":"index","follow":"follow","max-snippet":"max-snippet:-1","max-image-preview":"max-image-preview:large","max-video-preview":"max-video-preview:-1"},"canonical":"https:\/\/locobase.com\/ro\/produs\/locobase-repair\/","og_locale":"ro_RO","og_type":"article","og_title":"Locobase Repair - Locobase","og_description":"Crem\u0103 special\u0103 pentru pielea foarte uscat\u0103, recomandat\u0103 ca adjuvant \u00een \u00eengrijirea pielii cu eczem\u0103 atopic\u0103.","og_url":"https:\/\/locobase.com\/ro\/produs\/locobase-repair\/","og_site_name":"Locobase","article_modified_time":"2026-03-03T08:59:14+00:00","og_image":[{"width":700,"height":700,"url":"https:\/\/locobase.com\/app\/uploads\/sites\/11\/2025\/09\/locobase-repair.png","type":"image\/png"}],"twitter_card":"summary_large_image","twitter_misc":{"Timp estimat pentru citire":"4 minute"},"schema":{"@context":"https:\/\/schema.org","@graph":[{"@type":"WebPage","@id":"https:\/\/locobase.com\/ro\/produs\/locobase-repair\/","url":"https:\/\/locobase.com\/ro\/produs\/locobase-repair\/","name":"Locobase Repair - Locobase","isPartOf":{"@id":"https:\/\/locobase.com\/ro\/#website"},"primaryImageOfPage":{"@id":"https:\/\/locobase.com\/ro\/produs\/locobase-repair\/#primaryimage"},"image":{"@id":"https:\/\/locobase.com\/ro\/produs\/locobase-repair\/#primaryimage"},"thumbnailUrl":"https:\/\/locobase.com\/app\/uploads\/sites\/11\/2025\/09\/locobase-repair.png","datePublished":"2025-09-26T08:08:19+00:00","dateModified":"2026-03-03T08:59:14+00:00","description":"Crem\u0103 special\u0103 pentru pielea foarte uscat\u0103, recomandat\u0103 ca adjuvant \u00een \u00eengrijirea pielii cu eczem\u0103 atopic\u0103.","breadcrumb":{"@id":"https:\/\/locobase.com\/ro\/produs\/locobase-repair\/#breadcrumb"},"inLanguage":"ro-RO","potentialAction":[{"@type":"ReadAction","target":["https:\/\/locobase.com\/ro\/produs\/locobase-repair\/"]}]},{"@type":"ImageObject","inLanguage":"ro-RO","@id":"https:\/\/locobase.com\/ro\/produs\/locobase-repair\/#primaryimage","url":"https:\/\/locobase.com\/app\/uploads\/sites\/11\/2025\/09\/locobase-repair.png","contentUrl":"https:\/\/locobase.com\/app\/uploads\/sites\/11\/2025\/09\/locobase-repair.png","width":700,"height":700},{"@type":"BreadcrumbList","@id":"https:\/\/locobase.com\/ro\/produs\/locobase-repair\/#breadcrumb","itemListElement":[{"@type":"ListItem","position":1,"name":"Home","item":"https:\/\/locobase.com\/ro\/"},{"@type":"ListItem","position":2,"name":"Produse","item":"https:\/\/locobase.com\/ro\/produse\/"},{"@type":"ListItem","position":3,"name":"Locobase Repair"}]},{"@type":"WebSite","@id":"https:\/\/locobase.com\/ro\/#website","url":"https:\/\/locobase.com\/ro\/","name":"Locobase","description":"","publisher":{"@id":"https:\/\/locobase.com\/ro\/#organization"},"potentialAction":[{"@type":"SearchAction","target":{"@type":"EntryPoint","urlTemplate":"https:\/\/locobase.com\/ro\/?s={search_term_string}"},"query-input":{"@type":"PropertyValueSpecification","valueRequired":true,"valueName":"search_term_string"}}],"inLanguage":"ro-RO"},{"@type":"Organization","@id":"https:\/\/locobase.com\/ro\/#organization","name":"Locobase","url":"https:\/\/locobase.com\/ro\/","logo":{"@type":"ImageObject","inLanguage":"ro-RO","@id":"https:\/\/locobase.com\/ro\/#\/schema\/logo\/image\/","url":"https:\/\/locobase.com\/app\/uploads\/sites\/11\/2025\/09\/logo.png","contentUrl":"https:\/\/locobase.com\/app\/uploads\/sites\/11\/2025\/09\/logo.png","width":163,"height":32,"caption":"Locobase"},"image":{"@id":"https:\/\/locobase.com\/ro\/#\/schema\/logo\/image\/"}}]}},"_links":{"self":[{"href":"https:\/\/locobase.com\/ro\/wp-json\/wp\/v2\/product\/93","targetHints":{"allow":["GET"]}}],"collection":[{"href":"https:\/\/locobase.com\/ro\/wp-json\/wp\/v2\/product"}],"about":[{"href":"https:\/\/locobase.com\/ro\/wp-json\/wp\/v2\/types\/product"}],"replies":[{"embeddable":true,"href":"https:\/\/locobase.com\/ro\/wp-json\/wp\/v2\/comments?post=93"}],"version-history":[{"count":9,"href":"https:\/\/locobase.com\/ro\/wp-json\/wp\/v2\/product\/93\/revisions"}],"predecessor-version":[{"id":168,"href":"https:\/\/locobase.com\/ro\/wp-json\/wp\/v2\/product\/93\/revisions\/168"}],"wp:featuredmedia":[{"embeddable":true,"href":"https:\/\/locobase.com\/ro\/wp-json\/wp\/v2\/media\/96"}],"wp:attachment":[{"href":"https:\/\/locobase.com\/ro\/wp-json\/wp\/v2\/media?parent=93"}],"wp:term":[{"taxonomy":"product_brand","embeddable":true,"href":"https:\/\/locobase.com\/ro\/wp-json\/wp\/v2\/product_brand?post=93"},{"taxonomy":"product_cat","embeddable":true,"href":"https:\/\/locobase.com\/ro\/wp-json\/wp\/v2\/product_cat?post=93"},{"taxonomy":"product_tag","embeddable":true,"href":"https:\/\/locobase.com\/ro\/wp-json\/wp\/v2\/product_tag?post=93"}],"curies":[{"name":"wp","href":"https:\/\/api.w.org\/{rel}","templated":true}]}}