{"id":116,"date":"2023-01-17T15:00:30","date_gmt":"2023-01-17T14:00:30","guid":{"rendered":"https:\/\/locobase.com\/se\/?post_type=product&#038;p=116"},"modified":"2026-03-16T08:51:50","modified_gmt":"2026-03-16T07:51:50","slug":"locobase-itch-relief-coolmousse","status":"publish","type":"product","link":"https:\/\/locobase.com\/se\/produkt\/locobase-itch-relief-coolmousse\/","title":{"rendered":"Locobase Itch Relief Coolmousse"},"content":{"rendered":"\n<div class=\"wp-block-karopharma-accordions is-style-secondary\"><div class=\"container\">\n<details class=\"wp-block-karopharma-accordion\"><summary><h2 class=\"accordion-title\">Anv\u00e4ndningsomr\u00e5de<\/h2><\/summary><div class=\"accordion-content\">\n<p>Kan anv\u00e4ndas p\u00e5 hela kroppen, \u00e4ven i ansiktet.<\/p>\n<\/div><\/details>\n\n\n\n<details class=\"wp-block-karopharma-accordion\"><summary><h2 class=\"accordion-title\">Anv\u00e4ndning<\/h2><\/summary><div class=\"accordion-content\">\n<p>Applicera moussen varsamt p\u00e5 det drabbade hudomr\u00e5det. Kan anv\u00e4ndas s\u00e5 ofta det beh\u00f6vs.<\/p>\n<\/div><\/details>\n\n\n\n<details class=\"wp-block-karopharma-accordion\"><summary><h2 class=\"accordion-title\">Ingredienser<\/h2><\/summary><div class=\"accordion-content\">\n<figure class=\"wp-block-table\"><table><tbody><tr><td><strong>Ingredienser<\/strong><\/td><\/tr><tr><td>Aqua<\/td><\/tr><tr><td>Aloe Barbadensis Leaf Extract<\/td><\/tr><tr><td>Betaine<\/td><\/tr><tr><td>Laureth-9<\/td><\/tr><tr><td>PEG-40 Hydrogenated Castor Oil<\/td><\/tr><tr><td>Glycerin<\/td><\/tr><tr><td>Sodium Coco-Glucoside Tartrate<\/td><\/tr><tr><td>Polyglyceryl-10 laurate<\/td><\/tr><tr><td>Phenoxyethanol<\/td><\/tr><tr><td>Panthenol<\/td><\/tr><tr><td>Ethylhexylglycerin<\/td><\/tr><tr><td>Allantoin<\/td><\/tr><tr><td>Citric Acid<\/td><\/tr><tr><td>Sodium Hydroxide<\/td><\/tr><tr><td>Sodium Benzoate<\/td><\/tr><tr><td>Potassium Sorbate<\/td><\/tr><\/tbody><\/table><\/figure>\n<\/div><\/details>\n\n\n\n<details class=\"wp-block-karopharma-accordion\"><summary><h2 class=\"accordion-title\">Tips<\/h2><\/summary><div class=\"accordion-content\">\n<p>F\u00f6r \u00f6kad kylande effekt, f\u00f6rvara produkten i kylsk\u00e5pet.<\/p>\n<\/div><\/details>\n<\/div><\/div>\n","protected":false},"excerpt":{"rendered":"<p>Svalkande mousse f\u00f6r torr, irriterad och kliande hud<\/p>\n","protected":false},"featured_media":117,"comment_status":"closed","ping_status":"closed","template":"","meta":{"_acf_changed":false,"footnotes":""},"product_brand":[],"product_cat":[27],"product_tag":[],"class_list":{"0":"post-116","1":"product","2":"type-product","3":"status-publish","4":"has-post-thumbnail","6":"product_cat-calm","8":"first","9":"instock","10":"shipping-taxable","11":"product-type-simple"},"acf":[],"yoast_head":"<!-- This site is optimized with the Yoast SEO plugin v26.6 - https:\/\/yoast.com\/wordpress\/plugins\/seo\/ -->\n<title>Locobase Itch Relief Coolmousse - Locobase<\/title>\n<meta name=\"description\" content=\"Locobase Itch Relief Coolmousse \u00e4r en svalkande mousse som \u00e4r speciellt framtagen f\u00f6r att omedelbart lugna irriterad och kliande hud.\" \/>\n<meta name=\"robots\" content=\"index, follow, max-snippet:-1, max-image-preview:large, max-video-preview:-1\" \/>\n<link rel=\"canonical\" href=\"https:\/\/locobase.com\/se\/produkt\/locobase-itch-relief-coolmousse\/\" \/>\n<meta property=\"og:locale\" content=\"sv_SE\" \/>\n<meta property=\"og:type\" content=\"article\" \/>\n<meta property=\"og:title\" content=\"Locobase Itch Relief Coolmousse - Locobase\" \/>\n<meta property=\"og:description\" content=\"Locobase Itch Relief Coolmousse \u00e4r en svalkande mousse som \u00e4r speciellt framtagen f\u00f6r att omedelbart lugna irriterad och kliande hud.\" \/>\n<meta property=\"og:url\" content=\"https:\/\/locobase.com\/se\/produkt\/locobase-itch-relief-coolmousse\/\" \/>\n<meta property=\"og:site_name\" content=\"Locobase\" \/>\n<meta property=\"article:modified_time\" content=\"2026-03-16T07:51:50+00:00\" \/>\n<meta property=\"og:image\" content=\"https:\/\/locobase.com\/app\/uploads\/sites\/2\/2023\/01\/Locobase-Itch-Relief-Cool-Mousse.png\" \/>\n\t<meta property=\"og:image:width\" content=\"900\" \/>\n\t<meta property=\"og:image:height\" content=\"900\" \/>\n\t<meta property=\"og:image:type\" content=\"image\/png\" \/>\n<meta name=\"twitter:card\" content=\"summary_large_image\" \/>\n<meta name=\"twitter:label1\" content=\"Ber\u00e4knad l\u00e4stid\" \/>\n\t<meta name=\"twitter:data1\" content=\"1 minut\" \/>\n<script type=\"application\/ld+json\" class=\"yoast-schema-graph\">{\"@context\":\"https:\/\/schema.org\",\"@graph\":[{\"@type\":\"WebPage\",\"@id\":\"https:\/\/locobase.com\/se\/produkt\/locobase-itch-relief-coolmousse\/\",\"url\":\"https:\/\/locobase.com\/se\/produkt\/locobase-itch-relief-coolmousse\/\",\"name\":\"Locobase Itch Relief Coolmousse - Locobase\",\"isPartOf\":{\"@id\":\"https:\/\/locobase.com\/se\/#website\"},\"primaryImageOfPage\":{\"@id\":\"https:\/\/locobase.com\/se\/produkt\/locobase-itch-relief-coolmousse\/#primaryimage\"},\"image\":{\"@id\":\"https:\/\/locobase.com\/se\/produkt\/locobase-itch-relief-coolmousse\/#primaryimage\"},\"thumbnailUrl\":\"https:\/\/locobase.com\/app\/uploads\/sites\/2\/2023\/01\/Locobase-Itch-Relief-Cool-Mousse.png\",\"datePublished\":\"2023-01-17T14:00:30+00:00\",\"dateModified\":\"2026-03-16T07:51:50+00:00\",\"description\":\"Locobase Itch Relief Coolmousse \u00e4r en svalkande mousse som \u00e4r speciellt framtagen f\u00f6r att omedelbart lugna irriterad och kliande hud.\",\"breadcrumb\":{\"@id\":\"https:\/\/locobase.com\/se\/produkt\/locobase-itch-relief-coolmousse\/#breadcrumb\"},\"inLanguage\":\"sv-SE\",\"potentialAction\":[{\"@type\":\"ReadAction\",\"target\":[\"https:\/\/locobase.com\/se\/produkt\/locobase-itch-relief-coolmousse\/\"]}]},{\"@type\":\"ImageObject\",\"inLanguage\":\"sv-SE\",\"@id\":\"https:\/\/locobase.com\/se\/produkt\/locobase-itch-relief-coolmousse\/#primaryimage\",\"url\":\"https:\/\/locobase.com\/app\/uploads\/sites\/2\/2023\/01\/Locobase-Itch-Relief-Cool-Mousse.png\",\"contentUrl\":\"https:\/\/locobase.com\/app\/uploads\/sites\/2\/2023\/01\/Locobase-Itch-Relief-Cool-Mousse.png\",\"width\":900,\"height\":900,\"caption\":\"Locobase Itch Relief Cool Mousse\"},{\"@type\":\"BreadcrumbList\",\"@id\":\"https:\/\/locobase.com\/se\/produkt\/locobase-itch-relief-coolmousse\/#breadcrumb\",\"itemListElement\":[{\"@type\":\"ListItem\",\"position\":1,\"name\":\"Home\",\"item\":\"https:\/\/locobase.com\/se\/\"},{\"@type\":\"ListItem\",\"position\":2,\"name\":\"Produkter\",\"item\":\"https:\/\/locobase.com\/se\/produkter\/\"},{\"@type\":\"ListItem\",\"position\":3,\"name\":\"Locobase Itch Relief Coolmousse\"}]},{\"@type\":\"WebSite\",\"@id\":\"https:\/\/locobase.com\/se\/#website\",\"url\":\"https:\/\/locobase.com\/se\/\",\"name\":\"Locobase\",\"description\":\"\",\"publisher\":{\"@id\":\"https:\/\/locobase.com\/se\/#organization\"},\"potentialAction\":[{\"@type\":\"SearchAction\",\"target\":{\"@type\":\"EntryPoint\",\"urlTemplate\":\"https:\/\/locobase.com\/se\/?s={search_term_string}\"},\"query-input\":{\"@type\":\"PropertyValueSpecification\",\"valueRequired\":true,\"valueName\":\"search_term_string\"}}],\"inLanguage\":\"sv-SE\"},{\"@type\":\"Organization\",\"@id\":\"https:\/\/locobase.com\/se\/#organization\",\"name\":\"Locobase\",\"url\":\"https:\/\/locobase.com\/se\/\",\"logo\":{\"@type\":\"ImageObject\",\"inLanguage\":\"sv-SE\",\"@id\":\"https:\/\/locobase.com\/se\/#\/schema\/logo\/image\/\",\"url\":\"https:\/\/locobase.com\/app\/uploads\/sites\/2\/2022\/05\/logo.png\",\"contentUrl\":\"https:\/\/locobase.com\/app\/uploads\/sites\/2\/2022\/05\/logo.png\",\"width\":163,\"height\":32,\"caption\":\"Locobase\"},\"image\":{\"@id\":\"https:\/\/locobase.com\/se\/#\/schema\/logo\/image\/\"}}]}<\/script>\n<!-- \/ Yoast SEO plugin. -->","yoast_head_json":{"title":"Locobase Itch Relief Coolmousse - Locobase","description":"Locobase Itch Relief Coolmousse \u00e4r en svalkande mousse som \u00e4r speciellt framtagen f\u00f6r att omedelbart lugna irriterad och kliande hud.","robots":{"index":"index","follow":"follow","max-snippet":"max-snippet:-1","max-image-preview":"max-image-preview:large","max-video-preview":"max-video-preview:-1"},"canonical":"https:\/\/locobase.com\/se\/produkt\/locobase-itch-relief-coolmousse\/","og_locale":"sv_SE","og_type":"article","og_title":"Locobase Itch Relief Coolmousse - Locobase","og_description":"Locobase Itch Relief Coolmousse \u00e4r en svalkande mousse som \u00e4r speciellt framtagen f\u00f6r att omedelbart lugna irriterad och kliande hud.","og_url":"https:\/\/locobase.com\/se\/produkt\/locobase-itch-relief-coolmousse\/","og_site_name":"Locobase","article_modified_time":"2026-03-16T07:51:50+00:00","og_image":[{"width":900,"height":900,"url":"https:\/\/locobase.com\/app\/uploads\/sites\/2\/2023\/01\/Locobase-Itch-Relief-Cool-Mousse.png","type":"image\/png"}],"twitter_card":"summary_large_image","twitter_misc":{"Ber\u00e4knad l\u00e4stid":"1 minut"},"schema":{"@context":"https:\/\/schema.org","@graph":[{"@type":"WebPage","@id":"https:\/\/locobase.com\/se\/produkt\/locobase-itch-relief-coolmousse\/","url":"https:\/\/locobase.com\/se\/produkt\/locobase-itch-relief-coolmousse\/","name":"Locobase Itch Relief Coolmousse - Locobase","isPartOf":{"@id":"https:\/\/locobase.com\/se\/#website"},"primaryImageOfPage":{"@id":"https:\/\/locobase.com\/se\/produkt\/locobase-itch-relief-coolmousse\/#primaryimage"},"image":{"@id":"https:\/\/locobase.com\/se\/produkt\/locobase-itch-relief-coolmousse\/#primaryimage"},"thumbnailUrl":"https:\/\/locobase.com\/app\/uploads\/sites\/2\/2023\/01\/Locobase-Itch-Relief-Cool-Mousse.png","datePublished":"2023-01-17T14:00:30+00:00","dateModified":"2026-03-16T07:51:50+00:00","description":"Locobase Itch Relief Coolmousse \u00e4r en svalkande mousse som \u00e4r speciellt framtagen f\u00f6r att omedelbart lugna irriterad och kliande hud.","breadcrumb":{"@id":"https:\/\/locobase.com\/se\/produkt\/locobase-itch-relief-coolmousse\/#breadcrumb"},"inLanguage":"sv-SE","potentialAction":[{"@type":"ReadAction","target":["https:\/\/locobase.com\/se\/produkt\/locobase-itch-relief-coolmousse\/"]}]},{"@type":"ImageObject","inLanguage":"sv-SE","@id":"https:\/\/locobase.com\/se\/produkt\/locobase-itch-relief-coolmousse\/#primaryimage","url":"https:\/\/locobase.com\/app\/uploads\/sites\/2\/2023\/01\/Locobase-Itch-Relief-Cool-Mousse.png","contentUrl":"https:\/\/locobase.com\/app\/uploads\/sites\/2\/2023\/01\/Locobase-Itch-Relief-Cool-Mousse.png","width":900,"height":900,"caption":"Locobase Itch Relief Cool Mousse"},{"@type":"BreadcrumbList","@id":"https:\/\/locobase.com\/se\/produkt\/locobase-itch-relief-coolmousse\/#breadcrumb","itemListElement":[{"@type":"ListItem","position":1,"name":"Home","item":"https:\/\/locobase.com\/se\/"},{"@type":"ListItem","position":2,"name":"Produkter","item":"https:\/\/locobase.com\/se\/produkter\/"},{"@type":"ListItem","position":3,"name":"Locobase Itch Relief Coolmousse"}]},{"@type":"WebSite","@id":"https:\/\/locobase.com\/se\/#website","url":"https:\/\/locobase.com\/se\/","name":"Locobase","description":"","publisher":{"@id":"https:\/\/locobase.com\/se\/#organization"},"potentialAction":[{"@type":"SearchAction","target":{"@type":"EntryPoint","urlTemplate":"https:\/\/locobase.com\/se\/?s={search_term_string}"},"query-input":{"@type":"PropertyValueSpecification","valueRequired":true,"valueName":"search_term_string"}}],"inLanguage":"sv-SE"},{"@type":"Organization","@id":"https:\/\/locobase.com\/se\/#organization","name":"Locobase","url":"https:\/\/locobase.com\/se\/","logo":{"@type":"ImageObject","inLanguage":"sv-SE","@id":"https:\/\/locobase.com\/se\/#\/schema\/logo\/image\/","url":"https:\/\/locobase.com\/app\/uploads\/sites\/2\/2022\/05\/logo.png","contentUrl":"https:\/\/locobase.com\/app\/uploads\/sites\/2\/2022\/05\/logo.png","width":163,"height":32,"caption":"Locobase"},"image":{"@id":"https:\/\/locobase.com\/se\/#\/schema\/logo\/image\/"}}]}},"_links":{"self":[{"href":"https:\/\/locobase.com\/se\/wp-json\/wp\/v2\/product\/116","targetHints":{"allow":["GET"]}}],"collection":[{"href":"https:\/\/locobase.com\/se\/wp-json\/wp\/v2\/product"}],"about":[{"href":"https:\/\/locobase.com\/se\/wp-json\/wp\/v2\/types\/product"}],"replies":[{"embeddable":true,"href":"https:\/\/locobase.com\/se\/wp-json\/wp\/v2\/comments?post=116"}],"version-history":[{"count":7,"href":"https:\/\/locobase.com\/se\/wp-json\/wp\/v2\/product\/116\/revisions"}],"predecessor-version":[{"id":241,"href":"https:\/\/locobase.com\/se\/wp-json\/wp\/v2\/product\/116\/revisions\/241"}],"wp:featuredmedia":[{"embeddable":true,"href":"https:\/\/locobase.com\/se\/wp-json\/wp\/v2\/media\/117"}],"wp:attachment":[{"href":"https:\/\/locobase.com\/se\/wp-json\/wp\/v2\/media?parent=116"}],"wp:term":[{"taxonomy":"product_brand","embeddable":true,"href":"https:\/\/locobase.com\/se\/wp-json\/wp\/v2\/product_brand?post=116"},{"taxonomy":"product_cat","embeddable":true,"href":"https:\/\/locobase.com\/se\/wp-json\/wp\/v2\/product_cat?post=116"},{"taxonomy":"product_tag","embeddable":true,"href":"https:\/\/locobase.com\/se\/wp-json\/wp\/v2\/product_tag?post=116"}],"curies":[{"name":"wp","href":"https:\/\/api.w.org\/{rel}","templated":true}]}}