{"id":70,"date":"2022-06-01T11:58:09","date_gmt":"2022-06-01T09:58:09","guid":{"rendered":"https:\/\/locobase.com\/se\/?post_type=product&#038;p=70"},"modified":"2026-01-16T11:33:13","modified_gmt":"2026-01-16T10:33:13","slug":"locobase-repair","status":"publish","type":"product","link":"https:\/\/locobase.com\/se\/produkt\/locobase-repair\/","title":{"rendered":"Locobase Repair"},"content":{"rendered":"\n<div class=\"wp-block-karopharma-accordions is-style-secondary\"><div class=\"container\">\n<details class=\"wp-block-karopharma-accordion\"><summary><h2 class=\"accordion-title\">S\u00e5 fungerar Locobase Repair<\/h2><\/summary><div class=\"accordion-content\">\n<p>N\u00e4r huden \u00e4r frisk fungerar allt som det ska. De fettproducerande cellerna tar hand om hornlagret (stratum corneum), som skyddar underhuden mot vattenavdunstning och h\u00e5ller huden mjuk, smidig och intakt. Men n\u00e4r huden \u00e4r uttorkad och skadad, s\u00e5 fungerar inte l\u00e4ngre hudbarri\u00e4ren optimalt. Vattnet avdunstar f\u00f6r snabbt, lite som en svamp med h\u00e5l i. Det resulterar i torr och sprucken hud, rodnad, irritation, och i kombination med inflammation \u00e4ven till eksem.<\/p>\n\n\n\n<p class=\"is-style-paragraph-preamble\">Locobase Repair skyddar och \u00e5teruppbygger en f\u00f6rsvagad hudbarri\u00e4r<\/p>\n\n\n\n<p>Torr hud \u00e4r ett tecken p\u00e5 att hudbarri\u00e4ren \u00e4r skadad och b\u00f6r repareras s\u00e5 fort som m\u00f6jligt. Locobase Repair har en dubbelverkande effekt. Den skyddar huden samtidigt som den tillf\u00f6r den m\u00e4ngd fett som din hudbarri\u00e4r beh\u00f6ver f\u00f6r en snabb och varaktig reparation. Locobase Repair tillf\u00f6r hudidentiska barri\u00e4rfetter som tr\u00e4nger djupt ner i huden och frig\u00f6rs n\u00e4r det beh\u00f6vs. Den ger ett effektivt och l\u00e5ngvarigt skydd mot uttorkning, precis som en l\u00e4derhandske i kallt och fuktigt v\u00e4der.<\/p>\n\n\n\n<p>Locobase Repair verkar direkt vid applicering och upp till 24 timmar. Det brukar d\u00e4rf\u00f6r vara tillr\u00e4ckligt att sm\u00f6rja in huden en g\u00e5ng om dagen f\u00f6r att h\u00e5lla den mjuk, smidig och intakt.<\/p>\n<\/div><\/details>\n\n\n\n<details class=\"wp-block-karopharma-accordion\"><summary><h2 class=\"accordion-title\">Anv\u00e4ndningsomr\u00e5de<\/h2><\/summary><div class=\"accordion-content\">\n<p>Locobase Repair kan anv\u00e4ndas av barn och vuxna och \u00e4r i f\u00f6rsta hand avsedd f\u00f6r:<\/p>\n\n\n\n<ul class=\"is-style-icon wp-block-list\"><li>Torr, fnasig eller sprucken hud p\u00e5 h\u00e4nder, f\u00f6tter, ben, armar och \u00f6vriga kroppen<\/li><li>Hud som uts\u00e4tts f\u00f6r stora p\u00e5frestningar, har en medf\u00f6tt svag hudbarri\u00e4r, eller allm\u00e4n k\u00e4nslighet<\/li><li>Kompletterande och uppf\u00f6ljande hudv\u00e5rd till behandling av eksem med kortisonsalvor<\/li><li>Uppf\u00f6ljning efter laserbehandling<\/li><\/ul>\n<\/div><\/details>\n\n\n\n<details class=\"wp-block-karopharma-accordion\"><summary><h2 class=\"accordion-title\">Anv\u00e4ndning<\/h2><\/summary><div class=\"accordion-content\">\n<p class=\"is-style-paragraph-preamble\">En liten klick r\u00e4cker l\u00e5ngt<\/p>\n\n\n\n<p>Locobase Repair \u00e4r mycket dryg, s\u00e5 oftast r\u00e4cker det att stryka p\u00e5 ett tunt lager kr\u00e4m p\u00e5 torra hudomr\u00e5den. Anv\u00e4nd en m\u00e4ngd som motsvarar din lillfingernagel. Sm\u00f6rj in utsatta hudomr\u00e5den minst en g\u00e5ng om dagen eller oftare vid behov \u2013 kr\u00e4men verkar i upp till 24 timmar efter applicering. Sm\u00f6rj g\u00e4rna in p\u00e5 kv\u00e4llen eftersom det ger kr\u00e4men god tid att verka.<\/p>\n\n\n\n<p>P\u00e5 grund av sin speciella sammans\u00e4ttning kan Locobase Repair upplevas som styvare i sin konsistens \u00e4n vad du kanske \u00e4r van vid. Men \u00e5 andra sidan smetar den inte utan tr\u00e4nger snabbt ner i huden \u2013 en liten klick r\u00e4cker l\u00e5ngt.<\/p>\n<\/div><\/details>\n\n\n\n<details class=\"wp-block-karopharma-accordion\"><summary><h2 class=\"accordion-title\">Ingredienser<\/h2><\/summary><div class=\"accordion-content\">\n<p>Locobase Repair har ett h\u00f6gt inneh\u00e5ll av fett (63 %) och inneh\u00e5ller en optimal kombination av speciella och hudidentiska barri\u00e4rfetter: ceramider, kolesterol och fria fettsyror.<\/p>\n\n\n\n<figure class=\"wp-block-table\"><table><tbody><tr><td><strong>Ingredienser<\/strong><\/td><\/tr><tr><td>Petrolatum<\/td><\/tr><tr><td>Aqua<\/td><\/tr><tr><td>Paraffin<\/td><\/tr><tr><td>Paraffinum Liquidum<\/td><\/tr><tr><td>Glycerin<\/td><\/tr><tr><td>Sorbitan Oleat<\/td><\/tr><tr><td>Copernicia Cerifera Wax<\/td><\/tr><tr><td>Cholesterol<\/td><\/tr><tr><td>Ceramide 3<\/td><\/tr><tr><td>Oleic Acid<\/td><\/tr><tr><td>Palmitic Acid<\/td><\/tr><tr><td>Tromethamine<\/td><\/tr><tr><td>Carbomer<\/td><\/tr><\/tbody><\/table><\/figure>\n<\/div><\/details>\n\n\n\n<details class=\"wp-block-karopharma-accordion\"><summary><h2 class=\"accordion-title\">Tips<\/h2><\/summary><div class=\"accordion-content\">\n<ul class=\"is-style-icon wp-block-list\"><li>Det \u00e4r extra viktigt att sm\u00f6rja in dig n\u00e4r det \u00e4r kallt ute. Applicera rikligt med Locobase Repair p\u00e5 utsatta hudomr\u00e5den cirka 10 minuter innan du g\u00e5r ut i kylan. P\u00e5 s\u00e4tt skyddar du dig mot b\u00e5de uttorkning och frostskador.<\/li><li>Locobase Repair fungerar \u00e4ven mycket bra som l\u00e4ppbalsam.<\/li><\/ul>\n<\/div><\/details>\n<\/div><\/div>\n","protected":false},"excerpt":{"rendered":"<p>Reparationskr\u00e4m f\u00f6r mycket torr och sprucken hud<\/p>\n","protected":false},"featured_media":825,"comment_status":"closed","ping_status":"closed","template":"","meta":{"_acf_changed":false,"footnotes":""},"product_brand":[],"product_cat":[24],"product_tag":[],"class_list":{"0":"post-70","1":"product","2":"type-product","3":"status-publish","4":"has-post-thumbnail","6":"product_cat-repair","8":"first","9":"instock","10":"shipping-taxable","11":"product-type-simple"},"acf":[],"yoast_head":"<!-- This site is optimized with the Yoast SEO plugin v26.6 - https:\/\/yoast.com\/wordpress\/plugins\/seo\/ -->\n<title>Locobase Repair - Locobase<\/title>\n<meta name=\"description\" content=\"Reparationskr\u00e4m f\u00f6r mycket torr och sprucken hud. Locobase Repair \u00e4r m\u00e5nga kunders speciella favorit och har anv\u00e4nts i generationer mot mycket torr och sprucken hud, samt som kompletterande hudv\u00e5rd vid atopiskt eksem.\" \/>\n<meta name=\"robots\" content=\"index, follow, max-snippet:-1, max-image-preview:large, max-video-preview:-1\" \/>\n<link rel=\"canonical\" href=\"https:\/\/locobase.com\/se\/produkt\/locobase-repair\/\" \/>\n<meta property=\"og:locale\" content=\"sv_SE\" \/>\n<meta property=\"og:type\" content=\"article\" \/>\n<meta property=\"og:title\" content=\"Locobase Repair - Locobase\" \/>\n<meta property=\"og:description\" content=\"Reparationskr\u00e4m f\u00f6r mycket torr och sprucken hud. Locobase Repair \u00e4r m\u00e5nga kunders speciella favorit och har anv\u00e4nts i generationer mot mycket torr och sprucken hud, samt som kompletterande hudv\u00e5rd vid atopiskt eksem.\" \/>\n<meta property=\"og:url\" content=\"https:\/\/locobase.com\/se\/produkt\/locobase-repair\/\" \/>\n<meta property=\"og:site_name\" content=\"Locobase\" \/>\n<meta property=\"article:modified_time\" content=\"2026-01-16T10:33:13+00:00\" \/>\n<meta property=\"og:image\" content=\"https:\/\/locobase.com\/app\/uploads\/sites\/2\/2022\/06\/Locobase-Repair.png\" \/>\n\t<meta property=\"og:image:width\" content=\"800\" \/>\n\t<meta property=\"og:image:height\" content=\"800\" \/>\n\t<meta property=\"og:image:type\" content=\"image\/png\" \/>\n<meta name=\"twitter:card\" content=\"summary_large_image\" \/>\n<meta name=\"twitter:label1\" content=\"Ber\u00e4knad l\u00e4stid\" \/>\n\t<meta name=\"twitter:data1\" content=\"3 minuter\" \/>\n<script type=\"application\/ld+json\" class=\"yoast-schema-graph\">{\"@context\":\"https:\/\/schema.org\",\"@graph\":[{\"@type\":\"WebPage\",\"@id\":\"https:\/\/locobase.com\/se\/produkt\/locobase-repair\/\",\"url\":\"https:\/\/locobase.com\/se\/produkt\/locobase-repair\/\",\"name\":\"Locobase Repair - Locobase\",\"isPartOf\":{\"@id\":\"https:\/\/locobase.com\/se\/#website\"},\"primaryImageOfPage\":{\"@id\":\"https:\/\/locobase.com\/se\/produkt\/locobase-repair\/#primaryimage\"},\"image\":{\"@id\":\"https:\/\/locobase.com\/se\/produkt\/locobase-repair\/#primaryimage\"},\"thumbnailUrl\":\"https:\/\/locobase.com\/app\/uploads\/sites\/2\/2022\/06\/Locobase-Repair.png\",\"datePublished\":\"2022-06-01T09:58:09+00:00\",\"dateModified\":\"2026-01-16T10:33:13+00:00\",\"description\":\"Reparationskr\u00e4m f\u00f6r mycket torr och sprucken hud. Locobase Repair \u00e4r m\u00e5nga kunders speciella favorit och har anv\u00e4nts i generationer mot mycket torr och sprucken hud, samt som kompletterande hudv\u00e5rd vid atopiskt eksem.\",\"breadcrumb\":{\"@id\":\"https:\/\/locobase.com\/se\/produkt\/locobase-repair\/#breadcrumb\"},\"inLanguage\":\"sv-SE\",\"potentialAction\":[{\"@type\":\"ReadAction\",\"target\":[\"https:\/\/locobase.com\/se\/produkt\/locobase-repair\/\"]}]},{\"@type\":\"ImageObject\",\"inLanguage\":\"sv-SE\",\"@id\":\"https:\/\/locobase.com\/se\/produkt\/locobase-repair\/#primaryimage\",\"url\":\"https:\/\/locobase.com\/app\/uploads\/sites\/2\/2022\/06\/Locobase-Repair.png\",\"contentUrl\":\"https:\/\/locobase.com\/app\/uploads\/sites\/2\/2022\/06\/Locobase-Repair.png\",\"width\":800,\"height\":800,\"caption\":\"Locobase-Repair\"},{\"@type\":\"BreadcrumbList\",\"@id\":\"https:\/\/locobase.com\/se\/produkt\/locobase-repair\/#breadcrumb\",\"itemListElement\":[{\"@type\":\"ListItem\",\"position\":1,\"name\":\"Home\",\"item\":\"https:\/\/locobase.com\/se\/\"},{\"@type\":\"ListItem\",\"position\":2,\"name\":\"Produkter\",\"item\":\"https:\/\/locobase.com\/se\/produkter\/\"},{\"@type\":\"ListItem\",\"position\":3,\"name\":\"Locobase Repair\"}]},{\"@type\":\"WebSite\",\"@id\":\"https:\/\/locobase.com\/se\/#website\",\"url\":\"https:\/\/locobase.com\/se\/\",\"name\":\"Locobase\",\"description\":\"\",\"publisher\":{\"@id\":\"https:\/\/locobase.com\/se\/#organization\"},\"potentialAction\":[{\"@type\":\"SearchAction\",\"target\":{\"@type\":\"EntryPoint\",\"urlTemplate\":\"https:\/\/locobase.com\/se\/?s={search_term_string}\"},\"query-input\":{\"@type\":\"PropertyValueSpecification\",\"valueRequired\":true,\"valueName\":\"search_term_string\"}}],\"inLanguage\":\"sv-SE\"},{\"@type\":\"Organization\",\"@id\":\"https:\/\/locobase.com\/se\/#organization\",\"name\":\"Locobase\",\"url\":\"https:\/\/locobase.com\/se\/\",\"logo\":{\"@type\":\"ImageObject\",\"inLanguage\":\"sv-SE\",\"@id\":\"https:\/\/locobase.com\/se\/#\/schema\/logo\/image\/\",\"url\":\"https:\/\/locobase.com\/app\/uploads\/sites\/2\/2022\/05\/logo.png\",\"contentUrl\":\"https:\/\/locobase.com\/app\/uploads\/sites\/2\/2022\/05\/logo.png\",\"width\":163,\"height\":32,\"caption\":\"Locobase\"},\"image\":{\"@id\":\"https:\/\/locobase.com\/se\/#\/schema\/logo\/image\/\"}}]}<\/script>\n<!-- \/ Yoast SEO plugin. -->","yoast_head_json":{"title":"Locobase Repair - Locobase","description":"Reparationskr\u00e4m f\u00f6r mycket torr och sprucken hud. Locobase Repair \u00e4r m\u00e5nga kunders speciella favorit och har anv\u00e4nts i generationer mot mycket torr och sprucken hud, samt som kompletterande hudv\u00e5rd vid atopiskt eksem.","robots":{"index":"index","follow":"follow","max-snippet":"max-snippet:-1","max-image-preview":"max-image-preview:large","max-video-preview":"max-video-preview:-1"},"canonical":"https:\/\/locobase.com\/se\/produkt\/locobase-repair\/","og_locale":"sv_SE","og_type":"article","og_title":"Locobase Repair - Locobase","og_description":"Reparationskr\u00e4m f\u00f6r mycket torr och sprucken hud. Locobase Repair \u00e4r m\u00e5nga kunders speciella favorit och har anv\u00e4nts i generationer mot mycket torr och sprucken hud, samt som kompletterande hudv\u00e5rd vid atopiskt eksem.","og_url":"https:\/\/locobase.com\/se\/produkt\/locobase-repair\/","og_site_name":"Locobase","article_modified_time":"2026-01-16T10:33:13+00:00","og_image":[{"width":800,"height":800,"url":"https:\/\/locobase.com\/app\/uploads\/sites\/2\/2022\/06\/Locobase-Repair.png","type":"image\/png"}],"twitter_card":"summary_large_image","twitter_misc":{"Ber\u00e4knad l\u00e4stid":"3 minuter"},"schema":{"@context":"https:\/\/schema.org","@graph":[{"@type":"WebPage","@id":"https:\/\/locobase.com\/se\/produkt\/locobase-repair\/","url":"https:\/\/locobase.com\/se\/produkt\/locobase-repair\/","name":"Locobase Repair - Locobase","isPartOf":{"@id":"https:\/\/locobase.com\/se\/#website"},"primaryImageOfPage":{"@id":"https:\/\/locobase.com\/se\/produkt\/locobase-repair\/#primaryimage"},"image":{"@id":"https:\/\/locobase.com\/se\/produkt\/locobase-repair\/#primaryimage"},"thumbnailUrl":"https:\/\/locobase.com\/app\/uploads\/sites\/2\/2022\/06\/Locobase-Repair.png","datePublished":"2022-06-01T09:58:09+00:00","dateModified":"2026-01-16T10:33:13+00:00","description":"Reparationskr\u00e4m f\u00f6r mycket torr och sprucken hud. Locobase Repair \u00e4r m\u00e5nga kunders speciella favorit och har anv\u00e4nts i generationer mot mycket torr och sprucken hud, samt som kompletterande hudv\u00e5rd vid atopiskt eksem.","breadcrumb":{"@id":"https:\/\/locobase.com\/se\/produkt\/locobase-repair\/#breadcrumb"},"inLanguage":"sv-SE","potentialAction":[{"@type":"ReadAction","target":["https:\/\/locobase.com\/se\/produkt\/locobase-repair\/"]}]},{"@type":"ImageObject","inLanguage":"sv-SE","@id":"https:\/\/locobase.com\/se\/produkt\/locobase-repair\/#primaryimage","url":"https:\/\/locobase.com\/app\/uploads\/sites\/2\/2022\/06\/Locobase-Repair.png","contentUrl":"https:\/\/locobase.com\/app\/uploads\/sites\/2\/2022\/06\/Locobase-Repair.png","width":800,"height":800,"caption":"Locobase-Repair"},{"@type":"BreadcrumbList","@id":"https:\/\/locobase.com\/se\/produkt\/locobase-repair\/#breadcrumb","itemListElement":[{"@type":"ListItem","position":1,"name":"Home","item":"https:\/\/locobase.com\/se\/"},{"@type":"ListItem","position":2,"name":"Produkter","item":"https:\/\/locobase.com\/se\/produkter\/"},{"@type":"ListItem","position":3,"name":"Locobase Repair"}]},{"@type":"WebSite","@id":"https:\/\/locobase.com\/se\/#website","url":"https:\/\/locobase.com\/se\/","name":"Locobase","description":"","publisher":{"@id":"https:\/\/locobase.com\/se\/#organization"},"potentialAction":[{"@type":"SearchAction","target":{"@type":"EntryPoint","urlTemplate":"https:\/\/locobase.com\/se\/?s={search_term_string}"},"query-input":{"@type":"PropertyValueSpecification","valueRequired":true,"valueName":"search_term_string"}}],"inLanguage":"sv-SE"},{"@type":"Organization","@id":"https:\/\/locobase.com\/se\/#organization","name":"Locobase","url":"https:\/\/locobase.com\/se\/","logo":{"@type":"ImageObject","inLanguage":"sv-SE","@id":"https:\/\/locobase.com\/se\/#\/schema\/logo\/image\/","url":"https:\/\/locobase.com\/app\/uploads\/sites\/2\/2022\/05\/logo.png","contentUrl":"https:\/\/locobase.com\/app\/uploads\/sites\/2\/2022\/05\/logo.png","width":163,"height":32,"caption":"Locobase"},"image":{"@id":"https:\/\/locobase.com\/se\/#\/schema\/logo\/image\/"}}]}},"_links":{"self":[{"href":"https:\/\/locobase.com\/se\/wp-json\/wp\/v2\/product\/70","targetHints":{"allow":["GET"]}}],"collection":[{"href":"https:\/\/locobase.com\/se\/wp-json\/wp\/v2\/product"}],"about":[{"href":"https:\/\/locobase.com\/se\/wp-json\/wp\/v2\/types\/product"}],"replies":[{"embeddable":true,"href":"https:\/\/locobase.com\/se\/wp-json\/wp\/v2\/comments?post=70"}],"version-history":[{"count":7,"href":"https:\/\/locobase.com\/se\/wp-json\/wp\/v2\/product\/70\/revisions"}],"predecessor-version":[{"id":235,"href":"https:\/\/locobase.com\/se\/wp-json\/wp\/v2\/product\/70\/revisions\/235"}],"wp:featuredmedia":[{"embeddable":true,"href":"https:\/\/locobase.com\/se\/wp-json\/wp\/v2\/media\/825"}],"wp:attachment":[{"href":"https:\/\/locobase.com\/se\/wp-json\/wp\/v2\/media?parent=70"}],"wp:term":[{"taxonomy":"product_brand","embeddable":true,"href":"https:\/\/locobase.com\/se\/wp-json\/wp\/v2\/product_brand?post=70"},{"taxonomy":"product_cat","embeddable":true,"href":"https:\/\/locobase.com\/se\/wp-json\/wp\/v2\/product_cat?post=70"},{"taxonomy":"product_tag","embeddable":true,"href":"https:\/\/locobase.com\/se\/wp-json\/wp\/v2\/product_tag?post=70"}],"curies":[{"name":"wp","href":"https:\/\/api.w.org\/{rel}","templated":true}]}}