{"id":86,"date":"2022-06-01T12:16:57","date_gmt":"2022-06-01T10:16:57","guid":{"rendered":"https:\/\/locobase.com\/se\/?post_type=product&#038;p=86"},"modified":"2026-01-16T11:26:42","modified_gmt":"2026-01-16T10:26:42","slug":"locobase-protect-tidigare-fet-kram","status":"publish","type":"product","link":"https:\/\/locobase.com\/se\/produkt\/locobase-protect-tidigare-fet-kram\/","title":{"rendered":"Locobase Protect (tidigare Fet Kr\u00e4m)"},"content":{"rendered":"\n<div class=\"wp-block-karopharma-accordions is-style-secondary\"><div class=\"container\">\n<details class=\"wp-block-karopharma-accordion\"><summary><h2 class=\"accordion-title\">Anv\u00e4ndningsomr\u00e5de<\/h2><\/summary><div class=\"accordion-content\">\n<p>Locobase Protect \u00e4r speciellt framtagen f\u00f6r torr hud och kan anv\u00e4ndas av barn och vuxna. Anv\u00e4ndningsomr\u00e5dena \u00e4r m\u00e5nga:<\/p>\n\n\n\n<ul class=\"is-style-icon wp-block-list\"><li>Torr och mycket torr hud (\u00e4ven p\u00e5 stora hudomr\u00e5den)<\/li><li>Irriterad och\/eller k\u00e4nslig hud<\/li><li>Kan \u00e4ven anv\u00e4ndas som kompletterande hudv\u00e5rd vid eksem<\/li><li>Som skyddande specialkr\u00e4m n\u00e4r huden uts\u00e4tts f\u00f6r extra slitage och uttorkning. Till exempel om du tv\u00e4ttar h\u00e4nderna ofta, eller jobbar med kalla, v\u00e5ta eller mycket torra material.<\/li><\/ul>\n<\/div><\/details>\n\n\n\n<details class=\"wp-block-karopharma-accordion\"><summary><h2 class=\"accordion-title\">Anv\u00e4ndning<\/h2><\/summary><div class=\"accordion-content\">\n<p>Locobase Protect kan anv\u00e4ndas efter behov och appliceras flera g\u00e5nger dagligen p\u00e5 hela kroppen \u2013 \u00e4ven i ansiktet. Sm\u00f6rj in den torra huden 3\u20134 g\u00e5nger dagligen. Det brukar r\u00e4cka f\u00f6r att hudbarri\u00e4ren ska vara intakt i 24 timmar. Du kan sm\u00f6rja dig oftare om du tycker att det beh\u00f6vs eller k\u00e4nns behagligt.<\/p>\n<\/div><\/details>\n\n\n\n<details class=\"wp-block-karopharma-accordion\"><summary><h2 class=\"accordion-title\">Ingredienser<\/h2><\/summary><div class=\"accordion-content\">\n<p>Locobase Protect \u00e4r en vattenbaserad kr\u00e4m med 70% fett.<\/p>\n\n\n\n<figure class=\"wp-block-table\"><table><tbody><tr><td><strong>Ingredienser<\/strong><\/td><\/tr><tr><td>Petrolatum<\/td><\/tr><tr><td>Vatten<\/td><\/tr><tr><td>Paraffinum Liquidum<\/td><\/tr><tr><td>Cetearyl Alcohol<\/td><\/tr><tr><td>Ceteareth-25<\/td><\/tr><tr><td>Methylparaben<\/td><\/tr><tr><td>Citric Acid<\/td><\/tr><tr><td>Sodium Citrate<\/td><\/tr><\/tbody><\/table><\/figure>\n<\/div><\/details>\n\n\n\n<details class=\"wp-block-karopharma-accordion\"><summary><h2 class=\"accordion-title\">Tips<\/h2><\/summary><div class=\"accordion-content\">\n<p>Huden har en ben\u00e4genhet att bli extra torr om den uts\u00e4tts f\u00f6r stora skillnader i temperatur eller luftfuktighet. Var d\u00e4rf\u00f6r noga med att sm\u00f6rja in alla torra hudomr\u00e5den f\u00f6r att h\u00e5lla huden mjuk och smidig. H\u00e4nder, armb\u00e5gar, kn\u00e4n och f\u00f6tter \u00e4r s\u00e4rskilt utsatta omr\u00e5den.<\/p>\n\n\n\n<p>Det \u00e4r extra viktigt att sm\u00f6rja in dig n\u00e4r det \u00e4r kallt ute. Anv\u00e4nd rikligt med Locobase Protect p\u00e5 utsatta omr\u00e5den cirka tio minuter innan du g\u00e5r ut i kylan. P\u00e5 s\u00e5 s\u00e4tt skyddar du dig mot b\u00e5de uttorkning och frostskador.<\/p>\n<\/div><\/details>\n<\/div><\/div>\n","protected":false},"excerpt":{"rendered":"<p>Specialkr\u00e4m f\u00f6r torr och k\u00e4nslig hud<\/p>\n","protected":false},"featured_media":819,"comment_status":"closed","ping_status":"closed","template":"","meta":{"_acf_changed":false,"footnotes":""},"product_brand":[],"product_cat":[26],"product_tag":[],"class_list":{"0":"post-86","1":"product","2":"type-product","3":"status-publish","4":"has-post-thumbnail","6":"product_cat-protect","8":"first","9":"instock","10":"shipping-taxable","11":"product-type-simple"},"acf":[],"yoast_head":"<!-- This site is optimized with the Yoast SEO plugin v26.6 - https:\/\/yoast.com\/wordpress\/plugins\/seo\/ -->\n<title>Locobase Protect (tidigare Fet Kr\u00e4m) - Locobase<\/title>\n<meta name=\"description\" content=\"Vid torr och mycket torr hud b\u00f6r man anv\u00e4nda en fet kr\u00e4m med minst 60 % fett. Locobase Fet kr\u00e4m \u00e4r en vattenbaserad kr\u00e4m med hela 70 % fett som \u00f6kar hudens elasticitet och fuktinneh\u00e5ll.\" \/>\n<meta name=\"robots\" content=\"index, follow, max-snippet:-1, max-image-preview:large, max-video-preview:-1\" \/>\n<link rel=\"canonical\" href=\"https:\/\/locobase.com\/se\/produkt\/locobase-protect-tidigare-fet-kram\/\" \/>\n<meta property=\"og:locale\" content=\"sv_SE\" \/>\n<meta property=\"og:type\" content=\"article\" \/>\n<meta property=\"og:title\" content=\"Locobase Protect (tidigare Fet Kr\u00e4m) - Locobase\" \/>\n<meta property=\"og:description\" content=\"Vid torr och mycket torr hud b\u00f6r man anv\u00e4nda en fet kr\u00e4m med minst 60 % fett. Locobase Fet kr\u00e4m \u00e4r en vattenbaserad kr\u00e4m med hela 70 % fett som \u00f6kar hudens elasticitet och fuktinneh\u00e5ll.\" \/>\n<meta property=\"og:url\" content=\"https:\/\/locobase.com\/se\/produkt\/locobase-protect-tidigare-fet-kram\/\" \/>\n<meta property=\"og:site_name\" content=\"Locobase\" \/>\n<meta property=\"article:modified_time\" content=\"2026-01-16T10:26:42+00:00\" \/>\n<meta property=\"og:image\" content=\"https:\/\/locobase.com\/app\/uploads\/sites\/2\/2022\/06\/Locobase-Protect.png\" \/>\n\t<meta property=\"og:image:width\" content=\"800\" \/>\n\t<meta property=\"og:image:height\" content=\"800\" \/>\n\t<meta property=\"og:image:type\" content=\"image\/png\" \/>\n<meta name=\"twitter:card\" content=\"summary_large_image\" \/>\n<meta name=\"twitter:label1\" content=\"Ber\u00e4knad l\u00e4stid\" \/>\n\t<meta name=\"twitter:data1\" content=\"2 minuter\" \/>\n<script type=\"application\/ld+json\" class=\"yoast-schema-graph\">{\"@context\":\"https:\/\/schema.org\",\"@graph\":[{\"@type\":\"WebPage\",\"@id\":\"https:\/\/locobase.com\/se\/produkt\/locobase-protect-tidigare-fet-kram\/\",\"url\":\"https:\/\/locobase.com\/se\/produkt\/locobase-protect-tidigare-fet-kram\/\",\"name\":\"Locobase Protect (tidigare Fet Kr\u00e4m) - Locobase\",\"isPartOf\":{\"@id\":\"https:\/\/locobase.com\/se\/#website\"},\"primaryImageOfPage\":{\"@id\":\"https:\/\/locobase.com\/se\/produkt\/locobase-protect-tidigare-fet-kram\/#primaryimage\"},\"image\":{\"@id\":\"https:\/\/locobase.com\/se\/produkt\/locobase-protect-tidigare-fet-kram\/#primaryimage\"},\"thumbnailUrl\":\"https:\/\/locobase.com\/app\/uploads\/sites\/2\/2022\/06\/Locobase-Protect.png\",\"datePublished\":\"2022-06-01T10:16:57+00:00\",\"dateModified\":\"2026-01-16T10:26:42+00:00\",\"description\":\"Vid torr och mycket torr hud b\u00f6r man anv\u00e4nda en fet kr\u00e4m med minst 60 % fett. Locobase Fet kr\u00e4m \u00e4r en vattenbaserad kr\u00e4m med hela 70 % fett som \u00f6kar hudens elasticitet och fuktinneh\u00e5ll.\",\"breadcrumb\":{\"@id\":\"https:\/\/locobase.com\/se\/produkt\/locobase-protect-tidigare-fet-kram\/#breadcrumb\"},\"inLanguage\":\"sv-SE\",\"potentialAction\":[{\"@type\":\"ReadAction\",\"target\":[\"https:\/\/locobase.com\/se\/produkt\/locobase-protect-tidigare-fet-kram\/\"]}]},{\"@type\":\"ImageObject\",\"inLanguage\":\"sv-SE\",\"@id\":\"https:\/\/locobase.com\/se\/produkt\/locobase-protect-tidigare-fet-kram\/#primaryimage\",\"url\":\"https:\/\/locobase.com\/app\/uploads\/sites\/2\/2022\/06\/Locobase-Protect.png\",\"contentUrl\":\"https:\/\/locobase.com\/app\/uploads\/sites\/2\/2022\/06\/Locobase-Protect.png\",\"width\":800,\"height\":800,\"caption\":\"Locobase-Protect\"},{\"@type\":\"BreadcrumbList\",\"@id\":\"https:\/\/locobase.com\/se\/produkt\/locobase-protect-tidigare-fet-kram\/#breadcrumb\",\"itemListElement\":[{\"@type\":\"ListItem\",\"position\":1,\"name\":\"Home\",\"item\":\"https:\/\/locobase.com\/se\/\"},{\"@type\":\"ListItem\",\"position\":2,\"name\":\"Produkter\",\"item\":\"https:\/\/locobase.com\/se\/produkter\/\"},{\"@type\":\"ListItem\",\"position\":3,\"name\":\"Locobase Protect (tidigare Fet Kr\u00e4m)\"}]},{\"@type\":\"WebSite\",\"@id\":\"https:\/\/locobase.com\/se\/#website\",\"url\":\"https:\/\/locobase.com\/se\/\",\"name\":\"Locobase\",\"description\":\"\",\"publisher\":{\"@id\":\"https:\/\/locobase.com\/se\/#organization\"},\"potentialAction\":[{\"@type\":\"SearchAction\",\"target\":{\"@type\":\"EntryPoint\",\"urlTemplate\":\"https:\/\/locobase.com\/se\/?s={search_term_string}\"},\"query-input\":{\"@type\":\"PropertyValueSpecification\",\"valueRequired\":true,\"valueName\":\"search_term_string\"}}],\"inLanguage\":\"sv-SE\"},{\"@type\":\"Organization\",\"@id\":\"https:\/\/locobase.com\/se\/#organization\",\"name\":\"Locobase\",\"url\":\"https:\/\/locobase.com\/se\/\",\"logo\":{\"@type\":\"ImageObject\",\"inLanguage\":\"sv-SE\",\"@id\":\"https:\/\/locobase.com\/se\/#\/schema\/logo\/image\/\",\"url\":\"https:\/\/locobase.com\/app\/uploads\/sites\/2\/2022\/05\/logo.png\",\"contentUrl\":\"https:\/\/locobase.com\/app\/uploads\/sites\/2\/2022\/05\/logo.png\",\"width\":163,\"height\":32,\"caption\":\"Locobase\"},\"image\":{\"@id\":\"https:\/\/locobase.com\/se\/#\/schema\/logo\/image\/\"}}]}<\/script>\n<!-- \/ Yoast SEO plugin. -->","yoast_head_json":{"title":"Locobase Protect (tidigare Fet Kr\u00e4m) - Locobase","description":"Vid torr och mycket torr hud b\u00f6r man anv\u00e4nda en fet kr\u00e4m med minst 60 % fett. Locobase Fet kr\u00e4m \u00e4r en vattenbaserad kr\u00e4m med hela 70 % fett som \u00f6kar hudens elasticitet och fuktinneh\u00e5ll.","robots":{"index":"index","follow":"follow","max-snippet":"max-snippet:-1","max-image-preview":"max-image-preview:large","max-video-preview":"max-video-preview:-1"},"canonical":"https:\/\/locobase.com\/se\/produkt\/locobase-protect-tidigare-fet-kram\/","og_locale":"sv_SE","og_type":"article","og_title":"Locobase Protect (tidigare Fet Kr\u00e4m) - Locobase","og_description":"Vid torr och mycket torr hud b\u00f6r man anv\u00e4nda en fet kr\u00e4m med minst 60 % fett. Locobase Fet kr\u00e4m \u00e4r en vattenbaserad kr\u00e4m med hela 70 % fett som \u00f6kar hudens elasticitet och fuktinneh\u00e5ll.","og_url":"https:\/\/locobase.com\/se\/produkt\/locobase-protect-tidigare-fet-kram\/","og_site_name":"Locobase","article_modified_time":"2026-01-16T10:26:42+00:00","og_image":[{"width":800,"height":800,"url":"https:\/\/locobase.com\/app\/uploads\/sites\/2\/2022\/06\/Locobase-Protect.png","type":"image\/png"}],"twitter_card":"summary_large_image","twitter_misc":{"Ber\u00e4knad l\u00e4stid":"2 minuter"},"schema":{"@context":"https:\/\/schema.org","@graph":[{"@type":"WebPage","@id":"https:\/\/locobase.com\/se\/produkt\/locobase-protect-tidigare-fet-kram\/","url":"https:\/\/locobase.com\/se\/produkt\/locobase-protect-tidigare-fet-kram\/","name":"Locobase Protect (tidigare Fet Kr\u00e4m) - Locobase","isPartOf":{"@id":"https:\/\/locobase.com\/se\/#website"},"primaryImageOfPage":{"@id":"https:\/\/locobase.com\/se\/produkt\/locobase-protect-tidigare-fet-kram\/#primaryimage"},"image":{"@id":"https:\/\/locobase.com\/se\/produkt\/locobase-protect-tidigare-fet-kram\/#primaryimage"},"thumbnailUrl":"https:\/\/locobase.com\/app\/uploads\/sites\/2\/2022\/06\/Locobase-Protect.png","datePublished":"2022-06-01T10:16:57+00:00","dateModified":"2026-01-16T10:26:42+00:00","description":"Vid torr och mycket torr hud b\u00f6r man anv\u00e4nda en fet kr\u00e4m med minst 60 % fett. Locobase Fet kr\u00e4m \u00e4r en vattenbaserad kr\u00e4m med hela 70 % fett som \u00f6kar hudens elasticitet och fuktinneh\u00e5ll.","breadcrumb":{"@id":"https:\/\/locobase.com\/se\/produkt\/locobase-protect-tidigare-fet-kram\/#breadcrumb"},"inLanguage":"sv-SE","potentialAction":[{"@type":"ReadAction","target":["https:\/\/locobase.com\/se\/produkt\/locobase-protect-tidigare-fet-kram\/"]}]},{"@type":"ImageObject","inLanguage":"sv-SE","@id":"https:\/\/locobase.com\/se\/produkt\/locobase-protect-tidigare-fet-kram\/#primaryimage","url":"https:\/\/locobase.com\/app\/uploads\/sites\/2\/2022\/06\/Locobase-Protect.png","contentUrl":"https:\/\/locobase.com\/app\/uploads\/sites\/2\/2022\/06\/Locobase-Protect.png","width":800,"height":800,"caption":"Locobase-Protect"},{"@type":"BreadcrumbList","@id":"https:\/\/locobase.com\/se\/produkt\/locobase-protect-tidigare-fet-kram\/#breadcrumb","itemListElement":[{"@type":"ListItem","position":1,"name":"Home","item":"https:\/\/locobase.com\/se\/"},{"@type":"ListItem","position":2,"name":"Produkter","item":"https:\/\/locobase.com\/se\/produkter\/"},{"@type":"ListItem","position":3,"name":"Locobase Protect (tidigare Fet Kr\u00e4m)"}]},{"@type":"WebSite","@id":"https:\/\/locobase.com\/se\/#website","url":"https:\/\/locobase.com\/se\/","name":"Locobase","description":"","publisher":{"@id":"https:\/\/locobase.com\/se\/#organization"},"potentialAction":[{"@type":"SearchAction","target":{"@type":"EntryPoint","urlTemplate":"https:\/\/locobase.com\/se\/?s={search_term_string}"},"query-input":{"@type":"PropertyValueSpecification","valueRequired":true,"valueName":"search_term_string"}}],"inLanguage":"sv-SE"},{"@type":"Organization","@id":"https:\/\/locobase.com\/se\/#organization","name":"Locobase","url":"https:\/\/locobase.com\/se\/","logo":{"@type":"ImageObject","inLanguage":"sv-SE","@id":"https:\/\/locobase.com\/se\/#\/schema\/logo\/image\/","url":"https:\/\/locobase.com\/app\/uploads\/sites\/2\/2022\/05\/logo.png","contentUrl":"https:\/\/locobase.com\/app\/uploads\/sites\/2\/2022\/05\/logo.png","width":163,"height":32,"caption":"Locobase"},"image":{"@id":"https:\/\/locobase.com\/se\/#\/schema\/logo\/image\/"}}]}},"_links":{"self":[{"href":"https:\/\/locobase.com\/se\/wp-json\/wp\/v2\/product\/86","targetHints":{"allow":["GET"]}}],"collection":[{"href":"https:\/\/locobase.com\/se\/wp-json\/wp\/v2\/product"}],"about":[{"href":"https:\/\/locobase.com\/se\/wp-json\/wp\/v2\/types\/product"}],"replies":[{"embeddable":true,"href":"https:\/\/locobase.com\/se\/wp-json\/wp\/v2\/comments?post=86"}],"version-history":[{"count":8,"href":"https:\/\/locobase.com\/se\/wp-json\/wp\/v2\/product\/86\/revisions"}],"predecessor-version":[{"id":530,"href":"https:\/\/locobase.com\/se\/wp-json\/wp\/v2\/product\/86\/revisions\/530"}],"wp:featuredmedia":[{"embeddable":true,"href":"https:\/\/locobase.com\/se\/wp-json\/wp\/v2\/media\/819"}],"wp:attachment":[{"href":"https:\/\/locobase.com\/se\/wp-json\/wp\/v2\/media?parent=86"}],"wp:term":[{"taxonomy":"product_brand","embeddable":true,"href":"https:\/\/locobase.com\/se\/wp-json\/wp\/v2\/product_brand?post=86"},{"taxonomy":"product_cat","embeddable":true,"href":"https:\/\/locobase.com\/se\/wp-json\/wp\/v2\/product_cat?post=86"},{"taxonomy":"product_tag","embeddable":true,"href":"https:\/\/locobase.com\/se\/wp-json\/wp\/v2\/product_tag?post=86"}],"curies":[{"name":"wp","href":"https:\/\/api.w.org\/{rel}","templated":true}]}}