{"id":894,"date":"2026-05-11T11:21:31","date_gmt":"2026-05-11T09:21:31","guid":{"rendered":"https:\/\/locobase.com\/se\/?post_type=product&#038;p=894"},"modified":"2026-05-11T11:22:07","modified_gmt":"2026-05-11T09:22:07","slug":"locobase-repair-shower-cream","status":"publish","type":"product","link":"https:\/\/locobase.com\/se\/produkt\/locobase-repair-shower-cream\/","title":{"rendered":"Locobase Repair Shower Cream"},"content":{"rendered":"\n<div class=\"wp-block-karopharma-accordions is-style-secondary\"><div class=\"container\">\n<details class=\"wp-block-karopharma-accordion\"><summary><h2 class=\"accordion-title\">Anv\u00e4ndning<\/h2><\/summary><div class=\"accordion-content\">\n<p>Applicera Locobase Repair Shower Cream p\u00e5 fuktig hud och massera f\u00f6rsiktigt tills det l\u00f6ddrar l\u00e4tt. Sk\u00f6lj noggrant. Produkten kan anv\u00e4ndas dagligen p\u00e5 ansikte, kropp och intimomr\u00e5den. Den unika formulan reng\u00f6r utan att ta bort hudens naturliga oljor och hj\u00e4lper till att \u00e5terst\u00e4lla hudbarri\u00e4ren med hudidentiska lipider.<\/p>\n<\/div><\/details>\n\n\n\n<details class=\"wp-block-karopharma-accordion\"><summary><h2 class=\"accordion-title\">Ingredienser<\/h2><\/summary><div class=\"accordion-content\">\n<p>Aqua, Glycerin, Cetyl Alcohol, Canola Oil, Sodium Lauroyl Sarcosinate, Glyceryl Stearate, Propanediol, Cocamidopropyl Betaine, Betaine, Sodium Cetearyl Sulfate, Citric Acid, Allantoin, Carbomer, Sodium Benzoate, Lactic Acid, Ceramide Np, Squalane, Sodium Citrate.<\/p>\n\n\n\n<p><strong>Ceramider NP<\/strong><br>Hj\u00e4lper till att reparera hudens naturliga skyddsbarri\u00e4r. <\/p>\n\n\n\n<p><strong>Squalane<\/strong><br>Verkar \u00e5terfuktande och fuktbevarande<\/p>\n\n\n\n<p><strong>Allantoin<\/strong><br>Hj\u00e4lper till att lugna huden och minska rodnad.<\/p>\n<\/div><\/details>\n<\/div><\/div>\n","protected":false},"excerpt":{"rendered":"<p>Reng\u00f6r skonsamt, \u00e5terfuktar och reparerar torr, k\u00e4nslig hud. Kliniskt bevisad effekt, utan parfym<\/p>\n","protected":false},"featured_media":895,"comment_status":"closed","ping_status":"closed","template":"","meta":{"_acf_changed":false,"footnotes":""},"product_brand":[],"product_cat":[24],"product_tag":[],"class_list":{"0":"post-894","1":"product","2":"type-product","3":"status-publish","4":"has-post-thumbnail","6":"product_cat-repair","8":"first","9":"instock","10":"shipping-taxable","11":"product-type-simple"},"acf":[],"yoast_head":"<!-- This site is optimized with the Yoast SEO plugin v26.6 - https:\/\/yoast.com\/wordpress\/plugins\/seo\/ -->\n<title>Locobase Repair Shower Cream - Locobase<\/title>\n<meta name=\"robots\" content=\"index, follow, max-snippet:-1, max-image-preview:large, max-video-preview:-1\" \/>\n<link rel=\"canonical\" href=\"https:\/\/locobase.com\/se\/produkt\/locobase-repair-shower-cream\/\" \/>\n<meta property=\"og:locale\" content=\"sv_SE\" \/>\n<meta property=\"og:type\" content=\"article\" \/>\n<meta property=\"og:title\" content=\"Locobase Repair Shower Cream - Locobase\" \/>\n<meta property=\"og:description\" content=\"Reng\u00f6r skonsamt, \u00e5terfuktar och reparerar torr, k\u00e4nslig hud. Kliniskt bevisad effekt, utan parfym\" \/>\n<meta property=\"og:url\" content=\"https:\/\/locobase.com\/se\/produkt\/locobase-repair-shower-cream\/\" \/>\n<meta property=\"og:site_name\" content=\"Locobase\" \/>\n<meta property=\"article:modified_time\" content=\"2026-05-11T09:22:07+00:00\" \/>\n<meta property=\"og:image\" content=\"https:\/\/locobase.com\/app\/uploads\/sites\/2\/2026\/05\/locobase-repair-shower-cream.png\" \/>\n\t<meta property=\"og:image:width\" content=\"680\" \/>\n\t<meta property=\"og:image:height\" content=\"680\" \/>\n\t<meta property=\"og:image:type\" content=\"image\/png\" \/>\n<meta name=\"twitter:card\" content=\"summary_large_image\" \/>\n<meta name=\"twitter:label1\" content=\"Ber\u00e4knad l\u00e4stid\" \/>\n\t<meta name=\"twitter:data1\" content=\"1 minut\" \/>\n<script type=\"application\/ld+json\" class=\"yoast-schema-graph\">{\"@context\":\"https:\/\/schema.org\",\"@graph\":[{\"@type\":\"WebPage\",\"@id\":\"https:\/\/locobase.com\/se\/produkt\/locobase-repair-shower-cream\/\",\"url\":\"https:\/\/locobase.com\/se\/produkt\/locobase-repair-shower-cream\/\",\"name\":\"Locobase Repair Shower Cream - Locobase\",\"isPartOf\":{\"@id\":\"https:\/\/locobase.com\/se\/#website\"},\"primaryImageOfPage\":{\"@id\":\"https:\/\/locobase.com\/se\/produkt\/locobase-repair-shower-cream\/#primaryimage\"},\"image\":{\"@id\":\"https:\/\/locobase.com\/se\/produkt\/locobase-repair-shower-cream\/#primaryimage\"},\"thumbnailUrl\":\"https:\/\/locobase.com\/app\/uploads\/sites\/2\/2026\/05\/locobase-repair-shower-cream.png\",\"datePublished\":\"2026-05-11T09:21:31+00:00\",\"dateModified\":\"2026-05-11T09:22:07+00:00\",\"breadcrumb\":{\"@id\":\"https:\/\/locobase.com\/se\/produkt\/locobase-repair-shower-cream\/#breadcrumb\"},\"inLanguage\":\"sv-SE\",\"potentialAction\":[{\"@type\":\"ReadAction\",\"target\":[\"https:\/\/locobase.com\/se\/produkt\/locobase-repair-shower-cream\/\"]}]},{\"@type\":\"ImageObject\",\"inLanguage\":\"sv-SE\",\"@id\":\"https:\/\/locobase.com\/se\/produkt\/locobase-repair-shower-cream\/#primaryimage\",\"url\":\"https:\/\/locobase.com\/app\/uploads\/sites\/2\/2026\/05\/locobase-repair-shower-cream.png\",\"contentUrl\":\"https:\/\/locobase.com\/app\/uploads\/sites\/2\/2026\/05\/locobase-repair-shower-cream.png\",\"width\":680,\"height\":680,\"caption\":\"locobase-repair-shower-cream\"},{\"@type\":\"BreadcrumbList\",\"@id\":\"https:\/\/locobase.com\/se\/produkt\/locobase-repair-shower-cream\/#breadcrumb\",\"itemListElement\":[{\"@type\":\"ListItem\",\"position\":1,\"name\":\"Home\",\"item\":\"https:\/\/locobase.com\/se\/\"},{\"@type\":\"ListItem\",\"position\":2,\"name\":\"Produkter\",\"item\":\"https:\/\/locobase.com\/se\/produkter\/\"},{\"@type\":\"ListItem\",\"position\":3,\"name\":\"Locobase Repair Shower Cream\"}]},{\"@type\":\"WebSite\",\"@id\":\"https:\/\/locobase.com\/se\/#website\",\"url\":\"https:\/\/locobase.com\/se\/\",\"name\":\"Locobase\",\"description\":\"\",\"publisher\":{\"@id\":\"https:\/\/locobase.com\/se\/#organization\"},\"potentialAction\":[{\"@type\":\"SearchAction\",\"target\":{\"@type\":\"EntryPoint\",\"urlTemplate\":\"https:\/\/locobase.com\/se\/?s={search_term_string}\"},\"query-input\":{\"@type\":\"PropertyValueSpecification\",\"valueRequired\":true,\"valueName\":\"search_term_string\"}}],\"inLanguage\":\"sv-SE\"},{\"@type\":\"Organization\",\"@id\":\"https:\/\/locobase.com\/se\/#organization\",\"name\":\"Locobase\",\"url\":\"https:\/\/locobase.com\/se\/\",\"logo\":{\"@type\":\"ImageObject\",\"inLanguage\":\"sv-SE\",\"@id\":\"https:\/\/locobase.com\/se\/#\/schema\/logo\/image\/\",\"url\":\"https:\/\/locobase.com\/app\/uploads\/sites\/2\/2022\/05\/logo.png\",\"contentUrl\":\"https:\/\/locobase.com\/app\/uploads\/sites\/2\/2022\/05\/logo.png\",\"width\":163,\"height\":32,\"caption\":\"Locobase\"},\"image\":{\"@id\":\"https:\/\/locobase.com\/se\/#\/schema\/logo\/image\/\"}}]}<\/script>\n<!-- \/ Yoast SEO plugin. -->","yoast_head_json":{"title":"Locobase Repair Shower Cream - Locobase","robots":{"index":"index","follow":"follow","max-snippet":"max-snippet:-1","max-image-preview":"max-image-preview:large","max-video-preview":"max-video-preview:-1"},"canonical":"https:\/\/locobase.com\/se\/produkt\/locobase-repair-shower-cream\/","og_locale":"sv_SE","og_type":"article","og_title":"Locobase Repair Shower Cream - Locobase","og_description":"Reng\u00f6r skonsamt, \u00e5terfuktar och reparerar torr, k\u00e4nslig hud. Kliniskt bevisad effekt, utan parfym","og_url":"https:\/\/locobase.com\/se\/produkt\/locobase-repair-shower-cream\/","og_site_name":"Locobase","article_modified_time":"2026-05-11T09:22:07+00:00","og_image":[{"width":680,"height":680,"url":"https:\/\/locobase.com\/app\/uploads\/sites\/2\/2026\/05\/locobase-repair-shower-cream.png","type":"image\/png"}],"twitter_card":"summary_large_image","twitter_misc":{"Ber\u00e4knad l\u00e4stid":"1 minut"},"schema":{"@context":"https:\/\/schema.org","@graph":[{"@type":"WebPage","@id":"https:\/\/locobase.com\/se\/produkt\/locobase-repair-shower-cream\/","url":"https:\/\/locobase.com\/se\/produkt\/locobase-repair-shower-cream\/","name":"Locobase Repair Shower Cream - Locobase","isPartOf":{"@id":"https:\/\/locobase.com\/se\/#website"},"primaryImageOfPage":{"@id":"https:\/\/locobase.com\/se\/produkt\/locobase-repair-shower-cream\/#primaryimage"},"image":{"@id":"https:\/\/locobase.com\/se\/produkt\/locobase-repair-shower-cream\/#primaryimage"},"thumbnailUrl":"https:\/\/locobase.com\/app\/uploads\/sites\/2\/2026\/05\/locobase-repair-shower-cream.png","datePublished":"2026-05-11T09:21:31+00:00","dateModified":"2026-05-11T09:22:07+00:00","breadcrumb":{"@id":"https:\/\/locobase.com\/se\/produkt\/locobase-repair-shower-cream\/#breadcrumb"},"inLanguage":"sv-SE","potentialAction":[{"@type":"ReadAction","target":["https:\/\/locobase.com\/se\/produkt\/locobase-repair-shower-cream\/"]}]},{"@type":"ImageObject","inLanguage":"sv-SE","@id":"https:\/\/locobase.com\/se\/produkt\/locobase-repair-shower-cream\/#primaryimage","url":"https:\/\/locobase.com\/app\/uploads\/sites\/2\/2026\/05\/locobase-repair-shower-cream.png","contentUrl":"https:\/\/locobase.com\/app\/uploads\/sites\/2\/2026\/05\/locobase-repair-shower-cream.png","width":680,"height":680,"caption":"locobase-repair-shower-cream"},{"@type":"BreadcrumbList","@id":"https:\/\/locobase.com\/se\/produkt\/locobase-repair-shower-cream\/#breadcrumb","itemListElement":[{"@type":"ListItem","position":1,"name":"Home","item":"https:\/\/locobase.com\/se\/"},{"@type":"ListItem","position":2,"name":"Produkter","item":"https:\/\/locobase.com\/se\/produkter\/"},{"@type":"ListItem","position":3,"name":"Locobase Repair Shower Cream"}]},{"@type":"WebSite","@id":"https:\/\/locobase.com\/se\/#website","url":"https:\/\/locobase.com\/se\/","name":"Locobase","description":"","publisher":{"@id":"https:\/\/locobase.com\/se\/#organization"},"potentialAction":[{"@type":"SearchAction","target":{"@type":"EntryPoint","urlTemplate":"https:\/\/locobase.com\/se\/?s={search_term_string}"},"query-input":{"@type":"PropertyValueSpecification","valueRequired":true,"valueName":"search_term_string"}}],"inLanguage":"sv-SE"},{"@type":"Organization","@id":"https:\/\/locobase.com\/se\/#organization","name":"Locobase","url":"https:\/\/locobase.com\/se\/","logo":{"@type":"ImageObject","inLanguage":"sv-SE","@id":"https:\/\/locobase.com\/se\/#\/schema\/logo\/image\/","url":"https:\/\/locobase.com\/app\/uploads\/sites\/2\/2022\/05\/logo.png","contentUrl":"https:\/\/locobase.com\/app\/uploads\/sites\/2\/2022\/05\/logo.png","width":163,"height":32,"caption":"Locobase"},"image":{"@id":"https:\/\/locobase.com\/se\/#\/schema\/logo\/image\/"}}]}},"_links":{"self":[{"href":"https:\/\/locobase.com\/se\/wp-json\/wp\/v2\/product\/894","targetHints":{"allow":["GET"]}}],"collection":[{"href":"https:\/\/locobase.com\/se\/wp-json\/wp\/v2\/product"}],"about":[{"href":"https:\/\/locobase.com\/se\/wp-json\/wp\/v2\/types\/product"}],"replies":[{"embeddable":true,"href":"https:\/\/locobase.com\/se\/wp-json\/wp\/v2\/comments?post=894"}],"version-history":[{"count":2,"href":"https:\/\/locobase.com\/se\/wp-json\/wp\/v2\/product\/894\/revisions"}],"predecessor-version":[{"id":897,"href":"https:\/\/locobase.com\/se\/wp-json\/wp\/v2\/product\/894\/revisions\/897"}],"wp:featuredmedia":[{"embeddable":true,"href":"https:\/\/locobase.com\/se\/wp-json\/wp\/v2\/media\/895"}],"wp:attachment":[{"href":"https:\/\/locobase.com\/se\/wp-json\/wp\/v2\/media?parent=894"}],"wp:term":[{"taxonomy":"product_brand","embeddable":true,"href":"https:\/\/locobase.com\/se\/wp-json\/wp\/v2\/product_brand?post=894"},{"taxonomy":"product_cat","embeddable":true,"href":"https:\/\/locobase.com\/se\/wp-json\/wp\/v2\/product_cat?post=894"},{"taxonomy":"product_tag","embeddable":true,"href":"https:\/\/locobase.com\/se\/wp-json\/wp\/v2\/product_tag?post=894"}],"curies":[{"name":"wp","href":"https:\/\/api.w.org\/{rel}","templated":true}]}}